{"id":9267,"date":"2022-02-03T14:10:16","date_gmt":"2022-02-03T14:10:16","guid":{"rendered":"https:\/\/www.mizkanchef.com\/?page_id=9267"},"modified":"2022-02-23T16:04:54","modified_gmt":"2022-02-23T16:04:54","slug":"distribuidores","status":"publish","type":"page","link":"https:\/\/www.mizkanchef.com\/pt-pt\/distribuidores\/","title":{"rendered":"Distribuidores"},"content":{"rendered":"<form data-sf-form-id='9260' data-is-rtl='0' data-maintain-state='' data-results-url='https:\/\/www.mizkanchef.com\/pt-pt\/distribuidores\/' data-ajax-url='https:\/\/www.mizkanchef.com\/pt-pt\/?sfid=9260&amp;sf_action=get_data&amp;sf_data=results' data-ajax-form-url='https:\/\/www.mizkanchef.com\/pt-pt\/?sfid=9260&amp;sf_action=get_data&amp;sf_data=form' data-display-result-method='shortcode' data-use-history-api='1' data-template-loaded='0' data-lang-code='pt-pt' data-ajax='1' data-ajax-data-type='json' data-ajax-links-selector='.pagination a' data-ajax-target='#search-filter-results-9260' data-ajax-pagination-type='infinite_scroll' data-show-scroll-loader='1' data-infinite-scroll-trigger='-100' data-update-ajax-url='1' data-only-results-ajax='1' data-scroll-to-pos='0' data-init-paged='1' data-auto-update='1' action='https:\/\/www.mizkanchef.com\/pt-pt\/distribuidores\/' method='post' class='searchandfilter' id='search-filter-form-9260' autocomplete='off' data-instance-count='1'><ul><li class=\"sf-field-taxonomy-stocks\" data-sf-field-name=\"_sft_stocks\" data-sf-field-type=\"taxonomy\" data-sf-field-input-type=\"checkbox\"><h4>FILTRES DE PRODUTOS<\/h4>\t\t<ul data-operator=\"and\" class=\"\">\n\t\t\t\t\t  <li class=\"sf-level-0 sf-item-351\" data-sf-count=\"6\" data-sf-depth=\"0\"><input  class=\"sf-input-checkbox\" type=\"checkbox\" value=\"ginmai\" name=\"_sft_stocks[]\" id=\"sf-input-b9129ad6fa4da52d388749263a20209c\"><label class=\"sf-label-checkbox\" for=\"sf-input-b9129ad6fa4da52d388749263a20209c\">Ginmai<\/label><\/li><li class=\"sf-level-0 sf-item-345\" data-sf-count=\"40\" data-sf-depth=\"0\"><input  class=\"sf-input-checkbox\" type=\"checkbox\" value=\"honteri\" name=\"_sft_stocks[]\" id=\"sf-input-ee551665e90bb63dd2a9f00e25df3ce2\"><label class=\"sf-label-checkbox\" for=\"sf-input-ee551665e90bb63dd2a9f00e25df3ce2\">Honteri<\/label><\/li><li class=\"sf-level-0 sf-item-347\" data-sf-count=\"23\" data-sf-depth=\"0\"><input  class=\"sf-input-checkbox\" type=\"checkbox\" value=\"js-47\" name=\"_sft_stocks[]\" id=\"sf-input-cf3cb9c65a8289211ca2258fdab11a0a\"><label class=\"sf-label-checkbox\" for=\"sf-input-cf3cb9c65a8289211ca2258fdab11a0a\">JS-47<\/label><\/li><li class=\"sf-level-0 sf-item-349\" data-sf-count=\"7\" data-sf-depth=\"0\"><input  class=\"sf-input-checkbox\" type=\"checkbox\" value=\"js-alpha\" name=\"_sft_stocks[]\" id=\"sf-input-cf61505b85ba32a01359464f0234d32b\"><label class=\"sf-label-checkbox\" for=\"sf-input-cf61505b85ba32a01359464f0234d32b\">JS-Alpha<\/label><\/li><li class=\"sf-level-0 sf-item-346\" data-sf-count=\"39\" data-sf-depth=\"0\"><input  class=\"sf-input-checkbox\" type=\"checkbox\" value=\"shiragiku\" name=\"_sft_stocks[]\" id=\"sf-input-99e5e3ad246e4e14b0189d41c0023f17\"><label class=\"sf-label-checkbox\" for=\"sf-input-99e5e3ad246e4e14b0189d41c0023f17\">Shiragiku<\/label><\/li><li class=\"sf-level-0 sf-item-350\" data-sf-count=\"31\" data-sf-depth=\"0\"><input  class=\"sf-input-checkbox\" type=\"checkbox\" value=\"suehiro\" name=\"_sft_stocks[]\" id=\"sf-input-82e994f03333771df37cbc4eb0b45f99\"><label class=\"sf-label-checkbox\" for=\"sf-input-82e994f03333771df37cbc4eb0b45f99\">Suehiro<\/label><\/li><li class=\"sf-level-0 sf-item-348\" data-sf-count=\"5\" data-sf-depth=\"0\"><input  class=\"sf-input-checkbox\" type=\"checkbox\" value=\"yumai\" name=\"_sft_stocks[]\" id=\"sf-input-454a55cbe97aebfac0d7510a58a7ec42\"><label class=\"sf-label-checkbox\" for=\"sf-input-454a55cbe97aebfac0d7510a58a7ec42\">Yumai<\/label><\/li><li class=\"sf-level-0 sf-item-352\" data-sf-count=\"16\" data-sf-depth=\"0\"><input  class=\"sf-input-checkbox\" type=\"checkbox\" value=\"yuzu-ponzu\" name=\"_sft_stocks[]\" id=\"sf-input-5d47adc857b5c115462252e8868d0cd2\"><label class=\"sf-label-checkbox\" for=\"sf-input-5d47adc857b5c115462252e8868d0cd2\">Yuzu Ponzu<\/label><\/li>\t\t<\/ul>\n\t\t<\/li><\/ul><\/form>\n<div class=\"search-filter-results\" id=\"search-filter-results-9260\">\n\n\t\n\t\n\t<div class='search-filter-results-list'>\n\t<div class=\"row distribution-list\">\n\t            <div class='search-filter-result-item rplist-1 distributionline'>\n\t\t\t<div class='distribution-list-image col-sm-4'>\n\t\t\t\t\n\t\t\t\t<img fetchpriority=\"high\" decoding=\"async\" width=\"425\" height=\"177\" src=\"https:\/\/www.mizkanchef.com\/wp-content\/uploads\/2022\/01\/keta-foods.jpg\" class=\"img-responsive wp-post-image\" alt=\"\" \/>                \n            <\/div>\n            <div class='distribution-list-text col-sm-5'>\n\t\t\t\t<h3>Keta Foods<\/h3>\n\t\t\t\t<p>A Keta Foods \u00e9 importadora de produtos asi\u00e1ticos para Portugal para op\u00e7\u00f5es comerciais ou residenciais, fornecendo desde acess\u00f3rios de cozinha ao mais pequeno ingrediente.<\/p>\n<p><strong>Endere\u00e7o:<\/strong><br \/>\nUrb Qta do Olival das Minas e Qta do Duque Lote 26, 2625-573 Vialonga, Portugal<br \/>\n<strong>Tel:<\/strong> +351 219 246 688<\/p>\n\t\t\t\t<p><a href=\"https:\/\/www.ketafoods.com\/\" class=\"green-button animated\">Visite o site<\/a><\/p>\n\t\t\t<\/div>\n\t\t\t\t<div class=\"col-sm-3\">\n\t\t\t\t\t<h3>Productos<\/h3>\n\t\t\t\t\t<p>Shiragiku<br \/>\nSuehiro<br \/>\nHonteri<br \/>\nJS-47<br \/>\nJS-Alpha<br \/>\nGinmai<\/p>\n\t\t\t\t<\/div>\n            <div class=\"clear\"><\/div>\n            <\/div>\n            \n\t\t\t\t\t\t<\/div>\n\t<\/div>\n\n\n\n\n\n<\/div>\n","protected":false},"excerpt":{"rendered":"","protected":false},"author":2,"featured_media":0,"parent":0,"menu_order":0,"comment_status":"closed","ping_status":"closed","template":"","meta":{"footnotes":""},"acf":[],"yoast_head":"<!-- This site is optimized with the Yoast SEO plugin v21.9.1 - https:\/\/yoast.com\/wordpress\/plugins\/seo\/ -->\n<title>Distribuidores - Mizkan Chef<\/title>\n<meta name=\"robots\" content=\"index, follow, max-snippet:-1, max-image-preview:large, max-video-preview:-1\" \/>\n<meta property=\"og:locale\" content=\"pt_PT\" \/>\n<meta property=\"og:type\" content=\"article\" \/>\n<meta property=\"og:title\" content=\"Distribuidores - Mizkan Chef\" \/>\n<meta property=\"og:url\" content=\"https:\/\/www.mizkanchef.com\/pt-pt\/distribuidores\/\" \/>\n<meta property=\"og:site_name\" content=\"Mizkan\" \/>\n<meta property=\"article:modified_time\" content=\"2022-02-23T16:04:54+00:00\" \/>\n<meta name=\"twitter:card\" content=\"summary_large_image\" \/>\n<script type=\"application\/ld+json\" class=\"yoast-schema-graph\">{\"@context\":\"https:\/\/schema.org\",\"@graph\":[{\"@type\":\"WebPage\",\"@id\":\"https:\/\/www.mizkanchef.com\/pt-pt\/distribuidores\/\",\"url\":\"https:\/\/www.mizkanchef.com\/pt-pt\/distribuidores\/\",\"name\":\"Distribuidores - Mizkan Chef\",\"isPartOf\":{\"@id\":\"https:\/\/www.mizkanchef.com\/pt-pt\/#website\"},\"datePublished\":\"2022-02-03T14:10:16+00:00\",\"dateModified\":\"2022-02-23T16:04:54+00:00\",\"breadcrumb\":{\"@id\":\"https:\/\/www.mizkanchef.com\/pt-pt\/distribuidores\/#breadcrumb\"},\"inLanguage\":\"pt-PT\",\"potentialAction\":[{\"@type\":\"ReadAction\",\"target\":[\"https:\/\/www.mizkanchef.com\/pt-pt\/distribuidores\/\"]}]},{\"@type\":\"BreadcrumbList\",\"@id\":\"https:\/\/www.mizkanchef.com\/pt-pt\/distribuidores\/#breadcrumb\",\"itemListElement\":[{\"@type\":\"ListItem\",\"position\":1,\"name\":\"Home\",\"item\":\"https:\/\/www.mizkanchef.com\/pt-pt\/\"},{\"@type\":\"ListItem\",\"position\":2,\"name\":\"Distribuidores\"}]},{\"@type\":\"WebSite\",\"@id\":\"https:\/\/www.mizkanchef.com\/pt-pt\/#website\",\"url\":\"https:\/\/www.mizkanchef.com\/pt-pt\/\",\"name\":\"Mizkan\",\"description\":\"Mizkan\",\"potentialAction\":[{\"@type\":\"SearchAction\",\"target\":{\"@type\":\"EntryPoint\",\"urlTemplate\":\"https:\/\/www.mizkanchef.com\/pt-pt\/?s={search_term_string}\"},\"query-input\":\"required name=search_term_string\"}],\"inLanguage\":\"pt-PT\"}]}<\/script>\n<!-- \/ Yoast SEO plugin. -->","yoast_head_json":{"title":"Distribuidores - Mizkan Chef","robots":{"index":"index","follow":"follow","max-snippet":"max-snippet:-1","max-image-preview":"max-image-preview:large","max-video-preview":"max-video-preview:-1"},"og_locale":"pt_PT","og_type":"article","og_title":"Distribuidores - Mizkan Chef","og_url":"https:\/\/www.mizkanchef.com\/pt-pt\/distribuidores\/","og_site_name":"Mizkan","article_modified_time":"2022-02-23T16:04:54+00:00","twitter_card":"summary_large_image","schema":{"@context":"https:\/\/schema.org","@graph":[{"@type":"WebPage","@id":"https:\/\/www.mizkanchef.com\/pt-pt\/distribuidores\/","url":"https:\/\/www.mizkanchef.com\/pt-pt\/distribuidores\/","name":"Distribuidores - Mizkan Chef","isPartOf":{"@id":"https:\/\/www.mizkanchef.com\/pt-pt\/#website"},"datePublished":"2022-02-03T14:10:16+00:00","dateModified":"2022-02-23T16:04:54+00:00","breadcrumb":{"@id":"https:\/\/www.mizkanchef.com\/pt-pt\/distribuidores\/#breadcrumb"},"inLanguage":"pt-PT","potentialAction":[{"@type":"ReadAction","target":["https:\/\/www.mizkanchef.com\/pt-pt\/distribuidores\/"]}]},{"@type":"BreadcrumbList","@id":"https:\/\/www.mizkanchef.com\/pt-pt\/distribuidores\/#breadcrumb","itemListElement":[{"@type":"ListItem","position":1,"name":"Home","item":"https:\/\/www.mizkanchef.com\/pt-pt\/"},{"@type":"ListItem","position":2,"name":"Distribuidores"}]},{"@type":"WebSite","@id":"https:\/\/www.mizkanchef.com\/pt-pt\/#website","url":"https:\/\/www.mizkanchef.com\/pt-pt\/","name":"Mizkan","description":"Mizkan","potentialAction":[{"@type":"SearchAction","target":{"@type":"EntryPoint","urlTemplate":"https:\/\/www.mizkanchef.com\/pt-pt\/?s={search_term_string}"},"query-input":"required name=search_term_string"}],"inLanguage":"pt-PT"}]}},"_links":{"self":[{"href":"https:\/\/www.mizkanchef.com\/pt-pt\/wp-json\/wp\/v2\/pages\/9267"}],"collection":[{"href":"https:\/\/www.mizkanchef.com\/pt-pt\/wp-json\/wp\/v2\/pages"}],"about":[{"href":"https:\/\/www.mizkanchef.com\/pt-pt\/wp-json\/wp\/v2\/types\/page"}],"author":[{"embeddable":true,"href":"https:\/\/www.mizkanchef.com\/pt-pt\/wp-json\/wp\/v2\/users\/2"}],"replies":[{"embeddable":true,"href":"https:\/\/www.mizkanchef.com\/pt-pt\/wp-json\/wp\/v2\/comments?post=9267"}],"version-history":[{"count":0,"href":"https:\/\/www.mizkanchef.com\/pt-pt\/wp-json\/wp\/v2\/pages\/9267\/revisions"}],"wp:attachment":[{"href":"https:\/\/www.mizkanchef.com\/pt-pt\/wp-json\/wp\/v2\/media?parent=9267"}],"curies":[{"name":"wp","href":"https:\/\/api.w.org\/{rel}","templated":true}]}}