{"id":603,"date":"2020-05-28T13:20:21","date_gmt":"2020-05-28T13:20:21","guid":{"rendered":"http:\/\/mizkan.wpengine.com\/mizkan-news\/"},"modified":"2020-10-27T16:14:12","modified_gmt":"2020-10-27T16:14:12","slug":"noticias-mizkan","status":"publish","type":"page","link":"https:\/\/www.mizkanchef.com\/pt-pt\/noticias-mizkan\/","title":{"rendered":"Not\u00edcias Mizkan"},"content":{"rendered":"<p><form data-sf-form-id='4396' data-is-rtl='0' data-maintain-state='' data-results-url='https:\/\/www.mizkanchef.com\/pt-pt\/noticias-mizkan\/' data-ajax-url='https:\/\/www.mizkanchef.com\/pt-pt\/?sfid=4396&amp;sf_action=get_data&amp;sf_data=all' data-ajax-form-url='https:\/\/www.mizkanchef.com\/pt-pt\/?sfid=4396&amp;sf_action=get_data&amp;sf_data=form' data-display-result-method='shortcode' data-use-history-api='1' data-template-loaded='0' data-lang-code='pt-pt' data-ajax='1' data-ajax-data-type='json' data-ajax-links-selector='.pagination a' data-ajax-target='#search-filter-results-4396' data-ajax-pagination-type='infinite_scroll' data-show-scroll-loader='1' data-infinite-scroll-trigger='-100' data-update-ajax-url='1' data-only-results-ajax='1' data-scroll-to-pos='0' data-init-paged='1' data-auto-update='1' data-auto-count='1' data-auto-count-refresh-mode='1' action='https:\/\/www.mizkanchef.com\/pt-pt\/noticias-mizkan\/' method='post' class='searchandfilter' id='search-filter-form-4396' autocomplete='off' data-instance-count='1'><ul><li class=\"sf-field-category\" data-sf-field-name=\"_sft_category\" data-sf-field-type=\"category\" data-sf-field-input-type=\"checkbox\"><h4>CATEGORIAS<\/h4>\t\t<ul data-operator=\"and\" class=\"\">\n\t\t\t\t\t  <li class=\"sf-level-0 sf-item-231\" data-sf-count=\"0\" data-sf-depth=\"0\"><input  class=\"sf-input-checkbox\" type=\"checkbox\" value=\"cultura-japonesa\" name=\"_sft_category[]\" id=\"sf-input-f0b06564b69990708a5758724580733c\"><label class=\"sf-label-checkbox\" for=\"sf-input-f0b06564b69990708a5758724580733c\">Cultura japonesa<span class=\"sf-count\">(0)<\/span><\/label><\/li><li class=\"sf-level-0 sf-item-232\" data-sf-count=\"2\" data-sf-depth=\"0\"><input  class=\"sf-input-checkbox\" type=\"checkbox\" value=\"ingredientes-mizkan\" name=\"_sft_category[]\" id=\"sf-input-ec89e9afd3657bf20e1db2748e616b40\"><label class=\"sf-label-checkbox\" for=\"sf-input-ec89e9afd3657bf20e1db2748e616b40\">Ingredientes Mizkan<span class=\"sf-count\">(2)<\/span><\/label><\/li><li class=\"sf-level-0 sf-item-230\" data-sf-count=\"3\" data-sf-depth=\"0\"><input  class=\"sf-input-checkbox\" type=\"checkbox\" value=\"noticias-dos-chefes\" name=\"_sft_category[]\" id=\"sf-input-1dba5c2277f6693533d3e01af537b1df\"><label class=\"sf-label-checkbox\" for=\"sf-input-1dba5c2277f6693533d3e01af537b1df\">Not\u00edcias dos chefes<span class=\"sf-count\">(3)<\/span><\/label><\/li><li class=\"sf-level-0 sf-item-233\" data-sf-count=\"3\" data-sf-depth=\"0\"><input  class=\"sf-input-checkbox\" type=\"checkbox\" value=\"noticias-mizkan\" name=\"_sft_category[]\" id=\"sf-input-97d9c619e2738caf67e2b011b379e9c8\"><label class=\"sf-label-checkbox\" for=\"sf-input-97d9c619e2738caf67e2b011b379e9c8\">Not\u00edcias Mizkan<span class=\"sf-count\">(3)<\/span><\/label><\/li><li class=\"sf-level-0 sf-item-234\" data-sf-count=\"2\" data-sf-depth=\"0\"><input  class=\"sf-input-checkbox\" type=\"checkbox\" value=\"receitas\" name=\"_sft_category[]\" id=\"sf-input-9bd41822ae180aaa402d29280a7eb6e5\"><label class=\"sf-label-checkbox\" for=\"sf-input-9bd41822ae180aaa402d29280a7eb6e5\">Receitas<span class=\"sf-count\">(2)<\/span><\/label><\/li>\t\t<\/ul>\n\t\t<\/li><\/ul><\/form><br \/>\n<div class=\"search-filter-results\" id=\"search-filter-results-4396\">\n\n\t\n\t\n\t<div class='search-filter-results-list'>\n\t<div class=\"row chefs-news\">\n\t            <div class='search-filter-result-item rplist-1 chef-news-list'>\n\t\t\t<div class='news-list-img'>\n\t\t\t\t\n\t\t\t\t<a href=\"https:\/\/www.mizkanchef.com\/pt-pt\/2020\/11\/chefs-a-conversa-veja-agora-a-nossa-inspiradora-nova-serie\/\"><img fetchpriority=\"high\" decoding=\"async\" width=\"1238\" height=\"736\" src=\"https:\/\/www.mizkanchef.com\/wp-content\/uploads\/2020\/11\/Rich-Ron-3.jpg\" class=\"img-responsive wp-post-image\" alt=\"\" srcset=\"https:\/\/www.mizkanchef.com\/wp-content\/uploads\/2020\/11\/Rich-Ron-3.jpg 1238w, https:\/\/www.mizkanchef.com\/wp-content\/uploads\/2020\/11\/Rich-Ron-3-1024x609.jpg 1024w, https:\/\/www.mizkanchef.com\/wp-content\/uploads\/2020\/11\/Rich-Ron-3-768x457.jpg 768w\" sizes=\"(max-width: 1238px) 100vw, 1238px\" \/><\/a>                \n            <\/div>\n            <div class='news-list-text'>\n\t\t\t\t<h3>Not\u00edcias dos chefes Not\u00edcias Mizkan <\/h3>\n\t\t\t\t<h2><a href=\"https:\/\/www.mizkanchef.com\/pt-pt\/2020\/11\/chefs-a-conversa-veja-agora-a-nossa-inspiradora-nova-serie\/\">Chefs \u00e0 Conversa &#8211; veja agora a nossa inspiradora nova s\u00e9rie!<\/a><\/h2>\n\t\t\t\t<p>Dois inovadores, dois locais, um objetivo; inspirar a criatividade! Recentemente convid\u00e1mos um dos barmen mais excitantes do Reino Unido para fazer parte da nossa nova s\u00e9rie na Internet, Chefs \u00e0 Conversa, na qual o desafiamos a criar alguns cocktails festivos utilizando Honteri <\/p>\n\t\t\t\t<p><a href=\"https:\/\/www.mizkanchef.com\/pt-pt\/2020\/11\/chefs-a-conversa-veja-agora-a-nossa-inspiradora-nova-serie\/\" class=\"green-button animated\"> Leia mais<\/a><\/p>\n\t\t\t<\/div>\n            <div class=\"clear\"><\/div>\n            <\/div>\n            \n\t\t\t\t\t            <div class='search-filter-result-item rplist-2 chef-news-list'>\n\t\t\t<div class='news-list-img'>\n\t\t\t\t\n\t\t\t\t<a href=\"https:\/\/www.mizkanchef.com\/pt-pt\/2020\/08\/apresentamos-a-nova-gama-de-essenciais-para-a-cozinha-do-mizkan\/\"><img decoding=\"async\" width=\"1320\" height=\"736\" src=\"https:\/\/www.mizkanchef.com\/wp-content\/uploads\/2020\/10\/kitchen-news-1320x736.jpg\" class=\"img-responsive wp-post-image\" alt=\"\" srcset=\"https:\/\/www.mizkanchef.com\/wp-content\/uploads\/2020\/10\/kitchen-news.jpg 1320w, https:\/\/www.mizkanchef.com\/wp-content\/uploads\/2020\/10\/kitchen-news-1024x571.jpg 1024w, https:\/\/www.mizkanchef.com\/wp-content\/uploads\/2020\/10\/kitchen-news-768x428.jpg 768w\" sizes=\"(max-width: 1320px) 100vw, 1320px\" \/><\/a>                \n            <\/div>\n            <div class='news-list-text'>\n\t\t\t\t<h3>Ingredientes Mizkan <\/h3>\n\t\t\t\t<h2><a href=\"https:\/\/www.mizkanchef.com\/pt-pt\/2020\/08\/apresentamos-a-nova-gama-de-essenciais-para-a-cozinha-do-mizkan\/\">Apresentamos a nova gama de essenciais para a cozinha do Mizkan<\/a><\/h2>\n\t\t\t\t<p>Tr\u00eas ingredientes japoneses essenciais para qualquer receita asi\u00e1tica.<\/p>\n\t\t\t\t<p><a href=\"https:\/\/www.mizkanchef.com\/pt-pt\/2020\/08\/apresentamos-a-nova-gama-de-essenciais-para-a-cozinha-do-mizkan\/\" class=\"green-button animated\"> Leia mais<\/a><\/p>\n\t\t\t<\/div>\n            <div class=\"clear\"><\/div>\n            <\/div>\n            \n\t\t\t\t\t            <div class='search-filter-result-item rplist-3 chef-news-list'>\n\t\t\t<div class='news-list-img'>\n\t\t\t\t\n\t\t\t\t<a href=\"https:\/\/www.mizkanchef.com\/pt-pt\/2020\/08\/a-mizkan-desafiou-o-chefe-de-renome-pierre-sang-a-criar-uma-receita-de-fusao-de-cozinhas-coreana-e-francesa-com-honteri\/\"><img decoding=\"async\" width=\"1320\" height=\"736\" src=\"https:\/\/www.mizkanchef.com\/wp-content\/uploads\/2020\/09\/news-logo-en-1320x736.jpg\" class=\"img-responsive wp-post-image\" alt=\"\" srcset=\"https:\/\/www.mizkanchef.com\/wp-content\/uploads\/2020\/09\/news-logo-en.jpg 1320w, https:\/\/www.mizkanchef.com\/wp-content\/uploads\/2020\/09\/news-logo-en-1024x571.jpg 1024w, https:\/\/www.mizkanchef.com\/wp-content\/uploads\/2020\/09\/news-logo-en-768x428.jpg 768w\" sizes=\"(max-width: 1320px) 100vw, 1320px\" \/><\/a>                \n            <\/div>\n            <div class='news-list-text'>\n\t\t\t\t<h3>Not\u00edcias dos chefes Receitas <\/h3>\n\t\t\t\t<h2><a href=\"https:\/\/www.mizkanchef.com\/pt-pt\/2020\/08\/a-mizkan-desafiou-o-chefe-de-renome-pierre-sang-a-criar-uma-receita-de-fusao-de-cozinhas-coreana-e-francesa-com-honteri\/\">A Mizkan desafiou o chefe de renome Pierre Sang a criar uma receita de fus\u00e3o de cozinhas coreana e francesa com Honteri<\/a><\/h2>\n\t\t\t\t<p>Quando desafi\u00e1mos o Chefe franc\u00eas, Pierre Sang Boyer, a criar uma receita de fus\u00e3o das cozinhas coreana e francesa com Honteri est\u00e1vamos entusiasmados para ver o que ele ia fazer. <\/p>\n\t\t\t\t<p><a href=\"https:\/\/www.mizkanchef.com\/pt-pt\/2020\/08\/a-mizkan-desafiou-o-chefe-de-renome-pierre-sang-a-criar-uma-receita-de-fusao-de-cozinhas-coreana-e-francesa-com-honteri\/\" class=\"green-button animated\"> Leia mais<\/a><\/p>\n\t\t\t<\/div>\n            <div class=\"clear\"><\/div>\n            <\/div>\n            \n\t\t\t\t\t\t<\/div>\n\t<\/div>\n\n\n\n\n\n<\/div><\/p>\n","protected":false},"excerpt":{"rendered":"","protected":false},"author":2,"featured_media":0,"parent":0,"menu_order":0,"comment_status":"closed","ping_status":"closed","template":"news.php","meta":{"footnotes":""},"acf":[],"yoast_head":"<!-- This site is optimized with the Yoast SEO plugin v21.9.1 - https:\/\/yoast.com\/wordpress\/plugins\/seo\/ -->\n<title>Not\u00edcias Mizkan - Mizkan<\/title>\n<meta name=\"robots\" content=\"index, follow, max-snippet:-1, max-image-preview:large, max-video-preview:-1\" \/>\n<meta property=\"og:locale\" content=\"pt_PT\" \/>\n<meta property=\"og:type\" content=\"article\" \/>\n<meta property=\"og:title\" content=\"Not\u00edcias Mizkan - Mizkan\" \/>\n<meta property=\"og:url\" content=\"https:\/\/www.mizkanchef.com\/pt-pt\/noticias-mizkan\/\" \/>\n<meta property=\"og:site_name\" content=\"Mizkan\" \/>\n<meta property=\"article:modified_time\" content=\"2020-10-27T16:14:12+00:00\" \/>\n<meta name=\"twitter:card\" content=\"summary_large_image\" \/>\n<script type=\"application\/ld+json\" class=\"yoast-schema-graph\">{\"@context\":\"https:\/\/schema.org\",\"@graph\":[{\"@type\":\"WebPage\",\"@id\":\"https:\/\/www.mizkanchef.com\/pt-pt\/noticias-mizkan\/\",\"url\":\"https:\/\/www.mizkanchef.com\/pt-pt\/noticias-mizkan\/\",\"name\":\"Not\u00edcias Mizkan - Mizkan\",\"isPartOf\":{\"@id\":\"https:\/\/www.mizkanchef.com\/pt-pt\/#website\"},\"datePublished\":\"2020-05-28T13:20:21+00:00\",\"dateModified\":\"2020-10-27T16:14:12+00:00\",\"breadcrumb\":{\"@id\":\"https:\/\/www.mizkanchef.com\/pt-pt\/noticias-mizkan\/#breadcrumb\"},\"inLanguage\":\"pt-PT\",\"potentialAction\":[{\"@type\":\"ReadAction\",\"target\":[\"https:\/\/www.mizkanchef.com\/pt-pt\/noticias-mizkan\/\"]}]},{\"@type\":\"BreadcrumbList\",\"@id\":\"https:\/\/www.mizkanchef.com\/pt-pt\/noticias-mizkan\/#breadcrumb\",\"itemListElement\":[{\"@type\":\"ListItem\",\"position\":1,\"name\":\"Home\",\"item\":\"https:\/\/www.mizkanchef.com\/pt-pt\/\"},{\"@type\":\"ListItem\",\"position\":2,\"name\":\"Not\u00edcias Mizkan\"}]},{\"@type\":\"WebSite\",\"@id\":\"https:\/\/www.mizkanchef.com\/pt-pt\/#website\",\"url\":\"https:\/\/www.mizkanchef.com\/pt-pt\/\",\"name\":\"Mizkan\",\"description\":\"Mizkan\",\"potentialAction\":[{\"@type\":\"SearchAction\",\"target\":{\"@type\":\"EntryPoint\",\"urlTemplate\":\"https:\/\/www.mizkanchef.com\/pt-pt\/?s={search_term_string}\"},\"query-input\":\"required name=search_term_string\"}],\"inLanguage\":\"pt-PT\"}]}<\/script>\n<!-- \/ Yoast SEO plugin. -->","yoast_head_json":{"title":"Not\u00edcias Mizkan - Mizkan","robots":{"index":"index","follow":"follow","max-snippet":"max-snippet:-1","max-image-preview":"max-image-preview:large","max-video-preview":"max-video-preview:-1"},"og_locale":"pt_PT","og_type":"article","og_title":"Not\u00edcias Mizkan - Mizkan","og_url":"https:\/\/www.mizkanchef.com\/pt-pt\/noticias-mizkan\/","og_site_name":"Mizkan","article_modified_time":"2020-10-27T16:14:12+00:00","twitter_card":"summary_large_image","schema":{"@context":"https:\/\/schema.org","@graph":[{"@type":"WebPage","@id":"https:\/\/www.mizkanchef.com\/pt-pt\/noticias-mizkan\/","url":"https:\/\/www.mizkanchef.com\/pt-pt\/noticias-mizkan\/","name":"Not\u00edcias Mizkan - Mizkan","isPartOf":{"@id":"https:\/\/www.mizkanchef.com\/pt-pt\/#website"},"datePublished":"2020-05-28T13:20:21+00:00","dateModified":"2020-10-27T16:14:12+00:00","breadcrumb":{"@id":"https:\/\/www.mizkanchef.com\/pt-pt\/noticias-mizkan\/#breadcrumb"},"inLanguage":"pt-PT","potentialAction":[{"@type":"ReadAction","target":["https:\/\/www.mizkanchef.com\/pt-pt\/noticias-mizkan\/"]}]},{"@type":"BreadcrumbList","@id":"https:\/\/www.mizkanchef.com\/pt-pt\/noticias-mizkan\/#breadcrumb","itemListElement":[{"@type":"ListItem","position":1,"name":"Home","item":"https:\/\/www.mizkanchef.com\/pt-pt\/"},{"@type":"ListItem","position":2,"name":"Not\u00edcias Mizkan"}]},{"@type":"WebSite","@id":"https:\/\/www.mizkanchef.com\/pt-pt\/#website","url":"https:\/\/www.mizkanchef.com\/pt-pt\/","name":"Mizkan","description":"Mizkan","potentialAction":[{"@type":"SearchAction","target":{"@type":"EntryPoint","urlTemplate":"https:\/\/www.mizkanchef.com\/pt-pt\/?s={search_term_string}"},"query-input":"required name=search_term_string"}],"inLanguage":"pt-PT"}]}},"_links":{"self":[{"href":"https:\/\/www.mizkanchef.com\/pt-pt\/wp-json\/wp\/v2\/pages\/603"}],"collection":[{"href":"https:\/\/www.mizkanchef.com\/pt-pt\/wp-json\/wp\/v2\/pages"}],"about":[{"href":"https:\/\/www.mizkanchef.com\/pt-pt\/wp-json\/wp\/v2\/types\/page"}],"author":[{"embeddable":true,"href":"https:\/\/www.mizkanchef.com\/pt-pt\/wp-json\/wp\/v2\/users\/2"}],"replies":[{"embeddable":true,"href":"https:\/\/www.mizkanchef.com\/pt-pt\/wp-json\/wp\/v2\/comments?post=603"}],"version-history":[{"count":0,"href":"https:\/\/www.mizkanchef.com\/pt-pt\/wp-json\/wp\/v2\/pages\/603\/revisions"}],"wp:attachment":[{"href":"https:\/\/www.mizkanchef.com\/pt-pt\/wp-json\/wp\/v2\/media?parent=603"}],"curies":[{"name":"wp","href":"https:\/\/api.w.org\/{rel}","templated":true}]}}