{"id":5973,"date":"2020-10-13T11:03:13","date_gmt":"2020-10-13T11:03:13","guid":{"rendered":"https:\/\/www.mizkanchef.com\/terms-and-conditions\/"},"modified":"2020-12-16T12:03:57","modified_gmt":"2020-12-16T12:03:57","slug":"termos-e-condicoes","status":"publish","type":"page","link":"https:\/\/www.mizkanchef.com\/pt-pt\/termos-e-condicoes\/","title":{"rendered":"Termos E Condi\u00e7\u00f5es"},"content":{"rendered":"<h3>NFORMA\u00c7\u00d5ES SOBRE N\u00d3S<\/h3>\n<p>Este s\u00edtio da Internet (o &#8220;s\u00edtio&#8221;) \u00e9 operado pela Mizkan Euro Limited (registada em Inglaterra e Pa\u00eds de Gales com o n\u00famero de registo 8053234 e endere\u00e7o registado 2nd Floor, Building 10, Chiswick Park, 566 Chiswick High Road, Londres W4 5XS, Reino Unido).<\/p>\n<p>Todas as refer\u00eancias a &#8220;nosso&#8221;, &#8220;n\u00f3s\u201d ou &#8220;Mizkan&#8221; no \u00e2mbito desta pol\u00edtica s\u00e3o consideradas como refer\u00eancias \u00e0 Mizkan Euro Limited, suas filiais, afiliadas e associadas.<\/p>\n<h3>CONDI\u00c7\u00d5ES DE UTILIZA\u00c7\u00c3O DO S\u00cdTIO DA INTERNET MIZKANCHEF<\/h3>\n<p>O seu acesso e utiliza\u00e7\u00e3o deste s\u00edtio est\u00e1 sujeito aos seguintes termos e condi\u00e7\u00f5es que, ao aceder e navegar neste s\u00edtio, aceita sem qualquer limita\u00e7\u00e3o ou qualifica\u00e7\u00e3o. Se n\u00e3o concordar com estes termos de utiliza\u00e7\u00e3o, n\u00e3o deve utilizar o nosso s\u00edtio.<\/p>\n<p>Se violar algum destes termos, o seu direito de utilizar o nosso s\u00edtio cessar\u00e1 imediatamente.<\/p>\n<h3>ALTERA\u00c7\u00d5ES A ESTES TERMOS<\/h3>\n<p>Podemos rever estes termos de utiliza\u00e7\u00e3o em qualquer momento, alterando esta p\u00e1gina. Verifique esta p\u00e1gina de vez em quando para tomar conhecimento de quaisquer altera\u00e7\u00f5es que possamos ter realizado, uma vez que s\u00e3o vinculativas para si.<\/p>\n<h3>POL\u00cdTICA DE PRIVACIDADE E DE COOKIES<\/h3>\n<p>Ao visitar este s\u00edtio, concorda que utilizaremos informa\u00e7\u00f5es sobre si de acordo com a nossa Pol\u00edtica de Privacidade e de Cookies. Ao utilizar o nosso s\u00edtio, concorda com tal utiliza\u00e7\u00e3o e garante que todas as informa\u00e7\u00f5es fornecidas por si s\u00e3o exactas.<\/p>\n<h3>O NOSSO S\u00cdTIO<\/h3>\n<p>N\u00e3o garantimos que o nosso s\u00edtio, ou qualquer conte\u00fado do mesmo, estejam sempre dispon\u00edveis ou atualizados ou que o acesso ao mesmo seja ininterrupto. O acesso ao nosso s\u00edtio \u00e9 permitido temporariamente. Podemos suspender, retirar, descontinuar ou alterar a totalidade ou qualquer parte do nosso s\u00edtio sem aviso pr\u00e9vio. N\u00e3o seremos respons\u00e1veis perante si se, por qualquer raz\u00e3o, o nosso s\u00edtio n\u00e3o estiver dispon\u00edvel em qualquer momento ou durante qualquer per\u00edodo.<\/p>\n<h3>DIREITOS DE PROPRIEDADE INTELECTUAL<\/h3>\n<p>Somos o propriet\u00e1rio ou o titular de todos os direitos de propriedade intelectual no nosso s\u00edtio, e no material nele publicado, incluindo entre outros todas as marcas registadas, nomes, log\u00f3tipos e direitos autorais. Todos esses direitos s\u00e3o reservados. Nada neste s\u00edtio deve ser considerado como concess\u00e3o de licen\u00e7a de utiliza\u00e7\u00e3o de quaisquer dos direitos acima mencionados sem o nosso consentimento expresso por escrito.<\/p>\n<p>Pode ler, ver, imprimir e descarregar uma c\u00f3pia impressa do material deste s\u00edtio apenas para seu uso pessoal e n\u00e3o para uso comercial. N\u00e3o deve modificar as c\u00f3pias em papel ou digitais de quaisquer materiais que tenha imprimido ou descarregado de qualquer forma.<\/p>\n<p>A n\u00e3o ser para estes fins permitidos, n\u00e3o poder\u00e1, sob qualquer forma ou por qualquer meio:<\/p>\n<ul>\n<li>copiar, adaptar, reproduzir, armazenar, distribuir, vender, transmitir, descompilar, imprimir, exibir, publicar ou criar obras derivadas de qualquer parte do nosso s\u00edtio; ou<\/li>\n<li>utilizar qualquer parte do conte\u00fado do nosso s\u00edtio para fins comerciais<\/li>\n<li>sem obter uma licen\u00e7a nossa para o fazer.<\/li>\n<\/ul>\n<h3>OUTRAS RESTRI\u00c7\u00d5ES DE UTILIZA\u00c7\u00c3O<\/h3>\n<p>Aceita n\u00e3o:<\/p>\n<ul>\n<li>postar ou transmitir qualquer material ilegal, amea\u00e7ador, difamat\u00f3rio, obsceno ou outro material inadequado;<\/li>\n<li>utilizar o nosso s\u00edtio para fins ilegais, e de uma forma que possa infringir os direitos ou restringir a utiliza\u00e7\u00e3o e usufruto do s\u00edtio por qualquer terceiro;<\/li>\n<li>utilizar mal o nosso s\u00edtio introduzindo conscientemente v\u00edrus, trojans, worms, bombas l\u00f3gicas ou outro material que seja malicioso ou tecnologicamente nocivo;<\/li>\n<li>tentar obter acesso n\u00e3o autorizado ao nosso s\u00edtio, ao servidor no qual o nosso s\u00edtio est\u00e1 armazenado ou a qualquer servidor, computador ou base de dados ligados ao nosso s\u00edtio;<\/li>\n<li>atacar o nosso s\u00edtio atrav\u00e9s de um ataque de nega\u00e7\u00e3o de servi\u00e7o ou de um ataque distribu\u00eddo de nega\u00e7\u00e3o de servi\u00e7o.<\/li>\n<\/ul>\n<p>Iremos comunicar qualquer infra\u00e7\u00e3o deste tipo \u00e0s autoridades competentes de aplica\u00e7\u00e3o da lei e iremos cooperar com essas autoridades, revelando-lhes a sua identidade.<\/p>\n<h3>SEM CONFIAN\u00c7A NA INFORMA\u00c7\u00c3O<\/h3>\n<p>O conte\u00fado deste s\u00edtio \u00e9 fornecido por n\u00f3s apenas para fins informativos e destina-se apenas a fornecer uma vis\u00e3o geral da Mizkan. N\u00e3o deve confiar em nenhuma das informa\u00e7\u00f5es contidas neste s\u00edtio.<\/p>\n<p>ISEN\u00c7\u00c3O DE RESPONSABILIDADE GERAL<\/p>\n<p>O CONTE\u00daDO DESTE S\u00cdTIO \u00c9-LHE FORNECIDO &#8220;COMO EST\u00c1&#8221; E, NA MEDIDA DO PERMITIDO POR LEI, EXCLU\u00cdMOS TODAS AS CONDI\u00c7\u00d5ES, GARANTIAS, REPRESENTA\u00c7\u00d5ES OU OUTROS TERMOS QUE SE POSSAM APLICAR AO NOSSO S\u00cdTIO OU A QUALQUER<br \/>\nCONTE\u00daDO DO MESMO (QUER EXPRESSO OU IMPL\u00cdCITO).<\/p>\n<p>N\u00e3o garantimos que o nosso s\u00edtio, ou qualquer conte\u00fado do mesmo, esteja livre de erros ou omiss\u00f5es.<\/p>\n<p>N\u00c3O SEREMOS RESPONS\u00c1VEIS PERANTE NENHUM UTILIZADOR POR QUALQUER PERDA OU DANO, QUER EM CONTRATO, DELITO (INCLUINDO NEGLIG\u00caNCIA), VIOLA\u00c7\u00c3O DE DEVERES LEGAIS, OU DE OUTRA FORMA, MESMO QUE PREVIS\u00cdVEL, DECORRENTE OU RELACIONADO COM A UTILIZA\u00c7\u00c3O, OU INCAPACIDADE DE UTILIZA\u00c7\u00c3O DO NOSSO S\u00cdTIO OU UTILIZA\u00c7\u00c3O DE, OU CONFIAN\u00c7A EM QUALQUER CONTE\u00daDO EXIBIDO NO NOSSO S\u00cdTIO, INCLUINDO ENTRE OUTROS, A: (A) PERDA DE LUCROS, VENDAS, NEG\u00d3CIOS OU RECEITAS; (B) INTERRUP\u00c7\u00c3O DE NEG\u00d3CIOS; (C) PERDA DE POUPAN\u00c7AS PREVISTAS; (D) PERDA DE OPORTUNIDADE DE NEG\u00d3CIO, BOA VONTADE OU REPUTA\u00c7\u00c3O; OU (E) QUALQUER PERDA OU DANO INDIRETO OU CONSEQUENTE.<\/p>\n<p>Nada nestes termos de utiliza\u00e7\u00e3o exclui ou limita a nossa responsabilidade por morte ou danos pessoais resultantes da nossa neglig\u00eancia, ou da nossa fraude ou deturpa\u00e7\u00e3o fraudulenta, ou qualquer outra responsabilidade que n\u00e3o possa ser exclu\u00edda ou limitada pela lei inglesa.<\/p>\n<h3>V\u00cdRUS<\/h3>\n<p>N\u00e3o garantimos que o nosso s\u00edtio seja seguro ou livre de bugs ou v\u00edrus.<\/p>\n<p>\u00c9 respons\u00e1vel pela configura\u00e7\u00e3o da sua tecnologia de informa\u00e7\u00e3o, programas inform\u00e1ticos e plataforma para aceder ao nosso s\u00edtio. Deve utilizar o seu pr\u00f3prio software de prote\u00e7\u00e3o contra v\u00edrus. N\u00e3o seremos respons\u00e1veis por qualquer perda ou dano causado por um v\u00edrus, ataque de nega\u00e7\u00e3o de servi\u00e7o distribu\u00eddo, ou outro material tecnologicamente nocivo que possa infetar o seu equipamento inform\u00e1tico, programas inform\u00e1ticos, dados ou outro material patenteado devido \u00e0 sua utiliza\u00e7\u00e3o do nosso s\u00edtio.<\/p>\n<h3>LIGA\u00c7\u00c3O AO NOSSO S\u00cdTIO<\/h3>\n<p>Pode ligar \u00e0 nossa p\u00e1gina inicial, desde que o fa\u00e7a de uma forma justa e legal e que n\u00e3o prejudique a nossa reputa\u00e7\u00e3o nem tire vantagens da mesma.<br \/>\nN\u00e3o deve estabelecer uma liga\u00e7\u00e3o de modo a sugerir qualquer forma de associa\u00e7\u00e3o, aprova\u00e7\u00e3o ou endosso da nossa parte, onde tal n\u00e3o exista<\/p>\n<h3>LINKS EXTERNOS NO NOSSO S\u00cdTIO<\/h3>\n<p>Quando o nosso s\u00edtio cont\u00e9m links para outros s\u00edtios, estes links s\u00e3o fornecidos apenas para sua informa\u00e7\u00e3o. A sua utiliza\u00e7\u00e3o de qualquer s\u00edtio ligado ser\u00e1 regida pelos termos de utiliza\u00e7\u00e3o desses s\u00edtios.<\/p>\n<p>N\u00e3o assumimos qualquer responsabilidade pelo conte\u00fado dos s\u00edtios da Internet ligados no nosso s\u00edtio. Tais liga\u00e7\u00f5es n\u00e3o devem ser interpretadas como endosso, por n\u00f3s, das p\u00e1ginas da Internet ligadas. N\u00e3o seremos respons\u00e1veis por quaisquer perdas ou danos que possam advir da sua utiliza\u00e7\u00e3o das mesmas.<\/p>\n<h3>GERAL<\/h3>\n<p>A Mizkan n\u00e3o faz qualquer representa\u00e7\u00e3o de que o material no s\u00edtio seja adequado ou dispon\u00edvel para utiliza\u00e7\u00e3o em locais fora do Reino Unido. Aqueles que optam por aceder a este s\u00edtio a partir de outros locais fazem-no por sua pr\u00f3pria iniciativa e s\u00e3o respons\u00e1veis pelo cumprimento das leis locais, se e na medida em que as leis locais sejam aplic\u00e1veis.<\/p>\n<p>Se, por qualquer raz\u00e3o, qualquer disposi\u00e7\u00e3o destes termos de utiliza\u00e7\u00e3o for determinada como nula ou inaplic\u00e1vel, ent\u00e3o, na medida e nos locais em que tal disposi\u00e7\u00e3o for determinada como nula ou inaplic\u00e1vel, ser\u00e1 removida e as restantes disposi\u00e7\u00f5es continuar\u00e3o em pleno vigor e efeito.<\/p>\n<p>Estes termos de utiliza\u00e7\u00e3o ser\u00e3o regidos pela lei inglesa e os tribunais de Inglaterra ter\u00e3o jurisdi\u00e7\u00e3o exclusiva para resolver quaisquer disputas relacionadas com estes termos de utiliza\u00e7\u00e3o.<\/p>\n","protected":false},"excerpt":{"rendered":"<p>NFORMA\u00c7\u00d5ES SOBRE N\u00d3S Este s\u00edtio da Internet (o &#8220;s\u00edtio&#8221;) \u00e9 operado pela Mizkan Euro Limited (registada em Inglaterra e Pa\u00eds de Gales com o n\u00famero de registo 8053234 e endere\u00e7o registado 2nd Floor, Building 10, Chiswick Park, 566 Chiswick High Road, Londres W4 5XS, Reino Unido). Todas as refer\u00eancias a &#8220;nosso&#8221;, &#8220;n\u00f3s\u201d ou &#8220;Mizkan&#8221; no [&hellip;]<\/p>\n","protected":false},"author":2,"featured_media":0,"parent":0,"menu_order":0,"comment_status":"closed","ping_status":"closed","template":"","meta":{"footnotes":""},"acf":[],"yoast_head":"<!-- This site is optimized with the Yoast SEO plugin v21.9.1 - https:\/\/yoast.com\/wordpress\/plugins\/seo\/ -->\n<title>Termos E Condi\u00e7\u00f5es - Mizkan<\/title>\n<meta name=\"robots\" content=\"index, follow, max-snippet:-1, max-image-preview:large, max-video-preview:-1\" \/>\n<meta property=\"og:locale\" content=\"pt_PT\" \/>\n<meta property=\"og:type\" content=\"article\" \/>\n<meta property=\"og:title\" content=\"Termos E Condi\u00e7\u00f5es - Mizkan\" \/>\n<meta property=\"og:description\" content=\"NFORMA\u00c7\u00d5ES SOBRE N\u00d3S Este s\u00edtio da Internet (o &#8220;s\u00edtio&#8221;) \u00e9 operado pela Mizkan Euro Limited (registada em Inglaterra e Pa\u00eds de Gales com o n\u00famero de registo 8053234 e endere\u00e7o registado 2nd Floor, Building 10, Chiswick Park, 566 Chiswick High Road, Londres W4 5XS, Reino Unido). Todas as refer\u00eancias a &#8220;nosso&#8221;, &#8220;n\u00f3s\u201d ou &#8220;Mizkan&#8221; no [&hellip;]\" \/>\n<meta property=\"og:url\" content=\"https:\/\/www.mizkanchef.com\/pt-pt\/termos-e-condicoes\/\" \/>\n<meta property=\"og:site_name\" content=\"Mizkan\" \/>\n<meta property=\"article:modified_time\" content=\"2020-12-16T12:03:57+00:00\" \/>\n<meta name=\"twitter:card\" content=\"summary_large_image\" \/>\n<meta name=\"twitter:label1\" content=\"Tempo estimado de leitura\" \/>\n\t<meta name=\"twitter:data1\" content=\"7 minutos\" \/>\n<script type=\"application\/ld+json\" class=\"yoast-schema-graph\">{\"@context\":\"https:\/\/schema.org\",\"@graph\":[{\"@type\":\"WebPage\",\"@id\":\"https:\/\/www.mizkanchef.com\/pt-pt\/termos-e-condicoes\/\",\"url\":\"https:\/\/www.mizkanchef.com\/pt-pt\/termos-e-condicoes\/\",\"name\":\"Termos E Condi\u00e7\u00f5es - Mizkan\",\"isPartOf\":{\"@id\":\"https:\/\/www.mizkanchef.com\/pt-pt\/#website\"},\"datePublished\":\"2020-10-13T11:03:13+00:00\",\"dateModified\":\"2020-12-16T12:03:57+00:00\",\"breadcrumb\":{\"@id\":\"https:\/\/www.mizkanchef.com\/pt-pt\/termos-e-condicoes\/#breadcrumb\"},\"inLanguage\":\"pt-PT\",\"potentialAction\":[{\"@type\":\"ReadAction\",\"target\":[\"https:\/\/www.mizkanchef.com\/pt-pt\/termos-e-condicoes\/\"]}]},{\"@type\":\"BreadcrumbList\",\"@id\":\"https:\/\/www.mizkanchef.com\/pt-pt\/termos-e-condicoes\/#breadcrumb\",\"itemListElement\":[{\"@type\":\"ListItem\",\"position\":1,\"name\":\"Home\",\"item\":\"https:\/\/www.mizkanchef.com\/pt-pt\/\"},{\"@type\":\"ListItem\",\"position\":2,\"name\":\"Termos E Condi\u00e7\u00f5es\"}]},{\"@type\":\"WebSite\",\"@id\":\"https:\/\/www.mizkanchef.com\/pt-pt\/#website\",\"url\":\"https:\/\/www.mizkanchef.com\/pt-pt\/\",\"name\":\"Mizkan\",\"description\":\"Mizkan\",\"potentialAction\":[{\"@type\":\"SearchAction\",\"target\":{\"@type\":\"EntryPoint\",\"urlTemplate\":\"https:\/\/www.mizkanchef.com\/pt-pt\/?s={search_term_string}\"},\"query-input\":\"required name=search_term_string\"}],\"inLanguage\":\"pt-PT\"}]}<\/script>\n<!-- \/ Yoast SEO plugin. -->","yoast_head_json":{"title":"Termos E Condi\u00e7\u00f5es - Mizkan","robots":{"index":"index","follow":"follow","max-snippet":"max-snippet:-1","max-image-preview":"max-image-preview:large","max-video-preview":"max-video-preview:-1"},"og_locale":"pt_PT","og_type":"article","og_title":"Termos E Condi\u00e7\u00f5es - Mizkan","og_description":"NFORMA\u00c7\u00d5ES SOBRE N\u00d3S Este s\u00edtio da Internet (o &#8220;s\u00edtio&#8221;) \u00e9 operado pela Mizkan Euro Limited (registada em Inglaterra e Pa\u00eds de Gales com o n\u00famero de registo 8053234 e endere\u00e7o registado 2nd Floor, Building 10, Chiswick Park, 566 Chiswick High Road, Londres W4 5XS, Reino Unido). Todas as refer\u00eancias a &#8220;nosso&#8221;, &#8220;n\u00f3s\u201d ou &#8220;Mizkan&#8221; no [&hellip;]","og_url":"https:\/\/www.mizkanchef.com\/pt-pt\/termos-e-condicoes\/","og_site_name":"Mizkan","article_modified_time":"2020-12-16T12:03:57+00:00","twitter_card":"summary_large_image","twitter_misc":{"Tempo estimado de leitura":"7 minutos"},"schema":{"@context":"https:\/\/schema.org","@graph":[{"@type":"WebPage","@id":"https:\/\/www.mizkanchef.com\/pt-pt\/termos-e-condicoes\/","url":"https:\/\/www.mizkanchef.com\/pt-pt\/termos-e-condicoes\/","name":"Termos E Condi\u00e7\u00f5es - Mizkan","isPartOf":{"@id":"https:\/\/www.mizkanchef.com\/pt-pt\/#website"},"datePublished":"2020-10-13T11:03:13+00:00","dateModified":"2020-12-16T12:03:57+00:00","breadcrumb":{"@id":"https:\/\/www.mizkanchef.com\/pt-pt\/termos-e-condicoes\/#breadcrumb"},"inLanguage":"pt-PT","potentialAction":[{"@type":"ReadAction","target":["https:\/\/www.mizkanchef.com\/pt-pt\/termos-e-condicoes\/"]}]},{"@type":"BreadcrumbList","@id":"https:\/\/www.mizkanchef.com\/pt-pt\/termos-e-condicoes\/#breadcrumb","itemListElement":[{"@type":"ListItem","position":1,"name":"Home","item":"https:\/\/www.mizkanchef.com\/pt-pt\/"},{"@type":"ListItem","position":2,"name":"Termos E Condi\u00e7\u00f5es"}]},{"@type":"WebSite","@id":"https:\/\/www.mizkanchef.com\/pt-pt\/#website","url":"https:\/\/www.mizkanchef.com\/pt-pt\/","name":"Mizkan","description":"Mizkan","potentialAction":[{"@type":"SearchAction","target":{"@type":"EntryPoint","urlTemplate":"https:\/\/www.mizkanchef.com\/pt-pt\/?s={search_term_string}"},"query-input":"required name=search_term_string"}],"inLanguage":"pt-PT"}]}},"_links":{"self":[{"href":"https:\/\/www.mizkanchef.com\/pt-pt\/wp-json\/wp\/v2\/pages\/5973"}],"collection":[{"href":"https:\/\/www.mizkanchef.com\/pt-pt\/wp-json\/wp\/v2\/pages"}],"about":[{"href":"https:\/\/www.mizkanchef.com\/pt-pt\/wp-json\/wp\/v2\/types\/page"}],"author":[{"embeddable":true,"href":"https:\/\/www.mizkanchef.com\/pt-pt\/wp-json\/wp\/v2\/users\/2"}],"replies":[{"embeddable":true,"href":"https:\/\/www.mizkanchef.com\/pt-pt\/wp-json\/wp\/v2\/comments?post=5973"}],"version-history":[{"count":0,"href":"https:\/\/www.mizkanchef.com\/pt-pt\/wp-json\/wp\/v2\/pages\/5973\/revisions"}],"wp:attachment":[{"href":"https:\/\/www.mizkanchef.com\/pt-pt\/wp-json\/wp\/v2\/media?parent=5973"}],"curies":[{"name":"wp","href":"https:\/\/api.w.org\/{rel}","templated":true}]}}