{"id":582,"date":"2020-05-28T13:19:20","date_gmt":"2020-05-28T13:19:20","guid":{"rendered":"http:\/\/mizkan.wpengine.com\/chef-recipes\/"},"modified":"2020-10-27T16:12:59","modified_gmt":"2020-10-27T16:12:59","slug":"receitas-dos-chefes","status":"publish","type":"page","link":"https:\/\/www.mizkanchef.com\/pt-pt\/receitas-dos-chefes\/","title":{"rendered":"Receitas dos chefes"},"content":{"rendered":"<form data-sf-form-id='4397' data-is-rtl='0' data-maintain-state='' data-results-url='https:\/\/www.mizkanchef.com\/pt-pt\/receitas-dos-chefes\/' data-ajax-url='https:\/\/www.mizkanchef.com\/pt-pt\/?sfid=4397&amp;sf_action=get_data&amp;sf_data=all' data-ajax-form-url='https:\/\/www.mizkanchef.com\/pt-pt\/?sfid=4397&amp;sf_action=get_data&amp;sf_data=form' data-display-result-method='shortcode' data-use-history-api='1' data-template-loaded='0' data-lang-code='pt-pt' data-ajax='1' data-ajax-data-type='json' data-ajax-links-selector='.pagination a' data-ajax-target='#search-filter-results-4397' data-ajax-pagination-type='infinite_scroll' data-show-scroll-loader='1' data-infinite-scroll-trigger='-100' data-update-ajax-url='1' data-only-results-ajax='1' data-scroll-to-pos='0' data-init-paged='1' data-auto-update='1' data-auto-count='1' data-auto-count-refresh-mode='1' action='https:\/\/www.mizkanchef.com\/pt-pt\/receitas-dos-chefes\/' method='post' class='searchandfilter' id='search-filter-form-4397' autocomplete='off' data-instance-count='1'><ul><li class=\"sf-field-taxonomy-cuisines\" data-sf-field-name=\"_sft_cuisines\" data-sf-field-type=\"taxonomy\" data-sf-field-input-type=\"checkbox\">\t\t<ul data-operator=\"and\" class=\"\">\n\t\t\t\t\t  <li class=\"sf-level-0 sf-item-227\" data-sf-count=\"4\" data-sf-depth=\"0\"><input  class=\"sf-input-checkbox\" type=\"checkbox\" value=\"bebidas\" name=\"_sft_cuisines[]\" id=\"sf-input-6ffc124884d88d465998783ecfb5113e\"><label class=\"sf-label-checkbox\" for=\"sf-input-6ffc124884d88d465998783ecfb5113e\">Bebidas<\/label><\/li><li class=\"sf-level-0 sf-item-222\" data-sf-count=\"18\" data-sf-depth=\"0\"><input  class=\"sf-input-checkbox\" type=\"checkbox\" value=\"entradas-saladas\" name=\"_sft_cuisines[]\" id=\"sf-input-dcccaee137cb9eca78b413de0f62185e\"><label class=\"sf-label-checkbox\" for=\"sf-input-dcccaee137cb9eca78b413de0f62185e\">Entradas\/Saladas<\/label><\/li><li class=\"sf-level-0 sf-item-74\" data-sf-count=\"13\" data-sf-depth=\"0\"><input  class=\"sf-input-checkbox\" type=\"checkbox\" value=\"pratos-principais\" name=\"_sft_cuisines[]\" id=\"sf-input-9e57a8ed7769abdb2feef8a2b47d6cdd\"><label class=\"sf-label-checkbox\" for=\"sf-input-9e57a8ed7769abdb2feef8a2b47d6cdd\">Pratos principais<\/label><\/li><li class=\"sf-level-0 sf-item-224\" data-sf-count=\"4\" data-sf-depth=\"0\"><input  class=\"sf-input-checkbox\" type=\"checkbox\" value=\"sobremesas\" name=\"_sft_cuisines[]\" id=\"sf-input-17100845219b554f2e9c4ab8e8f85f66\"><label class=\"sf-label-checkbox\" for=\"sf-input-17100845219b554f2e9c4ab8e8f85f66\">Sobremesas<\/label><\/li>\t\t<\/ul>\n\t\t<\/li><li class=\"sf-field-taxonomy-dish_types\" data-sf-field-name=\"_sft_dish_types\" data-sf-field-type=\"taxonomy\" data-sf-field-input-type=\"checkbox\">\t\t<ul data-operator=\"and\" class=\"\">\n\t\t\t\t\t  <li class=\"sf-level-0 sf-item-94\" data-sf-count=\"9\" data-sf-depth=\"0\"><input  class=\"sf-input-checkbox\" type=\"checkbox\" value=\"carne-pt-pt\" name=\"_sft_dish_types[]\" id=\"sf-input-5e56c4b3756bea2c5112ebbc86c5922a\"><label class=\"sf-label-checkbox\" for=\"sf-input-5e56c4b3756bea2c5112ebbc86c5922a\">Carne<\/label><\/li><li class=\"sf-level-0 sf-item-225\" data-sf-count=\"6\" data-sf-depth=\"0\"><input  class=\"sf-input-checkbox\" type=\"checkbox\" value=\"peixe\" name=\"_sft_dish_types[]\" id=\"sf-input-a9920946402c965d12cd803812b250e1\"><label class=\"sf-label-checkbox\" for=\"sf-input-a9920946402c965d12cd803812b250e1\">Peixe<\/label><\/li><li class=\"sf-level-0 sf-item-223\" data-sf-count=\"9\" data-sf-depth=\"0\"><input  class=\"sf-input-checkbox\" type=\"checkbox\" value=\"vegetariano\" name=\"_sft_dish_types[]\" id=\"sf-input-687e961222902ab321943ef10a3ea406\"><label class=\"sf-label-checkbox\" for=\"sf-input-687e961222902ab321943ef10a3ea406\">Vegetariano<\/label><\/li>\t\t<\/ul>\n\t\t<\/li><li class=\"sf-field-taxonomy-food_type\" data-sf-field-name=\"_sft_food_type\" data-sf-field-type=\"taxonomy\" data-sf-field-input-type=\"checkbox\">\t\t<ul data-operator=\"and\" class=\"\">\n\t\t\t\t\t  <li class=\"sf-level-0 sf-item-303\" data-sf-count=\"11\" data-sf-depth=\"0\"><input  class=\"sf-input-checkbox\" type=\"checkbox\" value=\"molhos\" name=\"_sft_food_type[]\" id=\"sf-input-564f36d83d0c64e20dca2fee9e530541\"><label class=\"sf-label-checkbox\" for=\"sf-input-564f36d83d0c64e20dca2fee9e530541\">Molhos<\/label><\/li><li class=\"sf-level-0 sf-item-294\" data-sf-count=\"3\" data-sf-depth=\"0\"><input  class=\"sf-input-checkbox\" type=\"checkbox\" value=\"noodles-pt-pt\" name=\"_sft_food_type[]\" id=\"sf-input-b98be7b44e638c1187fdfbf0b5e5f27a\"><label class=\"sf-label-checkbox\" for=\"sf-input-b98be7b44e638c1187fdfbf0b5e5f27a\">Noodles<\/label><\/li><li class=\"sf-level-0 sf-item-342\" data-sf-count=\"0\" data-sf-depth=\"0\"><input  class=\"sf-input-checkbox\" type=\"checkbox\" value=\"poke-pt-pt\" name=\"_sft_food_type[]\" id=\"sf-input-503e48af48f6e4e26cec40bf24c1e3d6\"><label class=\"sf-label-checkbox\" for=\"sf-input-503e48af48f6e4e26cec40bf24c1e3d6\">Poke<\/label><\/li><li class=\"sf-level-0 sf-item-312\" data-sf-count=\"1\" data-sf-depth=\"0\"><input  class=\"sf-input-checkbox\" type=\"checkbox\" value=\"sushi-pt-pt\" name=\"_sft_food_type[]\" id=\"sf-input-17ef8641b1f4fb11ebe92e0bb0f52e45\"><label class=\"sf-label-checkbox\" for=\"sf-input-17ef8641b1f4fb11ebe92e0bb0f52e45\">Sushi<\/label><\/li>\t\t<\/ul>\n\t\t<\/li><li class=\"sf-field-taxonomy-products\" data-sf-field-name=\"_sft_products\" data-sf-field-type=\"taxonomy\" data-sf-field-input-type=\"checkbox\">\t\t<ul data-operator=\"and\" class=\"\">\n\t\t\t\t\t  <li class=\"sf-level-0 sf-item-104\" data-sf-count=\"29\" data-sf-depth=\"0\"><input  class=\"sf-input-checkbox\" type=\"checkbox\" value=\"honteri-pt-pt\" name=\"_sft_products[]\" id=\"sf-input-f6192745dfd3f067865958f105c08786\"><label class=\"sf-label-checkbox\" for=\"sf-input-f6192745dfd3f067865958f105c08786\">Honteri<\/label><\/li><li class=\"sf-level-0 sf-item-114\" data-sf-count=\"3\" data-sf-depth=\"0\"><input  class=\"sf-input-checkbox\" type=\"checkbox\" value=\"tempero-para-sushi\" name=\"_sft_products[]\" id=\"sf-input-b67141faf39f725ff220854902adafbd\"><label class=\"sf-label-checkbox\" for=\"sf-input-b67141faf39f725ff220854902adafbd\">Tempero para sushi<\/label><\/li><li class=\"sf-level-0 sf-item-237\" data-sf-count=\"5\" data-sf-depth=\"0\"><input  class=\"sf-input-checkbox\" type=\"checkbox\" value=\"vinagre\" name=\"_sft_products[]\" id=\"sf-input-5cc08f2780a9c5811aba3a4294f2d488\"><label class=\"sf-label-checkbox\" for=\"sf-input-5cc08f2780a9c5811aba3a4294f2d488\">Vinagre<\/label><\/li>\t\t<\/ul>\n\t\t<\/li><li class=\"sf-field-taxonomy-difficulty\" data-sf-field-name=\"_sft_difficulty\" data-sf-field-type=\"taxonomy\" data-sf-field-input-type=\"checkbox\">\t\t<ul data-operator=\"and\" class=\"\">\n\t\t\t\t\t  <li class=\"sf-level-0 sf-item-281\" data-sf-count=\"6\" data-sf-depth=\"0\"><input  class=\"sf-input-checkbox\" type=\"checkbox\" value=\"chefs-series-pt-pt\" name=\"_sft_difficulty[]\" id=\"sf-input-3b321b89852e571ee6ccc03f151897f4\"><label class=\"sf-label-checkbox\" for=\"sf-input-3b321b89852e571ee6ccc03f151897f4\">Chef Series<\/label><\/li><li class=\"sf-level-0 sf-item-235\" data-sf-count=\"1\" data-sf-depth=\"0\"><input  class=\"sf-input-checkbox\" type=\"checkbox\" value=\"desafiante\" name=\"_sft_difficulty[]\" id=\"sf-input-bfac7c15f13e7cff29928d53f8e3d33b\"><label class=\"sf-label-checkbox\" for=\"sf-input-bfac7c15f13e7cff29928d53f8e3d33b\">Desafiante<\/label><\/li><li class=\"sf-level-0 sf-item-84\" data-sf-count=\"24\" data-sf-depth=\"0\"><input  class=\"sf-input-checkbox\" type=\"checkbox\" value=\"facil\" name=\"_sft_difficulty[]\" id=\"sf-input-d775ad94cd067e389aed130b31d3e075\"><label class=\"sf-label-checkbox\" for=\"sf-input-d775ad94cd067e389aed130b31d3e075\">F\u00e1cil<\/label><\/li><li class=\"sf-level-0 sf-item-228\" data-sf-count=\"9\" data-sf-depth=\"0\"><input  class=\"sf-input-checkbox\" type=\"checkbox\" value=\"medio-pt-pt\" name=\"_sft_difficulty[]\" id=\"sf-input-f4029fd3dd950880ca7f1e939801dfe7\"><label class=\"sf-label-checkbox\" for=\"sf-input-f4029fd3dd950880ca7f1e939801dfe7\">M\u00e9dio<\/label><\/li>\t\t<\/ul>\n\t\t<\/li><\/ul><\/form>\n<div class=\"recipe-key\" style=\"clear: both; padding-top: 30px;\"><img decoding=\"async\" class=\"chef-icon\" src=\"\/wp-content\/themes\/mizkan\/images\/chef-icon-1.png\" alt=\"F\u00e1cil\" \/><strong class=\"space\">F\u00e1cil<\/strong> <img decoding=\"async\" class=\"chef-icon\" src=\"\/wp-content\/themes\/mizkan\/images\/chef-icon-2.png\" alt=\"M\u00e9dio\" \/><strong class=\"space\">M\u00e9dio<\/strong> <img decoding=\"async\" class=\"chef-icon\" src=\"\/wp-content\/themes\/mizkan\/images\/chef-icon-3.png\" alt=\"Desafiante \" \/><strong>Desafiante<\/strong><\/div>\n<div class=\"search-filter-results\" id=\"search-filter-results-4397\">\t\n\n\t\n\t<div class='search-filter-results-list'>\n\t<div class=\"row\">\n\t\t\t\t<div class='col-sm-4 search-filter-result-item rplist-1 the-recipe-listing'>\n                <div class=\"recipe-container\">\n\t\t\t\t<div class=\"recipe-listing-image\">\n\t\t\t\t<a href=\"https:\/\/www.mizkanchef.com\/pt-pt\/receitas-dos-chefes\/molho-chimichurri-asiatico-v\/\"><img fetchpriority=\"high\" decoding=\"async\" width=\"720\" height=\"620\" src=\"https:\/\/www.mizkanchef.com\/wp-content\/uploads\/2020\/09\/chimichurri-sauce-720x620.jpg\" class=\"img-responsive wp-post-image\" alt=\"\" \/><\/a>                <\/div>\n\t\t\t\t                <div class=\"recipe-listing-overlay\">\n\t\t\t\t<a href=\"https:\/\/www.mizkanchef.com\/pt-pt\/receitas-dos-chefes\/molho-chimichurri-asiatico-v\/\"><img decoding=\"async\" src=\"\/wp-content\/themes\/mizkan\/images\/new-recipe-pt-pt.png\" width=\"720\" height=\"520\" alt=\"New\" class=\"img-responsive\"><\/a>\n                <\/div>\n\t\t\t\t                <\/div>\n\t\t\t\t<h2><a href=\"https:\/\/www.mizkanchef.com\/pt-pt\/receitas-dos-chefes\/molho-chimichurri-asiatico-v\/\">Molho Chimichurri asi\u00e1tico (V)<\/a><\/h2>\n                <div class=\"recipe-padding\">\n\t\t\t\t<p>Uma abordagem asi\u00e1tica simples e fragrante do molho argentino chimichurri.<\/p>\n\t\t\t\t                                                                <p class=\"chef-icons\"><img decoding=\"async\" src=\"\/wp-content\/themes\/mizkan\/images\/chef-icon-1.png\" alt=\"Challenging\" class=\"chef-icon\"><\/p>\n\t\t\t\t<p class=\"chef-time\"><strong>20 minutos<\/strong><\/p>\n                <div class=\"clear\"><\/div>\n\t\t\t\t<p><a href=\"https:\/\/www.mizkanchef.com\/pt-pt\/receitas-dos-chefes\/molho-chimichurri-asiatico-v\/\" class=\"green-button animated\"> Ver receita<\/a><\/p>\n                <\/div>\n\t\t\t<\/div>\n\t\t\t\t\t\t\t\t<div class='col-sm-4 search-filter-result-item rplist-2 the-recipe-listing'>\n                <div class=\"recipe-container\">\n\t\t\t\t<div class=\"recipe-listing-image\">\n\t\t\t\t<a href=\"https:\/\/www.mizkanchef.com\/pt-pt\/receitas-dos-chefes\/osechi-ryori-datemaki\/\"><img decoding=\"async\" width=\"720\" height=\"620\" src=\"https:\/\/www.mizkanchef.com\/wp-content\/uploads\/2020\/12\/mix1-recipe-720x620.jpg\" class=\"img-responsive wp-post-image\" alt=\"\" \/><\/a>                <\/div>\n\t\t\t\t                <div class=\"recipe-listing-overlay\">\n\t\t\t\t<a href=\"https:\/\/www.mizkanchef.com\/pt-pt\/receitas-dos-chefes\/osechi-ryori-datemaki\/\"><img decoding=\"async\" src=\"\/wp-content\/themes\/mizkan\/images\/new-recipe-pt-pt.png\" width=\"720\" height=\"520\" alt=\"New\" class=\"img-responsive\"><\/a>\n                <\/div>\n\t\t\t\t                <\/div>\n\t\t\t\t<h2><a href=\"https:\/\/www.mizkanchef.com\/pt-pt\/receitas-dos-chefes\/osechi-ryori-datemaki\/\">Osechi Ryori - Datemaki<\/a><\/h2>\n                <div class=\"recipe-padding\">\n\t\t\t\t<p>Crie o seu pr\u00f3prio osechi ryori delicioso, ou comida de Ano Novo, com esta receita de Datemaki; trincas saborosas, \u00e0 base de ovos e bolinho de peixe japon\u00eas hanpen, com um toque de Honteri. Perfeito como um lanche saboroso para o Ano Novo e depois.<\/p>\n\t\t\t\t                                                                <p class=\"chef-icons\"><img decoding=\"async\" src=\"\/wp-content\/themes\/mizkan\/images\/chef-icon-2.png\" alt=\"Challenging\" class=\"chef-icon\"><\/p>\n\t\t\t\t<p class=\"chef-time\"><strong>30 minutos<\/strong><\/p>\n                <div class=\"clear\"><\/div>\n\t\t\t\t<p><a href=\"https:\/\/www.mizkanchef.com\/pt-pt\/receitas-dos-chefes\/osechi-ryori-datemaki\/\" class=\"green-button animated\"> Ver receita<\/a><\/p>\n                <\/div>\n\t\t\t<\/div>\n\t\t\t\t\t\t\t\t<div class='col-sm-4 search-filter-result-item rplist-3 the-recipe-listing'>\n                <div class=\"recipe-container\">\n\t\t\t\t<div class=\"recipe-listing-image\">\n\t\t\t\t<a href=\"https:\/\/www.mizkanchef.com\/pt-pt\/receitas-dos-chefes\/osechi-ryori-tazukuri-sardinhas-cristalizadas\/\"><img decoding=\"async\" width=\"720\" height=\"620\" src=\"https:\/\/www.mizkanchef.com\/wp-content\/uploads\/2020\/12\/mix1-recipe-720x620.jpg\" class=\"img-responsive wp-post-image\" alt=\"\" \/><\/a>                <\/div>\n\t\t\t\t                <div class=\"recipe-listing-overlay\">\n\t\t\t\t<a href=\"https:\/\/www.mizkanchef.com\/pt-pt\/receitas-dos-chefes\/osechi-ryori-tazukuri-sardinhas-cristalizadas\/\"><img decoding=\"async\" src=\"\/wp-content\/themes\/mizkan\/images\/new-recipe-pt-pt.png\" width=\"720\" height=\"520\" alt=\"New\" class=\"img-responsive\"><\/a>\n                <\/div>\n\t\t\t\t                <\/div>\n\t\t\t\t<h2><a href=\"https:\/\/www.mizkanchef.com\/pt-pt\/receitas-dos-chefes\/osechi-ryori-tazukuri-sardinhas-cristalizadas\/\">Osechi Ryori - Tazukuri<\/a><\/h2>\n                <div class=\"recipe-padding\">\n\t\t\t\t<p>Tradicionalmente comido como parte de &#8216;Osechi ryori&#8217;, experimente a nossa receita de Tazukuri para fazer o seu pr\u00f3prio prato saboroso de sardinhas cristalizadas tostadas at\u00e9 ficarem crocantes e acabadas num glac\u00ea de soja, a\u00e7\u00facar, mel e Honteri.<\/p>\n\t\t\t\t                                                                <p class=\"chef-icons\"><img decoding=\"async\" src=\"\/wp-content\/themes\/mizkan\/images\/chef-icon-1.png\" alt=\"Challenging\" class=\"chef-icon\"><\/p>\n\t\t\t\t<p class=\"chef-time\"><strong>18 minutos<\/strong><\/p>\n                <div class=\"clear\"><\/div>\n\t\t\t\t<p><a href=\"https:\/\/www.mizkanchef.com\/pt-pt\/receitas-dos-chefes\/osechi-ryori-tazukuri-sardinhas-cristalizadas\/\" class=\"green-button animated\"> Ver receita<\/a><\/p>\n                <\/div>\n\t\t\t<\/div>\n\t\t\t\t\t\t<\/div>\n\t<\/div>\n\n\n\n\n\n<\/div>\n","protected":false},"excerpt":{"rendered":"<p>F\u00e1cil M\u00e9dio Desafiante<\/p>\n","protected":false},"author":2,"featured_media":0,"parent":0,"menu_order":0,"comment_status":"closed","ping_status":"closed","template":"recipes.php","meta":{"footnotes":""},"acf":[],"yoast_head":"<!-- This site is optimized with the Yoast SEO plugin v21.9.1 - https:\/\/yoast.com\/wordpress\/plugins\/seo\/ -->\n<title>Receitas dos chefes - Mizkan<\/title>\n<meta name=\"robots\" content=\"index, follow, max-snippet:-1, max-image-preview:large, max-video-preview:-1\" \/>\n<meta property=\"og:locale\" content=\"pt_PT\" \/>\n<meta property=\"og:type\" content=\"article\" \/>\n<meta property=\"og:title\" content=\"Receitas dos chefes - Mizkan\" \/>\n<meta property=\"og:description\" content=\"F\u00e1cil M\u00e9dio Desafiante\" \/>\n<meta property=\"og:url\" content=\"https:\/\/www.mizkanchef.com\/pt-pt\/receitas-dos-chefes\/\" \/>\n<meta property=\"og:site_name\" content=\"Mizkan\" \/>\n<meta property=\"article:modified_time\" content=\"2020-10-27T16:12:59+00:00\" \/>\n<meta name=\"twitter:card\" content=\"summary_large_image\" \/>\n<script type=\"application\/ld+json\" class=\"yoast-schema-graph\">{\"@context\":\"https:\/\/schema.org\",\"@graph\":[{\"@type\":\"WebPage\",\"@id\":\"https:\/\/www.mizkanchef.com\/pt-pt\/receitas-dos-chefes\/\",\"url\":\"https:\/\/www.mizkanchef.com\/pt-pt\/receitas-dos-chefes\/\",\"name\":\"Receitas dos chefes - Mizkan\",\"isPartOf\":{\"@id\":\"https:\/\/www.mizkanchef.com\/pt-pt\/#website\"},\"datePublished\":\"2020-05-28T13:19:20+00:00\",\"dateModified\":\"2020-10-27T16:12:59+00:00\",\"breadcrumb\":{\"@id\":\"https:\/\/www.mizkanchef.com\/pt-pt\/receitas-dos-chefes\/#breadcrumb\"},\"inLanguage\":\"pt-PT\",\"potentialAction\":[{\"@type\":\"ReadAction\",\"target\":[\"https:\/\/www.mizkanchef.com\/pt-pt\/receitas-dos-chefes\/\"]}]},{\"@type\":\"BreadcrumbList\",\"@id\":\"https:\/\/www.mizkanchef.com\/pt-pt\/receitas-dos-chefes\/#breadcrumb\",\"itemListElement\":[{\"@type\":\"ListItem\",\"position\":1,\"name\":\"Home\",\"item\":\"https:\/\/www.mizkanchef.com\/pt-pt\/\"},{\"@type\":\"ListItem\",\"position\":2,\"name\":\"Receitas dos chefes\"}]},{\"@type\":\"WebSite\",\"@id\":\"https:\/\/www.mizkanchef.com\/pt-pt\/#website\",\"url\":\"https:\/\/www.mizkanchef.com\/pt-pt\/\",\"name\":\"Mizkan\",\"description\":\"Mizkan\",\"potentialAction\":[{\"@type\":\"SearchAction\",\"target\":{\"@type\":\"EntryPoint\",\"urlTemplate\":\"https:\/\/www.mizkanchef.com\/pt-pt\/?s={search_term_string}\"},\"query-input\":\"required name=search_term_string\"}],\"inLanguage\":\"pt-PT\"}]}<\/script>\n<!-- \/ Yoast SEO plugin. -->","yoast_head_json":{"title":"Receitas dos chefes - Mizkan","robots":{"index":"index","follow":"follow","max-snippet":"max-snippet:-1","max-image-preview":"max-image-preview:large","max-video-preview":"max-video-preview:-1"},"og_locale":"pt_PT","og_type":"article","og_title":"Receitas dos chefes - Mizkan","og_description":"F\u00e1cil M\u00e9dio Desafiante","og_url":"https:\/\/www.mizkanchef.com\/pt-pt\/receitas-dos-chefes\/","og_site_name":"Mizkan","article_modified_time":"2020-10-27T16:12:59+00:00","twitter_card":"summary_large_image","schema":{"@context":"https:\/\/schema.org","@graph":[{"@type":"WebPage","@id":"https:\/\/www.mizkanchef.com\/pt-pt\/receitas-dos-chefes\/","url":"https:\/\/www.mizkanchef.com\/pt-pt\/receitas-dos-chefes\/","name":"Receitas dos chefes - Mizkan","isPartOf":{"@id":"https:\/\/www.mizkanchef.com\/pt-pt\/#website"},"datePublished":"2020-05-28T13:19:20+00:00","dateModified":"2020-10-27T16:12:59+00:00","breadcrumb":{"@id":"https:\/\/www.mizkanchef.com\/pt-pt\/receitas-dos-chefes\/#breadcrumb"},"inLanguage":"pt-PT","potentialAction":[{"@type":"ReadAction","target":["https:\/\/www.mizkanchef.com\/pt-pt\/receitas-dos-chefes\/"]}]},{"@type":"BreadcrumbList","@id":"https:\/\/www.mizkanchef.com\/pt-pt\/receitas-dos-chefes\/#breadcrumb","itemListElement":[{"@type":"ListItem","position":1,"name":"Home","item":"https:\/\/www.mizkanchef.com\/pt-pt\/"},{"@type":"ListItem","position":2,"name":"Receitas dos chefes"}]},{"@type":"WebSite","@id":"https:\/\/www.mizkanchef.com\/pt-pt\/#website","url":"https:\/\/www.mizkanchef.com\/pt-pt\/","name":"Mizkan","description":"Mizkan","potentialAction":[{"@type":"SearchAction","target":{"@type":"EntryPoint","urlTemplate":"https:\/\/www.mizkanchef.com\/pt-pt\/?s={search_term_string}"},"query-input":"required name=search_term_string"}],"inLanguage":"pt-PT"}]}},"_links":{"self":[{"href":"https:\/\/www.mizkanchef.com\/pt-pt\/wp-json\/wp\/v2\/pages\/582"}],"collection":[{"href":"https:\/\/www.mizkanchef.com\/pt-pt\/wp-json\/wp\/v2\/pages"}],"about":[{"href":"https:\/\/www.mizkanchef.com\/pt-pt\/wp-json\/wp\/v2\/types\/page"}],"author":[{"embeddable":true,"href":"https:\/\/www.mizkanchef.com\/pt-pt\/wp-json\/wp\/v2\/users\/2"}],"replies":[{"embeddable":true,"href":"https:\/\/www.mizkanchef.com\/pt-pt\/wp-json\/wp\/v2\/comments?post=582"}],"version-history":[{"count":0,"href":"https:\/\/www.mizkanchef.com\/pt-pt\/wp-json\/wp\/v2\/pages\/582\/revisions"}],"wp:attachment":[{"href":"https:\/\/www.mizkanchef.com\/pt-pt\/wp-json\/wp\/v2\/media?parent=582"}],"curies":[{"name":"wp","href":"https:\/\/api.w.org\/{rel}","templated":true}]}}