{"id":4651,"date":"2019-05-08T01:38:14","date_gmt":"2019-05-08T01:38:14","guid":{"rendered":"https:\/\/www.mizkanchef.com\/privacy-policy\/"},"modified":"2020-10-29T10:52:56","modified_gmt":"2020-10-29T10:52:56","slug":"politica-de-privacidade","status":"publish","type":"page","link":"https:\/\/www.mizkanchef.com\/pt-pt\/politica-de-privacidade\/","title":{"rendered":"Pol\u00edtica de privacidade"},"content":{"rendered":"<h3>1. Introdu\u00e7\u00e3o<\/h3>\n<p>A Mizkan Euro (&#8220;Mizkan&#8221;)1 \u00e9 um grupo empresarial com sede no Reino Unido que produz, comercializa e distribui produtos alimentares. A empresa opera sob diferentes marcas, tais como, mas n\u00e3o limitada \u00e0 Sarsons, Branston, Haywards, Mizkan e Dufrais.<\/p>\n<p>A Mizkan disp\u00f5e de um s\u00edtio da Internet corporativo designado por www.Mizkan.co.uk e v\u00e1rios s\u00edtios da Internet de marcas de produtos. O s\u00edtio da Internet da empresa cont\u00e9m um link para v\u00e1rios s\u00edtios da Internet de marcas de produtos, tais como;<\/p>\n<p>\u2022 https:\/\/www.sarsons.co.uk\/<br \/>\n\u2022 https:\/\/www.haywardspickles.co.uk\/<br \/>\n\u2022 https:\/\/bringoutthebranston.co.uk\/<br \/>\n\u2022 etc.<\/p>\n<p>Encontrar\u00e1 este Aviso (&#8220;Aviso&#8221;) para consumidores e clientes sobre o tratamento leal e de prote\u00e7\u00e3o de dados e um aviso sobre cookies em cada um destes s\u00edtios. Este aviso destina-se a informar os consumidores e clientes2 (ou seja, \u201cvoc\u00ea\u201d) sobre como n\u00f3s na Mizkan (\u201cn\u00f3s\u201d) tratamos os seus dados pessoais e quais as medidas e processos que implementamos para garantir a sua adequada prote\u00e7\u00e3o.<\/p>\n<p>Adicionalmente, este aviso pode ser-lhe fornecido em formato digital ou em papel, ou podemos indicar a sua localiza\u00e7\u00e3o no nosso s\u00edtio da Intranet, se e quando visitar qualquer uma das nossas localiza\u00e7\u00f5es ou se partilhar connosco os seus dados pessoais em qualquer outro local.<\/p>\n<p>Fornecemos-lhe esta informa\u00e7\u00e3o, conforme exigido pelo Regulamento Geral sobre a Prote\u00e7\u00e3o de Dados 2016\/679 (\u201cRGPD\u201d).<\/p>\n<h3>2. \u00c2mbito do aviso de tratamento leal<\/h3>\n<p>Este Aviso de tratamento leal aplica-se a todos os dados pessoais dos consumidores e clientes da Mizkan tratados pela Mizkan sob qualquer forma ou modo e\/ou atrav\u00e9s de qualquer meio.<\/p>\n<h3>3. Tratamento l\u00edcito<\/h3>\n<p>Iremos tratar os seus dados pessoais apenas:<\/p>\n<p>a. se nos tiver dado o seu consentimento;<br \/>\nb. se o tratamento for necess\u00e1rio para lhe fornecer os nossos produtos ou servi\u00e7os;<br \/>\nc. se o tratamento for necess\u00e1rio para responder a um pedido seu;<br \/>\nd. se o tratamento for necess\u00e1rio para manter a nossa rela\u00e7\u00e3o consigo;<br \/>\ne. se o tratamento for necess\u00e1rio cumprir as nossas obriga\u00e7\u00f5es legais e regulamentares;<br \/>\nf. se o tratamento for necess\u00e1rio para proteger o superior interesse do titular dos dados.<\/p>\n<p>No caso da al\u00ednea (a) acima, pode retirar o seu consentimento em qualquer momento, fazendo um pedido tal como indicado na sec\u00e7\u00e3o 14 abaixo.<\/p>\n<h3>4. Quais os dados pessoais que recolhemos sobre si<\/h3>\n<p>Tratamos os seguintes tipos de dados pessoais sobre si:<\/p>\n<p>a. O seu nome, endere\u00e7o de e-mail, twitter e\/ou Instagram e outras informa\u00e7\u00f5es de contacto;<br \/>\nb. Informa\u00e7\u00f5es sobre as suas prefer\u00eancias relativamente a tipos de eventos ou materiais de marketing;<br \/>\nc. As suas mensagens, coment\u00e1rios ou contribui\u00e7\u00f5es para inqu\u00e9ritos e question\u00e1rios a clientes;<br \/>\nd. Outras comunica\u00e7\u00f5es que nos envie; e<br \/>\ne. Informa\u00e7\u00f5es sobre o seu acesso aos nossos s\u00edtios da Internet (incluindo endere\u00e7o IP).<\/p>\n<p>Poder\u00e1 ser obrigat\u00f3rio que nos forne\u00e7a os seus dados pessoais, para nos permitir gerir os nossos neg\u00f3cios e opera\u00e7\u00f5es, manter a nossa rela\u00e7\u00e3o consigo, fornecer-lhe os nossos produtos ou servi\u00e7os ou cumprir as nossas obriga\u00e7\u00f5es legais e regulamentares. Se n\u00e3o fornecer os seus dados pessoais, poderemos n\u00e3o conseguir manter a nossa rela\u00e7\u00e3o consigo ou fornecer-lhe os nossos produtos ou servi\u00e7os.<\/p>\n<p>Iremos envidar todos os esfor\u00e7os para manter a exatid\u00e3o e integridade dos dados pessoais que armazenamos sobre si e para garantir que todos os seus dados pessoais est\u00e3o atualizados. No entanto, pode ajudar-nos consideravelmente, contactando-nos rapidamente caso existam quaisquer altera\u00e7\u00f5es nos seus dados pessoais ou se tomar conhecimento de que temos dados pessoais incorretos sobre si (consultar a sec\u00e7\u00e3o 11 abaixo). N\u00e3o nos responsabilizamos por quaisquer perdas resultantes de quaisquer dados pessoais incorretos, falsos, inexatos ou incompletos que nos forne\u00e7a.<\/p>\n<h3>5. Como recolhemos dados pessoais<\/h3>\n<p>De um modo geral, recolhemos os seus dados pessoais a partir das informa\u00e7\u00f5es que nos envia durante a sua rela\u00e7\u00e3o connosco. Isto ser\u00e1 tipicamente realizado atrav\u00e9s do seguinte;<\/p>\n<p>\u2022 E-mails e outra correspond\u00eancia que nos envie<br \/>\n\u2022 Os formul\u00e1rios e documentos utilizados quando se inscreve nas nossas listas de not\u00edcias de marketing ou de dados de mercado<br \/>\n\u2022 As informa\u00e7\u00f5es de inscri\u00e7\u00e3o que utiliza para aceder a qualquer um dos nossos produtos ou servi\u00e7os<br \/>\n\u2022 As informa\u00e7\u00f5es que, enquanto cliente, nos fornece enquanto fornecedor para que lhe possamos enviar e faturar os produtos e para que o possamos contactar relativamente a encomendas e\/ou quest\u00f5es<br \/>\n\u2022 Os formul\u00e1rios que lhe pedimos que preencha quando visita um dos nossos locais de produ\u00e7\u00e3o e ou escrit\u00f3rios<\/p>\n<h3>6. Como utilizamos os dados pessoais<\/h3>\n<p>Iremos tratar os seus dados pessoais em associa\u00e7\u00e3o com a gest\u00e3o da nossa rela\u00e7\u00e3o consigo e com o fornecimento dos nossos produtos e servi\u00e7os de acordo com os seguintes objetivos:<\/p>\n<p>a. fornecer-lhe os produtos ou servi\u00e7os pedidos;<br \/>\nb. fornecer-lhe materiais promocionais e de marketing sobre os nossos produtos e servi\u00e7os que pensamos que possam ser do seu interesse;<br \/>\nc. monitorizar e avaliar o cumprimento de v\u00e1rias leis e das nossas pol\u00edticas e normas;<br \/>\nd. cumprir as nossas obriga\u00e7\u00f5es e requisitos legais e regulamentares em qualquer parte do mundo, incluindo a apresenta\u00e7\u00e3o de relat\u00f3rios e\/ou a realiza\u00e7\u00e3o de auditorias por organismos regulamentares nacionais e internacionais;<br \/>\ne. realizar verifica\u00e7\u00f5es de branqueamento de capitais, financeiras e de cr\u00e9dito para dete\u00e7\u00e3o e preven\u00e7\u00e3o de fraudes e crimes;<br \/>\nf. objetivos administrativos relacionados com a seguran\u00e7a e acesso aos nossos s\u00edtios da Internet e aplica\u00e7\u00f5es;<br \/>\ng. cumprir ordens do tribunal e exercer e\/ou defender os nossos direitos legais;<br \/>\nh. tratar queixas que apresente ou quaisquer preocupa\u00e7\u00f5es sobre a sua sa\u00fade e\/ou bem estar;<br \/>\ni. quaisquer outros objetivos comerciais leg\u00edtimos;<br \/>\nj. conforme permitido ou exigido por qualquer outra lei ou regulamento aplic\u00e1vel; ou\/e<br \/>\nk. a sua seguran\u00e7a e prote\u00e7\u00e3o enquanto estiver nos nossos escrit\u00f3rios e\/ou locais de produ\u00e7\u00e3o.<\/p>\n<p>Em alguns casos, como por exemplo, um concurso ou sorteio, poder\u00e1 fornecer-nos informa\u00e7\u00f5es espec\u00edficas, tais como uma fotografia que poder\u00e1 conter dados pessoais. Nesses casos espec\u00edficos, iremos sempre inform\u00e1-lo do objetivo para o qual recolhemos a informa\u00e7\u00e3o e durante quanto tempo pretendemos mant\u00ea-la.<\/p>\n<p>Se desejar partilhar dados pessoais connosco sobre assuntos espec\u00edficos, tais como, sa\u00fade, para que possamos tratar de uma quest\u00e3o e\/ou queixa, podemos pedir-lhe o seu consentimento antes de tratarmos esses dados. Se submeter o seu pedido online, poderemos pedir-lhe o seu consentimento online antes de poder submeter a sua pergunta. Se enviar a sua correspond\u00eancia por correio postal, poderemos ter de o contactar primeiro e pedir-lhe o seu consentimento por escrito. Se nos contactar por telefone, poderemos pedir-lhe o seu consentimento durante a chamada telef\u00f3nica e iremos gravar a sua resposta antes de podermos tratar os seus dados pessoais. Nos tr\u00eas casos acima, iremos manter um registo do seu consentimento para podermos tratar esses dados espec\u00edficos.<\/p>\n<p>Note \u201cPROPRIEDADES DE UM FICHEIRO DE COMPUTADOR\u201d&#8221;; Cada ficheiro de fotografia que nos enviar pode conter informa\u00e7\u00f5es adicionais nas suas \u201cPROPRIEDADES\u201d. As fotografias tiradas com um telem\u00f3vel podem indicar nas suas \u201cPROPRIEDADES\u201d as coordenadas GPS do local onde a fotografia foi tirada. Por precau\u00e7\u00e3o, recomendamos-lhe que remova todos os dados adicionais em \u201cPROPRIEDADES\u201d antes de nos enviar uma fotografia.<\/p>\n<h3>7. Cookies<\/h3>\n<p>Nos nossos s\u00edtios da Internet utilizamos duas categorias diferentes de cookies; cookies estritamente necess\u00e1rios e cookies de desempenho. A primeira categoria de cookies \u00e9 utilizada para armazenar um identificador exclusivo que nos permite gerir e identificar de forma exclusiva o utilizador, para que lhe possamos prestar um servi\u00e7o consistente e preciso. A segunda categoria de cookies recolhe informa\u00e7\u00f5es sobre a sua utiliza\u00e7\u00e3o do nosso s\u00edtio da Internet e pode ser utilizada por n\u00f3s para lhe fornecer mais informa\u00e7\u00f5es semelhantes. Para obter mais informa\u00e7\u00f5es sobre como utilizamos os cookies, leia a nossa pol\u00edtica de cookies no nosso s\u00edtio da Internet corporativo.<\/p>\n<h3>8. Transfer\u00eancias internacionais de dados pessoais<\/h3>\n<p>Os seus dados pessoais podem ser transferidos para (incluindo acedidos ou armazenados em) um pa\u00eds ou territ\u00f3rio fora do Espa\u00e7o Econ\u00f3mico Europeu (\u201cEEE\u201d), incluindo pa\u00edses cujas leis possam n\u00e3o proporcionar o mesmo n\u00edvel de prote\u00e7\u00e3o de dados pessoais proporcionado no EEE. Quando partilharmos os seus dados pessoais com as empresas do nosso grupo no Jap\u00e3o, iremos basear-nos na decis\u00e3o da Comiss\u00e3o Europeia, em conformidade com o artigo 45 do RGPD, de que as leis no Jap\u00e3o proporcionam um n\u00edvel adequado de prote\u00e7\u00e3o de dados igual ao do EEE.<\/p>\n<p>Tamb\u00e9m podemos partilhar os seus dados pessoais com outras empresas do grupo e outras partes (indicadas na sec\u00e7\u00e3o 9 abaixo) localizadas em pa\u00edses nos quais as leis n\u00e3o proporcionam o mesmo n\u00edvel de prote\u00e7\u00e3o de dados pessoais que proporcionam os pa\u00edses do EEE. Nesses casos, iremos garantir que quaisquer transfer\u00eancias internacionais sejam sujeitas a salvaguardas apropriadas ou adequadas, conforme exigido pelo RGPD. Pode obter c\u00f3pias dos documentos de salvaguarda relevantes, realizando um pedido tal como definido na sec\u00e7\u00e3o 14 abaixo.<\/p>\n<h3>9. Quando podemos divulgar os seus dados pessoais<\/h3>\n<p>N\u00e3o vendemos e n\u00e3o iremos vender, alugar ou comercializar os seus dados pessoais. Apenas divulgaremos os seus dados pessoais aos seguintes destinat\u00e1rios:<\/p>\n<p>a. empresas do nosso grupo;<\/p>\n<p>b. terceiros que tratam os seus dados pessoais em nosso nome, tais como;<\/p>\n<ul>\n<li>Fornecedores de comunica\u00e7\u00f5es de consumidores e clientes em \u00e1reas, tais como;\n<ul>\n<li>Comunica\u00e7\u00f5es digitais e de redes sociais<\/li>\n<li>Apoio ao cliente<\/li>\n<li>Publicidade<\/li>\n<li>Estudos de mercado<\/li>\n<\/ul>\n<\/li>\n<li>Fornecedores de servi\u00e7os log\u00edsticos<\/li>\n<li>Fornecedores de servi\u00e7os jur\u00eddicos<\/li>\n<li>Fornecedores de servi\u00e7os de apoio inform\u00e1tico em \u00e1reas, tais como;\n<ul>\n<li>Desenvolvimento de s\u00edtios da Internet e gest\u00e3o de s\u00edtios da Internet<\/li>\n<li>Alojamento de s\u00edtios da Internet<\/li>\n<li>Fornecedores de servi\u00e7os gen\u00e9ricos de inform\u00e1tica<\/li>\n<li>Desenvolvimento de aplica\u00e7\u00f5es<\/li>\n<\/ul>\n<\/li>\n<li>Fornecedores de garantias em \u00e1reas, tais como;\n<ul>\n<li>Auditoria externa e interna<\/li>\n<li>Sa\u00fade, seguran\u00e7a, higiene e quest\u00f5es t\u00e9cnicas<\/li>\n<\/ul>\n<\/li>\n<\/ul>\n<p>c. qualquer terceiro a quem cedamos ou transfiramos quaisquer dos nossos direitos ou obriga\u00e7\u00f5es;<br \/>\nd. qualquer potencial comprador no caso de vendermos qualquer parte do nosso neg\u00f3cio ou ativos; e\/ou<br \/>\ne. qualquer governo, ag\u00eancia regulamentar, organismo ou tribunal de execu\u00e7\u00e3o ou de interc\u00e2mbio, quando tal nos for exigido pela lei ou regulamento aplic\u00e1vel ou a seu pedido.<\/p>\n<h3>10. Como protegemos os seus dados pessoais<\/h3>\n<p>Estamos empenhados em salvaguardar e proteger os seus dados pessoais e iremos implementar e manter medidas t\u00e9cnicas e organizacionais adequadas para garantir um n\u00edvel de seguran\u00e7a adequado para proteger os seus dados pessoais contra destrui\u00e7\u00e3o, perda, altera\u00e7\u00e3o, divulga\u00e7\u00e3o ou acesso acidentais ou n\u00e3o autorizados.<\/p>\n<h3>11. Os seus direitos em rela\u00e7\u00e3o aos dados pessoais que recolhemos<\/h3>\n<p>Se pretender que deixemos de lhe enviar e-mails, utilize a op\u00e7\u00e3o no final do nosso e-mail, na qual pode pedir para o retirarmos da nossa lista de correio.<br \/>\nSe desejar:<\/p>\n<p>a. atualizar, modificar apagar os seus dados pessoais ou obter uma c\u00f3pia dos dados pessoais que detemos sobre si; ou<br \/>\nb. restringir ou impedir-nos de utilizar quaisquer dos dados pessoais que detemos sobre si,<\/p>\n<p>pode solicit\u00e1-lo, contactando-nos, conforme indicado na sec\u00e7\u00e3o 14 abaixo.<\/p>\n<p>Em qualquer das situa\u00e7\u00f5es referidas acima, podemos pedir-lhe que fa\u00e7a prova da sua identidade, fornecendo-nos uma c\u00f3pia de um meio de identifica\u00e7\u00e3o v\u00e1lido, para que possamos cumprir as nossas obriga\u00e7\u00f5es de seguran\u00e7a e impedir a divulga\u00e7\u00e3o n\u00e3o autorizada de dados.<\/p>\n<h3>12. Durante quanto tempo iremos armazenar os seus dados pessoais<\/h3>\n<p>Iremos manter os seus dados pessoais apenas durante o tempo necess\u00e1rio para cumprir o objetivo para o qual foram recolhidos ou para cumprir os requisitos legais, regulamentares ou de pol\u00edtica interna.<\/p>\n<h3>13. Como atualizamos ou alteramos este aviso de tratamento leal<\/h3>\n<p>Este Aviso n\u00e3o constitui qualquer rela\u00e7\u00e3o contratual entre o cliente e n\u00f3s, e podemos alterar ou atualizar partes deste Aviso de modo a manter a nossa conformidade com a lei e a regulamenta\u00e7\u00e3o aplic\u00e1veis ou na sequ\u00eancia de uma atualiza\u00e7\u00e3o das nossas pr\u00e1ticas internas. Iremos faz\u00ea-lo atualizando este Aviso no nosso s\u00edtio da Internet corporativo do Reino Unido, www.mizkan.co.uk, e em todos os nossos s\u00edtios da Internet de marcas de produtos que est\u00e3o associados a este s\u00edtio da Internet corporativo do Reino Unido.<\/p>\n<p>N\u00e3o ser\u00e1 necessariamente notificado diretamente sobre tal altera\u00e7\u00e3o. Por conseguinte, certifique-se de que verifica regularmente este Aviso para estar totalmente ciente de quaisquer altera\u00e7\u00f5es ou atualiza\u00e7\u00f5es.<\/p>\n<h3>14. Como nos pode contactar<\/h3>\n<p>Se tiver alguma quest\u00e3o sobre o conte\u00fado deste Aviso ou sobre os seus dados pessoais, ou se desejar fazer um pedido em rela\u00e7\u00e3o aos seus dados pessoais, contacte-nos utilizando as informa\u00e7\u00f5es indicadas abaixo:<\/p>\n<p>E-mail: gdpr.coordinator@mizkan.co.uk<\/p>\n<p>Cargo: Coordenador do RGPD, Mizkan Euro, Building 10, Chiswick Park, 566 Chiswick High Road, Londres W4 5XS<\/p>\n<p>Quando realizar o seu pedido, indique o seguinte;<\/p>\n<p>\u2022 O seu nome<br \/>\n\u2022 O seu endere\u00e7o de e-mail (ou endere\u00e7o postal, se nos tiver enviado previamente o seu endere\u00e7o postal)<br \/>\n\u2022 A data do seu pedido<br \/>\n\u2022 A data na qual nos enviou os seus dados pessoais ou uma descri\u00e7\u00e3o da situa\u00e7\u00e3o espec\u00edfica3 na qual nos forneceu os seus dados pessoais<br \/>\n\u2022 A natureza do seu pedido (ou seja, se deseja que corrijamos os seus dados, que apaguemos os seus dados, que lhe enviemos uma c\u00f3pia, etc., etc.)<\/p>\n<h3>15. Como apresentar uma queixa ao regulador<\/h3>\n<p>A prote\u00e7\u00e3o dos seus dados pessoais e da nossa rela\u00e7\u00e3o consigo \u00e9 importante para n\u00f3s. Por conseguinte, se tiver alguma quest\u00e3o ou pensar que viol\u00e1mos os seus direitos de prote\u00e7\u00e3o de dados, contacte o nosso Coordenador do RGPD atrav\u00e9s do e-mail gdpr.coordinator@mizkan.co.uk.<\/p>\n<p>No entanto, se n\u00e3o conseguir obter uma solu\u00e7\u00e3o com o nosso coordenador do RGPD ou se pretender contactar o Regulador da Prote\u00e7\u00e3o de Dados do Reino Unido para apresentar uma queixa, contacte o Gabinete do Comiss\u00e1rio de Informa\u00e7\u00e3o, que pode ser contactado em Wycliffe House, Water Lane, Wilmslow, Cheshire, SK9 5AF.<\/p>\n<p><em>1. Mizkan Euro consiste na Mizkan Euro Ltd., Mizkan Euro Partners Limited e Mizkan Euro Holdings Limited<\/em><br \/>\n<em>2. Um consumidor \u00e9 o utilizador final dos Produtos da Mizkan. Um cliente \u00e9 o retalhista e\/ou distribuidor a quem a Mizkan vende os seus produtos diretamente.<\/em><br \/>\n<em>3. Uma situa\u00e7\u00e3o espec\u00edfica pode ser uma campanha espec\u00edfica, um evento durante o qual distribu\u00edmos amostras, um concurso, etc.<\/em><\/p>\n","protected":false},"excerpt":{"rendered":"<p>1. Introdu\u00e7\u00e3o A Mizkan Euro (&#8220;Mizkan&#8221;)1 \u00e9 um grupo empresarial com sede no Reino Unido que produz, comercializa e distribui produtos alimentares. A empresa opera sob diferentes marcas, tais como, mas n\u00e3o limitada \u00e0 Sarsons, Branston, Haywards, Mizkan e Dufrais. A Mizkan disp\u00f5e de um s\u00edtio da Internet corporativo designado por www.Mizkan.co.uk e v\u00e1rios s\u00edtios [&hellip;]<\/p>\n","protected":false},"author":2,"featured_media":0,"parent":0,"menu_order":0,"comment_status":"closed","ping_status":"open","template":"","meta":{"footnotes":""},"acf":[],"yoast_head":"<!-- This site is optimized with the Yoast SEO plugin v21.9.1 - https:\/\/yoast.com\/wordpress\/plugins\/seo\/ -->\n<title>Pol\u00edtica de privacidade - Mizkan<\/title>\n<meta name=\"robots\" content=\"index, follow, max-snippet:-1, max-image-preview:large, max-video-preview:-1\" \/>\n<meta property=\"og:locale\" content=\"pt_PT\" \/>\n<meta property=\"og:type\" content=\"article\" \/>\n<meta property=\"og:title\" content=\"Pol\u00edtica de privacidade - Mizkan\" \/>\n<meta property=\"og:description\" content=\"1. Introdu\u00e7\u00e3o A Mizkan Euro (&#8220;Mizkan&#8221;)1 \u00e9 um grupo empresarial com sede no Reino Unido que produz, comercializa e distribui produtos alimentares. A empresa opera sob diferentes marcas, tais como, mas n\u00e3o limitada \u00e0 Sarsons, Branston, Haywards, Mizkan e Dufrais. A Mizkan disp\u00f5e de um s\u00edtio da Internet corporativo designado por www.Mizkan.co.uk e v\u00e1rios s\u00edtios [&hellip;]\" \/>\n<meta property=\"og:url\" content=\"https:\/\/www.mizkanchef.com\/pt-pt\/politica-de-privacidade\/\" \/>\n<meta property=\"og:site_name\" content=\"Mizkan\" \/>\n<meta property=\"article:modified_time\" content=\"2020-10-29T10:52:56+00:00\" \/>\n<meta name=\"twitter:card\" content=\"summary_large_image\" \/>\n<meta name=\"twitter:label1\" content=\"Tempo estimado de leitura\" \/>\n\t<meta name=\"twitter:data1\" content=\"12 minutos\" \/>\n<script type=\"application\/ld+json\" class=\"yoast-schema-graph\">{\"@context\":\"https:\/\/schema.org\",\"@graph\":[{\"@type\":\"WebPage\",\"@id\":\"https:\/\/www.mizkanchef.com\/pt-pt\/politica-de-privacidade\/\",\"url\":\"https:\/\/www.mizkanchef.com\/pt-pt\/politica-de-privacidade\/\",\"name\":\"Pol\u00edtica de privacidade - Mizkan\",\"isPartOf\":{\"@id\":\"https:\/\/www.mizkanchef.com\/pt-pt\/#website\"},\"datePublished\":\"2019-05-08T01:38:14+00:00\",\"dateModified\":\"2020-10-29T10:52:56+00:00\",\"breadcrumb\":{\"@id\":\"https:\/\/www.mizkanchef.com\/pt-pt\/politica-de-privacidade\/#breadcrumb\"},\"inLanguage\":\"pt-PT\",\"potentialAction\":[{\"@type\":\"ReadAction\",\"target\":[\"https:\/\/www.mizkanchef.com\/pt-pt\/politica-de-privacidade\/\"]}]},{\"@type\":\"BreadcrumbList\",\"@id\":\"https:\/\/www.mizkanchef.com\/pt-pt\/politica-de-privacidade\/#breadcrumb\",\"itemListElement\":[{\"@type\":\"ListItem\",\"position\":1,\"name\":\"Home\",\"item\":\"https:\/\/www.mizkanchef.com\/pt-pt\/\"},{\"@type\":\"ListItem\",\"position\":2,\"name\":\"Pol\u00edtica de privacidade\"}]},{\"@type\":\"WebSite\",\"@id\":\"https:\/\/www.mizkanchef.com\/pt-pt\/#website\",\"url\":\"https:\/\/www.mizkanchef.com\/pt-pt\/\",\"name\":\"Mizkan\",\"description\":\"Mizkan\",\"potentialAction\":[{\"@type\":\"SearchAction\",\"target\":{\"@type\":\"EntryPoint\",\"urlTemplate\":\"https:\/\/www.mizkanchef.com\/pt-pt\/?s={search_term_string}\"},\"query-input\":\"required name=search_term_string\"}],\"inLanguage\":\"pt-PT\"}]}<\/script>\n<!-- \/ Yoast SEO plugin. -->","yoast_head_json":{"title":"Pol\u00edtica de privacidade - Mizkan","robots":{"index":"index","follow":"follow","max-snippet":"max-snippet:-1","max-image-preview":"max-image-preview:large","max-video-preview":"max-video-preview:-1"},"og_locale":"pt_PT","og_type":"article","og_title":"Pol\u00edtica de privacidade - Mizkan","og_description":"1. Introdu\u00e7\u00e3o A Mizkan Euro (&#8220;Mizkan&#8221;)1 \u00e9 um grupo empresarial com sede no Reino Unido que produz, comercializa e distribui produtos alimentares. A empresa opera sob diferentes marcas, tais como, mas n\u00e3o limitada \u00e0 Sarsons, Branston, Haywards, Mizkan e Dufrais. A Mizkan disp\u00f5e de um s\u00edtio da Internet corporativo designado por www.Mizkan.co.uk e v\u00e1rios s\u00edtios [&hellip;]","og_url":"https:\/\/www.mizkanchef.com\/pt-pt\/politica-de-privacidade\/","og_site_name":"Mizkan","article_modified_time":"2020-10-29T10:52:56+00:00","twitter_card":"summary_large_image","twitter_misc":{"Tempo estimado de leitura":"12 minutos"},"schema":{"@context":"https:\/\/schema.org","@graph":[{"@type":"WebPage","@id":"https:\/\/www.mizkanchef.com\/pt-pt\/politica-de-privacidade\/","url":"https:\/\/www.mizkanchef.com\/pt-pt\/politica-de-privacidade\/","name":"Pol\u00edtica de privacidade - Mizkan","isPartOf":{"@id":"https:\/\/www.mizkanchef.com\/pt-pt\/#website"},"datePublished":"2019-05-08T01:38:14+00:00","dateModified":"2020-10-29T10:52:56+00:00","breadcrumb":{"@id":"https:\/\/www.mizkanchef.com\/pt-pt\/politica-de-privacidade\/#breadcrumb"},"inLanguage":"pt-PT","potentialAction":[{"@type":"ReadAction","target":["https:\/\/www.mizkanchef.com\/pt-pt\/politica-de-privacidade\/"]}]},{"@type":"BreadcrumbList","@id":"https:\/\/www.mizkanchef.com\/pt-pt\/politica-de-privacidade\/#breadcrumb","itemListElement":[{"@type":"ListItem","position":1,"name":"Home","item":"https:\/\/www.mizkanchef.com\/pt-pt\/"},{"@type":"ListItem","position":2,"name":"Pol\u00edtica de privacidade"}]},{"@type":"WebSite","@id":"https:\/\/www.mizkanchef.com\/pt-pt\/#website","url":"https:\/\/www.mizkanchef.com\/pt-pt\/","name":"Mizkan","description":"Mizkan","potentialAction":[{"@type":"SearchAction","target":{"@type":"EntryPoint","urlTemplate":"https:\/\/www.mizkanchef.com\/pt-pt\/?s={search_term_string}"},"query-input":"required name=search_term_string"}],"inLanguage":"pt-PT"}]}},"_links":{"self":[{"href":"https:\/\/www.mizkanchef.com\/pt-pt\/wp-json\/wp\/v2\/pages\/4651"}],"collection":[{"href":"https:\/\/www.mizkanchef.com\/pt-pt\/wp-json\/wp\/v2\/pages"}],"about":[{"href":"https:\/\/www.mizkanchef.com\/pt-pt\/wp-json\/wp\/v2\/types\/page"}],"author":[{"embeddable":true,"href":"https:\/\/www.mizkanchef.com\/pt-pt\/wp-json\/wp\/v2\/users\/2"}],"replies":[{"embeddable":true,"href":"https:\/\/www.mizkanchef.com\/pt-pt\/wp-json\/wp\/v2\/comments?post=4651"}],"version-history":[{"count":0,"href":"https:\/\/www.mizkanchef.com\/pt-pt\/wp-json\/wp\/v2\/pages\/4651\/revisions"}],"wp:attachment":[{"href":"https:\/\/www.mizkanchef.com\/pt-pt\/wp-json\/wp\/v2\/media?parent=4651"}],"curies":[{"name":"wp","href":"https:\/\/api.w.org\/{rel}","templated":true}]}}