{"id":9266,"date":"2022-02-03T14:09:38","date_gmt":"2022-02-03T14:09:38","guid":{"rendered":"https:\/\/www.mizkanchef.com\/?page_id=9266"},"modified":"2022-02-23T16:05:12","modified_gmt":"2022-02-23T16:05:12","slug":"hurtownicy","status":"publish","type":"page","link":"https:\/\/www.mizkanchef.com\/pl\/hurtownicy\/","title":{"rendered":"Hurtownicy"},"content":{"rendered":"<form data-sf-form-id='9259' data-is-rtl='0' data-maintain-state='' data-results-url='https:\/\/www.mizkanchef.com\/pl\/hurtownicy\/' data-ajax-url='https:\/\/www.mizkanchef.com\/pl\/?sfid=9259&amp;sf_action=get_data&amp;sf_data=results' data-ajax-form-url='https:\/\/www.mizkanchef.com\/pl\/?sfid=9259&amp;sf_action=get_data&amp;sf_data=form' data-display-result-method='shortcode' data-use-history-api='1' data-template-loaded='0' data-lang-code='pl' data-ajax='1' data-ajax-data-type='json' data-ajax-links-selector='.pagination a' data-ajax-target='#search-filter-results-9259' data-ajax-pagination-type='infinite_scroll' data-show-scroll-loader='1' data-infinite-scroll-trigger='-100' data-update-ajax-url='1' data-only-results-ajax='1' data-scroll-to-pos='0' data-init-paged='1' data-auto-update='1' action='https:\/\/www.mizkanchef.com\/pl\/hurtownicy\/' method='post' class='searchandfilter' id='search-filter-form-9259' autocomplete='off' data-instance-count='1'><ul><li class=\"sf-field-taxonomy-stocks\" data-sf-field-name=\"_sft_stocks\" data-sf-field-type=\"taxonomy\" data-sf-field-input-type=\"checkbox\"><h4>FILTR PRODUKT\u00d3W<\/h4>\t\t<ul data-operator=\"and\" class=\"\">\n\t\t\t\t\t  <li class=\"sf-level-0 sf-item-351\" data-sf-count=\"6\" data-sf-depth=\"0\"><input  class=\"sf-input-checkbox\" type=\"checkbox\" value=\"ginmai\" name=\"_sft_stocks[]\" id=\"sf-input-c77153df10045b14fbff4d3f3c564f32\"><label class=\"sf-label-checkbox\" for=\"sf-input-c77153df10045b14fbff4d3f3c564f32\">Ginmai<\/label><\/li><li class=\"sf-level-0 sf-item-345\" data-sf-count=\"40\" data-sf-depth=\"0\"><input  class=\"sf-input-checkbox\" type=\"checkbox\" value=\"honteri\" name=\"_sft_stocks[]\" id=\"sf-input-1ffb66526fd3b034a74bec2f8e82c207\"><label class=\"sf-label-checkbox\" for=\"sf-input-1ffb66526fd3b034a74bec2f8e82c207\">Honteri<\/label><\/li><li class=\"sf-level-0 sf-item-347\" data-sf-count=\"23\" data-sf-depth=\"0\"><input  class=\"sf-input-checkbox\" type=\"checkbox\" value=\"js-47\" name=\"_sft_stocks[]\" id=\"sf-input-4e601a824f2d0070c19448f6450570a9\"><label class=\"sf-label-checkbox\" for=\"sf-input-4e601a824f2d0070c19448f6450570a9\">JS-47<\/label><\/li><li class=\"sf-level-0 sf-item-349\" data-sf-count=\"7\" data-sf-depth=\"0\"><input  class=\"sf-input-checkbox\" type=\"checkbox\" value=\"js-alpha\" name=\"_sft_stocks[]\" id=\"sf-input-2f5d21b056e1d6afabe223d3a125771c\"><label class=\"sf-label-checkbox\" for=\"sf-input-2f5d21b056e1d6afabe223d3a125771c\">JS-Alpha<\/label><\/li><li class=\"sf-level-0 sf-item-346\" data-sf-count=\"39\" data-sf-depth=\"0\"><input  class=\"sf-input-checkbox\" type=\"checkbox\" value=\"shiragiku\" name=\"_sft_stocks[]\" id=\"sf-input-51a98ddd77ae7c1ba1dfd776d8e5acd0\"><label class=\"sf-label-checkbox\" for=\"sf-input-51a98ddd77ae7c1ba1dfd776d8e5acd0\">Shiragiku<\/label><\/li><li class=\"sf-level-0 sf-item-350\" data-sf-count=\"31\" data-sf-depth=\"0\"><input  class=\"sf-input-checkbox\" type=\"checkbox\" value=\"suehiro\" name=\"_sft_stocks[]\" id=\"sf-input-87d34c2cdfc1aa5a2ac5c3d8e6066f90\"><label class=\"sf-label-checkbox\" for=\"sf-input-87d34c2cdfc1aa5a2ac5c3d8e6066f90\">Suehiro<\/label><\/li><li class=\"sf-level-0 sf-item-348\" data-sf-count=\"5\" data-sf-depth=\"0\"><input  class=\"sf-input-checkbox\" type=\"checkbox\" value=\"yumai\" name=\"_sft_stocks[]\" id=\"sf-input-3ace1402c698e241d0ff48454f09a94e\"><label class=\"sf-label-checkbox\" for=\"sf-input-3ace1402c698e241d0ff48454f09a94e\">Yumai<\/label><\/li><li class=\"sf-level-0 sf-item-352\" data-sf-count=\"16\" data-sf-depth=\"0\"><input  class=\"sf-input-checkbox\" type=\"checkbox\" value=\"yuzu-ponzu\" name=\"_sft_stocks[]\" id=\"sf-input-929120dff59aa2524afa6a836f964099\"><label class=\"sf-label-checkbox\" for=\"sf-input-929120dff59aa2524afa6a836f964099\">Yuzu Ponzu<\/label><\/li>\t\t<\/ul>\n\t\t<\/li><\/ul><\/form>\n<div class=\"search-filter-results\" id=\"search-filter-results-9259\">\n\n\t\n\t\n\t<div class='search-filter-results-list'>\n\t<div class=\"row distribution-list\">\n\t            <div class='search-filter-result-item rplist-1 distributionline'>\n\t\t\t<div class='distribution-list-image col-sm-4'>\n\t\t\t\t\n\t\t\t\t<img fetchpriority=\"high\" decoding=\"async\" width=\"425\" height=\"240\" src=\"https:\/\/www.mizkanchef.com\/wp-content\/uploads\/2022\/01\/cominport.jpg\" class=\"img-responsive wp-post-image\" alt=\"\" \/>                \n            <\/div>\n            <div class='distribution-list-text col-sm-5'>\n\t\t\t\t<h3>Cominport<\/h3>\n\t\t\t\t<p>Comport jest importerem wysokiej jako\u015bci produkt\u00f3w specjalistycznych z Azji i Japonii z ponad 25-letnim do\u015bwiadczeniem. Wykwalifikowany zesp\u00f3\u0142 Cominport wspiera Ci\u0119 w j\u0119zyku angielskim, polskim i hiszpa\u0144skim.<\/p>\n<p><strong>Adres:<\/strong><br \/>\nCominport Sp. z o . o . ul. Raszy\u0144ska 13 05-500 Piaseczno<br \/>\n<strong>Tel:<\/strong> +48 22 726 71 98&#8243;<\/p>\n\t\t\t\t<p><a href=\"https:\/\/cominport.pl\/\" class=\"green-button animated\">Odwied\u017a stron\u0119<\/a><\/p>\n\t\t\t<\/div>\n\t\t\t\t<div class=\"col-sm-3\">\n\t\t\t\t\t<h3>Produkty<\/h3>\n\t\t\t\t\t<p>Shiragiku<br \/>\nSuehiro<br \/>\nHonteri<\/p>\n\t\t\t\t<\/div>\n            <div class=\"clear\"><\/div>\n            <\/div>\n            \n\t\t\t\t\t            <div class='search-filter-result-item rplist-2 distributionline'>\n\t\t\t<div class='distribution-list-image col-sm-4'>\n\t\t\t\t\n\t\t\t\t<img decoding=\"async\" width=\"425\" height=\"228\" src=\"https:\/\/www.mizkanchef.com\/wp-content\/uploads\/2022\/01\/kuchnie-swiata.jpg\" class=\"img-responsive wp-post-image\" alt=\"\" \/>                \n            <\/div>\n            <div class='distribution-list-text col-sm-5'>\n\t\t\t\t<h3>Kuchnie Swiata sa (Poland)<\/h3>\n\t\t\t\t<p>Kuchnie \u015awiata S.A. to importer i dystrybutor produkt\u00f3w spo\u017cywczych na rynek polski, specjalizuj\u0105cy si\u0119 w kuchni japo\u0144skiej i azjatyckiej.<\/p>\n<p><strong>Adres:<\/strong><br \/>\nKuchnie \u015awiata S.A., ul. S\u0142odowiec 10\/10, 01-708 Warszawa, woj. mazowieckie<br \/>\n<strong>Tel:<\/strong> +48 22 785-95-20<\/p>\n\t\t\t\t<p><a href=\"https:\/\/www.kuchnieswiata.com.pl\/\" class=\"green-button animated\">Odwied\u017a stron\u0119<\/a><\/p>\n\t\t\t<\/div>\n\t\t\t\t<div class=\"col-sm-3\">\n\t\t\t\t\t<h3>Produkty<\/h3>\n\t\t\t\t\t<p>Shiragiku<br \/>\nSuehiro<br \/>\nHonteri<br \/>\nGinmai<\/p>\n\t\t\t\t<\/div>\n            <div class=\"clear\"><\/div>\n            <\/div>\n            \n\t\t\t\t\t\t<\/div>\n\t<\/div>\n\n\n\n\n\n<\/div>\n","protected":false},"excerpt":{"rendered":"","protected":false},"author":2,"featured_media":0,"parent":0,"menu_order":0,"comment_status":"closed","ping_status":"closed","template":"","meta":{"footnotes":""},"acf":[],"yoast_head":"<!-- This site is optimized with the Yoast SEO plugin v21.9.1 - https:\/\/yoast.com\/wordpress\/plugins\/seo\/ -->\n<title>Hurtownicy - Mizkan Chef<\/title>\n<meta name=\"robots\" content=\"index, follow, max-snippet:-1, max-image-preview:large, max-video-preview:-1\" \/>\n<meta property=\"og:locale\" content=\"pl_PL\" \/>\n<meta property=\"og:type\" content=\"article\" \/>\n<meta property=\"og:title\" content=\"Hurtownicy - Mizkan Chef\" \/>\n<meta property=\"og:url\" content=\"https:\/\/www.mizkanchef.com\/pl\/hurtownicy\/\" \/>\n<meta property=\"og:site_name\" content=\"Mizkan\" \/>\n<meta property=\"article:modified_time\" content=\"2022-02-23T16:05:12+00:00\" \/>\n<meta name=\"twitter:card\" content=\"summary_large_image\" \/>\n<script type=\"application\/ld+json\" class=\"yoast-schema-graph\">{\"@context\":\"https:\/\/schema.org\",\"@graph\":[{\"@type\":\"WebPage\",\"@id\":\"https:\/\/www.mizkanchef.com\/pl\/hurtownicy\/\",\"url\":\"https:\/\/www.mizkanchef.com\/pl\/hurtownicy\/\",\"name\":\"Hurtownicy - Mizkan Chef\",\"isPartOf\":{\"@id\":\"https:\/\/www.mizkanchef.com\/pl\/#website\"},\"datePublished\":\"2022-02-03T14:09:38+00:00\",\"dateModified\":\"2022-02-23T16:05:12+00:00\",\"breadcrumb\":{\"@id\":\"https:\/\/www.mizkanchef.com\/pl\/hurtownicy\/#breadcrumb\"},\"inLanguage\":\"pl-PL\",\"potentialAction\":[{\"@type\":\"ReadAction\",\"target\":[\"https:\/\/www.mizkanchef.com\/pl\/hurtownicy\/\"]}]},{\"@type\":\"BreadcrumbList\",\"@id\":\"https:\/\/www.mizkanchef.com\/pl\/hurtownicy\/#breadcrumb\",\"itemListElement\":[{\"@type\":\"ListItem\",\"position\":1,\"name\":\"Home\",\"item\":\"https:\/\/www.mizkanchef.com\/pl\/\"},{\"@type\":\"ListItem\",\"position\":2,\"name\":\"Hurtownicy\"}]},{\"@type\":\"WebSite\",\"@id\":\"https:\/\/www.mizkanchef.com\/pl\/#website\",\"url\":\"https:\/\/www.mizkanchef.com\/pl\/\",\"name\":\"Mizkan\",\"description\":\"Mizkan\",\"potentialAction\":[{\"@type\":\"SearchAction\",\"target\":{\"@type\":\"EntryPoint\",\"urlTemplate\":\"https:\/\/www.mizkanchef.com\/pl\/?s={search_term_string}\"},\"query-input\":\"required name=search_term_string\"}],\"inLanguage\":\"pl-PL\"}]}<\/script>\n<!-- \/ Yoast SEO plugin. -->","yoast_head_json":{"title":"Hurtownicy - Mizkan Chef","robots":{"index":"index","follow":"follow","max-snippet":"max-snippet:-1","max-image-preview":"max-image-preview:large","max-video-preview":"max-video-preview:-1"},"og_locale":"pl_PL","og_type":"article","og_title":"Hurtownicy - Mizkan Chef","og_url":"https:\/\/www.mizkanchef.com\/pl\/hurtownicy\/","og_site_name":"Mizkan","article_modified_time":"2022-02-23T16:05:12+00:00","twitter_card":"summary_large_image","schema":{"@context":"https:\/\/schema.org","@graph":[{"@type":"WebPage","@id":"https:\/\/www.mizkanchef.com\/pl\/hurtownicy\/","url":"https:\/\/www.mizkanchef.com\/pl\/hurtownicy\/","name":"Hurtownicy - Mizkan Chef","isPartOf":{"@id":"https:\/\/www.mizkanchef.com\/pl\/#website"},"datePublished":"2022-02-03T14:09:38+00:00","dateModified":"2022-02-23T16:05:12+00:00","breadcrumb":{"@id":"https:\/\/www.mizkanchef.com\/pl\/hurtownicy\/#breadcrumb"},"inLanguage":"pl-PL","potentialAction":[{"@type":"ReadAction","target":["https:\/\/www.mizkanchef.com\/pl\/hurtownicy\/"]}]},{"@type":"BreadcrumbList","@id":"https:\/\/www.mizkanchef.com\/pl\/hurtownicy\/#breadcrumb","itemListElement":[{"@type":"ListItem","position":1,"name":"Home","item":"https:\/\/www.mizkanchef.com\/pl\/"},{"@type":"ListItem","position":2,"name":"Hurtownicy"}]},{"@type":"WebSite","@id":"https:\/\/www.mizkanchef.com\/pl\/#website","url":"https:\/\/www.mizkanchef.com\/pl\/","name":"Mizkan","description":"Mizkan","potentialAction":[{"@type":"SearchAction","target":{"@type":"EntryPoint","urlTemplate":"https:\/\/www.mizkanchef.com\/pl\/?s={search_term_string}"},"query-input":"required name=search_term_string"}],"inLanguage":"pl-PL"}]}},"_links":{"self":[{"href":"https:\/\/www.mizkanchef.com\/pl\/wp-json\/wp\/v2\/pages\/9266"}],"collection":[{"href":"https:\/\/www.mizkanchef.com\/pl\/wp-json\/wp\/v2\/pages"}],"about":[{"href":"https:\/\/www.mizkanchef.com\/pl\/wp-json\/wp\/v2\/types\/page"}],"author":[{"embeddable":true,"href":"https:\/\/www.mizkanchef.com\/pl\/wp-json\/wp\/v2\/users\/2"}],"replies":[{"embeddable":true,"href":"https:\/\/www.mizkanchef.com\/pl\/wp-json\/wp\/v2\/comments?post=9266"}],"version-history":[{"count":0,"href":"https:\/\/www.mizkanchef.com\/pl\/wp-json\/wp\/v2\/pages\/9266\/revisions"}],"wp:attachment":[{"href":"https:\/\/www.mizkanchef.com\/pl\/wp-json\/wp\/v2\/media?parent=9266"}],"curies":[{"name":"wp","href":"https:\/\/api.w.org\/{rel}","templated":true}]}}