{"id":601,"date":"2020-05-28T13:20:21","date_gmt":"2020-05-28T13:20:21","guid":{"rendered":"http:\/\/mizkan.wpengine.com\/mizkan-news\/"},"modified":"2020-11-10T14:30:50","modified_gmt":"2020-11-10T14:30:50","slug":"wiadomosci-mizkan","status":"publish","type":"page","link":"https:\/\/www.mizkanchef.com\/pl\/wiadomosci-mizkan\/","title":{"rendered":"Wiadomo\u015bci Mizkan"},"content":{"rendered":"<p><form data-sf-form-id='5212' data-is-rtl='0' data-maintain-state='' data-results-url='https:\/\/www.mizkanchef.com\/pl\/wiadomosci-mizkan\/' data-ajax-url='https:\/\/www.mizkanchef.com\/pl\/?sfid=5212&amp;sf_action=get_data&amp;sf_data=all' data-ajax-form-url='https:\/\/www.mizkanchef.com\/pl\/?sfid=5212&amp;sf_action=get_data&amp;sf_data=form' data-display-result-method='shortcode' data-use-history-api='1' data-template-loaded='0' data-lang-code='pl' data-ajax='1' data-ajax-data-type='json' data-ajax-links-selector='.pagination a' data-ajax-target='#search-filter-results-5212' data-ajax-pagination-type='infinite_scroll' data-show-scroll-loader='1' data-infinite-scroll-trigger='-100' data-update-ajax-url='1' data-only-results-ajax='1' data-scroll-to-pos='0' data-init-paged='1' data-auto-update='1' data-auto-count='1' data-auto-count-refresh-mode='1' action='https:\/\/www.mizkanchef.com\/pl\/wiadomosci-mizkan\/' method='post' class='searchandfilter' id='search-filter-form-5212' autocomplete='off' data-instance-count='1'><ul><li class=\"sf-field-category\" data-sf-field-name=\"_sft_category\" data-sf-field-type=\"category\" data-sf-field-input-type=\"checkbox\"><h4>KATEGORIE<\/h4>\t\t<ul data-operator=\"and\" class=\"\">\n\t\t\t\t\t  <li class=\"sf-level-0 sf-item-242\" data-sf-count=\"0\" data-sf-depth=\"0\"><input  class=\"sf-input-checkbox\" type=\"checkbox\" value=\"kultura-japonska\" name=\"_sft_category[]\" id=\"sf-input-ea8eb75252edb914d559498cc0a66cfa\"><label class=\"sf-label-checkbox\" for=\"sf-input-ea8eb75252edb914d559498cc0a66cfa\">Kultura japo\u0144ska<span class=\"sf-count\">(0)<\/span><\/label><\/li><li class=\"sf-level-0 sf-item-243\" data-sf-count=\"2\" data-sf-depth=\"0\"><input  class=\"sf-input-checkbox\" type=\"checkbox\" value=\"produkty-mizkan\" name=\"_sft_category[]\" id=\"sf-input-706618c5cf8ee0f3ad46e93076c34661\"><label class=\"sf-label-checkbox\" for=\"sf-input-706618c5cf8ee0f3ad46e93076c34661\">Produkty Mizkan<span class=\"sf-count\">(2)<\/span><\/label><\/li><li class=\"sf-level-0 sf-item-245\" data-sf-count=\"2\" data-sf-depth=\"0\"><input  class=\"sf-input-checkbox\" type=\"checkbox\" value=\"przepisy\" name=\"_sft_category[]\" id=\"sf-input-05e362452b011581e8daab47c7ec7b9f\"><label class=\"sf-label-checkbox\" for=\"sf-input-05e362452b011581e8daab47c7ec7b9f\">Przepisy<span class=\"sf-count\">(2)<\/span><\/label><\/li><li class=\"sf-level-0 sf-item-244\" data-sf-count=\"3\" data-sf-depth=\"0\"><input  class=\"sf-input-checkbox\" type=\"checkbox\" value=\"wiadomosci-mizkan\" name=\"_sft_category[]\" id=\"sf-input-24ad6c74039c0d69b945842d5dbd1094\"><label class=\"sf-label-checkbox\" for=\"sf-input-24ad6c74039c0d69b945842d5dbd1094\">Wiadomo\u015bci Mizkan<span class=\"sf-count\">(3)<\/span><\/label><\/li><li class=\"sf-level-0 sf-item-241\" data-sf-count=\"3\" data-sf-depth=\"0\"><input  class=\"sf-input-checkbox\" type=\"checkbox\" value=\"wiadomosci-ze-swiata-szefow-kuchni\" name=\"_sft_category[]\" id=\"sf-input-28de86fd2f568cd477f8fd7b50d23f09\"><label class=\"sf-label-checkbox\" for=\"sf-input-28de86fd2f568cd477f8fd7b50d23f09\">Wiadomo\u015bci ze \u015bwiata szef\u00f3w kuchni<span class=\"sf-count\">(3)<\/span><\/label><\/li>\t\t<\/ul>\n\t\t<\/li><\/ul><\/form><br \/>\n<div class=\"search-filter-results\" id=\"search-filter-results-5212\">\n\n\t\n\t\n\t<div class='search-filter-results-list'>\n\t<div class=\"row chefs-news\">\n\t            <div class='search-filter-result-item rplist-1 chef-news-list'>\n\t\t\t<div class='news-list-img'>\n\t\t\t\t\n\t\t\t\t<a href=\"https:\/\/www.mizkanchef.com\/pl\/2020\/11\/chefs-in-conversation-obejrzyj-nasz-nowy-inspirujacy-serial-juz-teraz\/\"><img fetchpriority=\"high\" decoding=\"async\" width=\"1238\" height=\"736\" src=\"https:\/\/www.mizkanchef.com\/wp-content\/uploads\/2020\/11\/Rich-Ron-3.jpg\" class=\"img-responsive wp-post-image\" alt=\"\" srcset=\"https:\/\/www.mizkanchef.com\/wp-content\/uploads\/2020\/11\/Rich-Ron-3.jpg 1238w, https:\/\/www.mizkanchef.com\/wp-content\/uploads\/2020\/11\/Rich-Ron-3-1024x609.jpg 1024w, https:\/\/www.mizkanchef.com\/wp-content\/uploads\/2020\/11\/Rich-Ron-3-768x457.jpg 768w\" sizes=\"(max-width: 1238px) 100vw, 1238px\" \/><\/a>                \n            <\/div>\n            <div class='news-list-text'>\n\t\t\t\t<h3>Wiadomo\u015bci Mizkan Wiadomo\u015bci ze \u015bwiata szef\u00f3w kuchni <\/h3>\n\t\t\t\t<h2><a href=\"https:\/\/www.mizkanchef.com\/pl\/2020\/11\/chefs-in-conversation-obejrzyj-nasz-nowy-inspirujacy-serial-juz-teraz\/\">Chefs in Conversation &#8211; obejrzyj nasz nowy, inspiruj\u0105cy serial ju\u017c teraz!<\/a><\/h2>\n\t\t\t\t<p>Dw\u00f3ch innowator\u00f3w, dwie lokalizacje, jeden cel; zainspirowa\u0107 kreatywno\u015b\u0107! Niedawno zaprosili\u015bmy jednego z najbardziej emocjonuj\u0105cych barman\u00f3w w Wielkiej Brytanii do udzia\u0142u w naszym nowym serialu internetowej, Chefs in Conversation, w kt\u00f3rym rzucili\u015bmy mu wyzwanie, aby stworzy\u0142 \u015bwi\u0105teczne koktajle przy u\u017cyciu Honteri <\/p>\n\t\t\t\t<p><a href=\"https:\/\/www.mizkanchef.com\/pl\/2020\/11\/chefs-in-conversation-obejrzyj-nasz-nowy-inspirujacy-serial-juz-teraz\/\" class=\"green-button animated\"> Czytaj wi\u0119cej<\/a><\/p>\n\t\t\t<\/div>\n            <div class=\"clear\"><\/div>\n            <\/div>\n            \n\t\t\t\t\t            <div class='search-filter-result-item rplist-2 chef-news-list'>\n\t\t\t<div class='news-list-img'>\n\t\t\t\t\n\t\t\t\t<a href=\"https:\/\/www.mizkanchef.com\/pl\/2020\/08\/przedstawiamy-wybor-niezbednych-w-twojej-kuchni-artykulow-z-nowej-linii-kitchen-essentials-marki-mizkan\/\"><img decoding=\"async\" width=\"1320\" height=\"736\" src=\"https:\/\/www.mizkanchef.com\/wp-content\/uploads\/2020\/10\/kitchen-news-1320x736.jpg\" class=\"img-responsive wp-post-image\" alt=\"\" srcset=\"https:\/\/www.mizkanchef.com\/wp-content\/uploads\/2020\/10\/kitchen-news.jpg 1320w, https:\/\/www.mizkanchef.com\/wp-content\/uploads\/2020\/10\/kitchen-news-1024x571.jpg 1024w, https:\/\/www.mizkanchef.com\/wp-content\/uploads\/2020\/10\/kitchen-news-768x428.jpg 768w\" sizes=\"(max-width: 1320px) 100vw, 1320px\" \/><\/a>                \n            <\/div>\n            <div class='news-list-text'>\n\t\t\t\t<h3>Produkty Mizkan <\/h3>\n\t\t\t\t<h2><a href=\"https:\/\/www.mizkanchef.com\/pl\/2020\/08\/przedstawiamy-wybor-niezbednych-w-twojej-kuchni-artykulow-z-nowej-linii-kitchen-essentials-marki-mizkan\/\">Przedstawiamy wyb\u00f3r niezb\u0119dnych w Twojej kuchni artyku\u0142\u00f3w z nowej linii Kitchen Essentials marki Mizkan<\/a><\/h2>\n\t\t\t\t<p>3 podstawowe japo\u0144skie sk\u0142adniki do da\u0144 azjatyckich<\/p>\n\t\t\t\t<p><a href=\"https:\/\/www.mizkanchef.com\/pl\/2020\/08\/przedstawiamy-wybor-niezbednych-w-twojej-kuchni-artykulow-z-nowej-linii-kitchen-essentials-marki-mizkan\/\" class=\"green-button animated\"> Czytaj wi\u0119cej<\/a><\/p>\n\t\t\t<\/div>\n            <div class=\"clear\"><\/div>\n            <\/div>\n            \n\t\t\t\t\t            <div class='search-filter-result-item rplist-3 chef-news-list'>\n\t\t\t<div class='news-list-img'>\n\t\t\t\t\n\t\t\t\t<a href=\"https:\/\/www.mizkanchef.com\/pl\/2020\/08\/mizkan-rzucil-wyzwanie-znanemu-szefowi-kuchni-pierre-sangowi-proszac-go-o-przygotowanie-przepisu-na-koreansko-francuskie-danie-z-honteri\/\"><img decoding=\"async\" width=\"1320\" height=\"736\" src=\"https:\/\/www.mizkanchef.com\/wp-content\/uploads\/2020\/09\/news-logo-en-1320x736.jpg\" class=\"img-responsive wp-post-image\" alt=\"\" srcset=\"https:\/\/www.mizkanchef.com\/wp-content\/uploads\/2020\/09\/news-logo-en.jpg 1320w, https:\/\/www.mizkanchef.com\/wp-content\/uploads\/2020\/09\/news-logo-en-1024x571.jpg 1024w, https:\/\/www.mizkanchef.com\/wp-content\/uploads\/2020\/09\/news-logo-en-768x428.jpg 768w\" sizes=\"(max-width: 1320px) 100vw, 1320px\" \/><\/a>                \n            <\/div>\n            <div class='news-list-text'>\n\t\t\t\t<h3>Przepisy Wiadomo\u015bci ze \u015bwiata szef\u00f3w kuchni <\/h3>\n\t\t\t\t<h2><a href=\"https:\/\/www.mizkanchef.com\/pl\/2020\/08\/mizkan-rzucil-wyzwanie-znanemu-szefowi-kuchni-pierre-sangowi-proszac-go-o-przygotowanie-przepisu-na-koreansko-francuskie-danie-z-honteri\/\">Mizkan rzuci\u0142 wyzwanie znanemu szefowi kuchni Pierre Sangowi, prosz\u0105c go o przygotowanie przepisu na korea\u0144sko-francuskie danie z Honteri<\/a><\/h2>\n\t\t\t\t<p>Kiedy rzucili\u015bmy wyzwanie francuskiemu szefowi kuchni, Pierre Sangowi Boyerowi, prosz\u0105c go o przygotowanie przepisu na korea\u0144sko-francuskie danie z Honteri, byli\u015bmy wyra\u017anie podekscytowani, czekaj\u0105c na efekty.<\/p>\n\t\t\t\t<p><a href=\"https:\/\/www.mizkanchef.com\/pl\/2020\/08\/mizkan-rzucil-wyzwanie-znanemu-szefowi-kuchni-pierre-sangowi-proszac-go-o-przygotowanie-przepisu-na-koreansko-francuskie-danie-z-honteri\/\" class=\"green-button animated\"> Czytaj wi\u0119cej<\/a><\/p>\n\t\t\t<\/div>\n            <div class=\"clear\"><\/div>\n            <\/div>\n            \n\t\t\t\t\t\t<\/div>\n\t<\/div>\n\n\n\n\n\n<\/div><\/p>\n","protected":false},"excerpt":{"rendered":"","protected":false},"author":2,"featured_media":0,"parent":0,"menu_order":0,"comment_status":"closed","ping_status":"closed","template":"news.php","meta":{"footnotes":""},"acf":[],"yoast_head":"<!-- This site is optimized with the Yoast SEO plugin v21.9.1 - https:\/\/yoast.com\/wordpress\/plugins\/seo\/ -->\n<title>Wiadomo\u015bci Mizkan - Mizkan<\/title>\n<meta name=\"robots\" content=\"index, follow, max-snippet:-1, max-image-preview:large, max-video-preview:-1\" \/>\n<meta property=\"og:locale\" content=\"pl_PL\" \/>\n<meta property=\"og:type\" content=\"article\" \/>\n<meta property=\"og:title\" content=\"Wiadomo\u015bci Mizkan - Mizkan\" \/>\n<meta property=\"og:url\" content=\"https:\/\/www.mizkanchef.com\/pl\/wiadomosci-mizkan\/\" \/>\n<meta property=\"og:site_name\" content=\"Mizkan\" \/>\n<meta property=\"article:modified_time\" content=\"2020-11-10T14:30:50+00:00\" \/>\n<meta name=\"twitter:card\" content=\"summary_large_image\" \/>\n<script type=\"application\/ld+json\" class=\"yoast-schema-graph\">{\"@context\":\"https:\/\/schema.org\",\"@graph\":[{\"@type\":\"WebPage\",\"@id\":\"https:\/\/www.mizkanchef.com\/pl\/wiadomosci-mizkan\/\",\"url\":\"https:\/\/www.mizkanchef.com\/pl\/wiadomosci-mizkan\/\",\"name\":\"Wiadomo\u015bci Mizkan - Mizkan\",\"isPartOf\":{\"@id\":\"https:\/\/www.mizkanchef.com\/pl\/#website\"},\"datePublished\":\"2020-05-28T13:20:21+00:00\",\"dateModified\":\"2020-11-10T14:30:50+00:00\",\"breadcrumb\":{\"@id\":\"https:\/\/www.mizkanchef.com\/pl\/wiadomosci-mizkan\/#breadcrumb\"},\"inLanguage\":\"pl-PL\",\"potentialAction\":[{\"@type\":\"ReadAction\",\"target\":[\"https:\/\/www.mizkanchef.com\/pl\/wiadomosci-mizkan\/\"]}]},{\"@type\":\"BreadcrumbList\",\"@id\":\"https:\/\/www.mizkanchef.com\/pl\/wiadomosci-mizkan\/#breadcrumb\",\"itemListElement\":[{\"@type\":\"ListItem\",\"position\":1,\"name\":\"Home\",\"item\":\"https:\/\/www.mizkanchef.com\/pl\/\"},{\"@type\":\"ListItem\",\"position\":2,\"name\":\"Wiadomo\u015bci Mizkan\"}]},{\"@type\":\"WebSite\",\"@id\":\"https:\/\/www.mizkanchef.com\/pl\/#website\",\"url\":\"https:\/\/www.mizkanchef.com\/pl\/\",\"name\":\"Mizkan\",\"description\":\"Mizkan\",\"potentialAction\":[{\"@type\":\"SearchAction\",\"target\":{\"@type\":\"EntryPoint\",\"urlTemplate\":\"https:\/\/www.mizkanchef.com\/pl\/?s={search_term_string}\"},\"query-input\":\"required name=search_term_string\"}],\"inLanguage\":\"pl-PL\"}]}<\/script>\n<!-- \/ Yoast SEO plugin. -->","yoast_head_json":{"title":"Wiadomo\u015bci Mizkan - Mizkan","robots":{"index":"index","follow":"follow","max-snippet":"max-snippet:-1","max-image-preview":"max-image-preview:large","max-video-preview":"max-video-preview:-1"},"og_locale":"pl_PL","og_type":"article","og_title":"Wiadomo\u015bci Mizkan - Mizkan","og_url":"https:\/\/www.mizkanchef.com\/pl\/wiadomosci-mizkan\/","og_site_name":"Mizkan","article_modified_time":"2020-11-10T14:30:50+00:00","twitter_card":"summary_large_image","schema":{"@context":"https:\/\/schema.org","@graph":[{"@type":"WebPage","@id":"https:\/\/www.mizkanchef.com\/pl\/wiadomosci-mizkan\/","url":"https:\/\/www.mizkanchef.com\/pl\/wiadomosci-mizkan\/","name":"Wiadomo\u015bci Mizkan - Mizkan","isPartOf":{"@id":"https:\/\/www.mizkanchef.com\/pl\/#website"},"datePublished":"2020-05-28T13:20:21+00:00","dateModified":"2020-11-10T14:30:50+00:00","breadcrumb":{"@id":"https:\/\/www.mizkanchef.com\/pl\/wiadomosci-mizkan\/#breadcrumb"},"inLanguage":"pl-PL","potentialAction":[{"@type":"ReadAction","target":["https:\/\/www.mizkanchef.com\/pl\/wiadomosci-mizkan\/"]}]},{"@type":"BreadcrumbList","@id":"https:\/\/www.mizkanchef.com\/pl\/wiadomosci-mizkan\/#breadcrumb","itemListElement":[{"@type":"ListItem","position":1,"name":"Home","item":"https:\/\/www.mizkanchef.com\/pl\/"},{"@type":"ListItem","position":2,"name":"Wiadomo\u015bci Mizkan"}]},{"@type":"WebSite","@id":"https:\/\/www.mizkanchef.com\/pl\/#website","url":"https:\/\/www.mizkanchef.com\/pl\/","name":"Mizkan","description":"Mizkan","potentialAction":[{"@type":"SearchAction","target":{"@type":"EntryPoint","urlTemplate":"https:\/\/www.mizkanchef.com\/pl\/?s={search_term_string}"},"query-input":"required name=search_term_string"}],"inLanguage":"pl-PL"}]}},"_links":{"self":[{"href":"https:\/\/www.mizkanchef.com\/pl\/wp-json\/wp\/v2\/pages\/601"}],"collection":[{"href":"https:\/\/www.mizkanchef.com\/pl\/wp-json\/wp\/v2\/pages"}],"about":[{"href":"https:\/\/www.mizkanchef.com\/pl\/wp-json\/wp\/v2\/types\/page"}],"author":[{"embeddable":true,"href":"https:\/\/www.mizkanchef.com\/pl\/wp-json\/wp\/v2\/users\/2"}],"replies":[{"embeddable":true,"href":"https:\/\/www.mizkanchef.com\/pl\/wp-json\/wp\/v2\/comments?post=601"}],"version-history":[{"count":0,"href":"https:\/\/www.mizkanchef.com\/pl\/wp-json\/wp\/v2\/pages\/601\/revisions"}],"wp:attachment":[{"href":"https:\/\/www.mizkanchef.com\/pl\/wp-json\/wp\/v2\/media?parent=601"}],"curies":[{"name":"wp","href":"https:\/\/api.w.org\/{rel}","templated":true}]}}