{"id":5972,"date":"2020-10-13T11:03:13","date_gmt":"2020-10-13T11:03:13","guid":{"rendered":"https:\/\/www.mizkanchef.com\/terms-and-conditions\/"},"modified":"2020-12-16T11:57:53","modified_gmt":"2020-12-16T11:57:53","slug":"warunki-i-zasady","status":"publish","type":"page","link":"https:\/\/www.mizkanchef.com\/pl\/warunki-i-zasady\/","title":{"rendered":"Warunki I Zasady"},"content":{"rendered":"<h3>NFORMACJA O NAS<\/h3>\n<p>Niniejsza strona internetowa (\u201estrona\u201d) jest obs\u0142ugiwana przez firm\u0119 Mizkan Euro Limited (zarejestrowan\u0105 w Anglii i Walii pod numerem 8053234 i zarejestrowanym adresem 2nd Floor, Building 10, Chiswick Park, 566 Chiswick High Road, London W4 5XS, Wielka Brytania).<\/p>\n<p>Wszelkie odniesienia do \u201enaszego\u201d, \u201enas\u201d, \u201emy\u201d lub \u201eMizkan\u201d w ramach niniejszych zasad dotycz\u0105 firmy Mizkan Euro Limited, jej sp\u00f3\u0142ek zale\u017cnych, podmiot\u00f3w stowarzyszonych i wsp\u00f3\u0142pracownik\u00f3w.<\/p>\n<h3>WARUNKI KORZYSTANIA Z SERWISU MIZKANCHEF<\/h3>\n<p>Tw\u00f3j dost\u0119p do tej strony i korzystanie z niej podlega nast\u0119puj\u0105cym warunkom, kt\u00f3re uzyskuj\u0105c dost\u0119p do tej strony i przegl\u0105daj\u0105c j\u0105, akceptujesz bez \u017cadnych ogranicze\u0144 ani zastrze\u017ce\u0144. Je\u015bli nie zgadzasz si\u0119 z niniejszymi warunkami u\u017cytkowania, nie mo\u017cesz korzysta\u0107 z naszej strony.<\/p>\n<p>Je\u015bli naruszysz kt\u00f3rykolwiek z tych warunk\u00f3w, Twoje prawo do korzystania z naszej strony natychmiast wygasa.<\/p>\n<h3>ZMIANY NINIEJSZYCH WARUNK\u00d3W<\/h3>\n<p>Mo\u017cemy zmieni\u0107 te warunki u\u017cytkowania w dowolnym momencie, zmieniaj\u0105c t\u0119 \u200b\u200bstron\u0119. Prosimy od czasu do czasu sprawdza\u0107 t\u0119 stron\u0119, aby odnotowa\u0107 wszelkie zmiany, kt\u00f3re mogli\u015bmy wprowadzi\u0107, poniewa\u017c s\u0105 one dla Ciebie wi\u0105\u017c\u0105ce.<\/p>\n<h3>POLITYKA PRYWATNO\u015aCI I PLIK\u00d3W COOKIE<\/h3>\n<p>Odwiedzaj\u0105c t\u0119 \u200b\u200bstron\u0119, zgadzasz si\u0119, \u017ce b\u0119dziemy wykorzystywa\u0107 informacje o Tobie zgodnie z nasz\u0105 Polityk\u0105 prywatno\u015bci i plik\u00f3w cookie. Korzystaj\u0105c z naszej strony, zgadzasz si\u0119 na takie u\u017cycie i gwarantujesz, \u017ce wszystkie podane przez Ciebie informacje s\u0105 dok\u0142adne.<\/p>\n<h3>NASZA STRONA<\/h3>\n<p>Nie gwarantujemy, \u017ce nasza strona lub jakiekolwiek zawarte w niej tre\u015bci b\u0119d\u0105 zawsze dost\u0119pne lub aktualne, ani \u017ce dost\u0119p do niej b\u0119dzie nieprzerwany. Dost\u0119p do naszej strony jest dozwolony tymczasowo. Mo\u017cemy zawiesi\u0107, wycofa\u0107, przerwa\u0107 lub zmieni\u0107 ca\u0142o\u015b\u0107 lub cz\u0119\u015b\u0107 naszej strony bez powiadomienia. Nie b\u0119dziemy wobec Ciebie odpowiedzialni, je\u015bli z jakiegokolwiek powodu nasza strona b\u0119dzie niedost\u0119pna w dowolnym momencie lub przez jaki\u015b czas.<\/p>\n<h3>PRAWA W\u0141ASNO\u015aCI INTELEKTUALNEJ<\/h3>\n<p>Jeste\u015bmy w\u0142a\u015bcicielem lub licencjobiorc\u0105 wszystkich praw w\u0142asno\u015bci intelektualnej do naszej strony oraz do publikowanych na niej materia\u0142\u00f3w, w tym mi\u0119dzy innymi do wszystkich znak\u00f3w towarowych, nazw, logo i praw autorskich. Wszystkie takie prawa s\u0105 zastrze\u017cone. Nic na tej stronie nie powinno by\u0107 traktowane jako udzielenie licencji na korzystanie z kt\u00f3regokolwiek z wy\u017cej wymienionych praw bez naszej wyra\u017anej pisemnej zgody.<\/p>\n<p>Mo\u017cesz czyta\u0107, przegl\u0105da\u0107, drukowa\u0107 i pobiera\u0107 jedn\u0105 wersj\u0119 papierow\u0105 materia\u0142\u00f3w z tej strony wy\u0142\u0105cznie do osobistego, niekomercyjnego u\u017cytku. Nie wolno modyfikowa\u0107 papierowych ani cyfrowych kopii jakichkolwiek materia\u0142\u00f3w, kt\u00f3re wydrukowa\u0142e\u015b lub pobra\u0142e\u015b w jakikolwiek spos\u00f3b.<\/p>\n<p>Poza tymi dozwolonymi celami nie mo\u017cesz, w \u017cadnej formie ani w jakikolwiek spos\u00f3b:<\/p>\n<ul>\n<li>kopiowa\u0107, adaptowa\u0107, reprodukowa\u0107, przechowywa\u0107, rozpowszechnia\u0107, sprzedawa\u0107, przesy\u0142a\u0107, dekompilowa\u0107, drukowa\u0107, wy\u015bwietla\u0107, publikowa\u0107 lub tworzy\u0107 prace pochodne z dowolnej cz\u0119\u015bci naszej strony; lub<\/li>\n<li>wykorzystywa\u0107 dowoln\u0105 cz\u0119\u015b\u0107 zawarto\u015bci naszej strony do cel\u00f3w komercyjnych<\/li>\n<li>bez uzyskania od nas licencji na to.<\/li>\n<\/ul>\n<h3>INNE OGRANICZENIA W U\u017bYTKOWANIU<\/h3>\n<p>Zgadzasz si\u0119, \u017ce nie b\u0119dziesz:<\/p>\n<ul>\n<li>publikowa\u0107 lub przesy\u0142a\u0107 jakichkolwiek niezgodnych z prawem, zawieraj\u0105cych gro\u017aby, znies\u0142awiaj\u0105cych, obscenicznych lub innych nieodpowiednich materia\u0142\u00f3w;<\/li>\n<li>w inny spos\u00f3b korzysta\u0107 z naszej strony w celach niezgodnych z prawem oraz w spos\u00f3b, kt\u00f3ry mo\u017ce narusza\u0107 prawa lub ogranicza\u0107 korzystanie i korzystanie ze strony przez osoby trzecie;<\/li>\n<li>nadu\u017cywa\u0107 naszej strony poprzez \u015bwiadome wprowadzanie wirus\u00f3w, trojan\u00f3w, robak\u00f3w, bomb logicznych lub innych materia\u0142\u00f3w, kt\u00f3re s\u0105 z\u0142o\u015bliwe lub technologicznie szkodliwe;<\/li>\n<li>podejmowa\u0107 pr\u00f3by uzyskania nieautoryzowanego dost\u0119pu do naszej strony, serwera, na kt\u00f3rym jest przechowywana nasza strona lub dowolnego serwera, komputera lub bazy danych po\u0142\u0105czonych z nasz\u0105 stron\u0105;<\/li>\n<li>atakowa\u0107 naszej strony za pomoc\u0105 ataku typu \u201eodmowa us\u0142ugi\u201d lub rozproszonego ataku typu \u201eodmowa us\u0142ugi\u201d.<\/li>\n<\/ul>\n<p>Zg\u0142osimy ka\u017cde takie naruszenie odpowiednim organom \u015bcigania i b\u0119dziemy wsp\u00f3\u0142pracowa\u0107 z tymi organami, ujawniaj\u0105c im Twoj\u0105 to\u017csamo\u015b\u0107.<\/p>\n<h3>BRAK POLEGANIA NA INFORMACJI<\/h3>\n<p>Tre\u015b\u0107 na tej stronie jest dostarczana przez nas wy\u0142\u0105cznie w celach informacyjnych i ma na celu jedynie przedstawienie og\u00f3lnego przegl\u0105du Mizkan. Nie powiniene\u015b polega\u0107 na \u017cadnych informacjach zawartych w tej stronie.<\/p>\n<h3>ZASTRZE\u017bENIE OG\u00d3LNE<\/h3>\n<p>ZAWARTO\u015a\u0106 TEJ STRONY JEST DOSTARCZANA \u201eTAK JAK JEST\u201d I, W ZAKRESIE DOZWOLONYM PRZEZ PRAWO, WY\u0141\u0104CZAMY WSZYSTKIE WARUNKI, GWARANCJE, O\u015aWIADCZENIA LUB INNE WARUNKI, KT\u00d3RE MOG\u0104 MIE\u0106 ZASTOSOWANIE DO NASZEJ STRONY LUB JAKIEJKOLWIEK<\/p>\n<p>TRE\u015a\u0106 NA NIEJ (WYRA\u0179N\u0104 LUB DOROZUMIAN\u0104).<\/p>\n<p>Nie gwarantujemy, \u017ce nasza strona lub jakiekolwiek jej tre\u015bci b\u0119d\u0105 wolne od b\u0142\u0119d\u00f3w lub przeocze\u0144.<\/p>\n<p>NIE PONOSIMY ODPOWIEDZIALNO\u015aCI WOBEC \u017bADNEGO U\u017bYTKOWNIKA ZA JAKIEKOLWIEK STRATY LUB USZKODZENIA, CZYLI ZWI\u0104ZANE Z UMOW\u0104, DELIKTEM (W TYM NIEBEZPIECZE\u0143STWO), NARUSZENIEM C\u0141A USTAWOWEGO LUB W INNY SPOS\u00d3B, NAWET JE\u015aLI MO\u017bLIWE, WYNIKAJ\u0104CE Z LUB W ZWI\u0104ZKU Z KORZYSTANIEM NASZA STRONA LUB KORZYSTANIE LUB OPIERANIE SI\u0118 NA JAKICHKOLWIEK TRE\u015aCIACH WY\u015aWIETLANYCH W NASZEJ STRONIE, W TYM, ALE BEZ OGRANICZE\u0143: (A) UTRATA ZYSK\u00d3W, SPRZEDA\u017bY, DZIA\u0141ALNO\u015aCI LUB DOCHOD\u00d3W; (B) PRZERWANIE DZIA\u0141ALNO\u015aCI; (C) UTRAT\u0118 PRZEWIDYWANYCH OSZCZ\u0118DNO\u015aCI; (D) UTRAT\u0118 MO\u017bLIWO\u015aCI BIZNESOWEJ, WARTO\u015aCI LUB REPUTACJI; LUB (E) JAKICHKOLWIEK PO\u015aREDNICH LUB WT\u00d3RNYCH STRAT LUB USZKODZE\u0143.<\/p>\n<p>\u017badne z postanowie\u0144 niniejszych warunk\u00f3w u\u017cytkowania nie wy\u0142\u0105cza ani nie ogranicza naszej odpowiedzialno\u015bci za \u015bmier\u0107 lub obra\u017cenia cia\u0142a wynikaj\u0105ce z naszego zaniedbania lub oszustwa lub oszuka\u0144czego wprowadzenia w b\u0142\u0105d, ani \u017cadnej innej odpowiedzialno\u015bci, kt\u00f3rej nie mo\u017cna wykluczy\u0107 ani ograniczy\u0107 przez prawo angielskie.<\/p>\n<h3>WIRUSY<\/h3>\n<p>Nie gwarantujemy, \u017ce nasza strona b\u0119dzie bezpieczna lub wolna od b\u0142\u0119d\u00f3w lub wirus\u00f3w.<\/p>\n<p>Jeste\u015b odpowiedzialny za konfiguracj\u0119 technologii informacyjnej, program\u00f3w komputerowych i platformy w celu uzyskania dost\u0119pu do naszej strony. Powiniene\u015b u\u017cywa\u0107 w\u0142asnego oprogramowania antywirusowego. Nie ponosimy odpowiedzialno\u015bci za jakiekolwiek straty lub szkody spowodowane przez wirusa, rozproszony atak typu DoS lub inny technologicznie szkodliwy materia\u0142, kt\u00f3ry mo\u017ce zainfekowa\u0107 Tw\u00f3j sprz\u0119t komputerowy, programy komputerowe, dane lub inne materia\u0142 zastrze\u017cony w zwi\u0105zku z korzystaniem z naszej witryny.<\/p>\n<h3>LINK DO NASZEJ STRONY<\/h3>\n<p>Mo\u017cesz linkowa\u0107 do naszej strony g\u0142\u00f3wnej, pod warunkiem, \u017ce robisz to w spos\u00f3b uczciwy i zgodny z prawem oraz nie szkodzi to naszej reputacji ani nie wykorzystuje jej.<\/p>\n<p>Zabrania si\u0119 umieszczania link\u00f3w w spos\u00f3b sugeruj\u0105cy jak\u0105kolwiek form\u0119 powi\u0105zania, zatwierdzenia lub poparcia z naszej strony, je\u015bli takie \u0142\u0105cze nie istnieje<\/p>\n<h3>LINKI ZEWN\u0118TRZNE NA NASZEJ STRONIE<\/h3>\n<p>Tam, gdzie nasza strona zawiera \u0142\u0105cza do innych witryn internetowych, \u0142\u0105cza te s\u0142u\u017c\u0105 wy\u0142\u0105cznie do cel\u00f3w informacyjnych. Korzystanie z dowolnej po\u0142\u0105czonej strony b\u0119dzie podlega\u0107 warunkom korzystania z tych stron.<br \/>\nNie ponosimy \u017cadnej odpowiedzialno\u015bci za zawarto\u015b\u0107 stron internetowych, do kt\u00f3rych prowadz\u0105 linki na naszej stronie. Takie linki nie powinny by\u0107 interpretowane jako popieranie przez nas tych stron, do kt\u00f3rych prowadz\u0105 linki. Nie ponosimy odpowiedzialno\u015bci za jakiekolwiek straty lub szkody, kt\u00f3re mog\u0105 powsta\u0107 w wyniku korzystania z nich przez u\u017cytkownika.<\/p>\n<h3>OG\u00d3LNE<\/h3>\n<p>Mizkan nie gwarantuje, \u017ce materia\u0142y zawarte na stronie s\u0105 odpowiednie lub dost\u0119pne do wykorzystania poza Wielk\u0105 Brytani\u0105. Ci, kt\u00f3rzy zdecyduj\u0105 si\u0119 uzyska\u0107 dost\u0119p do tej strony internetowej z innych lokalizacji, robi\u0105 to z w\u0142asnej inicjatywy i s\u0105 odpowiedzialni za zgodno\u015b\u0107 z lokalnymi przepisami prawa, je\u015bli i w zakresie, w jakim obowi\u0105zuj\u0105 przepisy lokalne.<\/p>\n<p>Je\u015bli z jakiegokolwiek powodu jakiekolwiek postanowienie niniejszych warunk\u00f3w u\u017cytkowania zostanie uznane za niewa\u017cne lub niewykonalne, w\u00f3wczas w zakresie i tylko w miejscach, w kt\u00f3rych takie postanowienie zostanie uznane za niewa\u017cne lub niewykonalne, zostanie ono zerwane, a pozosta\u0142e postanowienia b\u0119d\u0105 nadal obowi\u0105zywa\u0107 w ca\u0142ej sile i skutku.<\/p>\n<p>Niniejsze warunki u\u017cytkowania podlegaj\u0105 prawu angielskiemu, a s\u0105dy angielskie maj\u0105 wy\u0142\u0105czn\u0105 jurysdykcj\u0119 do rozstrzygania wszelkich spor\u00f3w dotycz\u0105cych niniejszych warunk\u00f3w u\u017cytkowania.<\/p>\n","protected":false},"excerpt":{"rendered":"<p>NFORMACJA O NAS Niniejsza strona internetowa (\u201estrona\u201d) jest obs\u0142ugiwana przez firm\u0119 Mizkan Euro Limited (zarejestrowan\u0105 w Anglii i Walii pod numerem 8053234 i zarejestrowanym adresem 2nd Floor, Building 10, Chiswick Park, 566 Chiswick High Road, London W4 5XS, Wielka Brytania). Wszelkie odniesienia do \u201enaszego\u201d, \u201enas\u201d, \u201emy\u201d lub \u201eMizkan\u201d w ramach niniejszych zasad dotycz\u0105 firmy Mizkan [&hellip;]<\/p>\n","protected":false},"author":2,"featured_media":0,"parent":0,"menu_order":0,"comment_status":"closed","ping_status":"closed","template":"","meta":{"footnotes":""},"acf":[],"yoast_head":"<!-- This site is optimized with the Yoast SEO plugin v21.9.1 - https:\/\/yoast.com\/wordpress\/plugins\/seo\/ -->\n<title>Warunki I Zasady - Mizkan<\/title>\n<meta name=\"robots\" content=\"index, follow, max-snippet:-1, max-image-preview:large, max-video-preview:-1\" \/>\n<meta property=\"og:locale\" content=\"pl_PL\" \/>\n<meta property=\"og:type\" content=\"article\" \/>\n<meta property=\"og:title\" content=\"Warunki I Zasady - Mizkan\" \/>\n<meta property=\"og:description\" content=\"NFORMACJA O NAS Niniejsza strona internetowa (\u201estrona\u201d) jest obs\u0142ugiwana przez firm\u0119 Mizkan Euro Limited (zarejestrowan\u0105 w Anglii i Walii pod numerem 8053234 i zarejestrowanym adresem 2nd Floor, Building 10, Chiswick Park, 566 Chiswick High Road, London W4 5XS, Wielka Brytania). Wszelkie odniesienia do \u201enaszego\u201d, \u201enas\u201d, \u201emy\u201d lub \u201eMizkan\u201d w ramach niniejszych zasad dotycz\u0105 firmy Mizkan [&hellip;]\" \/>\n<meta property=\"og:url\" content=\"https:\/\/www.mizkanchef.com\/pl\/warunki-i-zasady\/\" \/>\n<meta property=\"og:site_name\" content=\"Mizkan\" \/>\n<meta property=\"article:modified_time\" content=\"2020-12-16T11:57:53+00:00\" \/>\n<meta name=\"twitter:card\" content=\"summary_large_image\" \/>\n<meta name=\"twitter:label1\" content=\"Szacowany czas czytania\" \/>\n\t<meta name=\"twitter:data1\" content=\"7 minut\" \/>\n<script type=\"application\/ld+json\" class=\"yoast-schema-graph\">{\"@context\":\"https:\/\/schema.org\",\"@graph\":[{\"@type\":\"WebPage\",\"@id\":\"https:\/\/www.mizkanchef.com\/pl\/warunki-i-zasady\/\",\"url\":\"https:\/\/www.mizkanchef.com\/pl\/warunki-i-zasady\/\",\"name\":\"Warunki I Zasady - Mizkan\",\"isPartOf\":{\"@id\":\"https:\/\/www.mizkanchef.com\/pl\/#website\"},\"datePublished\":\"2020-10-13T11:03:13+00:00\",\"dateModified\":\"2020-12-16T11:57:53+00:00\",\"breadcrumb\":{\"@id\":\"https:\/\/www.mizkanchef.com\/pl\/warunki-i-zasady\/#breadcrumb\"},\"inLanguage\":\"pl-PL\",\"potentialAction\":[{\"@type\":\"ReadAction\",\"target\":[\"https:\/\/www.mizkanchef.com\/pl\/warunki-i-zasady\/\"]}]},{\"@type\":\"BreadcrumbList\",\"@id\":\"https:\/\/www.mizkanchef.com\/pl\/warunki-i-zasady\/#breadcrumb\",\"itemListElement\":[{\"@type\":\"ListItem\",\"position\":1,\"name\":\"Home\",\"item\":\"https:\/\/www.mizkanchef.com\/pl\/\"},{\"@type\":\"ListItem\",\"position\":2,\"name\":\"Warunki I Zasady\"}]},{\"@type\":\"WebSite\",\"@id\":\"https:\/\/www.mizkanchef.com\/pl\/#website\",\"url\":\"https:\/\/www.mizkanchef.com\/pl\/\",\"name\":\"Mizkan\",\"description\":\"Mizkan\",\"potentialAction\":[{\"@type\":\"SearchAction\",\"target\":{\"@type\":\"EntryPoint\",\"urlTemplate\":\"https:\/\/www.mizkanchef.com\/pl\/?s={search_term_string}\"},\"query-input\":\"required name=search_term_string\"}],\"inLanguage\":\"pl-PL\"}]}<\/script>\n<!-- \/ Yoast SEO plugin. -->","yoast_head_json":{"title":"Warunki I Zasady - Mizkan","robots":{"index":"index","follow":"follow","max-snippet":"max-snippet:-1","max-image-preview":"max-image-preview:large","max-video-preview":"max-video-preview:-1"},"og_locale":"pl_PL","og_type":"article","og_title":"Warunki I Zasady - Mizkan","og_description":"NFORMACJA O NAS Niniejsza strona internetowa (\u201estrona\u201d) jest obs\u0142ugiwana przez firm\u0119 Mizkan Euro Limited (zarejestrowan\u0105 w Anglii i Walii pod numerem 8053234 i zarejestrowanym adresem 2nd Floor, Building 10, Chiswick Park, 566 Chiswick High Road, London W4 5XS, Wielka Brytania). Wszelkie odniesienia do \u201enaszego\u201d, \u201enas\u201d, \u201emy\u201d lub \u201eMizkan\u201d w ramach niniejszych zasad dotycz\u0105 firmy Mizkan [&hellip;]","og_url":"https:\/\/www.mizkanchef.com\/pl\/warunki-i-zasady\/","og_site_name":"Mizkan","article_modified_time":"2020-12-16T11:57:53+00:00","twitter_card":"summary_large_image","twitter_misc":{"Szacowany czas czytania":"7 minut"},"schema":{"@context":"https:\/\/schema.org","@graph":[{"@type":"WebPage","@id":"https:\/\/www.mizkanchef.com\/pl\/warunki-i-zasady\/","url":"https:\/\/www.mizkanchef.com\/pl\/warunki-i-zasady\/","name":"Warunki I Zasady - Mizkan","isPartOf":{"@id":"https:\/\/www.mizkanchef.com\/pl\/#website"},"datePublished":"2020-10-13T11:03:13+00:00","dateModified":"2020-12-16T11:57:53+00:00","breadcrumb":{"@id":"https:\/\/www.mizkanchef.com\/pl\/warunki-i-zasady\/#breadcrumb"},"inLanguage":"pl-PL","potentialAction":[{"@type":"ReadAction","target":["https:\/\/www.mizkanchef.com\/pl\/warunki-i-zasady\/"]}]},{"@type":"BreadcrumbList","@id":"https:\/\/www.mizkanchef.com\/pl\/warunki-i-zasady\/#breadcrumb","itemListElement":[{"@type":"ListItem","position":1,"name":"Home","item":"https:\/\/www.mizkanchef.com\/pl\/"},{"@type":"ListItem","position":2,"name":"Warunki I Zasady"}]},{"@type":"WebSite","@id":"https:\/\/www.mizkanchef.com\/pl\/#website","url":"https:\/\/www.mizkanchef.com\/pl\/","name":"Mizkan","description":"Mizkan","potentialAction":[{"@type":"SearchAction","target":{"@type":"EntryPoint","urlTemplate":"https:\/\/www.mizkanchef.com\/pl\/?s={search_term_string}"},"query-input":"required name=search_term_string"}],"inLanguage":"pl-PL"}]}},"_links":{"self":[{"href":"https:\/\/www.mizkanchef.com\/pl\/wp-json\/wp\/v2\/pages\/5972"}],"collection":[{"href":"https:\/\/www.mizkanchef.com\/pl\/wp-json\/wp\/v2\/pages"}],"about":[{"href":"https:\/\/www.mizkanchef.com\/pl\/wp-json\/wp\/v2\/types\/page"}],"author":[{"embeddable":true,"href":"https:\/\/www.mizkanchef.com\/pl\/wp-json\/wp\/v2\/users\/2"}],"replies":[{"embeddable":true,"href":"https:\/\/www.mizkanchef.com\/pl\/wp-json\/wp\/v2\/comments?post=5972"}],"version-history":[{"count":0,"href":"https:\/\/www.mizkanchef.com\/pl\/wp-json\/wp\/v2\/pages\/5972\/revisions"}],"wp:attachment":[{"href":"https:\/\/www.mizkanchef.com\/pl\/wp-json\/wp\/v2\/media?parent=5972"}],"curies":[{"name":"wp","href":"https:\/\/api.w.org\/{rel}","templated":true}]}}