{"id":580,"date":"2020-05-28T13:19:20","date_gmt":"2020-05-28T13:19:20","guid":{"rendered":"http:\/\/mizkan.wpengine.com\/chef-recipes\/"},"modified":"2020-11-10T14:28:51","modified_gmt":"2020-11-10T14:28:51","slug":"przepisy-szefow-kuchni","status":"publish","type":"page","link":"https:\/\/www.mizkanchef.com\/pl\/przepisy-szefow-kuchni\/","title":{"rendered":"Przepisy Szef\u00f3w Kuchni"},"content":{"rendered":"<form data-sf-form-id='5213' data-is-rtl='0' data-maintain-state='' data-results-url='https:\/\/www.mizkanchef.com\/pl\/przepisy-szefow-kuchni\/' data-ajax-url='https:\/\/www.mizkanchef.com\/pl\/?sfid=5213&amp;sf_action=get_data&amp;sf_data=all' data-ajax-form-url='https:\/\/www.mizkanchef.com\/pl\/?sfid=5213&amp;sf_action=get_data&amp;sf_data=form' data-display-result-method='shortcode' data-use-history-api='1' data-template-loaded='0' data-lang-code='pl' data-ajax='1' data-ajax-data-type='json' data-ajax-links-selector='.pagination a' data-ajax-target='#search-filter-results-5213' data-ajax-pagination-type='infinite_scroll' data-show-scroll-loader='1' data-infinite-scroll-trigger='-100' data-update-ajax-url='1' data-only-results-ajax='1' data-scroll-to-pos='0' data-init-paged='1' data-auto-update='1' data-auto-count='1' data-auto-count-refresh-mode='1' action='https:\/\/www.mizkanchef.com\/pl\/przepisy-szefow-kuchni\/' method='post' class='searchandfilter' id='search-filter-form-5213' autocomplete='off' data-instance-count='1'><ul><li class=\"sf-field-taxonomy-cuisines\" data-sf-field-name=\"_sft_cuisines\" data-sf-field-type=\"taxonomy\" data-sf-field-input-type=\"checkbox\">\t\t<ul data-operator=\"and\" class=\"\">\n\t\t\t\t\t  <li class=\"sf-level-0 sf-item-73\" data-sf-count=\"12\" data-sf-depth=\"0\"><input  class=\"sf-input-checkbox\" type=\"checkbox\" value=\"dania-glowne\" name=\"_sft_cuisines[]\" id=\"sf-input-1bd17ae39ed3307d12b16be8d6cb6c27\"><label class=\"sf-label-checkbox\" for=\"sf-input-1bd17ae39ed3307d12b16be8d6cb6c27\">Dania g\u0142\u00f3wne<\/label><\/li><li class=\"sf-level-0 sf-item-246\" data-sf-count=\"2\" data-sf-depth=\"0\"><input  class=\"sf-input-checkbox\" type=\"checkbox\" value=\"desery\" name=\"_sft_cuisines[]\" id=\"sf-input-63bcbe60ce79521b21268e4f30b250a8\"><label class=\"sf-label-checkbox\" for=\"sf-input-63bcbe60ce79521b21268e4f30b250a8\">Desery<\/label><\/li><li class=\"sf-level-0 sf-item-247\" data-sf-count=\"4\" data-sf-depth=\"0\"><input  class=\"sf-input-checkbox\" type=\"checkbox\" value=\"napoje\" name=\"_sft_cuisines[]\" id=\"sf-input-62b6012aff89889de4d3e8edc5f8a1f6\"><label class=\"sf-label-checkbox\" for=\"sf-input-62b6012aff89889de4d3e8edc5f8a1f6\">Napoje<\/label><\/li><li class=\"sf-level-0 sf-item-248\" data-sf-count=\"18\" data-sf-depth=\"0\"><input  class=\"sf-input-checkbox\" type=\"checkbox\" value=\"przystawki-salatki\" name=\"_sft_cuisines[]\" id=\"sf-input-59fbef8fc26496b97c0df6dca8f7eac6\"><label class=\"sf-label-checkbox\" for=\"sf-input-59fbef8fc26496b97c0df6dca8f7eac6\">Przystawki\/sa\u0142atki<\/label><\/li>\t\t<\/ul>\n\t\t<\/li><li class=\"sf-field-taxonomy-dish_types\" data-sf-field-name=\"_sft_dish_types\" data-sf-field-type=\"taxonomy\" data-sf-field-input-type=\"checkbox\">\t\t<ul data-operator=\"and\" class=\"\">\n\t\t\t\t\t  <li class=\"sf-level-0 sf-item-93\" data-sf-count=\"8\" data-sf-depth=\"0\"><input  class=\"sf-input-checkbox\" type=\"checkbox\" value=\"mieso\" name=\"_sft_dish_types[]\" id=\"sf-input-fafb612c183740243fe0368ca0d4f7ae\"><label class=\"sf-label-checkbox\" for=\"sf-input-fafb612c183740243fe0368ca0d4f7ae\">Mi\u0119so<\/label><\/li><li class=\"sf-level-0 sf-item-251\" data-sf-count=\"6\" data-sf-depth=\"0\"><input  class=\"sf-input-checkbox\" type=\"checkbox\" value=\"ryby\" name=\"_sft_dish_types[]\" id=\"sf-input-5ebb1c14faee01a4f3e9d2d0865ffeb0\"><label class=\"sf-label-checkbox\" for=\"sf-input-5ebb1c14faee01a4f3e9d2d0865ffeb0\">Ryby<\/label><\/li><li class=\"sf-level-0 sf-item-252\" data-sf-count=\"9\" data-sf-depth=\"0\"><input  class=\"sf-input-checkbox\" type=\"checkbox\" value=\"wegetarianskie\" name=\"_sft_dish_types[]\" id=\"sf-input-860cd2bfdd71fe650c310c9c3014c575\"><label class=\"sf-label-checkbox\" for=\"sf-input-860cd2bfdd71fe650c310c9c3014c575\">Wegetaria\u0144skie<\/label><\/li>\t\t<\/ul>\n\t\t<\/li><li class=\"sf-field-taxonomy-food_type\" data-sf-field-name=\"_sft_food_type\" data-sf-field-type=\"taxonomy\" data-sf-field-input-type=\"checkbox\">\t\t<ul data-operator=\"and\" class=\"\">\n\t\t\t\t\t  <li class=\"sf-level-0 sf-item-295\" data-sf-count=\"3\" data-sf-depth=\"0\"><input  class=\"sf-input-checkbox\" type=\"checkbox\" value=\"makarony\" name=\"_sft_food_type[]\" id=\"sf-input-d388e7e650d563690ff647d8352f1c54\"><label class=\"sf-label-checkbox\" for=\"sf-input-d388e7e650d563690ff647d8352f1c54\">Makarony<\/label><\/li><li class=\"sf-level-0 sf-item-341\" data-sf-count=\"0\" data-sf-depth=\"0\"><input  class=\"sf-input-checkbox\" type=\"checkbox\" value=\"poke-pl\" name=\"_sft_food_type[]\" id=\"sf-input-e0a551c7117dfb57ac93c5d3b228c89d\"><label class=\"sf-label-checkbox\" for=\"sf-input-e0a551c7117dfb57ac93c5d3b228c89d\">Poke<\/label><\/li><li class=\"sf-level-0 sf-item-304\" data-sf-count=\"11\" data-sf-depth=\"0\"><input  class=\"sf-input-checkbox\" type=\"checkbox\" value=\"sosy\" name=\"_sft_food_type[]\" id=\"sf-input-b17f138dcf56f573a92dd7aefc9cc768\"><label class=\"sf-label-checkbox\" for=\"sf-input-b17f138dcf56f573a92dd7aefc9cc768\">Sosy<\/label><\/li><li class=\"sf-level-0 sf-item-313\" data-sf-count=\"1\" data-sf-depth=\"0\"><input  class=\"sf-input-checkbox\" type=\"checkbox\" value=\"sushi-pl\" name=\"_sft_food_type[]\" id=\"sf-input-6c1115a025b0f28d401ef59721602f15\"><label class=\"sf-label-checkbox\" for=\"sf-input-6c1115a025b0f28d401ef59721602f15\">Sushi<\/label><\/li>\t\t<\/ul>\n\t\t<\/li><li class=\"sf-field-taxonomy-products\" data-sf-field-name=\"_sft_products\" data-sf-field-type=\"taxonomy\" data-sf-field-input-type=\"checkbox\">\t\t<ul data-operator=\"and\" class=\"\">\n\t\t\t\t\t  <li class=\"sf-level-0 sf-item-103\" data-sf-count=\"26\" data-sf-depth=\"0\"><input  class=\"sf-input-checkbox\" type=\"checkbox\" value=\"honteri-pl\" name=\"_sft_products[]\" id=\"sf-input-0264ca487ccd960ba0c049c97abf91ff\"><label class=\"sf-label-checkbox\" for=\"sf-input-0264ca487ccd960ba0c049c97abf91ff\">Honteri<\/label><\/li><li class=\"sf-level-0 sf-item-256\" data-sf-count=\"5\" data-sf-depth=\"0\"><input  class=\"sf-input-checkbox\" type=\"checkbox\" value=\"ocet\" name=\"_sft_products[]\" id=\"sf-input-17fa16f50ebf291b50ae075cf54aa000\"><label class=\"sf-label-checkbox\" for=\"sf-input-17fa16f50ebf291b50ae075cf54aa000\">Ocet<\/label><\/li><li class=\"sf-level-0 sf-item-113\" data-sf-count=\"3\" data-sf-depth=\"0\"><input  class=\"sf-input-checkbox\" type=\"checkbox\" value=\"zaprawa-do-sushi\" name=\"_sft_products[]\" id=\"sf-input-d10d69e5eec6f6450ca453b0d0abe38d\"><label class=\"sf-label-checkbox\" for=\"sf-input-d10d69e5eec6f6450ca453b0d0abe38d\">Zaprawa do sushi<\/label><\/li>\t\t<\/ul>\n\t\t<\/li><li class=\"sf-field-taxonomy-difficulty\" data-sf-field-name=\"_sft_difficulty\" data-sf-field-type=\"taxonomy\" data-sf-field-input-type=\"checkbox\">\t\t<ul data-operator=\"and\" class=\"\">\n\t\t\t\t\t  <li class=\"sf-level-0 sf-item-83\" data-sf-count=\"23\" data-sf-depth=\"0\"><input  class=\"sf-input-checkbox\" type=\"checkbox\" value=\"latwy\" name=\"_sft_difficulty[]\" id=\"sf-input-afe2b784cc319e4d506590b4530e3dc8\"><label class=\"sf-label-checkbox\" for=\"sf-input-afe2b784cc319e4d506590b4530e3dc8\">\u0141atwy<\/label><\/li><li class=\"sf-level-0 sf-item-249\" data-sf-count=\"1\" data-sf-depth=\"0\"><input  class=\"sf-input-checkbox\" type=\"checkbox\" value=\"wymagajacy\" name=\"_sft_difficulty[]\" id=\"sf-input-c0b3b53a40ade47e8b60b254231cc872\"><label class=\"sf-label-checkbox\" for=\"sf-input-c0b3b53a40ade47e8b60b254231cc872\">Wymagaj\u0105cy<\/label><\/li><li class=\"sf-level-0 sf-item-250\" data-sf-count=\"7\" data-sf-depth=\"0\"><input  class=\"sf-input-checkbox\" type=\"checkbox\" value=\"sredni\" name=\"_sft_difficulty[]\" id=\"sf-input-02a3c2380b120bf4346751a0cf1e8bc1\"><label class=\"sf-label-checkbox\" for=\"sf-input-02a3c2380b120bf4346751a0cf1e8bc1\">\u015aredni<\/label><\/li><li class=\"sf-level-0 sf-item-280\" data-sf-count=\"6\" data-sf-depth=\"0\"><input  class=\"sf-input-checkbox\" type=\"checkbox\" value=\"chefs-series-pl\" name=\"_sft_difficulty[]\" id=\"sf-input-9aafb56979834199026ea75d6befce89\"><label class=\"sf-label-checkbox\" for=\"sf-input-9aafb56979834199026ea75d6befce89\">Chef Series<\/label><\/li>\t\t<\/ul>\n\t\t<\/li><\/ul><\/form>\n<div class=\"recipe-key\" style=\"clear: both; padding-top: 30px;\"><img decoding=\"async\" class=\"chef-icon\" src=\"\/wp-content\/themes\/mizkan\/images\/chef-icon-1.png\" alt=\"\u0141atwy\" \/><strong class=\"space\">\u0141atwy<\/strong> <img decoding=\"async\" class=\"chef-icon\" src=\"\/wp-content\/themes\/mizkan\/images\/chef-icon-2.png\" alt=\"\u015aredni\" \/><strong class=\"space\">\u015aredni<\/strong> <img decoding=\"async\" class=\"chef-icon\" src=\"\/wp-content\/themes\/mizkan\/images\/chef-icon-3.png\" alt=\"Wymagaj\u0105cy\" \/><strong>Wymagaj\u0105cy<\/strong><\/div>\n<div class=\"search-filter-results\" id=\"search-filter-results-5213\">\t\n\n\t\n\t<div class='search-filter-results-list'>\n\t<div class=\"row\">\n\t\t\t\t<div class='col-sm-4 search-filter-result-item rplist-1 the-recipe-listing'>\n                <div class=\"recipe-container\">\n\t\t\t\t<div class=\"recipe-listing-image\">\n\t\t\t\t<a href=\"https:\/\/www.mizkanchef.com\/pl\/przepisy-szefow-kuchni\/sos-chimichurri-po-azjatycku-v\/\"><img fetchpriority=\"high\" decoding=\"async\" width=\"720\" height=\"620\" src=\"https:\/\/www.mizkanchef.com\/wp-content\/uploads\/2020\/08\/chimichurri-sauce-720x620.jpg\" class=\"img-responsive wp-post-image\" alt=\"\" \/><\/a>                <\/div>\n\t\t\t\t                <div class=\"recipe-listing-overlay\">\n\t\t\t\t<a href=\"https:\/\/www.mizkanchef.com\/pl\/przepisy-szefow-kuchni\/sos-chimichurri-po-azjatycku-v\/\"><img decoding=\"async\" src=\"\/wp-content\/themes\/mizkan\/images\/new-recipe-pl.png\" width=\"720\" height=\"520\" alt=\"New\" class=\"img-responsive\"><\/a>\n                <\/div>\n\t\t\t\t                <\/div>\n\t\t\t\t<h2><a href=\"https:\/\/www.mizkanchef.com\/pl\/przepisy-szefow-kuchni\/sos-chimichurri-po-azjatycku-v\/\">Sos chimichurri po azjatycku (V)<\/a><\/h2>\n                <div class=\"recipe-padding\">\n\t\t\t\t<p>Nacechowana prostot\u0105 i pe\u0142na aromatu azjatycka wersja argenty\u0144skiego sosu chimichurri.<\/p>\n\t\t\t\t                                                                <p class=\"chef-icons\"><img decoding=\"async\" src=\"\/wp-content\/themes\/mizkan\/images\/chef-icon-1.png\" alt=\"Challenging\" class=\"chef-icon\"><\/p>\n\t\t\t\t<p class=\"chef-time\"><strong>20 minuty<\/strong><\/p>\n                <div class=\"clear\"><\/div>\n\t\t\t\t<p><a href=\"https:\/\/www.mizkanchef.com\/pl\/przepisy-szefow-kuchni\/sos-chimichurri-po-azjatycku-v\/\" class=\"green-button animated\"> Zobacz przepis<\/a><\/p>\n                <\/div>\n\t\t\t<\/div>\n\t\t\t\t\t\t\t\t<div class='col-sm-4 search-filter-result-item rplist-2 the-recipe-listing'>\n                <div class=\"recipe-container\">\n\t\t\t\t<div class=\"recipe-listing-image\">\n\t\t\t\t<a href=\"https:\/\/www.mizkanchef.com\/pl\/przepisy-szefow-kuchni\/osechi-ryori-datemaki\/\"><img decoding=\"async\" width=\"720\" height=\"620\" src=\"https:\/\/www.mizkanchef.com\/wp-content\/uploads\/2020\/12\/mix1-recipe-720x620.jpg\" class=\"img-responsive wp-post-image\" alt=\"\" \/><\/a>                <\/div>\n\t\t\t\t                <div class=\"recipe-listing-overlay\">\n\t\t\t\t<a href=\"https:\/\/www.mizkanchef.com\/pl\/przepisy-szefow-kuchni\/osechi-ryori-datemaki\/\"><img decoding=\"async\" src=\"\/wp-content\/themes\/mizkan\/images\/new-recipe-pl.png\" width=\"720\" height=\"520\" alt=\"New\" class=\"img-responsive\"><\/a>\n                <\/div>\n\t\t\t\t                <\/div>\n\t\t\t\t<h2><a href=\"https:\/\/www.mizkanchef.com\/pl\/przepisy-szefow-kuchni\/osechi-ryori-datemaki\/\">Osechi Ryori - Datemaki<\/a><\/h2>\n                <div class=\"recipe-padding\">\n\t\t\t\t<p>Stw\u00f3rz swoje w\u0142asne pyszne Osechi-ryori lub noworoczne danie, z tym przepisem Datemaki; pikantne k\u0105ski, z dodatkiem jaj i hanpen, japo\u0144skiego ciasta rybnego, z odrobin\u0105 Honteri. Idealne jako smaczna przek\u0105ska na Nowy Rok i nie tylko.<\/p>\n\t\t\t\t                                                                <p class=\"chef-icons\"><img decoding=\"async\" src=\"\/wp-content\/themes\/mizkan\/images\/chef-icon-2.png\" alt=\"Challenging\" class=\"chef-icon\"><\/p>\n\t\t\t\t<p class=\"chef-time\"><strong>30 minut<\/strong><\/p>\n                <div class=\"clear\"><\/div>\n\t\t\t\t<p><a href=\"https:\/\/www.mizkanchef.com\/pl\/przepisy-szefow-kuchni\/osechi-ryori-datemaki\/\" class=\"green-button animated\"> Zobacz przepis<\/a><\/p>\n                <\/div>\n\t\t\t<\/div>\n\t\t\t\t\t\t\t\t<div class='col-sm-4 search-filter-result-item rplist-3 the-recipe-listing'>\n                <div class=\"recipe-container\">\n\t\t\t\t<div class=\"recipe-listing-image\">\n\t\t\t\t<a href=\"https:\/\/www.mizkanchef.com\/pl\/przepisy-szefow-kuchni\/osechi-ryori-tazukuri-kandyzowane-sardynki\/\"><img decoding=\"async\" width=\"720\" height=\"620\" src=\"https:\/\/www.mizkanchef.com\/wp-content\/uploads\/2020\/12\/mix1-recipe-720x620.jpg\" class=\"img-responsive wp-post-image\" alt=\"\" \/><\/a>                <\/div>\n\t\t\t\t                <div class=\"recipe-listing-overlay\">\n\t\t\t\t<a href=\"https:\/\/www.mizkanchef.com\/pl\/przepisy-szefow-kuchni\/osechi-ryori-tazukuri-kandyzowane-sardynki\/\"><img decoding=\"async\" src=\"\/wp-content\/themes\/mizkan\/images\/new-recipe-pl.png\" width=\"720\" height=\"520\" alt=\"New\" class=\"img-responsive\"><\/a>\n                <\/div>\n\t\t\t\t                <\/div>\n\t\t\t\t<h2><a href=\"https:\/\/www.mizkanchef.com\/pl\/przepisy-szefow-kuchni\/osechi-ryori-tazukuri-kandyzowane-sardynki\/\">Osechi Ryori - Tazukuri<\/a><\/h2>\n                <div class=\"recipe-padding\">\n\t\t\t\t<p>Danie tradycyjnie spo\u017cywane w ramach &#8222;Osechi ryori&#8221;; spr\u00f3buj naszego przepisu Tazukuri, aby samodzielnie przyrz\u0105dzi\u0107 pyszne danie z kandyzowanych sardynek, opiekanych do chrupko\u015bci i polanych glazur\u0105 sojow\u0105, cukrow\u0105, miodow\u0105 i Honteri.<\/p>\n\t\t\t\t                                                                <p class=\"chef-icons\"><img decoding=\"async\" src=\"\/wp-content\/themes\/mizkan\/images\/chef-icon-1.png\" alt=\"Challenging\" class=\"chef-icon\"><\/p>\n\t\t\t\t<p class=\"chef-time\"><strong>18 minut<\/strong><\/p>\n                <div class=\"clear\"><\/div>\n\t\t\t\t<p><a href=\"https:\/\/www.mizkanchef.com\/pl\/przepisy-szefow-kuchni\/osechi-ryori-tazukuri-kandyzowane-sardynki\/\" class=\"green-button animated\"> Zobacz przepis<\/a><\/p>\n                <\/div>\n\t\t\t<\/div>\n\t\t\t\t\t\t<\/div>\n\t<\/div>\n\n\n\n\n\n<\/div>\n","protected":false},"excerpt":{"rendered":"<p>\u0141atwy \u015aredni Wymagaj\u0105cy<\/p>\n","protected":false},"author":2,"featured_media":0,"parent":0,"menu_order":0,"comment_status":"closed","ping_status":"closed","template":"recipes.php","meta":{"footnotes":""},"acf":[],"yoast_head":"<!-- This site is optimized with the Yoast SEO plugin v21.9.1 - https:\/\/yoast.com\/wordpress\/plugins\/seo\/ -->\n<title>Przepisy Szef\u00f3w Kuchni - Mizkan<\/title>\n<meta name=\"robots\" content=\"index, follow, max-snippet:-1, max-image-preview:large, max-video-preview:-1\" \/>\n<meta property=\"og:locale\" content=\"pl_PL\" \/>\n<meta property=\"og:type\" content=\"article\" \/>\n<meta property=\"og:title\" content=\"Przepisy Szef\u00f3w Kuchni - Mizkan\" \/>\n<meta property=\"og:description\" content=\"\u0141atwy \u015aredni Wymagaj\u0105cy\" \/>\n<meta property=\"og:url\" content=\"https:\/\/www.mizkanchef.com\/pl\/przepisy-szefow-kuchni\/\" \/>\n<meta property=\"og:site_name\" content=\"Mizkan\" \/>\n<meta property=\"article:modified_time\" content=\"2020-11-10T14:28:51+00:00\" \/>\n<meta name=\"twitter:card\" content=\"summary_large_image\" \/>\n<script type=\"application\/ld+json\" class=\"yoast-schema-graph\">{\"@context\":\"https:\/\/schema.org\",\"@graph\":[{\"@type\":\"WebPage\",\"@id\":\"https:\/\/www.mizkanchef.com\/pl\/przepisy-szefow-kuchni\/\",\"url\":\"https:\/\/www.mizkanchef.com\/pl\/przepisy-szefow-kuchni\/\",\"name\":\"Przepisy Szef\u00f3w Kuchni - Mizkan\",\"isPartOf\":{\"@id\":\"https:\/\/www.mizkanchef.com\/pl\/#website\"},\"datePublished\":\"2020-05-28T13:19:20+00:00\",\"dateModified\":\"2020-11-10T14:28:51+00:00\",\"breadcrumb\":{\"@id\":\"https:\/\/www.mizkanchef.com\/pl\/przepisy-szefow-kuchni\/#breadcrumb\"},\"inLanguage\":\"pl-PL\",\"potentialAction\":[{\"@type\":\"ReadAction\",\"target\":[\"https:\/\/www.mizkanchef.com\/pl\/przepisy-szefow-kuchni\/\"]}]},{\"@type\":\"BreadcrumbList\",\"@id\":\"https:\/\/www.mizkanchef.com\/pl\/przepisy-szefow-kuchni\/#breadcrumb\",\"itemListElement\":[{\"@type\":\"ListItem\",\"position\":1,\"name\":\"Home\",\"item\":\"https:\/\/www.mizkanchef.com\/pl\/\"},{\"@type\":\"ListItem\",\"position\":2,\"name\":\"Przepisy Szef\u00f3w Kuchni\"}]},{\"@type\":\"WebSite\",\"@id\":\"https:\/\/www.mizkanchef.com\/pl\/#website\",\"url\":\"https:\/\/www.mizkanchef.com\/pl\/\",\"name\":\"Mizkan\",\"description\":\"Mizkan\",\"potentialAction\":[{\"@type\":\"SearchAction\",\"target\":{\"@type\":\"EntryPoint\",\"urlTemplate\":\"https:\/\/www.mizkanchef.com\/pl\/?s={search_term_string}\"},\"query-input\":\"required name=search_term_string\"}],\"inLanguage\":\"pl-PL\"}]}<\/script>\n<!-- \/ Yoast SEO plugin. -->","yoast_head_json":{"title":"Przepisy Szef\u00f3w Kuchni - Mizkan","robots":{"index":"index","follow":"follow","max-snippet":"max-snippet:-1","max-image-preview":"max-image-preview:large","max-video-preview":"max-video-preview:-1"},"og_locale":"pl_PL","og_type":"article","og_title":"Przepisy Szef\u00f3w Kuchni - Mizkan","og_description":"\u0141atwy \u015aredni Wymagaj\u0105cy","og_url":"https:\/\/www.mizkanchef.com\/pl\/przepisy-szefow-kuchni\/","og_site_name":"Mizkan","article_modified_time":"2020-11-10T14:28:51+00:00","twitter_card":"summary_large_image","schema":{"@context":"https:\/\/schema.org","@graph":[{"@type":"WebPage","@id":"https:\/\/www.mizkanchef.com\/pl\/przepisy-szefow-kuchni\/","url":"https:\/\/www.mizkanchef.com\/pl\/przepisy-szefow-kuchni\/","name":"Przepisy Szef\u00f3w Kuchni - Mizkan","isPartOf":{"@id":"https:\/\/www.mizkanchef.com\/pl\/#website"},"datePublished":"2020-05-28T13:19:20+00:00","dateModified":"2020-11-10T14:28:51+00:00","breadcrumb":{"@id":"https:\/\/www.mizkanchef.com\/pl\/przepisy-szefow-kuchni\/#breadcrumb"},"inLanguage":"pl-PL","potentialAction":[{"@type":"ReadAction","target":["https:\/\/www.mizkanchef.com\/pl\/przepisy-szefow-kuchni\/"]}]},{"@type":"BreadcrumbList","@id":"https:\/\/www.mizkanchef.com\/pl\/przepisy-szefow-kuchni\/#breadcrumb","itemListElement":[{"@type":"ListItem","position":1,"name":"Home","item":"https:\/\/www.mizkanchef.com\/pl\/"},{"@type":"ListItem","position":2,"name":"Przepisy Szef\u00f3w Kuchni"}]},{"@type":"WebSite","@id":"https:\/\/www.mizkanchef.com\/pl\/#website","url":"https:\/\/www.mizkanchef.com\/pl\/","name":"Mizkan","description":"Mizkan","potentialAction":[{"@type":"SearchAction","target":{"@type":"EntryPoint","urlTemplate":"https:\/\/www.mizkanchef.com\/pl\/?s={search_term_string}"},"query-input":"required name=search_term_string"}],"inLanguage":"pl-PL"}]}},"_links":{"self":[{"href":"https:\/\/www.mizkanchef.com\/pl\/wp-json\/wp\/v2\/pages\/580"}],"collection":[{"href":"https:\/\/www.mizkanchef.com\/pl\/wp-json\/wp\/v2\/pages"}],"about":[{"href":"https:\/\/www.mizkanchef.com\/pl\/wp-json\/wp\/v2\/types\/page"}],"author":[{"embeddable":true,"href":"https:\/\/www.mizkanchef.com\/pl\/wp-json\/wp\/v2\/users\/2"}],"replies":[{"embeddable":true,"href":"https:\/\/www.mizkanchef.com\/pl\/wp-json\/wp\/v2\/comments?post=580"}],"version-history":[{"count":0,"href":"https:\/\/www.mizkanchef.com\/pl\/wp-json\/wp\/v2\/pages\/580\/revisions"}],"wp:attachment":[{"href":"https:\/\/www.mizkanchef.com\/pl\/wp-json\/wp\/v2\/media?parent=580"}],"curies":[{"name":"wp","href":"https:\/\/api.w.org\/{rel}","templated":true}]}}