{"id":5478,"date":"2019-05-08T01:38:14","date_gmt":"2019-05-08T01:38:14","guid":{"rendered":"https:\/\/www.mizkanchef.com\/privacy-policy\/"},"modified":"2020-11-11T15:52:42","modified_gmt":"2020-11-11T15:52:42","slug":"polityka-prywatnosci","status":"publish","type":"page","link":"https:\/\/www.mizkanchef.com\/pl\/polityka-prywatnosci\/","title":{"rendered":"Polityka prywatno\u015bci"},"content":{"rendered":"<h3>1 Wprowadzenie<\/h3>\n<p>Mizkan Euro (&#8222;Mizkan&#8221;)1 to grupa przedsi\u0119biorstw z siedzib\u0105 w Wielkiej Brytanii, kt\u00f3ra zajmuje si\u0119 produkcj\u0105, sprzeda\u017c\u0105 i dystrybucj\u0105 produkt\u00f3w spo\u017cywczych Firma operuje pod r\u00f3\u017cnymi markami, m.in.: Sarsons, Branston, Haywards, Mizkan i Dufrais.<\/p>\n<p>Mizkan prowadzi korporacyjn\u0105 stron\u0119 internetow\u0105 o nazwie www.Mizkan.co.uk oraz szereg internetowych stron marek produkt\u00f3w. Strona korporacyjna zawiera \u0142\u0105cze do wielu witryn z markowymi produktami, takich jak;<\/p>\n<p>\u2022 https:\/\/www.sarsons.co.uk\/<br \/>\n\u2022 https:\/\/www.haywardspickles.co.uk\/<br \/>\n\u2022 https:\/\/bringoutthebranston.co.uk\/<br \/>\n\u2022 itp.<\/p>\n<p>Niniejsze Zawiadomienie (\u201eZawiadomienie\u201d) dla konsument\u00f3w i klient\u00f3w dotycz\u0105ca uczciwego przetwarzania danych osobowych oraz informacje o plikach cookie znajduje si\u0119 na ka\u017cdej z tych witryn. Niniejsze Zawiadomienie ma na celu poinformowanie konsument\u00f3w i klient\u00f3w 2 (tj. \u201eCiebie\u201d) o tym, w jaki spos\u00f3b w firmie Mizkan (\u201eMy\u201d) przetwarzamy Twoje dane osobowe oraz o \u015brodkach i procesach, kt\u00f3re wprowadzili\u015bmy w celu zapewnienia im odpowiedniej ochrony.<\/p>\n<p>Ponadto niniejsze zawiadomienie mo\u017ce zosta\u0107 przekazane w formacie cyfrowym lub papierowym lub mo\u017cemy odnosi\u0107 si\u0119 do jego lokalizacji na naszej stronie intranetowej, je\u015bli odwiedzasz kt\u00f3r\u0105kolwiek z naszych lokalizacji lub je\u015bli udost\u0119pniasz nam swoje dane osobowe w innym miejscu.<\/p>\n<p>Przekazujemy Ci te informacje zgodnie z wymogami og\u00f3lnego Rozporz\u0105dzenia o Ochronie Danych Osobowych 2016\/679 (&#8222;RODO&#8221;).<\/p>\n<h3>2 Zakres Zawiadomienia o rzetelnym przetwarzaniu<\/h3>\n<p>Niniejsza zawiadomienie o rzetelnym przetwarzaniu dotyczy wszystkich danych osobowych Konsument\u00f3w i Klient\u00f3w firmy Mizkan przetwarzanych przez firm\u0119 Mizkan w jakikolwiek spos\u00f3b i\/lub za po\u015brednictwem dowolnego medium.<\/p>\n<h3>3 Przetwarzanie danych zgodne z prawem<\/h3>\n<p>B\u0119dziemy przetwarza\u0107 wy\u0142\u0105cznie twoje dane osobowe:<\/p>\n<p>a. gdzie wyra\u017cono zgod\u0119;<br \/>\nb. gdy przetwarzanie jest niezb\u0119dne do dostarczenia Tobie naszych produkt\u00f3w lub us\u0142ug;<br \/>\nc. gdy przetwarzanie jest niezb\u0119dne, aby odpowiedzie\u0107 na Twoje \u017c\u0105danie;<br \/>\nd. gdy przetwarzanie jest niezb\u0119dne do utrzymania naszej relacji z Tob\u0105;<br \/>\ne. gdy przetwarzanie jest niezb\u0119dne do wype\u0142nienia naszych obowi\u0105zk\u00f3w prawnych i regulacyjnych;<br \/>\nf. gdy przetwarzanie jest niezb\u0119dne do ochrony \u017cywotnych interes\u00f3w osoby, kt\u00f3rej dane dotycz\u0105.<\/p>\n<p>W powy\u017cszym przypadku (a), mo\u017cesz wycofa\u0107 swoj\u0105 zgod\u0119 w dowolnym momencie, sk\u0142adaj\u0105c \u017c\u0105danie okre\u015blone w punkcie 14 poni\u017cej.<\/p>\n<h3>4 Jakie dane osobowe zbierzemy o Tobie?<\/h3>\n<p>Przetwarzamy nast\u0119puj\u0105ce rodzaje Twoich danych osobowych:<\/p>\n<p>a. Twoje imi\u0119 i nazwisko, adres e-mail, obs\u0142ug\u0119 Twittera i\/lub Instagrama oraz inne dane kontaktowe;<br \/>\nb. Szczeg\u00f3\u0142y Twoich preferencji dotycz\u0105cych rodzaj\u00f3w wydarze\u0144 marketingowych lub materia\u0142\u00f3w;<br \/>\nc. Twoje wiadomo\u015bci, opinie lub udzia\u0142 w ankietach i kwestionariuszach klient\u00f3w;<br \/>\nd. Inne wiadomo\u015bci, kt\u00f3re do nas wysy\u0142asz; i<br \/>\ne. Szczeg\u00f3\u0142y dost\u0119pu do naszych stron internetowych (w tym adres IP).<\/p>\n<p>Podanie nam swoich danych osobowych mo\u017ce by\u0107 obowi\u0105zkowe, aby\u015bmy mogli zarz\u0105dza\u0107 nasz\u0105 dzia\u0142alno\u015bci\u0105 i operacjami, utrzymywa\u0107 nasze relacje z Tob\u0105, dostarcza\u0107 Tobie nasze produkty lub us\u0142ugi lub wype\u0142nia\u0107 nasze zobowi\u0105zania prawne i regulacyjne. Je\u015bli nie podasz swoich danych osobowych, mo\u017cemy nie by\u0107 w stanie utrzyma\u0107 z Tob\u0105 relacji lub dostarczy\u0107 Tobie naszych produkt\u00f3w lub us\u0142ug.<\/p>\n<p>Dok\u0142adamy wszelkich stara\u0144, aby zachowa\u0107 dok\u0142adno\u015b\u0107 i kompletno\u015b\u0107 Twoich danych osobowych, kt\u00f3re przechowujemy, oraz zapewni\u0107, \u017ce wszystkie Twoje dane osobowe s\u0105 aktualne. Mo\u017cesz nam jednak w tym znacznie pom\u00f3c, kontaktuj\u0105c si\u0119 z nami niezw\u0142ocznie, je\u015bli nast\u0105pi\u0105 jakiekolwiek zmiany w Twoich danych osobowych lub je\u015bli dowiesz si\u0119, \u017ce posiadamy niedok\u0142adne dane osobowe, kt\u00f3re Ci\u0119 dotycz\u0105 (patrz sekcja 11 poni\u017cej). Nie ponosimy odpowiedzialno\u015bci za jakiekolwiek straty wynikaj\u0105ce z niedok\u0142adnych, nieautentycznych, niepe\u0142nych lub niekompletnych danych osobowych, kt\u00f3re nam przekazujesz.<\/p>\n<h3>5 W jaki spos\u00f3b gromadzimy dane osobowe?<\/h3>\n<p>Zwykle gromadzimy Twoje dane osobowe na podstawie informacji, kt\u00f3re przekazujesz w trakcie relacji z nami. Zwykle odbywa si\u0119 to poprzez:<\/p>\n<p>\u2022 Wysy\u0142asz nam e-maile i inn\u0105 korespondencj\u0119<br \/>\n\u2022 Formularze i dokumenty u\u017cywane podczas rejestracji na naszych listach wiadomo\u015bci marketingowych lub rynkowych<br \/>\n\u2022 Informacje rejestracyjne u\u017cywane do uzyskiwania dost\u0119pu do naszych produkt\u00f3w lub us\u0142ug<br \/>\n\u2022 Informacje, kt\u00f3re jako klient przekazujesz nam jako dostawcy, aby\u015bmy mogli wys\u0142a\u0107 do Ciebie i wystawi\u0107 Tobie rachunek oraz skontaktowa\u0107 si\u0119 z Tob\u0105 w sprawie zam\u00f3wie\u0144 i\/lub problem\u00f3w<br \/>\n\u2022 Formularze, o wype\u0142nienie kt\u00f3rych prosimy Ciebie podczas wizyty w jednym z naszych zak\u0142ad\u00f3w produkcyjnych i\/lub biur<\/p>\n<h3>6 Jak wykorzystujemy dane osobowe?<\/h3>\n<p>Twoje dane osobowe b\u0119dziemy przetwarza\u0107 w zwi\u0105zku z zarz\u0105dzaniem naszymi relacjami z Tob\u0105 oraz dostarczaniem Tobie naszych produkt\u00f3w i us\u0142ug w nast\u0119puj\u0105cych celach:<\/p>\n<p>a. aby dostarczy\u0107 Ci \u017c\u0105dane produkty lub us\u0142ugi;<br \/>\nb. dostarczania materia\u0142\u00f3w promocyjnych i marketingowych dotycz\u0105cych naszych produkt\u00f3w i us\u0142ug, kt\u00f3re naszym zdaniem mog\u0105 Ciebie zainteresowa\u0107;<br \/>\nc. do monitorowania i oceny zgodno\u015bci z r\u00f3\u017cnymi przepisami prawa oraz naszymi zasadami i standardami;<br \/>\nd. do przestrzegania naszych zobowi\u0105za\u0144 i \u017c\u0105da\u0144 prawnych i regulacyjnych w dowolnym miejscu na \u015bwiecie, w tym sk\u0142ada\u0107 sprawozdania i\/lub podlega\u0107 audytowi przez krajowe i mi\u0119dzynarodowe organy regulacyjne;<br \/>\ne. do przeprowadzania kontroli prania pieni\u0119dzy, kontroli finansowych i kredytowych oraz do cel\u00f3w zapobiegania oszustwom i przest\u0119pczo\u015bci oraz ich wykrywania;<br \/>\nf. do cel\u00f3w administracyjnych zwi\u0105zanych z bezpiecze\u0144stwem i dost\u0119pem do naszych stron internetowych i aplikacji;<br \/>\ng. do przestrzegania nakaz\u00f3w s\u0105dowych oraz wykonywa\u0107 i\/lub broni\u0107 naszych praw;<br \/>\nh. aby zaj\u0105\u0107 si\u0119 twoj\u0105 skarg\u0105 lub wszelkimi obawami dotycz\u0105cymi twojego zdrowia i\/lub dobrego samopoczucia;<br \/>\ni. w jakimkolwiek innym uzasadnionym celu biznesowym;<br \/>\nj. w inny spos\u00f3b dozwolony lub wymagany przez jakiekolwiek obowi\u0105zuj\u0105ce prawo lub przepisy; albo\/i<br \/>\nk. dla Twojego bezpiecze\u0144stwa, gdy przebywasz w naszych biurach i \/ lub zak\u0142adach produkcyjnych.<\/p>\n<p>W niekt\u00f3rych przypadkach, takich jak na przyk\u0142ad konkurs lub losowanie nagr\u00f3d, mo\u017cesz poda\u0107 nam okre\u015blone informacje, takie jak zdj\u0119cie, kt\u00f3re mog\u0105 zawiera\u0107 dane osobowe. W tych konkretnych przypadkach zawsze powiemy Tobie, w jakim celu zbieramy informacje i jak d\u0142ugo zamierzamy je przechowywa\u0107.<\/p>\n<p>Je\u015bli chcesz udost\u0119pni\u0107 nam dane osobowe w konkretnych sprawach, takich jak zdrowie, aby\u015bmy mogli odpowiedzie\u0107 na pytanie i\/lub skarg\u0119, mo\u017cemy poprosi\u0107 Ciebie o zgod\u0119 przed przetwarzaniem takich danych. Je\u015bli prze\u015blesz swoj\u0105 pro\u015bb\u0119 online, mo\u017cemy poprosi\u0107 Ci\u0119 o zgod\u0119 online, zanim prze\u015blesz pytanie. Je\u015bli przesy\u0142asz swoj\u0105 korespondencj\u0119 poczt\u0105, mo\u017cemy najpierw skontaktowa\u0107 si\u0119 z Tob\u0105 i poprosi\u0107 Ciebie o pisemn\u0105 zgod\u0119. Je\u015bli zadzwonisz do nas, mo\u017cemy poprosi\u0107 Ci\u0119 o zgod\u0119 w rozmowie telefonicznej i zarejestrujemy Twoj\u0105 odpowied\u017a, zanim b\u0119dziemy mogli przetworzy\u0107 Twoje dane osobowe. We wszystkich trzech przypadkach b\u0119dziemy przechowywa\u0107 zapis Twojej zgody na przetwarzanie przez nas takich konkretnych danych.<\/p>\n<p>Uwaga: \u201eW\u0141A\u015aCIWO\u015aCI PLIKU KOMPUTEROWEGO\u201d; Ka\u017cdy przesy\u0142any nam plik graficzny mo\u017ce zawiera\u0107 dodatkowe informacje we \u201eW\u0141A\u015aCIWO\u015aCIACH\u201d. Zdj\u0119cia wykonane telefonem kom\u00f3rkowym mog\u0105 wskazywa\u0107 we \u201eW\u0141A\u015aCIWO\u015aCIACH\u201d wsp\u00f3\u0142rz\u0119dne GPS miejsca wykonania zdj\u0119cia. Ze wzgl\u0119d\u00f3w ostro\u017cno\u015bci zalecamy usuni\u0119cie wszystkich dodatkowych danych z \u201eW\u0141A\u015aCIWO\u015aCI\u201d przed przes\u0142aniem nam tego zdj\u0119cia.<\/p>\n<h3>7 Pliki cookie<\/h3>\n<p>Na naszych stronach internetowych u\u017cywamy dw\u00f3ch r\u00f3\u017cnych kategorii plik\u00f3w cookie; \u015bci\u015ble niezb\u0119dne pliki cookie i pliki cookie dotycz\u0105ce wydajno\u015bci. Pierwsza kategoria plik\u00f3w cookie s\u0142u\u017cy do przechowywania unikalnego identyfikatora, kt\u00f3ry pozwala nam zarz\u0105dza\u0107 i jednoznacznie identyfikowa\u0107 Ciebie jako u\u017cytkownika, aby\u015bmy mogli zapewni\u0107 Tobie sp\u00f3jn\u0105 i dok\u0142adn\u0105 obs\u0142ug\u0119. Druga kategoria plik\u00f3w cookie gromadzi informacje o korzystaniu przez Ciebie z naszej strony internetowej i mo\u017ce by\u0107 przez nas wykorzystywana, aby przekazywa\u0107 Tobie bardziej podobne informacje. Aby uzyska\u0107 wi\u0119cej informacji o tym, jak u\u017cywamy plik\u00f3w cookie, prosimy o zapoznanie si\u0119 z nasz\u0105\u00a0<a href=\"http:\/\/www.mizkan.co.uk\/cookies\/\">polityk\u0105 dotycz\u0105ca plik\u00f3w cookie na naszej stronie korporacyjnej<\/a>.<\/p>\n<h3>8 Mi\u0119dzynarodowe przekazywanie Danych osobowych<\/h3>\n<p>Twoje dane osobowe mog\u0105 by\u0107 przekazywane (w tym dost\u0119pne lub przechowywane) do kraju lub terytorium poza Europejskim Obszarem Gospodarczym (\u201eEOG\u201d), w tym do kraj\u00f3w, kt\u00f3rych prawo mo\u017ce nie zapewnia\u0107 takiego samego poziomu ochrony danych osobowych, jaki przys\u0142uguje w ramach EOG. Gdy udost\u0119pniamy Twoje dane osobowe sp\u00f3\u0142kom nale\u017c\u0105cym do naszej grupy w Japonii, b\u0119dziemy polega\u0107 na decyzji Komisji Europejskiej zgodnie z art. 45 RODO, zgodnie z kt\u00f3r\u0105 japo\u0144skie przepisy zapewniaj\u0105 odpowiedni poziom ochrony danych, jaki przys\u0142uguje w EOG.<\/p>\n<p>Mo\u017cemy r\u00f3wnie\u017c udost\u0119pnia\u0107 Twoje dane osobowe innym sp\u00f3\u0142kom nale\u017c\u0105cym do grupy i innym stronom trzecim (okre\u015blonym w punkcie 9 poni\u017cej) zlokalizowanym w krajach, w kt\u00f3rych przepisy prawa nie zapewniaj\u0105 takiego samego poziomu ochrony danych osobowych, jaki przys\u0142uguje w krajach EOG. W takich przypadkach zapewnimy, \u017ce wszelkie takie mi\u0119dzynarodowe transfery b\u0119d\u0105 podlega\u0142y odpowiednim lub odpowiednim zabezpieczeniom zgodnie z wymogami RODO. Mo\u017cesz uzyska\u0107 kopie odpowiednich dokument\u00f3w zabezpieczaj\u0105cych, sk\u0142adaj\u0105c wniosek okre\u015blony w sekcji 14 poni\u017cej.<\/p>\n<h3>9 Kiedy mo\u017cemy ujawni\u0107 Twoje dane osobowe?<\/h3>\n<p>Nie sprzedajemy i nie b\u0119dziemy sprzedawa\u0107, wynajmowa\u0107 ani wymienia\u0107 Twoich danych osobowych. Twoje dane osobowe b\u0119dziemy ujawnia\u0107 tylko nast\u0119puj\u0105cym odbiorcom:<\/p>\n<p>a. do sp\u00f3\u0142ek naszej grupy;<\/p>\n<p>b. stronom trzecim, kt\u00f3re przetwarzaj\u0105 Twoje dane osobowe w naszym imieniu, takim jak;<\/p>\n<ul>\n<li>Dostawcy komunikacji dla konsument\u00f3w i klient\u00f3w w takich obszarach jak;\n<ul>\n<li>Komunikacja w mediach cyfrowych i spo\u0142eczno\u015bciowych<\/li>\n<li>Obs\u0142uga klienta<\/li>\n<li>Reklama<\/li>\n<li>Badania rynku<\/li>\n<\/ul>\n<\/li>\n<li>Dostawcy us\u0142ug logistycznych<\/li>\n<li>Dostawcy us\u0142ug prawnych<\/li>\n<li>Dostawcy us\u0142ug wsparcia IT w obszarach takich jak;\n<ul>\n<li>Tworzenie i zarz\u0105dzanie stron\u0105 internetow\u0105<\/li>\n<li>Hosting strony internetowej<\/li>\n<li>Podmioty \u015bwiadcz\u0105ce og\u00f3lne us\u0142ugi informatyczne<\/li>\n<li>Rozw\u00f3j aplikacji<\/li>\n<\/ul>\n<\/li>\n<li>Podmioty udzielaj\u0105ce gwarancji w takich obszarach;\n<ul>\n<li>Audyt zewn\u0119trzny i wewn\u0119trzny<\/li>\n<li>Zdrowie, bezpiecze\u0144stwo, higiena i kwestie techniczne<\/li>\n<\/ul>\n<\/li>\n<\/ul>\n<p>c. jakiejkolwiek stronie trzeciej, kt\u00f3rej cedujemy lub nowelizujemy kt\u00f3rekolwiek z naszych praw lub obowi\u0105zk\u00f3w;<br \/>\nd. ka\u017cdemu potencjalnemu nabywcy w przypadku sprzeda\u017cy jakiejkolwiek cz\u0119\u015bci naszej dzia\u0142alno\u015bci lub aktyw\u00f3w; i\/lub<br \/>\ne. jakiegokolwiek rz\u0105dowi, agencji regulacyjnej, organu egzekucyjnego lub wymiany lub s\u0105du, je\u015bli jest to wymagane przez obowi\u0105zuj\u0105ce prawo lub przepisy lub na ich \u017c\u0105danie.<\/p>\n<h3>10 Jak chronimy Twoje dane osobowe?<\/h3>\n<p>Zobowi\u0105zujemy si\u0119 zabezpieczy\u0107 i chroni\u0107 Twoje dane osobowe oraz wdra\u017ca\u0107 i utrzymywa\u0107 odpowiednie \u015brodki techniczne i organizacyjne, aby zapewni\u0107 poziom bezpiecze\u0144stwa odpowiedni do ochrony Twoich danych osobowych przed przypadkowym lub nieuprawnionym zniszczeniem, utrat\u0105, zmian\u0105, ujawnieniem lub dost\u0119pem.<\/p>\n<h3>11 Twoje prawa w odniesieniu do gromadzonych przez nas danych osobowych<\/h3>\n<p>Je\u015bli chcesz, aby\u015bmy przestali wysy\u0142a\u0107 Tobie e-maile, skorzystaj z opcji na ko\u0144cu naszej wiadomo\u015bci e-mail, w kt\u00f3rej mo\u017cesz poprosi\u0107 o usuni\u0119cie Ciebie z naszej listy mailingowej.<\/p>\n<p>Je\u015bli chcesz:<\/p>\n<p>a. aktualizowa\u0107, modyfikowa\u0107, usuwa\u0107 Twoje dane osobowe lub uzyskiwa\u0107 kopi\u0119 swoich danych osobowych, kt\u00f3re posiadamy; lub<br \/>\nb. ograniczy\u0107 lub uniemo\u017cliwi\u0107 nam wykorzystywanie jakichkolwiek danych osobowych, kt\u00f3re posiadamy,<\/p>\n<p>mo\u017cesz przed\u0142o\u017cy\u0107 tak\u0105 pro\u015bb\u0119, kontaktuj\u0105c si\u0119 z nami, jak okre\u015blono w sekcji 14 poni\u017cej.<\/p>\n<p>W ka\u017cdej z sytuacji wymienionych powy\u017cej mo\u017cemy poprosi\u0107 Ci\u0119 o udowodnienie swojej to\u017csamo\u015bci, dostarczaj\u0105c nam kopi\u0119 wa\u017cnego \u015brodka identyfikacyjnego, aby\u015bmy mogli spe\u0142ni\u0107 nasze zobowi\u0105zania w zakresie bezpiecze\u0144stwa i zapobiec nieuprawnionemu ujawnieniu danych.<\/p>\n<h3>12 Jak d\u0142ugo b\u0119dziemy przechowywa\u0107 Twoje dane osobowe?<\/h3>\n<p>B\u0119dziemy przechowywa\u0107 Twoje dane osobowe tylko tak d\u0142ugo, jak b\u0119dzie to konieczne do realizacji celu, dla kt\u00f3rego zosta\u0142y zebrane lub do spe\u0142nienia wymog\u00f3w prawnych, regulacyjnych lub polityki wewn\u0119trznej.<\/p>\n<h3>13 Jak aktualizujemy lub zmieniamy niniejsze zawiadomienie o sprawiedliwym post\u0119powaniu?<\/h3>\n<p>Niniejsze Zawiadomienie nie tworzy \u017cadnego stosunku umownego pomi\u0119dzy Klientem a nami, a my mo\u017cemy wprowadza\u0107 zmiany lub aktualizowa\u0107 cz\u0119\u015bci niniejszego Zawiadomienia w celu zachowania zgodno\u015bci z obowi\u0105zuj\u0105cym prawem i przepisami lub po aktualizacji naszych wewn\u0119trznych praktyk. Dokonamy tego poprzez aktualizacj\u0119 niniejszego Zawiadomienia na naszej brytyjskiej stronie korporacyjnej www.mizkan.co.uk oraz na wszystkich stronach internetowych naszych marek produkt\u00f3w, kt\u00f3re s\u0105 po\u0142\u0105czone z t\u0105 brytyjsk\u0105 stron\u0105 korporacyjn\u0105.<\/p>\n<p>Nie zostaniesz bezpo\u015brednio powiadomiony o takiej zmianie. Dlatego prosimy o regularne sprawdzanie niniejszego Zawiadomienia, aby mie\u0107 pe\u0142n\u0105 \u015bwiadomo\u015b\u0107 wszelkich zmian lub aktualizacji.<\/p>\n<h3>14 Jak mo\u017cesz si\u0119 z nami skontaktowa\u0107?<\/h3>\n<p>Je\u015bli masz jakiekolwiek pytania dotycz\u0105ce tre\u015bci niniejszego Zawiadomienia lub Twoich danych osobowych lub chcesz z\u0142o\u017cy\u0107 wniosek w zwi\u0105zku z Twoimi danymi osobowymi, skontaktuj si\u0119 z nami, korzystaj\u0105c z poni\u017cszych danych:<\/p>\n<p>E-mail: gdpr.coordinator@mizkan.co.uk<\/p>\n<p>Adres pocztowy: Koordynator ds. RODO, Mizkan Euro, Building 10, Chiswick Park, 566 Chiswick High Road, Londyn W4 5XS<\/p>\n<p>Sk\u0142adaj\u0105c wniosek, prosimy o podanie nast\u0119puj\u0105cych informacji;<\/p>\n<p>\u2022 Twoje imi\u0119 i nazwisko<br \/>\n\u2022 Tw\u00f3j adres e-mail (lub adres pocztowy, je\u015bli wcze\u015bniej poda\u0142e\u015b nam sw\u00f3j adres pocztowy)<br \/>\n\u2022 Data z\u0142o\u017cenia wniosku<br \/>\n\u2022 Data, w kt\u00f3rej przekaza\u0142e\u015b nam swoje dane osobowe lub opis konkretnej sytuacji, 3 w kt\u00f3rej przekaza\u0142e\u015b nam swoje dane osobowe<br \/>\n\u2022 Charakter Twojego wniosku (tj. czy chcesz, aby\u015bmy poprawili Twoje dane, aby\u015bmy usun\u0119li Twoje dane, aby\u015bmy przekazali Tobie kopi\u0119 danych itp.)<\/p>\n<h3>15 Jak z\u0142o\u017cy\u0107 skarg\u0119 do osoby reguluj\u0105cej?<\/h3>\n<p>Ochrona Twoich danych osobowych i naszych relacji z Tob\u0105 jest dla nas bardzo wa\u017cna. Dlatego je\u015bli masz jakiekolwiek pytania lub uwa\u017casz, \u017ce naruszyli\u015bmy Twoje prawa do ochrony danych, skontaktuj si\u0119 z naszym Koordynatorem ds. RODO pod adresem: gdpr.coordinator@mizkan.co.uk.<\/p>\n<p>Je\u015bli jednak nie mo\u017cesz zznle\u017a\u0107 porozumienia z naszym koordynatorem ds. RODO lub chcesz skontaktowa\u0107 si\u0119 z Brytyjskim organem ds. ochrony danych w celu z\u0142o\u017cenia skargi, skontaktuj si\u0119 z biurem komisarza ds. Informacji, z kt\u00f3rym mo\u017cna si\u0119 skontaktowa\u0107 pod adresem: Wycliffe House, Water Lane, Wilmslow, Cheshire, SK9 5AF.<\/p>\n<p><em>1 Mizkan Euro sk\u0142ada si\u0119 z firm: Mizkan Euro Ltd., Mizkan Euro Partners Limited i Mizkan Euro Holdings Limited<\/em><br \/>\n<em>2. Konsument jest ko\u0144cowym u\u017cytkownikiem Produkt\u00f3w Mizkan. Klient to sprzedawca detaliczny i\/lub dystrybutor, kt\u00f3remu Mizkan bezpo\u015brednio sprzedaje swoje produkty.<\/em><br \/>\n<em>3 Specyficzn\u0105 sytuacj\u0105 mo\u017ce by\u0107 konkretna kampania, wydarzenie, podczas kt\u00f3rego rozdawali\u015bmy pr\u00f3bki, lub prowadzili\u015bmy konkurs itp.<\/em><\/p>\n","protected":false},"excerpt":{"rendered":"<p>1 Wprowadzenie Mizkan Euro (&#8222;Mizkan&#8221;)1 to grupa przedsi\u0119biorstw z siedzib\u0105 w Wielkiej Brytanii, kt\u00f3ra zajmuje si\u0119 produkcj\u0105, sprzeda\u017c\u0105 i dystrybucj\u0105 produkt\u00f3w spo\u017cywczych Firma operuje pod r\u00f3\u017cnymi markami, m.in.: Sarsons, Branston, Haywards, Mizkan i Dufrais. Mizkan prowadzi korporacyjn\u0105 stron\u0119 internetow\u0105 o nazwie www.Mizkan.co.uk oraz szereg internetowych stron marek produkt\u00f3w. Strona korporacyjna zawiera \u0142\u0105cze do wielu witryn [&hellip;]<\/p>\n","protected":false},"author":2,"featured_media":0,"parent":0,"menu_order":0,"comment_status":"closed","ping_status":"open","template":"","meta":{"footnotes":""},"acf":[],"yoast_head":"<!-- This site is optimized with the Yoast SEO plugin v21.9.1 - https:\/\/yoast.com\/wordpress\/plugins\/seo\/ -->\n<title>Polityka prywatno\u015bci - Mizkan<\/title>\n<meta name=\"robots\" content=\"index, follow, max-snippet:-1, max-image-preview:large, max-video-preview:-1\" \/>\n<meta property=\"og:locale\" content=\"pl_PL\" \/>\n<meta property=\"og:type\" content=\"article\" \/>\n<meta property=\"og:title\" content=\"Polityka prywatno\u015bci - Mizkan\" \/>\n<meta property=\"og:description\" content=\"1 Wprowadzenie Mizkan Euro (&#8222;Mizkan&#8221;)1 to grupa przedsi\u0119biorstw z siedzib\u0105 w Wielkiej Brytanii, kt\u00f3ra zajmuje si\u0119 produkcj\u0105, sprzeda\u017c\u0105 i dystrybucj\u0105 produkt\u00f3w spo\u017cywczych Firma operuje pod r\u00f3\u017cnymi markami, m.in.: Sarsons, Branston, Haywards, Mizkan i Dufrais. Mizkan prowadzi korporacyjn\u0105 stron\u0119 internetow\u0105 o nazwie www.Mizkan.co.uk oraz szereg internetowych stron marek produkt\u00f3w. Strona korporacyjna zawiera \u0142\u0105cze do wielu witryn [&hellip;]\" \/>\n<meta property=\"og:url\" content=\"https:\/\/www.mizkanchef.com\/pl\/polityka-prywatnosci\/\" \/>\n<meta property=\"og:site_name\" content=\"Mizkan\" \/>\n<meta property=\"article:modified_time\" content=\"2020-11-11T15:52:42+00:00\" \/>\n<meta name=\"twitter:card\" content=\"summary_large_image\" \/>\n<meta name=\"twitter:label1\" content=\"Szacowany czas czytania\" \/>\n\t<meta name=\"twitter:data1\" content=\"12 minut\" \/>\n<script type=\"application\/ld+json\" class=\"yoast-schema-graph\">{\"@context\":\"https:\/\/schema.org\",\"@graph\":[{\"@type\":\"WebPage\",\"@id\":\"https:\/\/www.mizkanchef.com\/pl\/polityka-prywatnosci\/\",\"url\":\"https:\/\/www.mizkanchef.com\/pl\/polityka-prywatnosci\/\",\"name\":\"Polityka prywatno\u015bci - Mizkan\",\"isPartOf\":{\"@id\":\"https:\/\/www.mizkanchef.com\/pl\/#website\"},\"datePublished\":\"2019-05-08T01:38:14+00:00\",\"dateModified\":\"2020-11-11T15:52:42+00:00\",\"breadcrumb\":{\"@id\":\"https:\/\/www.mizkanchef.com\/pl\/polityka-prywatnosci\/#breadcrumb\"},\"inLanguage\":\"pl-PL\",\"potentialAction\":[{\"@type\":\"ReadAction\",\"target\":[\"https:\/\/www.mizkanchef.com\/pl\/polityka-prywatnosci\/\"]}]},{\"@type\":\"BreadcrumbList\",\"@id\":\"https:\/\/www.mizkanchef.com\/pl\/polityka-prywatnosci\/#breadcrumb\",\"itemListElement\":[{\"@type\":\"ListItem\",\"position\":1,\"name\":\"Home\",\"item\":\"https:\/\/www.mizkanchef.com\/pl\/\"},{\"@type\":\"ListItem\",\"position\":2,\"name\":\"Polityka prywatno\u015bci\"}]},{\"@type\":\"WebSite\",\"@id\":\"https:\/\/www.mizkanchef.com\/pl\/#website\",\"url\":\"https:\/\/www.mizkanchef.com\/pl\/\",\"name\":\"Mizkan\",\"description\":\"Mizkan\",\"potentialAction\":[{\"@type\":\"SearchAction\",\"target\":{\"@type\":\"EntryPoint\",\"urlTemplate\":\"https:\/\/www.mizkanchef.com\/pl\/?s={search_term_string}\"},\"query-input\":\"required name=search_term_string\"}],\"inLanguage\":\"pl-PL\"}]}<\/script>\n<!-- \/ Yoast SEO plugin. -->","yoast_head_json":{"title":"Polityka prywatno\u015bci - Mizkan","robots":{"index":"index","follow":"follow","max-snippet":"max-snippet:-1","max-image-preview":"max-image-preview:large","max-video-preview":"max-video-preview:-1"},"og_locale":"pl_PL","og_type":"article","og_title":"Polityka prywatno\u015bci - Mizkan","og_description":"1 Wprowadzenie Mizkan Euro (&#8222;Mizkan&#8221;)1 to grupa przedsi\u0119biorstw z siedzib\u0105 w Wielkiej Brytanii, kt\u00f3ra zajmuje si\u0119 produkcj\u0105, sprzeda\u017c\u0105 i dystrybucj\u0105 produkt\u00f3w spo\u017cywczych Firma operuje pod r\u00f3\u017cnymi markami, m.in.: Sarsons, Branston, Haywards, Mizkan i Dufrais. Mizkan prowadzi korporacyjn\u0105 stron\u0119 internetow\u0105 o nazwie www.Mizkan.co.uk oraz szereg internetowych stron marek produkt\u00f3w. Strona korporacyjna zawiera \u0142\u0105cze do wielu witryn [&hellip;]","og_url":"https:\/\/www.mizkanchef.com\/pl\/polityka-prywatnosci\/","og_site_name":"Mizkan","article_modified_time":"2020-11-11T15:52:42+00:00","twitter_card":"summary_large_image","twitter_misc":{"Szacowany czas czytania":"12 minut"},"schema":{"@context":"https:\/\/schema.org","@graph":[{"@type":"WebPage","@id":"https:\/\/www.mizkanchef.com\/pl\/polityka-prywatnosci\/","url":"https:\/\/www.mizkanchef.com\/pl\/polityka-prywatnosci\/","name":"Polityka prywatno\u015bci - Mizkan","isPartOf":{"@id":"https:\/\/www.mizkanchef.com\/pl\/#website"},"datePublished":"2019-05-08T01:38:14+00:00","dateModified":"2020-11-11T15:52:42+00:00","breadcrumb":{"@id":"https:\/\/www.mizkanchef.com\/pl\/polityka-prywatnosci\/#breadcrumb"},"inLanguage":"pl-PL","potentialAction":[{"@type":"ReadAction","target":["https:\/\/www.mizkanchef.com\/pl\/polityka-prywatnosci\/"]}]},{"@type":"BreadcrumbList","@id":"https:\/\/www.mizkanchef.com\/pl\/polityka-prywatnosci\/#breadcrumb","itemListElement":[{"@type":"ListItem","position":1,"name":"Home","item":"https:\/\/www.mizkanchef.com\/pl\/"},{"@type":"ListItem","position":2,"name":"Polityka prywatno\u015bci"}]},{"@type":"WebSite","@id":"https:\/\/www.mizkanchef.com\/pl\/#website","url":"https:\/\/www.mizkanchef.com\/pl\/","name":"Mizkan","description":"Mizkan","potentialAction":[{"@type":"SearchAction","target":{"@type":"EntryPoint","urlTemplate":"https:\/\/www.mizkanchef.com\/pl\/?s={search_term_string}"},"query-input":"required name=search_term_string"}],"inLanguage":"pl-PL"}]}},"_links":{"self":[{"href":"https:\/\/www.mizkanchef.com\/pl\/wp-json\/wp\/v2\/pages\/5478"}],"collection":[{"href":"https:\/\/www.mizkanchef.com\/pl\/wp-json\/wp\/v2\/pages"}],"about":[{"href":"https:\/\/www.mizkanchef.com\/pl\/wp-json\/wp\/v2\/types\/page"}],"author":[{"embeddable":true,"href":"https:\/\/www.mizkanchef.com\/pl\/wp-json\/wp\/v2\/users\/2"}],"replies":[{"embeddable":true,"href":"https:\/\/www.mizkanchef.com\/pl\/wp-json\/wp\/v2\/comments?post=5478"}],"version-history":[{"count":0,"href":"https:\/\/www.mizkanchef.com\/pl\/wp-json\/wp\/v2\/pages\/5478\/revisions"}],"wp:attachment":[{"href":"https:\/\/www.mizkanchef.com\/pl\/wp-json\/wp\/v2\/media?parent=5478"}],"curies":[{"name":"wp","href":"https:\/\/api.w.org\/{rel}","templated":true}]}}