{"id":8572,"date":"2021-07-12T10:27:26","date_gmt":"2021-07-12T10:27:26","guid":{"rendered":"https:\/\/www.mizkanchef.com\/?page_id=8572"},"modified":"2021-09-30T09:37:10","modified_gmt":"2021-09-30T09:37:10","slug":"shiragiku-termini-e-condizioni","status":"publish","type":"page","link":"https:\/\/www.mizkanchef.com\/it\/shiragiku-termini-e-condizioni\/","title":{"rendered":"Shiragiku &#8211; Termini E Condizioni"},"content":{"rendered":"<h3>PER L\u2019OFFERTA DEL CAMPIONE GRATUITO DI SHIRAGIKU<\/h3>\n<h3>Termini e condizioni<\/h3>\n<p>I presenti termini e condizioni prevalgono in caso di conflitto o incoerenza con qualsiasi altra comunicazione, inclusi i materiali di carattere pubblicitario o promozionale. I partecipanti alla Promozione accettano di essere vincolati dai presenti termini e condizioni.<\/p>\n<h3>Il Promotore<\/h3>\n<p>Mizkan Euro Ltd. 2nd Floor, Building 10, Chiswick Park, 566 Chiswick High Road, Londra W4 5XS (\u201cil Promotore\u201d).<br \/>\nTutti i dati saranno conservati in conformit\u00e0 con la politica di trattamento equo dei dati di Mizkan Euro Ltd. \u2013 <a href=\"https:\/\/www.mizkanchef.com\/it\/termini-e-condizioni\/\">https:\/\/www.mizkanchef.com\/it\/termini-e-condizioni\/<\/a>.<\/p>\n<h3>La Promozione<\/h3>\n<p>Offerta di un \u201cCampione gratuito\u201d di una bottiglia di Shiragiku a chef professionisti idonei.<\/p>\n<h3>Offerta campione gratuito<\/h3>\n<p>1) L&#8217;offerta del campione gratuito \u00e8 aperta a cuochi professionisti in buona fede di et\u00e0 pari o superiore a 18 anni, residenti in Italia, con le seguenti eccezioni:<br \/>\na) Dipendenti di agenti o fornitori del Promotore o delle sue holding o societ\u00e0 controllate, che sono professionalmente connessi alla promozione o all\u2019amministrazione della stessa; oppure<br \/>\nb) I membri delle famiglie immediate o dei nuclei familiari di a) VEDI sopra.<\/p>\n<p>2) Il Promotore potr\u00e0 richiedere al partecipante di fornire una prova, compresa la verifica del documento di identit\u00e0 e altri requisiti di idoneit\u00e0.<\/p>\n<p>3) La promozione sar\u00e0 valida dalle ore 00:01 del 13 luglio 2021 alle ore 23:59 del 5 novembre 2021 compreso (da settimana dopo settimana fino ad esaurimento scorte.)<\/p>\n<p>4) Non \u00e8 necessario effettuare nessun acquisto.<\/p>\n<p>5). C\u2019\u00e8 un limite di una campione per operatore \/ azienda avente lo stesso indirizzo (in base al nome e all\u2019indirizzo dell\u2019azienda). Non verranno accettate iscrizioni multiple. Chiunque cerchi di aggirare questa regola servendosi di dettagli commerciali alternativi o qualsiasi altro metodo verr\u00e0 squalificato dalla presente promozione. Non saranno accettate iscrizioni per conto di un altro operatore\/impresa, iscrizioni congiunte, iscrizioni di massa da parte di commercianti, gruppi di consumatori o terzi.<\/p>\n<p>6) Il Promotore si riserva tutti i diritti di squalificare eventuali partecipanti qualora la condotta del partecipante sia contraria allo spirito o all\u2019intenzione della promozione oppure se l\u2019iscrizione risulta essere in violazione dei presenti termini e condizioni.<\/p>\n<p>7) Per partecipare alla promozione, i partecipanti dovranno completare tutti i campi obbligatori, compresi un indirizzo e-mail e un indirizzo postale validi, al momento dell\u2019iscrizione nel modulo on-line. I moduli incompleti non saranno accettati.<\/p>\n<p>8) Le iscrizioni sono soggette a verifica e saranno dichiarate non valide qualora risultino illeggibili, riprodotte meccanicamente, contraffatte, falsificate, alterate o manomesse in qualsiasi modo.<\/p>\n<p>9) Non verranno accettate le iscrizioni generate automaticamente da un computer.<\/p>\n<p>10) Inviando un modulo di iscrizione, il partecipante dichiara di:<br \/>\na) accettare di essere vincolato da questi termini e condizioni; e<br \/>\nb) confermare di avere il permesso anticipato del proprio datore di lavoro per richiedere il campione gratuito oggetto della presente.<\/p>\n<p>11) Il campione gratuito \u00e8 1 bottiglia da 368 ml di Shiragiku. Il campione verr\u00e0 inviato all\u2019indirizzo indicato sui moduli di iscrizione. La presente offerta di campioni non \u00e8 trasferibile. Il campione non pu\u00f2 essere richiesto da terzi a nome del partecipante.<\/p>\n<p>12) Il Promotore non si assume nessuna responsabilit\u00e0 per quanto riguarda la mancata consegna o la mancata ricezione del campione gratuito oppure nel caso in cui il campione venga danneggiato in fase di trasporto.<\/p>\n<p>13) I campioni verranno consegnati entro 6 settimane dalla ricezione dell\u2019iscrizione da parte del Promotore.<\/p>\n<p>14) Il Promotore non pu\u00f2 accettare nessuna responsabilit\u00e0 per i moduli di iscrizione non ricevuti per qualsivoglia motivo.<\/p>\n<p>15) Il Promotore non entrer\u00e0 in comunicazione per quanto riguarda il mancato adempimento.<\/p>\n<p>16) Non \u00e8 contemplata un\u2019alternativa in contanti ai campioni.<\/p>\n<p>17) Nella misura consentita dalla legge, il Promotore, i suoi agenti o distributori non saranno in nessun caso responsabili o tenuti a risarcire il vincitore o ad accettare qualsiasi responsabilit\u00e0 per qualsiasi perdita, danno, lesione personale o decesso che si verifichi in seguito all\u2019accettazione del campione, eccetto nel caso in cui questo evento sia stato causato dalla negligenza del Promotore, dei suoi agenti o dei distributori o da quella dei loro dipendenti. I diritti legali del partecipante non sono interessati.<\/p>\n<p>18) Il Promotore si riserva il diritto di annullare, sospendere, annullare o modificare il campione qualora si rendesse necessario.<\/p>\n<p>19) Qualora vi sia motivo di credere che ci sia stata una violazione dei presenti termini e condizioni, il Promotore pu\u00f2, a sua esclusiva discrezione, riservarsi il diritto di escludere il partecipante dalla partecipazione alla promozione.<\/p>\n<p>20) I presenti termini e condizioni sono disciplinati dalla legge inglese e le parti si sottopongono alla giurisdizione non esclusiva dei tribunali d\u2019Inghilterra.<\/p>\n<h3>Generale<\/h3>\n<p>Il Promotore si riserva il diritto di annullare, sospendere, annullare o modificare le promozioni di cui sopra qualora si renda necessario farlo.<\/p>\n<p>Le promozioni non sono in alcun modo sponsorizzate, approvate o amministrate da o associate a Facebook o Instagram.<\/p>\n<h3>Legge governativa e giurisdizione<\/h3>\n<p>I presenti Termini e Condizioni saranno regolati da (i) le leggi del territorio in cui risiedi (se al di fuori dell&#8217;Italia) e (ii) negli altri casi, la legge inglese.<\/p>\n<p>Eventuali controversie saranno soggette (i) alla giurisdizione esclusiva dei tribunali del territorio in cui risiedi (se al di fuori dell&#8217;Italia) e (ii) negli altri casi, alla giurisdizione esclusiva dei tribunali dell&#8217;Inghilterra.<\/p>\n","protected":false},"excerpt":{"rendered":"<p>PER L\u2019OFFERTA DEL CAMPIONE GRATUITO DI SHIRAGIKU Termini e condizioni I presenti termini e condizioni prevalgono in caso di conflitto o incoerenza con qualsiasi altra comunicazione, inclusi i materiali di carattere pubblicitario o promozionale. I partecipanti alla Promozione accettano di essere vincolati dai presenti termini e condizioni. Il Promotore Mizkan Euro Ltd. 2nd Floor, Building [&hellip;]<\/p>\n","protected":false},"author":2,"featured_media":0,"parent":0,"menu_order":0,"comment_status":"closed","ping_status":"closed","template":"","meta":{"footnotes":""},"acf":[],"yoast_head":"<!-- This site is optimized with the Yoast SEO plugin v21.9.1 - https:\/\/yoast.com\/wordpress\/plugins\/seo\/ -->\n<title>Shiragiku - Termini E Condizioni - Mizkan<\/title>\n<meta name=\"robots\" content=\"index, follow, max-snippet:-1, max-image-preview:large, max-video-preview:-1\" \/>\n<meta property=\"og:locale\" content=\"it_IT\" \/>\n<meta property=\"og:type\" content=\"article\" \/>\n<meta property=\"og:title\" content=\"Shiragiku - Termini E Condizioni - Mizkan\" \/>\n<meta property=\"og:description\" content=\"PER L\u2019OFFERTA DEL CAMPIONE GRATUITO DI SHIRAGIKU Termini e condizioni I presenti termini e condizioni prevalgono in caso di conflitto o incoerenza con qualsiasi altra comunicazione, inclusi i materiali di carattere pubblicitario o promozionale. I partecipanti alla Promozione accettano di essere vincolati dai presenti termini e condizioni. Il Promotore Mizkan Euro Ltd. 2nd Floor, Building [&hellip;]\" \/>\n<meta property=\"og:url\" content=\"https:\/\/www.mizkanchef.com\/it\/shiragiku-termini-e-condizioni\/\" \/>\n<meta property=\"og:site_name\" content=\"Mizkan\" \/>\n<meta property=\"article:modified_time\" content=\"2021-09-30T09:37:10+00:00\" \/>\n<meta name=\"twitter:card\" content=\"summary_large_image\" \/>\n<meta name=\"twitter:label1\" content=\"Tempo di lettura stimato\" \/>\n\t<meta name=\"twitter:data1\" content=\"9 minuti\" \/>\n<script type=\"application\/ld+json\" class=\"yoast-schema-graph\">{\"@context\":\"https:\/\/schema.org\",\"@graph\":[{\"@type\":\"WebPage\",\"@id\":\"https:\/\/www.mizkanchef.com\/it\/shiragiku-termini-e-condizioni\/\",\"url\":\"https:\/\/www.mizkanchef.com\/it\/shiragiku-termini-e-condizioni\/\",\"name\":\"Shiragiku - Termini E Condizioni - Mizkan\",\"isPartOf\":{\"@id\":\"https:\/\/www.mizkanchef.com\/it\/#website\"},\"datePublished\":\"2021-07-12T10:27:26+00:00\",\"dateModified\":\"2021-09-30T09:37:10+00:00\",\"breadcrumb\":{\"@id\":\"https:\/\/www.mizkanchef.com\/it\/shiragiku-termini-e-condizioni\/#breadcrumb\"},\"inLanguage\":\"it-IT\",\"potentialAction\":[{\"@type\":\"ReadAction\",\"target\":[\"https:\/\/www.mizkanchef.com\/it\/shiragiku-termini-e-condizioni\/\"]}]},{\"@type\":\"BreadcrumbList\",\"@id\":\"https:\/\/www.mizkanchef.com\/it\/shiragiku-termini-e-condizioni\/#breadcrumb\",\"itemListElement\":[{\"@type\":\"ListItem\",\"position\":1,\"name\":\"Home\",\"item\":\"https:\/\/www.mizkanchef.com\/it\/\"},{\"@type\":\"ListItem\",\"position\":2,\"name\":\"Shiragiku &#8211; Termini E Condizioni\"}]},{\"@type\":\"WebSite\",\"@id\":\"https:\/\/www.mizkanchef.com\/it\/#website\",\"url\":\"https:\/\/www.mizkanchef.com\/it\/\",\"name\":\"Mizkan\",\"description\":\"Mizkan\",\"potentialAction\":[{\"@type\":\"SearchAction\",\"target\":{\"@type\":\"EntryPoint\",\"urlTemplate\":\"https:\/\/www.mizkanchef.com\/it\/?s={search_term_string}\"},\"query-input\":\"required name=search_term_string\"}],\"inLanguage\":\"it-IT\"}]}<\/script>\n<!-- \/ Yoast SEO plugin. -->","yoast_head_json":{"title":"Shiragiku - Termini E Condizioni - Mizkan","robots":{"index":"index","follow":"follow","max-snippet":"max-snippet:-1","max-image-preview":"max-image-preview:large","max-video-preview":"max-video-preview:-1"},"og_locale":"it_IT","og_type":"article","og_title":"Shiragiku - Termini E Condizioni - Mizkan","og_description":"PER L\u2019OFFERTA DEL CAMPIONE GRATUITO DI SHIRAGIKU Termini e condizioni I presenti termini e condizioni prevalgono in caso di conflitto o incoerenza con qualsiasi altra comunicazione, inclusi i materiali di carattere pubblicitario o promozionale. I partecipanti alla Promozione accettano di essere vincolati dai presenti termini e condizioni. Il Promotore Mizkan Euro Ltd. 2nd Floor, Building [&hellip;]","og_url":"https:\/\/www.mizkanchef.com\/it\/shiragiku-termini-e-condizioni\/","og_site_name":"Mizkan","article_modified_time":"2021-09-30T09:37:10+00:00","twitter_card":"summary_large_image","twitter_misc":{"Tempo di lettura stimato":"9 minuti"},"schema":{"@context":"https:\/\/schema.org","@graph":[{"@type":"WebPage","@id":"https:\/\/www.mizkanchef.com\/it\/shiragiku-termini-e-condizioni\/","url":"https:\/\/www.mizkanchef.com\/it\/shiragiku-termini-e-condizioni\/","name":"Shiragiku - Termini E Condizioni - Mizkan","isPartOf":{"@id":"https:\/\/www.mizkanchef.com\/it\/#website"},"datePublished":"2021-07-12T10:27:26+00:00","dateModified":"2021-09-30T09:37:10+00:00","breadcrumb":{"@id":"https:\/\/www.mizkanchef.com\/it\/shiragiku-termini-e-condizioni\/#breadcrumb"},"inLanguage":"it-IT","potentialAction":[{"@type":"ReadAction","target":["https:\/\/www.mizkanchef.com\/it\/shiragiku-termini-e-condizioni\/"]}]},{"@type":"BreadcrumbList","@id":"https:\/\/www.mizkanchef.com\/it\/shiragiku-termini-e-condizioni\/#breadcrumb","itemListElement":[{"@type":"ListItem","position":1,"name":"Home","item":"https:\/\/www.mizkanchef.com\/it\/"},{"@type":"ListItem","position":2,"name":"Shiragiku &#8211; Termini E Condizioni"}]},{"@type":"WebSite","@id":"https:\/\/www.mizkanchef.com\/it\/#website","url":"https:\/\/www.mizkanchef.com\/it\/","name":"Mizkan","description":"Mizkan","potentialAction":[{"@type":"SearchAction","target":{"@type":"EntryPoint","urlTemplate":"https:\/\/www.mizkanchef.com\/it\/?s={search_term_string}"},"query-input":"required name=search_term_string"}],"inLanguage":"it-IT"}]}},"_links":{"self":[{"href":"https:\/\/www.mizkanchef.com\/it\/wp-json\/wp\/v2\/pages\/8572"}],"collection":[{"href":"https:\/\/www.mizkanchef.com\/it\/wp-json\/wp\/v2\/pages"}],"about":[{"href":"https:\/\/www.mizkanchef.com\/it\/wp-json\/wp\/v2\/types\/page"}],"author":[{"embeddable":true,"href":"https:\/\/www.mizkanchef.com\/it\/wp-json\/wp\/v2\/users\/2"}],"replies":[{"embeddable":true,"href":"https:\/\/www.mizkanchef.com\/it\/wp-json\/wp\/v2\/comments?post=8572"}],"version-history":[{"count":0,"href":"https:\/\/www.mizkanchef.com\/it\/wp-json\/wp\/v2\/pages\/8572\/revisions"}],"wp:attachment":[{"href":"https:\/\/www.mizkanchef.com\/it\/wp-json\/wp\/v2\/media?parent=8572"}],"curies":[{"name":"wp","href":"https:\/\/api.w.org\/{rel}","templated":true}]}}