{"id":7353,"date":"2021-03-04T15:39:28","date_gmt":"2021-03-04T15:39:28","guid":{"rendered":"https:\/\/www.mizkanchef.com\/path-to-poke-terms-and-conditions\/"},"modified":"2021-04-26T13:13:49","modified_gmt":"2021-04-26T13:13:49","slug":"poke-termini-e-condizioni","status":"publish","type":"page","link":"https:\/\/www.mizkanchef.com\/it\/poke-termini-e-condizioni\/","title":{"rendered":"Pok\u00e9 &#8211; Termini E Condizioni"},"content":{"rendered":"<h3>PER L\u2019OFFERTA DEL CAMPIONE GRATUITO DI HONTERI &amp; SHIRAGIKU<\/h3>\n<p><strong>Termini e condizioni<\/strong><\/p>\n<p>I presenti termini e condizioni prevalgono in caso di conflitto o incoerenza con qualsiasi altra comunicazione, inclusi i materiali di carattere pubblicitario o promozionale. I partecipanti alla Promozione accettano di essere vincolati dai presenti termini e condizioni.<\/p>\n<p><strong>Il Promotore<\/strong><\/p>\n<p>Mizkan Euro Ltd. 2nd Floor, Building 10, Chiswick Park, 566 Chiswick High Road, Londra W4 5XS (&#8220;il Promotore&#8221;).<br \/>\nTutti i dati saranno conservati in conformit\u00e0 con la politica di trattamento equo dei dati di Mizkan Euro Ltd. &#8211; https:\/\/www.mizkanchef.com\/en\/privacy-policy\/.<\/p>\n<p><strong>La Promozione<\/strong><\/p>\n<p>Questa promozione \u00e8 strutturata in due parti:<\/p>\n<p>1) Offerta di un \u201cCampione gratuito\u201d di una bottiglia di Honteri e\/o di Shiragiku alle prime 30 richieste provenienti da chef professionisti idonei.<\/p>\n<p>2) I destinatari del campione di cui sopra hanno a disposizione un\u2019altra possibilit\u00e0 di vincere una confezione di Honteri o Shiragiku: dovranno condividere una ricetta realizzata usando il prodotto Honteri o Shiragiku.<\/p>\n<p><strong>Offerta campione gratuito<\/strong><\/p>\n<p>1) L&#8217;offerta del campione gratuito \u00e8 aperta agli chef professionisti in buona fede di et\u00e0 uguale o superiore ai 18 anni, residenti nel Regno Unito, con le seguenti eccezioni:<\/p>\n<p>a) Dipendenti di agenti o fornitori del Promotore o delle sue holding o societ\u00e0 controllate, che sono professionalmente connessi alla promozione o all\u2019amministrazione della stessa; oppure<\/p>\n<p>b) I membri delle famiglie immediate o dei nuclei familiari di a) VEDI sopra.<\/p>\n<p>2) Il Promotore potr\u00e0 richiedere al partecipante di fornire una prova, compresa la verifica del documento di identit\u00e0 e altri requisiti di idoneit\u00e0.<\/p>\n<p>3) La promozione durer\u00e0 dalle 12:00 PM del 26 aprile 2021 alle 12:00 PM del 3 di maggio 2021 compreso (da estendere settimana dopo settimana fino ad esaurimento scorte), oppure fino al momento in cui non saranno richiesti i primi 30 campioni (avr\u00e0 la priorit\u00e0 la circostanza che si verifica per prima). Il Promotore si riserva il diritto di chiudere l&#8217;iscrizione \/ il sito web una volta che saranno stati richiesti i primi 30 campioni<\/p>\n<p>4) Non \u00e8 necessario effettuare nessun acquisto.<\/p>\n<p>5) L&#8217;offerta \u00e8 limitata alle prime 30 richieste di campioni. C&#8217;\u00e8 un limite di una voce e un campione per ogni variante (Shiragiku e\/o Honteri) per operatore \/ azienda avente lo stesso indirizzo (in base al nome e all&#8217;indirizzo dell&#8217;azienda). Non verranno accettate iscrizioni multiple. Chiunque cerchi di aggirare questa regola servendosi di dettagli commerciali alternativi o qualsiasi altro metodo verr\u00e0 squalificato dalla presente promozione. Non saranno accettate iscrizioni per conto di un altro operatore\/impresa, iscrizioni congiunte, iscrizioni di massa da parte di commercianti, gruppi di consumatori o terzi.<\/p>\n<p>6) Il Promotore si riserva tutti i diritti di squalificare eventuali partecipanti qualora la condotta del partecipante sia contraria allo spirito o all&#8217;intenzione della promozione oppure se l&#8217;iscrizione risulta essere in violazione dei presenti termini e condizioni.<\/p>\n<p>7) Per partecipare alla promozione, i partecipanti dovranno completare tutti i campi obbligatori, compresi un indirizzo e-mail e un indirizzo postale validi, al momento dell&#8217;iscrizione nel modulo on-line. I moduli incompleti non saranno accettati.<\/p>\n<p>8) Le iscrizioni sono soggette a verifica e saranno dichiarate non valide qualora risultino illeggibili, riprodotte meccanicamente, contraffatte, falsificate, alterate o manomesse in qualsiasi modo.<\/p>\n<p>9) Non verranno accettate le iscrizioni generate automaticamente da un computer.<\/p>\n<p>10) Inviando un modulo di iscrizione, il partecipante dichiara di:<\/p>\n<p>a) accettare di essere vincolato da questi termini e condizioni; e<\/p>\n<p>b) confermare di avere il permesso anticipato del proprio datore di lavoro per richiedere il campione gratuito oggetto della presente.<\/p>\n<p>11) Il campione gratuito \u00e8 1 bottiglia da 568 ml di Honteri e\/o 1 bottiglia da 568 ml di Shiragiku. Il campione verr\u00e0 inviato all&#8217;indirizzo indicato sui moduli di iscrizione. La presente offerta di campioni non \u00e8 trasferibile. Il campione non pu\u00f2 essere richiesto da terzi a nome del partecipante.<\/p>\n<p>12) Il Promotore non si assume nessuna responsabilit\u00e0 per quanto riguarda la mancata consegna o la mancata ricezione del campione gratuito oppure nel caso in cui il campione venga danneggiato in fase di trasporto.<\/p>\n<p>13) Il Promotore rimuover\u00e0 questa offerta una volta che tutti i 30 campioni saranno stati richiesti.<\/p>\n<p>14) I campioni verranno consegnati entro 12 settimane dalla ricezione dell&#8217;iscrizione da parte del Promotore.<\/p>\n<p>15) Il Promotore non pu\u00f2 accettare nessuna responsabilit\u00e0 per i moduli di iscrizione non ricevuti per qualsivoglia motivo.<\/p>\n<p>16) Il Promotore non entrer\u00e0 in comunicazione per quanto riguarda il mancato adempimento.<\/p>\n<p>17) Non \u00e8 contemplata un&#8217;alternativa in contanti ai campioni.<\/p>\n<p>18) Nella misura consentita dalla legge, il Promotore, i suoi agenti o distributori non saranno in nessun caso responsabili o tenuti a risarcire il vincitore o ad accettare qualsiasi responsabilit\u00e0 per qualsiasi perdita, danno, lesione personale o decesso che si verifichi in seguito all&#8217;accettazione del campione, eccetto nel caso in cui questo evento sia stato causato dalla negligenza del Promotore, dei suoi agenti o dei distributori o da quella dei loro dipendenti. I diritti legali del partecipante non sono interessati.<\/p>\n<p>19) Il Promotore si riserva il diritto di annullare, sospendere, annullare o modificare il campione qualora si rendesse necessario.<\/p>\n<p>20) Qualora vi sia motivo di credere che ci sia stata una violazione dei presenti termini e condizioni, il Promotore pu\u00f2, a sua esclusiva discrezione, riservarsi il diritto di escludere il partecipante dalla partecipazione alla promozione.<\/p>\n<p>21) I presenti termini e condizioni sono disciplinati dalla legge inglese e le parti si sottopongono alla giurisdizione non esclusiva dei tribunali d&#8217;Inghilterra.<\/p>\n<h3>PROMOZIONE RICETTA &#8211; VINCI 1 DELLE 10 CONFEZIONI DI HONTERI O SHIRAGIKU<\/h3>\n<p>I presenti termini e condizioni si applicano alla nostra promozione 2021 relativa alle ricette che segue l&#8217;offerta di campioni sopra presentata. Invitiamo a leggere con attenzione i presenti termini e condizioni prima di partecipare. I termini e le condizioni di cui sopra si applicano alla presente promozione salvo indicazione contraria qui di seguito.<\/p>\n<p><strong>Promozione Ricette<\/strong><\/p>\n<p>1) Questa seconda fase della promozione \u00e8 aperta dalle 12:00 PM del 26 aprile alle 12:00 PM del 3 di maggio 2021 compreso (da estendere settimana dopo settimana fino ad esaurimento scorte), oppure fino al momento in cui non saranno richieste le prime 10 confezioni. Il Promotore si riserva il diritto di chiudere l&#8217;iscrizione \/ sito web non appena saranno state richieste le prime 10 confezioni.<\/p>\n<p>2) Qualora il partecipante riceva uno dei campioni forniti nell&#8217;offerta di cui sopra, ha diritto a partecipare a questa seconda fase della promozione.<\/p>\n<p>3) Per partecipare, \u00e8 necessario inviare all&#8217;indirizzo e-mail qui di seguito una ricetta di poke realizzata servendosi del prodotto campione (Shiragiku o Honteri) ricevuto a titolo di campione da noi. La ricetta deve essere lunga almeno 100 parole e indicare nel dettaglio ogni fase della ricetta del poke. La ricetta, inoltre, DEVE includere i prodotti Honteri o Shiragiku.<\/p>\n<p>4) Una voce \u00e8 valida solo una volta che la ricetta, la foto di un piatto poke e i dettagli del partecipante (tra cui nome, indirizzo, e-mail, numero di telefono cellulare e la scelta della confezione di prodotto preferita &#8211; Shiragiku o Honteri) saranno stati inviati a mizkanchef@omne.agency.<\/p>\n<p>5) Le ricette dovranno essere accompagnate da un&#8217;immagine pubblicabile di qualit\u00e0 accettabile. L&#8217;immagine deve essere di propriet\u00e0 del partecipante. Il partecipante essere in grado di dimostrare di possedere i diritti d&#8217;autore della foto stessa e dovr\u00e0 altres\u00ec dimostrare che non infrange i diritti d&#8217;autore o altri diritti di terzi.<\/p>\n<p>6) Inviando la propria iscrizione e gli eventuali materiali a corredo della stessa, il partecipante accetta di concedere al Promotore una licenza non esclusiva, mondiale, irrevocabile, gratuita, per l&#8217;intera durata di qualsiasi diritto di propriet\u00e0 intellettuale nell&#8217;iscrizione e qualsiasi materiale a corredo dell\u2019iscrizione stessa, di utilizzare, visualizzare, pubblicare, trasmettere, copiare, modificare, alterare, memorizzare, riformattare e concedere in sotto-licenza l&#8217;iscrizione alla promozione e qualsiasi materiale a corredo della stessa per tali scopi.<\/p>\n<p>7) Le ricette dovranno essere accompagnate da un&#8217;immagine pubblicabile di qualit\u00e0 accettabile. L&#8217;immagine deve essere di propriet\u00e0 del partecipante. Il partecipante essere in grado di dimostrare di possedere i diritti d&#8217;autore della foto stessa e dovr\u00e0 altres\u00ec dimostrare che non infrange i diritti d&#8217;autore o altri diritti di terzi.<\/p>\n<p>8) I vincitori verranno avvisati tramite l&#8217;indirizzo e-mail o il numero di telefono forniti al momento dell&#8217;iscrizione nel minor tempo possibile successivamente alla ricezione delle prime 10 iscrizioni idonee. Il partecipante, quando prende parte alla promozione, ha la responsabilit\u00e0 di fornire dati corretti e aggiornati. Il Promotore non pu\u00f2 essere ritenuto responsabile nel caso in cui i vincitori non forniscano informazioni accurate che influiscono sull&#8217;accettazione o sulla consegna. Una volta che l&#8217;iscrizione \u00e8 stata inviata, il Promotore non modificher\u00e0 nessuna informazione di contatto. La presente offerta non \u00e8 trasferibile. Il campione non pu\u00f2 essere richiesto da terzi a nome del partecipante.<\/p>\n<p>9) I vincitori verranno annunciati sulle pagine dei social media Mizkan Chef (Instagram &amp; Facebook). Qualora il partecipante si opponga alla pubblicazione della sua iscrizione, dovr\u00e0 contattare il Promotore all&#8217;indirizzo mizkanchef@omne.agency. In tali circostanze, il Promotore dovr\u00e0 comunque &#8211; su richiesta &#8211; fornire le informazioni alla Advertising Standards Authority.<\/p>\n<p>10) Gli indirizzi e-mail raccolti verranno utilizzati unicamente dal Promotore \/ Mizkan Chef (e\/o dai suoi agenti terzi). Qualora si desideri essere contattati da noi in futuro tramite e-mail per ulteriori finalit\u00e0 promozionali, si prega di indicarlo nell\u2019e-mail apponendo un segno di spunta sulla casella corrispondente.<\/p>\n<p>11) In base a questi termini e condizioni, le prime 10 iscrizioni completate con i video delle ricette ammissibili ricevute dal Promotore, riceveranno una confezione di Shiragiku (20L) o Honteri (18L).<\/p>\n<p>12) Il promotore far\u00e0 tutto il possibile per contattare i partecipanti idonei alla ricezione delle confezioni di Shiragiku o Honteri. Qualora non sia possibile contattare il partecipante o qualora quest\u2019ultimo non sia disponibile o non abbia richiesto il proprio campione entro 10 giorni dalla data dell&#8217;annuncio, il Promotore si riserva il diritto di offrire i campioni al partecipante idoneo successivo. Il Promotore non si assume alcuna responsabilit\u00e0 qualora il Partecipante non sia in grado di ricevere il campione.<\/p>\n","protected":false},"excerpt":{"rendered":"<p>PER L\u2019OFFERTA DEL CAMPIONE GRATUITO DI HONTERI &amp; SHIRAGIKU Termini e condizioni I presenti termini e condizioni prevalgono in caso di conflitto o incoerenza con qualsiasi altra comunicazione, inclusi i materiali di carattere pubblicitario o promozionale. I partecipanti alla Promozione accettano di essere vincolati dai presenti termini e condizioni. Il Promotore Mizkan Euro Ltd. 2nd [&hellip;]<\/p>\n","protected":false},"author":2,"featured_media":0,"parent":0,"menu_order":0,"comment_status":"closed","ping_status":"closed","template":"","meta":{"footnotes":""},"acf":[],"yoast_head":"<!-- This site is optimized with the Yoast SEO plugin v21.9.1 - https:\/\/yoast.com\/wordpress\/plugins\/seo\/ -->\n<title>Pok\u00e9 - Termini E Condizioni - Mizkan<\/title>\n<meta name=\"robots\" content=\"index, follow, max-snippet:-1, max-image-preview:large, max-video-preview:-1\" \/>\n<meta property=\"og:locale\" content=\"it_IT\" \/>\n<meta property=\"og:type\" content=\"article\" \/>\n<meta property=\"og:title\" content=\"Pok\u00e9 - Termini E Condizioni - Mizkan\" \/>\n<meta property=\"og:description\" content=\"PER L\u2019OFFERTA DEL CAMPIONE GRATUITO DI HONTERI &amp; SHIRAGIKU Termini e condizioni I presenti termini e condizioni prevalgono in caso di conflitto o incoerenza con qualsiasi altra comunicazione, inclusi i materiali di carattere pubblicitario o promozionale. I partecipanti alla Promozione accettano di essere vincolati dai presenti termini e condizioni. Il Promotore Mizkan Euro Ltd. 2nd [&hellip;]\" \/>\n<meta property=\"og:url\" content=\"https:\/\/www.mizkanchef.com\/it\/poke-termini-e-condizioni\/\" \/>\n<meta property=\"og:site_name\" content=\"Mizkan\" \/>\n<meta property=\"article:modified_time\" content=\"2021-04-26T13:13:49+00:00\" \/>\n<meta name=\"twitter:card\" content=\"summary_large_image\" \/>\n<meta name=\"twitter:label1\" content=\"Tempo di lettura stimato\" \/>\n\t<meta name=\"twitter:data1\" content=\"8 minuti\" \/>\n<script type=\"application\/ld+json\" class=\"yoast-schema-graph\">{\"@context\":\"https:\/\/schema.org\",\"@graph\":[{\"@type\":\"WebPage\",\"@id\":\"https:\/\/www.mizkanchef.com\/it\/poke-termini-e-condizioni\/\",\"url\":\"https:\/\/www.mizkanchef.com\/it\/poke-termini-e-condizioni\/\",\"name\":\"Pok\u00e9 - Termini E Condizioni - Mizkan\",\"isPartOf\":{\"@id\":\"https:\/\/www.mizkanchef.com\/it\/#website\"},\"datePublished\":\"2021-03-04T15:39:28+00:00\",\"dateModified\":\"2021-04-26T13:13:49+00:00\",\"breadcrumb\":{\"@id\":\"https:\/\/www.mizkanchef.com\/it\/poke-termini-e-condizioni\/#breadcrumb\"},\"inLanguage\":\"it-IT\",\"potentialAction\":[{\"@type\":\"ReadAction\",\"target\":[\"https:\/\/www.mizkanchef.com\/it\/poke-termini-e-condizioni\/\"]}]},{\"@type\":\"BreadcrumbList\",\"@id\":\"https:\/\/www.mizkanchef.com\/it\/poke-termini-e-condizioni\/#breadcrumb\",\"itemListElement\":[{\"@type\":\"ListItem\",\"position\":1,\"name\":\"Home\",\"item\":\"https:\/\/www.mizkanchef.com\/it\/\"},{\"@type\":\"ListItem\",\"position\":2,\"name\":\"Pok\u00e9 &#8211; Termini E Condizioni\"}]},{\"@type\":\"WebSite\",\"@id\":\"https:\/\/www.mizkanchef.com\/it\/#website\",\"url\":\"https:\/\/www.mizkanchef.com\/it\/\",\"name\":\"Mizkan\",\"description\":\"Mizkan\",\"potentialAction\":[{\"@type\":\"SearchAction\",\"target\":{\"@type\":\"EntryPoint\",\"urlTemplate\":\"https:\/\/www.mizkanchef.com\/it\/?s={search_term_string}\"},\"query-input\":\"required name=search_term_string\"}],\"inLanguage\":\"it-IT\"}]}<\/script>\n<!-- \/ Yoast SEO plugin. -->","yoast_head_json":{"title":"Pok\u00e9 - Termini E Condizioni - Mizkan","robots":{"index":"index","follow":"follow","max-snippet":"max-snippet:-1","max-image-preview":"max-image-preview:large","max-video-preview":"max-video-preview:-1"},"og_locale":"it_IT","og_type":"article","og_title":"Pok\u00e9 - Termini E Condizioni - Mizkan","og_description":"PER L\u2019OFFERTA DEL CAMPIONE GRATUITO DI HONTERI &amp; SHIRAGIKU Termini e condizioni I presenti termini e condizioni prevalgono in caso di conflitto o incoerenza con qualsiasi altra comunicazione, inclusi i materiali di carattere pubblicitario o promozionale. I partecipanti alla Promozione accettano di essere vincolati dai presenti termini e condizioni. Il Promotore Mizkan Euro Ltd. 2nd [&hellip;]","og_url":"https:\/\/www.mizkanchef.com\/it\/poke-termini-e-condizioni\/","og_site_name":"Mizkan","article_modified_time":"2021-04-26T13:13:49+00:00","twitter_card":"summary_large_image","twitter_misc":{"Tempo di lettura stimato":"8 minuti"},"schema":{"@context":"https:\/\/schema.org","@graph":[{"@type":"WebPage","@id":"https:\/\/www.mizkanchef.com\/it\/poke-termini-e-condizioni\/","url":"https:\/\/www.mizkanchef.com\/it\/poke-termini-e-condizioni\/","name":"Pok\u00e9 - Termini E Condizioni - Mizkan","isPartOf":{"@id":"https:\/\/www.mizkanchef.com\/it\/#website"},"datePublished":"2021-03-04T15:39:28+00:00","dateModified":"2021-04-26T13:13:49+00:00","breadcrumb":{"@id":"https:\/\/www.mizkanchef.com\/it\/poke-termini-e-condizioni\/#breadcrumb"},"inLanguage":"it-IT","potentialAction":[{"@type":"ReadAction","target":["https:\/\/www.mizkanchef.com\/it\/poke-termini-e-condizioni\/"]}]},{"@type":"BreadcrumbList","@id":"https:\/\/www.mizkanchef.com\/it\/poke-termini-e-condizioni\/#breadcrumb","itemListElement":[{"@type":"ListItem","position":1,"name":"Home","item":"https:\/\/www.mizkanchef.com\/it\/"},{"@type":"ListItem","position":2,"name":"Pok\u00e9 &#8211; Termini E Condizioni"}]},{"@type":"WebSite","@id":"https:\/\/www.mizkanchef.com\/it\/#website","url":"https:\/\/www.mizkanchef.com\/it\/","name":"Mizkan","description":"Mizkan","potentialAction":[{"@type":"SearchAction","target":{"@type":"EntryPoint","urlTemplate":"https:\/\/www.mizkanchef.com\/it\/?s={search_term_string}"},"query-input":"required name=search_term_string"}],"inLanguage":"it-IT"}]}},"_links":{"self":[{"href":"https:\/\/www.mizkanchef.com\/it\/wp-json\/wp\/v2\/pages\/7353"}],"collection":[{"href":"https:\/\/www.mizkanchef.com\/it\/wp-json\/wp\/v2\/pages"}],"about":[{"href":"https:\/\/www.mizkanchef.com\/it\/wp-json\/wp\/v2\/types\/page"}],"author":[{"embeddable":true,"href":"https:\/\/www.mizkanchef.com\/it\/wp-json\/wp\/v2\/users\/2"}],"replies":[{"embeddable":true,"href":"https:\/\/www.mizkanchef.com\/it\/wp-json\/wp\/v2\/comments?post=7353"}],"version-history":[{"count":0,"href":"https:\/\/www.mizkanchef.com\/it\/wp-json\/wp\/v2\/pages\/7353\/revisions"}],"wp:attachment":[{"href":"https:\/\/www.mizkanchef.com\/it\/wp-json\/wp\/v2\/media?parent=7353"}],"curies":[{"name":"wp","href":"https:\/\/api.w.org\/{rel}","templated":true}]}}