{"id":9263,"date":"2022-02-03T14:07:32","date_gmt":"2022-02-03T14:07:32","guid":{"rendered":"https:\/\/www.mizkanchef.com\/?page_id=9263"},"modified":"2022-03-29T12:02:28","modified_gmt":"2022-03-29T12:02:28","slug":"distributeurs","status":"publish","type":"page","link":"https:\/\/www.mizkanchef.com\/fr\/distributeurs\/","title":{"rendered":"Distributeurs"},"content":{"rendered":"<form data-sf-form-id='9256' data-is-rtl='0' data-maintain-state='' data-results-url='https:\/\/www.mizkanchef.com\/fr\/distributeurs\/' data-ajax-url='https:\/\/www.mizkanchef.com\/fr\/?sfid=9256&amp;sf_action=get_data&amp;sf_data=results' data-ajax-form-url='https:\/\/www.mizkanchef.com\/fr\/?sfid=9256&amp;sf_action=get_data&amp;sf_data=form' data-display-result-method='shortcode' data-use-history-api='1' data-template-loaded='0' data-lang-code='fr' data-ajax='1' data-ajax-data-type='json' data-ajax-links-selector='.pagination a' data-ajax-target='#search-filter-results-9256' data-ajax-pagination-type='infinite_scroll' data-show-scroll-loader='1' data-infinite-scroll-trigger='-100' data-update-ajax-url='1' data-only-results-ajax='1' data-scroll-to-pos='0' data-init-paged='1' data-auto-update='1' action='https:\/\/www.mizkanchef.com\/fr\/distributeurs\/' method='post' class='searchandfilter' id='search-filter-form-9256' autocomplete='off' data-instance-count='1'><ul><li class=\"sf-field-taxonomy-stocks\" data-sf-field-name=\"_sft_stocks\" data-sf-field-type=\"taxonomy\" data-sf-field-input-type=\"checkbox\"><h4>FILTRES DE PRODUITS<\/h4>\t\t<ul data-operator=\"and\" class=\"\">\n\t\t\t\t\t  <li class=\"sf-level-0 sf-item-351\" data-sf-count=\"6\" data-sf-depth=\"0\"><input  class=\"sf-input-checkbox\" type=\"checkbox\" value=\"ginmai\" name=\"_sft_stocks[]\" id=\"sf-input-f7a83089ff2582eecd68a27a98e68bd7\"><label class=\"sf-label-checkbox\" for=\"sf-input-f7a83089ff2582eecd68a27a98e68bd7\">Ginmai<\/label><\/li><li class=\"sf-level-0 sf-item-345\" data-sf-count=\"40\" data-sf-depth=\"0\"><input  class=\"sf-input-checkbox\" type=\"checkbox\" value=\"honteri\" name=\"_sft_stocks[]\" id=\"sf-input-f361eb8a23cb825cb1d0f0761ed949ec\"><label class=\"sf-label-checkbox\" for=\"sf-input-f361eb8a23cb825cb1d0f0761ed949ec\">Honteri<\/label><\/li><li class=\"sf-level-0 sf-item-347\" data-sf-count=\"23\" data-sf-depth=\"0\"><input  class=\"sf-input-checkbox\" type=\"checkbox\" value=\"js-47\" name=\"_sft_stocks[]\" id=\"sf-input-f4c5f86dd4bf7bb8e053068d167d64b4\"><label class=\"sf-label-checkbox\" for=\"sf-input-f4c5f86dd4bf7bb8e053068d167d64b4\">JS-47<\/label><\/li><li class=\"sf-level-0 sf-item-349\" data-sf-count=\"7\" data-sf-depth=\"0\"><input  class=\"sf-input-checkbox\" type=\"checkbox\" value=\"js-alpha\" name=\"_sft_stocks[]\" id=\"sf-input-9a9dd944c380fe622530e7e7e763d243\"><label class=\"sf-label-checkbox\" for=\"sf-input-9a9dd944c380fe622530e7e7e763d243\">JS-Alpha<\/label><\/li><li class=\"sf-level-0 sf-item-346\" data-sf-count=\"39\" data-sf-depth=\"0\"><input  class=\"sf-input-checkbox\" type=\"checkbox\" value=\"shiragiku\" name=\"_sft_stocks[]\" id=\"sf-input-75d99ee6a1be317ef58fb193f45b8d14\"><label class=\"sf-label-checkbox\" for=\"sf-input-75d99ee6a1be317ef58fb193f45b8d14\">Shiragiku<\/label><\/li><li class=\"sf-level-0 sf-item-350\" data-sf-count=\"31\" data-sf-depth=\"0\"><input  class=\"sf-input-checkbox\" type=\"checkbox\" value=\"suehiro\" name=\"_sft_stocks[]\" id=\"sf-input-1109363a795842fd7185458a8c8584f2\"><label class=\"sf-label-checkbox\" for=\"sf-input-1109363a795842fd7185458a8c8584f2\">Suehiro<\/label><\/li><li class=\"sf-level-0 sf-item-348\" data-sf-count=\"5\" data-sf-depth=\"0\"><input  class=\"sf-input-checkbox\" type=\"checkbox\" value=\"yumai\" name=\"_sft_stocks[]\" id=\"sf-input-65e0af5fa781c68c7bca1a153ed7f86d\"><label class=\"sf-label-checkbox\" for=\"sf-input-65e0af5fa781c68c7bca1a153ed7f86d\">Yumai<\/label><\/li><li class=\"sf-level-0 sf-item-352\" data-sf-count=\"16\" data-sf-depth=\"0\"><input  class=\"sf-input-checkbox\" type=\"checkbox\" value=\"yuzu-ponzu\" name=\"_sft_stocks[]\" id=\"sf-input-5c98efad292f444015cd42b1b1ce5a07\"><label class=\"sf-label-checkbox\" for=\"sf-input-5c98efad292f444015cd42b1b1ce5a07\">Yuzu Ponzu<\/label><\/li>\t\t<\/ul>\n\t\t<\/li><\/ul><\/form>\n<div class=\"search-filter-results\" id=\"search-filter-results-9256\">\n\n\t\n\t\n\t<div class='search-filter-results-list'>\n\t<div class=\"row distribution-list\">\n\t            <div class='search-filter-result-item rplist-1 distributionline'>\n\t\t\t<div class='distribution-list-image col-sm-4'>\n\t\t\t\t\n\t\t\t\t<img fetchpriority=\"high\" decoding=\"async\" width=\"425\" height=\"226\" src=\"https:\/\/www.mizkanchef.com\/wp-content\/uploads\/2022\/01\/foodex.jpg\" class=\"img-responsive wp-post-image\" alt=\"\" \/>                \n            <\/div>\n            <div class='distribution-list-text col-sm-5'>\n\t\t\t\t<h3>Foodex<\/h3>\n\t\t\t\t<p>Pr\u00e9sents sur les 5 continents, les acheteurs Foodex vous proposent les meilleures saveurs du bout du monde.<\/p>\n<p><strong>Tel:<\/strong> +33 1 45 10 24 00<\/p>\n\t\t\t\t<p><a href=\"https:\/\/www.foodex.fr\/\" class=\"green-button animated\">Visitez le site Web<\/a><\/p>\t\t\t<\/div>\n\t\t\t\t<div class=\"col-sm-3\">\n\t\t\t\t\t<h3>Produits<\/h3>\n\t\t\t\t\t<p>Honteri<br \/>\nJS-47<br \/>\nJS-Alpha<br \/>\nShiragiku<br \/>\nSuehiro<br \/>\nYumai<\/p>\n\t\t\t\t<\/div>\n            <div class=\"clear\"><\/div>\n            <\/div>\n            \n\t\t\t\t\t            <div class='search-filter-result-item rplist-2 distributionline'>\n\t\t\t<div class='distribution-list-image col-sm-4'>\n\t\t\t\t\n\t\t\t\t<img decoding=\"async\" width=\"425\" height=\"168\" src=\"https:\/\/www.mizkanchef.com\/wp-content\/uploads\/2022\/01\/jc-international.jpg\" class=\"img-responsive wp-post-image\" alt=\"\" \/>                \n            <\/div>\n            <div class='distribution-list-text col-sm-5'>\n\t\t\t\t<h3>JFC<\/h3>\n\t\t\t\t<p>JFC livrons des produits alimentaires asiatiques sains, de grande qualit\u00e9, \u00e0 travers tout le continent depuis centres de distribution strat\u00e9giquement implant\u00e9s.<\/p>\n<p><strong>Adresse:<br \/>\n<\/strong>PERIPARK Gennevilliers, B\u00e2timent C, 101 Avenue Louis Roche, 92230 Gennevilliers, France<br \/>\n<strong>Tel:<\/strong> +33 (0) 1 40 86 42 00<\/p>\n\t\t\t\t<p><a href=\"https:\/\/www.jfc.eu\/fr\/\" class=\"green-button animated\">Visitez le site Web<\/a><\/p>\t\t\t<\/div>\n\t\t\t\t<div class=\"col-sm-3\">\n\t\t\t\t\t<h3>Produits<\/h3>\n\t\t\t\t\t<p>Honteri<br \/>\nShiragiku<br \/>\nSuehiro<br \/>\nJS-47<br \/>\nYuzu Ponzu<\/p>\n\t\t\t\t<\/div>\n            <div class=\"clear\"><\/div>\n            <\/div>\n            \n\t\t\t\t\t            <div class='search-filter-result-item rplist-3 distributionline'>\n\t\t\t<div class='distribution-list-image col-sm-4'>\n\t\t\t\t\n\t\t\t\t<img decoding=\"async\" width=\"425\" height=\"137\" src=\"https:\/\/www.mizkanchef.com\/wp-content\/uploads\/2022\/01\/kioko.jpg\" class=\"img-responsive wp-post-image\" alt=\"\" \/>                \n            <\/div>\n            <div class='distribution-list-text col-sm-5'>\n\t\t\t\t<h3>Kioko SARL<\/h3>\n\t\t\t\t<p>La soci\u00e9t\u00e9 KIOKO importateur et grossiste de produits Japonais propose une large gamme d&rsquo;ingr\u00e9dients et autres produits de la cuisine japonaise du petit aux gros conditionnements.<\/p>\n<p><strong>Adresse:<\/strong><br \/>\nKIOKO service commercial et vente en gros, 88 rue de Seine, 94400 Vitry sur Seine, France<br \/>\n<strong>Tel:<\/strong> 01 45 21 46 99<\/p>\n\t\t\t\t<p><a href=\"https:\/\/www.kioko.fr\/\" class=\"green-button animated\">Visitez le site Web<\/a><\/p>\t\t\t<\/div>\n\t\t\t\t<div class=\"col-sm-3\">\n\t\t\t\t\t<h3>Produits<\/h3>\n\t\t\t\t\t<p>Honteri<br \/>\nJS-Alpha<br \/>\nSuehiro<br \/>\nShiragiku<\/p>\n\t\t\t\t<\/div>\n            <div class=\"clear\"><\/div>\n            <\/div>\n            \n\t\t\t\t\t            <div class='search-filter-result-item rplist-4 distributionline'>\n\t\t\t<div class='distribution-list-image col-sm-4'>\n\t\t\t\t\n\t\t\t\t<img loading=\"lazy\" decoding=\"async\" width=\"425\" height=\"226\" src=\"https:\/\/www.mizkanchef.com\/wp-content\/uploads\/2022\/01\/nihon-food.jpg\" class=\"img-responsive wp-post-image\" alt=\"\" \/>                \n            <\/div>\n            <div class='distribution-list-text col-sm-5'>\n\t\t\t\t<h3>Nihon Food (Netherlands)<\/h3>\n\t\t\t\t<p>Nihonfood sont des grossistes sp\u00e9cialis\u00e9s dans la cuisine japonaise et asiatique, apportant des d\u00e9lices asiatiques de confiance et bien connus directement dans votre cuisine.<\/p>\n<p><strong>Adresse:<\/strong><br \/>\nNijverheidscentrum 5a, 2761 JP Zevenhuizen, Pays-Bas<br \/>\n<strong>Tel:<\/strong> 085-8768688<\/p>\n\t\t\t\t<p><a href=\"https:\/\/www.nihonfood.nl\/\" class=\"green-button animated\">Visitez le site Web<\/a><\/p>\t\t\t<\/div>\n\t\t\t\t<div class=\"col-sm-3\">\n\t\t\t\t\t<h3>Produits<\/h3>\n\t\t\t\t\t<p>Honteri<br \/>\nJS-47<br \/>\nShiragiku<br \/>\nSuehiro<\/p>\n\t\t\t\t<\/div>\n            <div class=\"clear\"><\/div>\n            <\/div>\n            \n\t\t\t\t\t            <div class='search-filter-result-item rplist-5 distributionline'>\n\t\t\t<div class='distribution-list-image col-sm-4'>\n\t\t\t\t\n\t\t\t\t<img loading=\"lazy\" decoding=\"async\" width=\"425\" height=\"169\" src=\"https:\/\/www.mizkanchef.com\/wp-content\/uploads\/2022\/01\/lx-france.jpg\" class=\"img-responsive wp-post-image\" alt=\"\" \/>                \n            <\/div>\n            <div class='distribution-list-text col-sm-5'>\n\t\t\t\t<h3>SAS LX France<\/h3>\n\t\t\t\t<p>Depuis sa cr\u00e9ation en 2004, LX FRANCE d\u00e9veloppe et travaille de mani\u00e8re tr\u00e8s proche avec ses clients en leur proposant des produits de grandes marques r\u00e9put\u00e9es pour leur qualit\u00e9.<\/p>\n<p><strong>Adresse:<\/strong><br \/>\n12 Rue des Oliviers, 94320 Thiais, France<br \/>\n<strong>Tel:<\/strong> 01 58 73 88 08<\/p>\n\t\t\t\t<p><a href=\"https:\/\/www.lxfrance.fr\/\" class=\"green-button animated\">Visitez le site Web<\/a><\/p>\t\t\t<\/div>\n\t\t\t\t<div class=\"col-sm-3\">\n\t\t\t\t\t<h3>Produits<\/h3>\n\t\t\t\t\t<p>Honteri<br \/>\nJS-47<br \/>\nJS-Alpha<br \/>\nShiragiku<br \/>\nSuehiro<br \/>\nYuzu Ponzu<\/p>\n\t\t\t\t<\/div>\n            <div class=\"clear\"><\/div>\n            <\/div>\n            \n\t\t\t\t\t            <div class='search-filter-result-item rplist-6 distributionline'>\n\t\t\t<div class='distribution-list-image col-sm-4'>\n\t\t\t\t\n\t\t\t\t<img loading=\"lazy\" decoding=\"async\" width=\"425\" height=\"164\" src=\"https:\/\/www.mizkanchef.com\/wp-content\/uploads\/2022\/06\/stutzer.jpg\" class=\"img-responsive wp-post-image\" alt=\"\" \/>                \n            <\/div>\n            <div class='distribution-list-text col-sm-5'>\n\t\t\t\t<h3>Stutzer&#038;Co. AG<\/h3>\n\t\t\t\t<p><strong>Adresse:<\/strong><br \/>\nBaumackerstrasse 24, 8050 Z\u00fcrich, Switzerland<br \/>\n<strong>Tel:<\/strong> +41 (0)44 315 56 55<\/p>\n\t\t\t\t<p><a href=\"https:\/\/www.stutzer.ch\" class=\"green-button animated\">Visitez le site Web<\/a><\/p>\t\t\t<\/div>\n\t\t\t\t<div class=\"col-sm-3\">\n\t\t\t\t\t<h3>Produits<\/h3>\n\t\t\t\t\t<p>Honteri<br \/>\nShiragiku<br \/>\nYuzu Ponzu<br \/>\nJS-47<br \/>\nYumai<\/p>\n\t\t\t\t<\/div>\n            <div class=\"clear\"><\/div>\n            <\/div>\n            \n\t\t\t\t\t            <div class='search-filter-result-item rplist-7 distributionline'>\n\t\t\t<div class='distribution-list-image col-sm-4'>\n\t\t\t\t\n\t\t\t\t                \n            <\/div>\n            <div class='distribution-list-text col-sm-5'>\n\t\t\t\t<h3>Supermarche D&rsquo;Asie<\/h3>\n\t\t\t\t<p>Supermarket Asia propose un large choix de produits alimentaires de toute l&rsquo;Asie, fort de 8 ans d&rsquo;exp\u00e9rience en tant que grossiste sp\u00e9cialis\u00e9.<\/p>\n<p><strong>Adresse:<\/strong><br \/>\n16 Rue Christophe Colomb, 94310 Orly<br \/>\n<strong>Tel:<\/strong> +33 1 77 01 45 69<\/p>\n\t\t\t\t\t\t\t<\/div>\n\t\t\t\t<div class=\"col-sm-3\">\n\t\t\t\t\t<h3>Produits<\/h3>\n\t\t\t\t\t<p>Honteri<br \/>\nShiragiku<br \/>\nSuehiro<\/p>\n\t\t\t\t<\/div>\n            <div class=\"clear\"><\/div>\n            <\/div>\n            \n\t\t\t\t\t\t<\/div>\n\t<\/div>\n\n\n\n\n\n<\/div>\n<p>&nbsp;<\/p>\n<p style=\"text-align: center;\">N\u2019h\u00e9sitez pas \u00e0 nous contacter en utilisant l\u2019email suivant <a href=\"mailto:customercare@mizkan.co.uk\">customercare@mizkan.co.uk<\/a> si vous ne trouvez pas votre stockiste dans la liste ci-dessus.<br \/>\nNous pouvons certainement vous aider.<\/p>\n","protected":false},"excerpt":{"rendered":"<p>&nbsp; N\u2019h\u00e9sitez pas \u00e0 nous contacter en utilisant l\u2019email suivant customercare@mizkan.co.uk si vous ne trouvez pas votre stockiste dans la liste ci-dessus. Nous pouvons certainement vous aider.<\/p>\n","protected":false},"author":2,"featured_media":0,"parent":0,"menu_order":0,"comment_status":"closed","ping_status":"closed","template":"","meta":{"footnotes":""},"acf":[],"yoast_head":"<!-- This site is optimized with the Yoast SEO plugin v21.9.1 - https:\/\/yoast.com\/wordpress\/plugins\/seo\/ -->\n<title>Distributeurs - Mizkan Chef<\/title>\n<meta name=\"robots\" content=\"index, follow, max-snippet:-1, max-image-preview:large, max-video-preview:-1\" \/>\n<meta property=\"og:locale\" content=\"fr_FR\" \/>\n<meta property=\"og:type\" content=\"article\" \/>\n<meta property=\"og:title\" content=\"Distributeurs - Mizkan Chef\" \/>\n<meta property=\"og:description\" content=\"&nbsp; N\u2019h\u00e9sitez pas \u00e0 nous contacter en utilisant l\u2019email suivant customercare@mizkan.co.uk si vous ne trouvez pas votre stockiste dans la liste ci-dessus. Nous pouvons certainement vous aider.\" \/>\n<meta property=\"og:url\" content=\"https:\/\/www.mizkanchef.com\/fr\/distributeurs\/\" \/>\n<meta property=\"og:site_name\" content=\"Mizkan\" \/>\n<meta property=\"article:modified_time\" content=\"2022-03-29T12:02:28+00:00\" \/>\n<meta name=\"twitter:card\" content=\"summary_large_image\" \/>\n<meta name=\"twitter:label1\" content=\"Dur\u00e9e de lecture estim\u00e9e\" \/>\n\t<meta name=\"twitter:data1\" content=\"1 minute\" \/>\n<script type=\"application\/ld+json\" class=\"yoast-schema-graph\">{\"@context\":\"https:\/\/schema.org\",\"@graph\":[{\"@type\":\"WebPage\",\"@id\":\"https:\/\/www.mizkanchef.com\/fr\/distributeurs\/\",\"url\":\"https:\/\/www.mizkanchef.com\/fr\/distributeurs\/\",\"name\":\"Distributeurs - Mizkan Chef\",\"isPartOf\":{\"@id\":\"https:\/\/www.mizkanchef.com\/fr\/#website\"},\"datePublished\":\"2022-02-03T14:07:32+00:00\",\"dateModified\":\"2022-03-29T12:02:28+00:00\",\"breadcrumb\":{\"@id\":\"https:\/\/www.mizkanchef.com\/fr\/distributeurs\/#breadcrumb\"},\"inLanguage\":\"fr-FR\",\"potentialAction\":[{\"@type\":\"ReadAction\",\"target\":[\"https:\/\/www.mizkanchef.com\/fr\/distributeurs\/\"]}]},{\"@type\":\"BreadcrumbList\",\"@id\":\"https:\/\/www.mizkanchef.com\/fr\/distributeurs\/#breadcrumb\",\"itemListElement\":[{\"@type\":\"ListItem\",\"position\":1,\"name\":\"Home\",\"item\":\"https:\/\/www.mizkanchef.com\/fr\/\"},{\"@type\":\"ListItem\",\"position\":2,\"name\":\"Distributeurs\"}]},{\"@type\":\"WebSite\",\"@id\":\"https:\/\/www.mizkanchef.com\/fr\/#website\",\"url\":\"https:\/\/www.mizkanchef.com\/fr\/\",\"name\":\"Mizkan\",\"description\":\"Mizkan\",\"potentialAction\":[{\"@type\":\"SearchAction\",\"target\":{\"@type\":\"EntryPoint\",\"urlTemplate\":\"https:\/\/www.mizkanchef.com\/fr\/?s={search_term_string}\"},\"query-input\":\"required name=search_term_string\"}],\"inLanguage\":\"fr-FR\"}]}<\/script>\n<!-- \/ Yoast SEO plugin. -->","yoast_head_json":{"title":"Distributeurs - Mizkan Chef","robots":{"index":"index","follow":"follow","max-snippet":"max-snippet:-1","max-image-preview":"max-image-preview:large","max-video-preview":"max-video-preview:-1"},"og_locale":"fr_FR","og_type":"article","og_title":"Distributeurs - Mizkan Chef","og_description":"&nbsp; N\u2019h\u00e9sitez pas \u00e0 nous contacter en utilisant l\u2019email suivant customercare@mizkan.co.uk si vous ne trouvez pas votre stockiste dans la liste ci-dessus. Nous pouvons certainement vous aider.","og_url":"https:\/\/www.mizkanchef.com\/fr\/distributeurs\/","og_site_name":"Mizkan","article_modified_time":"2022-03-29T12:02:28+00:00","twitter_card":"summary_large_image","twitter_misc":{"Dur\u00e9e de lecture estim\u00e9e":"1 minute"},"schema":{"@context":"https:\/\/schema.org","@graph":[{"@type":"WebPage","@id":"https:\/\/www.mizkanchef.com\/fr\/distributeurs\/","url":"https:\/\/www.mizkanchef.com\/fr\/distributeurs\/","name":"Distributeurs - Mizkan Chef","isPartOf":{"@id":"https:\/\/www.mizkanchef.com\/fr\/#website"},"datePublished":"2022-02-03T14:07:32+00:00","dateModified":"2022-03-29T12:02:28+00:00","breadcrumb":{"@id":"https:\/\/www.mizkanchef.com\/fr\/distributeurs\/#breadcrumb"},"inLanguage":"fr-FR","potentialAction":[{"@type":"ReadAction","target":["https:\/\/www.mizkanchef.com\/fr\/distributeurs\/"]}]},{"@type":"BreadcrumbList","@id":"https:\/\/www.mizkanchef.com\/fr\/distributeurs\/#breadcrumb","itemListElement":[{"@type":"ListItem","position":1,"name":"Home","item":"https:\/\/www.mizkanchef.com\/fr\/"},{"@type":"ListItem","position":2,"name":"Distributeurs"}]},{"@type":"WebSite","@id":"https:\/\/www.mizkanchef.com\/fr\/#website","url":"https:\/\/www.mizkanchef.com\/fr\/","name":"Mizkan","description":"Mizkan","potentialAction":[{"@type":"SearchAction","target":{"@type":"EntryPoint","urlTemplate":"https:\/\/www.mizkanchef.com\/fr\/?s={search_term_string}"},"query-input":"required name=search_term_string"}],"inLanguage":"fr-FR"}]}},"_links":{"self":[{"href":"https:\/\/www.mizkanchef.com\/fr\/wp-json\/wp\/v2\/pages\/9263"}],"collection":[{"href":"https:\/\/www.mizkanchef.com\/fr\/wp-json\/wp\/v2\/pages"}],"about":[{"href":"https:\/\/www.mizkanchef.com\/fr\/wp-json\/wp\/v2\/types\/page"}],"author":[{"embeddable":true,"href":"https:\/\/www.mizkanchef.com\/fr\/wp-json\/wp\/v2\/users\/2"}],"replies":[{"embeddable":true,"href":"https:\/\/www.mizkanchef.com\/fr\/wp-json\/wp\/v2\/comments?post=9263"}],"version-history":[{"count":0,"href":"https:\/\/www.mizkanchef.com\/fr\/wp-json\/wp\/v2\/pages\/9263\/revisions"}],"wp:attachment":[{"href":"https:\/\/www.mizkanchef.com\/fr\/wp-json\/wp\/v2\/media?parent=9263"}],"curies":[{"name":"wp","href":"https:\/\/api.w.org\/{rel}","templated":true}]}}