{"id":8376,"date":"2021-07-12T10:27:26","date_gmt":"2021-07-12T10:27:26","guid":{"rendered":"https:\/\/www.mizkanchef.com\/shiragiku-terms-conditions\/"},"modified":"2022-02-10T10:01:56","modified_gmt":"2022-02-10T10:01:56","slug":"shiragiku-conditions-generales","status":"publish","type":"page","link":"https:\/\/www.mizkanchef.com\/fr\/shiragiku-conditions-generales\/","title":{"rendered":"Shiragiku &#8211; Conditions G\u00e9n\u00e9rales"},"content":{"rendered":"<p>En cas de conflit ou de divergence avec toute autre communication, y compris le mat\u00e9riel publicitaire ou promotionnel, les pr\u00e9sentes conditions g\u00e9n\u00e9rales pr\u00e9valent. Les participants \u00e0 la promotion acceptent d&rsquo;\u00eatre soumis \u00e0 ces conditions g\u00e9n\u00e9rales.<\/p>\n<h3>Le Promoteur<\/h3>\n<p>Mizkan Euro Ltd. 2nd Floor, Building 10, Chiswick Park, 566 Chiswick High Road, London W4 5XS (\u00ab Le Promoteur \u00bb).<\/p>\n<h3>Protection des donn\u00e9es personnelles<\/h3>\n<p>Le promoteur et son agence traiteront les donn\u00e9es personnelles des participants dans la mesure o\u00f9 cela est n\u00e9cessaire \u00e0 l&rsquo;ex\u00e9cution des promotions ci-dessus (ainsi qu&rsquo;\u00e0 la v\u00e9rification de l&rsquo;identit\u00e9 si n\u00e9cessaire). pour plus d&rsquo;information, rendez-vous sur <a href=\"https:\/\/www.mizkanchef.com\/en\/privacy-policy\/\">https:\/\/www.mizkanchef.com\/en\/privacy-policy\/<\/a>.<\/p>\n<p>En acceptant les pr\u00e9sentes conditions g\u00e9n\u00e9rales, vous acceptez le traitement de vos donn\u00e9es personnelles tel que d\u00e9crit dans l&rsquo;avis mentionn\u00e9 ci-dessus.<\/p>\n<h3>La Promotion<\/h3>\n<p>La promotion comprend les phases suivantes, dont les d\u00e9tails sont expos\u00e9s plus loin.<\/p>\n<ul>\n<li>Phase 1 : Offre d&rsquo;un \u00e9chantillon gratuit d&rsquo;une bouteille de Shiragiku aux 200 premi\u00e8res demandes de chefs professionnels \u00e9ligibles.<\/li>\n<li>Phase 2 : Recette. Concours de recettes avec du Shiragiku par les chefs professionnels qui ont re\u00e7u les \u00e9chantillons lors de la premi\u00e8re phase.<\/li>\n<li>Tirage au sort d&rsquo;un kit de cuisine.<\/li>\n<\/ul>\n<h3>\u00c9CHANTILLON GRATUIT DE SHIRAGIKU (phase 1)<\/h3>\n<p>1) L&rsquo;offre d&rsquo;\u00e9chantillons gratuits est ouverte aux chefs professionnels authentiques \u00e2g\u00e9s de 18 ans ou plus et r\u00e9sidant au Royaume-Uni, sauf :<br \/>\na) Les employ\u00e9s des agents ou des fournisseurs du Promoteur ou de ses soci\u00e9t\u00e9s holding ou filiales, qui sont professionnellement impliqu\u00e9s dans la promotion ou son administration ; ou<br \/>\nb) Les membres de la famille imm\u00e9diate ou du foyer des personnes vis\u00e9es au point a) ci-dessus.<\/p>\n<p>2) Le Promoteur peut vous demander de fournir des preuves, notamment la v\u00e9rification de votre identit\u00e9 et d&rsquo;autres conditions d&rsquo;admissibilit\u00e9.<\/p>\n<p>3) La promotion se d\u00e9roulera du 4 octobre 2021 \u00e0 00h01 au 12 novembre 2021 \u00e0 23h 59 inclus ou jusqu&rsquo;\u00e0 ce que les 200 premiers \u00e9chantillons soient demand\u00e9s. Le Promoteur se r\u00e9serve le droit de clore la participation \/ le site Web une fois que les 200 premiers \u00e9chantillons auront \u00e9t\u00e9 r\u00e9clam\u00e9s.<\/p>\n<p>4) Aucun achat n&rsquo;est requis.<\/p>\n<p>5) L&rsquo;offre est limit\u00e9e aux 200 premi\u00e8res demandes d&rsquo;\u00e9chantillons. L&rsquo;offre est limit\u00e9e \u00e0 une entr\u00e9e par participant \/ entreprise \u00e0 la m\u00eame adresse (sur la base du nom et de l&rsquo;adresse de l&rsquo;entreprise). Aucune participation multiple ne sera accept\u00e9e. Toute personne tentant de contourner cette r\u00e8gle en utilisant des coordonn\u00e9es commerciales diff\u00e9rentes ou toute autre m\u00e9thode sera disqualifi\u00e9e de cette promotion. Les inscriptions au nom d&rsquo;un autre participant ou d&rsquo;une autre entreprise, les soumissions conjointes, les inscriptions group\u00e9es provenant de commerces, de groupes de consommateurs ou de tiers ne seront pas accept\u00e9es.<\/p>\n<p>6) Le Promoteur se r\u00e9serve tout droit de disqualifier tout participant si son comportement est contraire \u00e0 l&rsquo;esprit ou \u00e0 l&rsquo;intention de la promotion ou si sa participation est jug\u00e9e contraire aux pr\u00e9sentes conditions g\u00e9n\u00e9rales.<\/p>\n<p>7) Pour participer \u00e0 la promotion, les participants doivent remplir tous les champs obligatoires, y compris une adresse \u00e9lectronique et une adresse postale valides, lors de leur inscription sur le formulaire en ligne. Les formulaires incomplets ne seront pas accept\u00e9s.<\/p>\n<p>8) Les inscriptions sont soumises \u00e0 v\u00e9rification et seront d\u00e9clar\u00e9es nulles si elles sont illisibles, reproduites m\u00e9caniquement, contrefaites, falsifi\u00e9es, modifi\u00e9es ou alt\u00e9r\u00e9es de quelque mani\u00e8re que ce soit.<\/p>\n<p>9) Les inscriptions g\u00e9n\u00e9r\u00e9es automatiquement par ordinateur ne seront pas accept\u00e9es.<\/p>\n<p>10) En soumettant un formulaire de participation, vous :<br \/>\na) acceptez d&rsquo;\u00eatre soumis \u00e0 ces conditions g\u00e9n\u00e9rales ; et<br \/>\nb) confirmez que vous avez l&rsquo;autorisation de votre employeur pour demander cet \u00e9chantillon gratuit.<\/p>\n<p>11) L&rsquo;\u00e9chantillon gratuit est une bouteille de 368 ml de Shiragiku. Il sera exp\u00e9di\u00e9 \u00e0 l&rsquo;adresse indiqu\u00e9e sur les formulaires d&rsquo;inscription. Cette offre d&rsquo;\u00e9chantillon n&rsquo;est pas transf\u00e9rable. L&rsquo;\u00e9chantillon ne peut \u00eatre r\u00e9clam\u00e9 par un tiers en votre nom.<\/p>\n<p>12) Le Promoteur d\u00e9cline toute responsabilit\u00e9 en cas de livraison manqu\u00e9e ou de non r\u00e9ception de l&rsquo;\u00e9chantillon gratuit ou si l&rsquo;\u00e9chantillon est endommag\u00e9 pendant le transport.<\/p>\n<p>13) Le Promoteur retirera cette offre une fois que les 200 \u00e9chantillons auront \u00e9t\u00e9 demand\u00e9s.<\/p>\n<p>14) Les \u00e9chantillons seront livr\u00e9s dans les 6 semaines suivant la r\u00e9ception de l&rsquo;inscription par le Promoteur.<\/p>\n<p>15) Le Promoteur ne peut \u00eatre tenu responsable des formulaires de participation non re\u00e7us pour quelque raison que ce soit.<\/p>\n<p>16) Le Promoteur n&rsquo;entrera pas en communication concernant le non-respect des engagements.<\/p>\n<p>17) Il n&rsquo;y a pas d&rsquo;alternative de paiement en esp\u00e8ces pour les \u00e9chantillons.<\/p>\n<p>18) Dans la mesure o\u00f9 la loi l&rsquo;autorise, le Promoteur, ses agents ou distributeurs ne seront en aucun cas tenus de d\u00e9dommager le gagnant ou d&rsquo;accepter une quelconque responsabilit\u00e9 pour toute perte, tout dommage, toute blessure ou tout d\u00e9c\u00e8s survenant \u00e0 la suite de l&rsquo;acceptation de l&rsquo;\u00e9chantillon, sauf s&rsquo;ils sont caus\u00e9s par la n\u00e9gligence du Promoteur, de ses agents ou distributeurs ou de leurs employ\u00e9s. Vos droits l\u00e9gaux ne sont pas affect\u00e9s.<\/p>\n<p>19) Le Promoteur se r\u00e9serve le droit d&rsquo;annuler, de suspendre, d&rsquo;annuler ou de modifier l&rsquo;\u00e9chantillon si cela s&rsquo;av\u00e8re n\u00e9cessaire.<\/p>\n<p>20) S&rsquo;il existe une quelconque raison de croire qu&rsquo;il y a eu violation des pr\u00e9sentes conditions g\u00e9n\u00e9rales, le Promoteur peut, \u00e0 sa seule discr\u00e9tion, se r\u00e9server le droit de vous exclure de la participation \u00e0 la promotion.<\/p>\n<h3>TIRAGE AU SORT DE L&rsquo;OP\u00c9RATION GAGNEZ DES KITS DE CUISINE<\/h3>\n<p>Ces conditions s&rsquo;appliquent \u00e0 notre op\u00e9ration GAGNEZ UN KIT DE CUISINE 2021. Veuillez lire attentivement ces conditions g\u00e9n\u00e9rales avant de participer. Les conditions g\u00e9n\u00e9rales ci-dessus s&rsquo;appliquent \u00e0 cette promotion, sauf indication contraire ci-dessous.<\/p>\n<h3>Promotion par tirage au sort<\/h3>\n<p>1) Cette promotion est valable du 4 octobre 2021 \u00e0 00h01 au 12 novembre 2021 \u00e0 23h59 inclus. Chaque demande d&rsquo;\u00e9chantillon valide remplie pendant cette p\u00e9riode sera inscrite \u00e0 un tirage au sort pour gagner un kit de cuisine, comprenant les ingr\u00e9dients n\u00e9cessaires pour cr\u00e9er 3 recettes, un tablier de la marque Mizkan et un tapis pour sushi (valeur estim\u00e9e de 35 \u00a3 par bo\u00eete).<\/p>\n<p>2) Un gagnant sera tir\u00e9 au sort par un mandataire ind\u00e9pendant et sera inform\u00e9 \u00e0 l&rsquo;adresse \u00e9lectronique ou au num\u00e9ro de t\u00e9l\u00e9phone fournis lors de la demande d&rsquo;un \u00e9chantillon de Shiragiku. Le tirage au sort aura lieu et sera annonc\u00e9 le 15 novembre 2021 \u00e0 23h59. Il est de la responsabilit\u00e9 du participant de fournir des informations correctes et \u00e0 jour lorsqu&rsquo;il participe \u00e0 la promotion. Le Promoteur ne peut \u00eatre tenu responsable du fait que les gagnants ne fournissent pas des informations exactes qui affectent l&rsquo;acceptation ou la livraison. Le Promoteur ne modifiera aucune information de contact une fois que l&rsquo;inscription aura \u00e9t\u00e9 soumise. Cette offre n&rsquo;est pas transf\u00e9rable. L&rsquo;\u00e9chantillon ne peut \u00eatre r\u00e9clam\u00e9 par un tiers en votre nom.<\/p>\n<p>3) Le gagnant sera annonc\u00e9 sur les pages des r\u00e9seaux sociaux de Mizkan Chef (Instagram et Facebook). Si vous vous opposez \u00e0 la publication de votre inscription, veuillez contacter le Promoteur \u00e0 l&rsquo;adresse [ mizkanchef@omne.agency. Dans ces circonstances, le Promoteur doit n\u00e9anmoins fournir les informations \u00e0 l&rsquo;Autorit\u00e9 des normes publicitaires (Advertising Standards Authority) sur demande.<\/p>\n<p>4) Les adresses \u00e9lectroniques recueillies ne seront utilis\u00e9es que par le Promoteur \/ Mizkan Chef (et\/ou ses agents tiers). Si vous souhaitez que nous vous contactions \u00e0 l&rsquo;avenir par courrier \u00e9lectronique \u00e0 des fins promotionnelles, veuillez l&rsquo;indiquer dans votre message \u00e9lectronique en cochant la case correspondante.<\/p>\n<p>5) Le Promoteur fera tout son possible dans la limite du raisonnable pour contacter le participant. Si vous ne pouvez pas \u00eatre contact\u00e9, ou n&rsquo;\u00eates pas disponible ou n&rsquo;avez pas r\u00e9clam\u00e9 votre gain dans les 10 jours suivant la date d&rsquo;annonce, le Promoteur se r\u00e9serve le droit d&rsquo;offrir le gain au participant admissible suivant. Le Promoteur d\u00e9cline toute responsabilit\u00e9 dans le cas o\u00f9 vous ne seriez pas en mesure d&rsquo;accepter le gain.<\/p>\n<h3>GAGNEZ UN BON D&rsquo;ACHAT AMAZON DE 250 \u20ac (Phase deux)<\/h3>\n<p>Les pr\u00e9sentes conditions s&rsquo;appliquent \u00e0 notre promotion de la recette 2021 Shiragiku. Veuillez lire attentivement ces conditions g\u00e9n\u00e9rales avant de participer. Les conditions g\u00e9n\u00e9rales ci-dessus s&rsquo;appliquent \u00e0 cette promotion, sauf indication contraire ci-dessous.<\/p>\n<h3>Promotion des Recettes<\/h3>\n<p>1) Cette deuxi\u00e8me phase de la promotion est ouverte du 11 octobre 2021 \u00e0 00h01 au 11 f\u00e9vrier 2022 \u00e0 23h59. Cette promotion n&rsquo;est ouverte qu&rsquo;aux personnes ayant re\u00e7u un \u00e9chantillon de Shiragiku via l&rsquo;offre d&rsquo;\u00e9chantillons gratuits dans le cadre de la Phase 1.<\/p>\n<p>2) Pour participer, vous devez envoyer \u00e0 l&rsquo;adresse \u00e9lectronique ci-dessous, une recette utilisant le Shiragiku. La recette doit comporter au moins 100 mots et d\u00e9tailler chaque \u00e9tape de la recette et DOIT utiliser soit le Shiragiku.<\/p>\n<p>3) Une participation n&rsquo;est valable que si la recette, la photo de votre plat et les coordonn\u00e9es du participant (nom, adresse, e-mail, num\u00e9ro de t\u00e9l\u00e9phone portable) ont \u00e9t\u00e9 envoy\u00e9es par courriel \u00e0 mizkanchef@omne.agency.<\/p>\n<p>4) Les recettes doivent \u00eatre accompagn\u00e9es d&rsquo;une image publiable de qualit\u00e9 acceptable (minimum 1500 x 1500 pixels). L&rsquo;image doit \u00eatre la v\u00f4tre. Vous devez \u00eatre en mesure de prouver que vous en d\u00e9tenez les droits d&rsquo;auteur et qu&rsquo;elle n&rsquo;enfreint pas les droits d&rsquo;auteur ou tout autre droit d&rsquo;un tiers.<\/p>\n<p>5) En soumettant votre participation et tout mat\u00e9riel d&rsquo;accompagnement, vous accordez au Promoteur une licence non exclusive, mondiale, irr\u00e9vocable et gratuite, pour toute la dur\u00e9e des droits de propri\u00e9t\u00e9 intellectuelle sur la participation et tout mat\u00e9riel d&rsquo;accompagnement, afin d&rsquo;utiliser, d&rsquo;afficher, de publier, de transmettre, de copier, d&rsquo;\u00e9diter, de modifier, de stocker, de reformater et d&rsquo;accorder des sous-licences concernant la participation \u00e0 la promotion et tout mat\u00e9riel d&rsquo;accompagnement \u00e0 ces fins.<\/p>\n<p>6) Un gagnant sera \u00e9valu\u00e9 et s\u00e9lectionn\u00e9 par un arbitre ind\u00e9pendant en fonction de leur attrait, de leur pr\u00e9sentation et de leur originalit\u00e9. Le gagnant sera s\u00e9lectionn\u00e9 le 4 mars 2022 avant 23h59. Le gagnant sera inform\u00e9 par l&rsquo;adresse \u00e9lectronique ou le num\u00e9ro de t\u00e9l\u00e9phone fournis dans les 10 jours suivant le 7 mars 2022. Il est de la responsabilit\u00e9 du participant de fournir des informations correctes et \u00e0 jour lorsqu&rsquo;il participe \u00e0 la promotion. Le Promoteur ne peut \u00eatre tenu responsable du fait que les gagnants ne fournissent pas des informations exactes qui affectent l&rsquo;acceptation ou la livraison. Le Promoteur ne modifiera aucune information de contact une fois que l&rsquo;inscription aura \u00e9t\u00e9 soumise. Cette offre n&rsquo;est pas transf\u00e9rable. L&rsquo;\u00e9chantillon ne peut \u00eatre r\u00e9clam\u00e9 par un tiers en votre nom.<\/p>\n<p>7) Le gagnant sera annonc\u00e9 sur les pages des r\u00e9seaux sociaux de Mizkan Chef (Instagram et Facebook). Si vous vous opposez \u00e0 la publication de votre inscription, veuillez contacter le Promoteur \u00e0 l&rsquo;adresse mizkanchef@omne.agency. Dans ces circonstances, le Promoteur doit n\u00e9anmoins fournir les informations \u00e0 l&rsquo;Autorit\u00e9 des normes publicitaires (Advertising Standards Authority) sur demande.<\/p>\n<p>8) Les adresses \u00e9lectroniques recueillies ne seront utilis\u00e9es que par le Promoteur \/ Mizkan Chef (et\/ou ses agents tiers). Si vous souhaitez que nous vous contactions \u00e0 l&rsquo;avenir par courrier \u00e9lectronique \u00e0 des fins promotionnelles, veuillez l&rsquo;indiquer dans votre message \u00e9lectronique en cochant la case correspondante.<\/p>\n<p>9) Sous r\u00e9serve des pr\u00e9sentes conditions g\u00e9n\u00e9rales, un participant gagnant \u00e9ligible recevra 1 bon d&rsquo;achat Amazon de 250 \u00a3, envoy\u00e9 par e-mail sous forme de code \u00e9lectronique. L&rsquo;adresse \u00e9lectronique correcte sera confirm\u00e9e lors de la notification.<\/p>\n<p>10) Le Promoteur fera tout son possible dans la limite du raisonnable pour contacterle gagnant. Si le gagnant ne peut pas \u00eatre contact\u00e9, ou n&rsquo;est pas disponible dans les 10 jours suivant la date d&rsquo;annonce, le Promoteur se r\u00e9serve le droit d&rsquo;offrir le prix au participant admissible suivant. Le Promoteur d\u00e9cline toute responsabilit\u00e9 dans le cas o\u00f9 vous ne seriez pas en mesure d&rsquo;accepter l&rsquo;\u00e9chantillon.<\/p>\n<h3>G\u00e9n\u00e9ral<\/h3>\n<p>Le Promoteur se r\u00e9serve le droit d&rsquo;annuler, de suspendre, d&rsquo;annuler ou de modifier les promotions ci-dessus si cela s&rsquo;av\u00e8re n\u00e9cessaire.<\/p>\n<p>Les promotions ne sont en aucun cas parrain\u00e9es, approuv\u00e9es ou administr\u00e9es par, ou associ\u00e9es \u00e0 Facebook ou Instagram.<\/p>\n<h3>Droit applicable et comp\u00e9tence<\/h3>\n<p>Les pr\u00e9sentes conditions g\u00e9n\u00e9rales sont r\u00e9gies par (i) le droit fran\u00e7ais lorsque le participant r\u00e9side en France et (ii) le droit anglais dans les autres cas.<\/p>\n<p>Tout litige sera soumis (i) si le participant est r\u00e9sident en France, \u00e0 la comp\u00e9tence non exclusive des tribunaux fran\u00e7ais et (ii) dans les autres cas, \u00e0 la comp\u00e9tence non exclusive des tribunaux anglais.<\/p>\n","protected":false},"excerpt":{"rendered":"<p>En cas de conflit ou de divergence avec toute autre communication, y compris le mat\u00e9riel publicitaire ou promotionnel, les pr\u00e9sentes conditions g\u00e9n\u00e9rales pr\u00e9valent. Les participants \u00e0 la promotion acceptent d&rsquo;\u00eatre soumis \u00e0 ces conditions g\u00e9n\u00e9rales. Le Promoteur Mizkan Euro Ltd. 2nd Floor, Building 10, Chiswick Park, 566 Chiswick High Road, London W4 5XS (\u00ab Le [&hellip;]<\/p>\n","protected":false},"author":2,"featured_media":0,"parent":0,"menu_order":0,"comment_status":"closed","ping_status":"closed","template":"","meta":{"footnotes":""},"acf":[],"yoast_head":"<!-- This site is optimized with the Yoast SEO plugin v21.9.1 - https:\/\/yoast.com\/wordpress\/plugins\/seo\/ -->\n<title>Shiragiku - Conditions G\u00e9n\u00e9rales - Mizkan<\/title>\n<meta name=\"robots\" content=\"index, follow, max-snippet:-1, max-image-preview:large, max-video-preview:-1\" \/>\n<meta property=\"og:locale\" content=\"fr_FR\" \/>\n<meta property=\"og:type\" content=\"article\" \/>\n<meta property=\"og:title\" content=\"Shiragiku - Conditions G\u00e9n\u00e9rales - Mizkan\" \/>\n<meta property=\"og:description\" content=\"En cas de conflit ou de divergence avec toute autre communication, y compris le mat\u00e9riel publicitaire ou promotionnel, les pr\u00e9sentes conditions g\u00e9n\u00e9rales pr\u00e9valent. Les participants \u00e0 la promotion acceptent d&rsquo;\u00eatre soumis \u00e0 ces conditions g\u00e9n\u00e9rales. Le Promoteur Mizkan Euro Ltd. 2nd Floor, Building 10, Chiswick Park, 566 Chiswick High Road, London W4 5XS (\u00ab Le [&hellip;]\" \/>\n<meta property=\"og:url\" content=\"https:\/\/www.mizkanchef.com\/fr\/shiragiku-conditions-generales\/\" \/>\n<meta property=\"og:site_name\" content=\"Mizkan\" \/>\n<meta property=\"article:modified_time\" content=\"2022-02-10T10:01:56+00:00\" \/>\n<meta name=\"twitter:card\" content=\"summary_large_image\" \/>\n<meta name=\"twitter:label1\" content=\"Dur\u00e9e de lecture estim\u00e9e\" \/>\n\t<meta name=\"twitter:data1\" content=\"9 minutes\" \/>\n<script type=\"application\/ld+json\" class=\"yoast-schema-graph\">{\"@context\":\"https:\/\/schema.org\",\"@graph\":[{\"@type\":\"WebPage\",\"@id\":\"https:\/\/www.mizkanchef.com\/fr\/shiragiku-conditions-generales\/\",\"url\":\"https:\/\/www.mizkanchef.com\/fr\/shiragiku-conditions-generales\/\",\"name\":\"Shiragiku - Conditions G\u00e9n\u00e9rales - Mizkan\",\"isPartOf\":{\"@id\":\"https:\/\/www.mizkanchef.com\/fr\/#website\"},\"datePublished\":\"2021-07-12T10:27:26+00:00\",\"dateModified\":\"2022-02-10T10:01:56+00:00\",\"breadcrumb\":{\"@id\":\"https:\/\/www.mizkanchef.com\/fr\/shiragiku-conditions-generales\/#breadcrumb\"},\"inLanguage\":\"fr-FR\",\"potentialAction\":[{\"@type\":\"ReadAction\",\"target\":[\"https:\/\/www.mizkanchef.com\/fr\/shiragiku-conditions-generales\/\"]}]},{\"@type\":\"BreadcrumbList\",\"@id\":\"https:\/\/www.mizkanchef.com\/fr\/shiragiku-conditions-generales\/#breadcrumb\",\"itemListElement\":[{\"@type\":\"ListItem\",\"position\":1,\"name\":\"Home\",\"item\":\"https:\/\/www.mizkanchef.com\/fr\/\"},{\"@type\":\"ListItem\",\"position\":2,\"name\":\"Shiragiku &#8211; Conditions G\u00e9n\u00e9rales\"}]},{\"@type\":\"WebSite\",\"@id\":\"https:\/\/www.mizkanchef.com\/fr\/#website\",\"url\":\"https:\/\/www.mizkanchef.com\/fr\/\",\"name\":\"Mizkan\",\"description\":\"Mizkan\",\"potentialAction\":[{\"@type\":\"SearchAction\",\"target\":{\"@type\":\"EntryPoint\",\"urlTemplate\":\"https:\/\/www.mizkanchef.com\/fr\/?s={search_term_string}\"},\"query-input\":\"required name=search_term_string\"}],\"inLanguage\":\"fr-FR\"}]}<\/script>\n<!-- \/ Yoast SEO plugin. -->","yoast_head_json":{"title":"Shiragiku - Conditions G\u00e9n\u00e9rales - Mizkan","robots":{"index":"index","follow":"follow","max-snippet":"max-snippet:-1","max-image-preview":"max-image-preview:large","max-video-preview":"max-video-preview:-1"},"og_locale":"fr_FR","og_type":"article","og_title":"Shiragiku - Conditions G\u00e9n\u00e9rales - Mizkan","og_description":"En cas de conflit ou de divergence avec toute autre communication, y compris le mat\u00e9riel publicitaire ou promotionnel, les pr\u00e9sentes conditions g\u00e9n\u00e9rales pr\u00e9valent. Les participants \u00e0 la promotion acceptent d&rsquo;\u00eatre soumis \u00e0 ces conditions g\u00e9n\u00e9rales. Le Promoteur Mizkan Euro Ltd. 2nd Floor, Building 10, Chiswick Park, 566 Chiswick High Road, London W4 5XS (\u00ab Le [&hellip;]","og_url":"https:\/\/www.mizkanchef.com\/fr\/shiragiku-conditions-generales\/","og_site_name":"Mizkan","article_modified_time":"2022-02-10T10:01:56+00:00","twitter_card":"summary_large_image","twitter_misc":{"Dur\u00e9e de lecture estim\u00e9e":"9 minutes"},"schema":{"@context":"https:\/\/schema.org","@graph":[{"@type":"WebPage","@id":"https:\/\/www.mizkanchef.com\/fr\/shiragiku-conditions-generales\/","url":"https:\/\/www.mizkanchef.com\/fr\/shiragiku-conditions-generales\/","name":"Shiragiku - Conditions G\u00e9n\u00e9rales - Mizkan","isPartOf":{"@id":"https:\/\/www.mizkanchef.com\/fr\/#website"},"datePublished":"2021-07-12T10:27:26+00:00","dateModified":"2022-02-10T10:01:56+00:00","breadcrumb":{"@id":"https:\/\/www.mizkanchef.com\/fr\/shiragiku-conditions-generales\/#breadcrumb"},"inLanguage":"fr-FR","potentialAction":[{"@type":"ReadAction","target":["https:\/\/www.mizkanchef.com\/fr\/shiragiku-conditions-generales\/"]}]},{"@type":"BreadcrumbList","@id":"https:\/\/www.mizkanchef.com\/fr\/shiragiku-conditions-generales\/#breadcrumb","itemListElement":[{"@type":"ListItem","position":1,"name":"Home","item":"https:\/\/www.mizkanchef.com\/fr\/"},{"@type":"ListItem","position":2,"name":"Shiragiku &#8211; Conditions G\u00e9n\u00e9rales"}]},{"@type":"WebSite","@id":"https:\/\/www.mizkanchef.com\/fr\/#website","url":"https:\/\/www.mizkanchef.com\/fr\/","name":"Mizkan","description":"Mizkan","potentialAction":[{"@type":"SearchAction","target":{"@type":"EntryPoint","urlTemplate":"https:\/\/www.mizkanchef.com\/fr\/?s={search_term_string}"},"query-input":"required name=search_term_string"}],"inLanguage":"fr-FR"}]}},"_links":{"self":[{"href":"https:\/\/www.mizkanchef.com\/fr\/wp-json\/wp\/v2\/pages\/8376"}],"collection":[{"href":"https:\/\/www.mizkanchef.com\/fr\/wp-json\/wp\/v2\/pages"}],"about":[{"href":"https:\/\/www.mizkanchef.com\/fr\/wp-json\/wp\/v2\/types\/page"}],"author":[{"embeddable":true,"href":"https:\/\/www.mizkanchef.com\/fr\/wp-json\/wp\/v2\/users\/2"}],"replies":[{"embeddable":true,"href":"https:\/\/www.mizkanchef.com\/fr\/wp-json\/wp\/v2\/comments?post=8376"}],"version-history":[{"count":0,"href":"https:\/\/www.mizkanchef.com\/fr\/wp-json\/wp\/v2\/pages\/8376\/revisions"}],"wp:attachment":[{"href":"https:\/\/www.mizkanchef.com\/fr\/wp-json\/wp\/v2\/media?parent=8376"}],"curies":[{"name":"wp","href":"https:\/\/api.w.org\/{rel}","templated":true}]}}