{"id":594,"date":"2020-05-28T13:20:21","date_gmt":"2020-05-28T13:20:21","guid":{"rendered":"http:\/\/mizkan.wpengine.com\/mizkan-news\/"},"modified":"2021-06-23T14:17:24","modified_gmt":"2021-06-23T14:17:24","slug":"actualites-mizkan","status":"publish","type":"page","link":"https:\/\/www.mizkanchef.com\/fr\/actualites-mizkan\/","title":{"rendered":"Actualit\u00e9s Mizkan"},"content":{"rendered":"<p><form data-sf-form-id='1791' data-is-rtl='0' data-maintain-state='' data-results-url='https:\/\/www.mizkanchef.com\/fr\/actualites-mizkan\/' data-ajax-url='https:\/\/www.mizkanchef.com\/fr\/?sfid=1791&amp;sf_action=get_data&amp;sf_data=all' data-ajax-form-url='https:\/\/www.mizkanchef.com\/fr\/?sfid=1791&amp;sf_action=get_data&amp;sf_data=form' data-display-result-method='shortcode' data-use-history-api='1' data-template-loaded='0' data-lang-code='fr' data-ajax='1' data-ajax-data-type='json' data-ajax-links-selector='.pagination a' data-ajax-target='#search-filter-results-1791' data-ajax-pagination-type='infinite_scroll' data-show-scroll-loader='1' data-infinite-scroll-trigger='-100' data-update-ajax-url='1' data-only-results-ajax='1' data-scroll-to-pos='0' data-init-paged='1' data-auto-update='1' data-auto-count='1' data-auto-count-refresh-mode='1' action='https:\/\/www.mizkanchef.com\/fr\/actualites-mizkan\/' method='post' class='searchandfilter' id='search-filter-form-1791' autocomplete='off' data-instance-count='1'><ul><li class=\"sf-field-category\" data-sf-field-name=\"_sft_category\" data-sf-field-type=\"category\" data-sf-field-input-type=\"checkbox\"><h4>CAT\u00c9GORIES<\/h4>\t\t<ul data-operator=\"and\" class=\"\">\n\t\t\t\t\t  <li class=\"sf-level-0 sf-item-183\" data-sf-count=\"4\" data-sf-depth=\"0\"><input  class=\"sf-input-checkbox\" type=\"checkbox\" value=\"actualites-des-chefs\" name=\"_sft_category[]\" id=\"sf-input-7433665d19bcde6e34084ca26e38d043\"><label class=\"sf-label-checkbox\" for=\"sf-input-7433665d19bcde6e34084ca26e38d043\">Actualit\u00e9s des chefs<span class=\"sf-count\">(4)<\/span><\/label><\/li><li class=\"sf-level-0 sf-item-186\" data-sf-count=\"4\" data-sf-depth=\"0\"><input  class=\"sf-input-checkbox\" type=\"checkbox\" value=\"actualites-mizkan\" name=\"_sft_category[]\" id=\"sf-input-7c506673d007e5d83b01cbca328eaf95\"><label class=\"sf-label-checkbox\" for=\"sf-input-7c506673d007e5d83b01cbca328eaf95\">Actualit\u00e9s Mizkan<span class=\"sf-count\">(4)<\/span><\/label><\/li><li class=\"sf-level-0 sf-item-184\" data-sf-count=\"1\" data-sf-depth=\"0\"><input  class=\"sf-input-checkbox\" type=\"checkbox\" value=\"culture-japonaise\" name=\"_sft_category[]\" id=\"sf-input-270fe172bf97253232c33ac54150a525\"><label class=\"sf-label-checkbox\" for=\"sf-input-270fe172bf97253232c33ac54150a525\">Culture japonaise<span class=\"sf-count\">(1)<\/span><\/label><\/li><li class=\"sf-level-0 sf-item-283\" data-sf-count=\"4\" data-sf-depth=\"0\"><input  class=\"sf-input-checkbox\" type=\"checkbox\" value=\"event-seasonal-fr\" name=\"_sft_category[]\" id=\"sf-input-28fb561be577cea58a7fcd5edb0b31e5\"><label class=\"sf-label-checkbox\" for=\"sf-input-28fb561be577cea58a7fcd5edb0b31e5\">Event &amp; Seasonal<span class=\"sf-count\">(4)<\/span><\/label><\/li><li class=\"sf-level-0 sf-item-185\" data-sf-count=\"14\" data-sf-depth=\"0\"><input  class=\"sf-input-checkbox\" type=\"checkbox\" value=\"ingredients-mizkan\" name=\"_sft_category[]\" id=\"sf-input-4a01bb7b6a0991477c26a4905d0c0abc\"><label class=\"sf-label-checkbox\" for=\"sf-input-4a01bb7b6a0991477c26a4905d0c0abc\">Ingr\u00e9dients Mizkan<span class=\"sf-count\">(14)<\/span><\/label><\/li><li class=\"sf-level-0 sf-item-187\" data-sf-count=\"11\" data-sf-depth=\"0\"><input  class=\"sf-input-checkbox\" type=\"checkbox\" value=\"recettes\" name=\"_sft_category[]\" id=\"sf-input-774978e777ae7f7874cc2a68cb20b17d\"><label class=\"sf-label-checkbox\" for=\"sf-input-774978e777ae7f7874cc2a68cb20b17d\">Recettes<span class=\"sf-count\">(11)<\/span><\/label><\/li>\t\t<\/ul>\n\t\t<\/li><\/ul><\/form><br \/>\n<div class=\"search-filter-results\" id=\"search-filter-results-1791\">\n\n\t\n\t\n\t<div class='search-filter-results-list'>\n\t<div class=\"row chefs-news\">\n\t            <div class='search-filter-result-item rplist-1 chef-news-list'>\n\t\t\t<div class='news-list-img'>\n\t\t\t\t\n\t\t\t\t<a href=\"https:\/\/www.mizkanchef.com\/fr\/2022\/02\/desserts-pour-paques-inspires-de-la-cuisine-japonaise\/\"><img fetchpriority=\"high\" decoding=\"async\" width=\"1320\" height=\"736\" src=\"https:\/\/www.mizkanchef.com\/wp-content\/uploads\/2022\/02\/easter-feature-image-1320x736.jpg\" class=\"img-responsive wp-post-image\" alt=\"Cheesecakes de P\u00e2ques servis sur un plateau rond blanc\" srcset=\"https:\/\/www.mizkanchef.com\/wp-content\/uploads\/2022\/02\/easter-feature-image.jpg 1320w, https:\/\/www.mizkanchef.com\/wp-content\/uploads\/2022\/02\/easter-feature-image-1024x571.jpg 1024w, https:\/\/www.mizkanchef.com\/wp-content\/uploads\/2022\/02\/easter-feature-image-768x428.jpg 768w\" sizes=\"(max-width: 1320px) 100vw, 1320px\" \/><\/a>                \n            <\/div>\n            <div class='news-list-text'>\n\t\t\t\t<h3>Ingr\u00e9dients Mizkan Recettes <\/h3>\n\t\t\t\t<h2><a href=\"https:\/\/www.mizkanchef.com\/fr\/2022\/02\/desserts-pour-paques-inspires-de-la-cuisine-japonaise\/\">Desserts Pour P\u00e2ques Inspir\u00e9s de la Cuisine Japonaise<\/a><\/h2>\n\t\t\t\t<p>Ajoutez un peu de douceur au menu de votre restaurant \u00e0 P\u00e2ques en proposant de populaires desserts japonais traditionnellement d\u00e9gust\u00e9s pendant cette p\u00e9riode festive au Japon.<\/p>\n\t\t\t\t<p><a href=\"https:\/\/www.mizkanchef.com\/fr\/2022\/02\/desserts-pour-paques-inspires-de-la-cuisine-japonaise\/\" class=\"green-button animated\"> Lire plus<\/a><\/p>\n\t\t\t<\/div>\n            <div class=\"clear\"><\/div>\n            <\/div>\n            \n\t\t\t\t\t            <div class='search-filter-result-item rplist-2 chef-news-list'>\n\t\t\t<div class='news-list-img'>\n\t\t\t\t\n\t\t\t\t<a href=\"https:\/\/www.mizkanchef.com\/fr\/2022\/02\/idees-de-repas-de-fete-des-meres-pour-votre-restaurant\/\"><img decoding=\"async\" width=\"1320\" height=\"736\" src=\"https:\/\/www.mizkanchef.com\/wp-content\/uploads\/2022\/02\/mothers-featured-image-1320x736.jpg\" class=\"img-responsive wp-post-image\" alt=\"3 blancs d\u2019\u0153ufs avec de la farine et un fouet.\" srcset=\"https:\/\/www.mizkanchef.com\/wp-content\/uploads\/2022\/02\/mothers-featured-image.jpg 1320w, https:\/\/www.mizkanchef.com\/wp-content\/uploads\/2022\/02\/mothers-featured-image-1024x571.jpg 1024w, https:\/\/www.mizkanchef.com\/wp-content\/uploads\/2022\/02\/mothers-featured-image-768x428.jpg 768w\" sizes=\"(max-width: 1320px) 100vw, 1320px\" \/><\/a>                \n            <\/div>\n            <div class='news-list-text'>\n\t\t\t\t<h3>Recettes <\/h3>\n\t\t\t\t<h2><a href=\"https:\/\/www.mizkanchef.com\/fr\/2022\/02\/idees-de-repas-de-fete-des-meres-pour-votre-restaurant\/\">Id\u00e9es de Repas de F\u00eate Des M\u00e8res Pour Votre Restaurant<\/a><\/h2>\n\t\t\t\t<p>D\u00e9sirez-vous c\u00e9l\u00e9brer cette F\u00eate des m\u00e8res en y apportant une note japonaise ? Nous avons cr\u00e9\u00e9 un repas complet japonais \u00e0 base d&rsquo;\u0153ufs que vous pourrez ajouter \u00e0 votre propre menu de restaurant pour la F\u00eate des m\u00e8res.<\/p>\n\t\t\t\t<p><a href=\"https:\/\/www.mizkanchef.com\/fr\/2022\/02\/idees-de-repas-de-fete-des-meres-pour-votre-restaurant\/\" class=\"green-button animated\"> Lire plus<\/a><\/p>\n\t\t\t<\/div>\n            <div class=\"clear\"><\/div>\n            <\/div>\n            \n\t\t\t\t\t            <div class='search-filter-result-item rplist-3 chef-news-list'>\n\t\t\t<div class='news-list-img'>\n\t\t\t\t\n\t\t\t\t<a href=\"https:\/\/www.mizkanchef.com\/fr\/2022\/02\/comment-utiliser-le-honteri-dans-vos-repas-de-restaurant\/\"><img decoding=\"async\" width=\"1320\" height=\"736\" src=\"https:\/\/www.mizkanchef.com\/wp-content\/uploads\/2022\/02\/restaurant-feature-image-1320x736.jpg\" class=\"img-responsive wp-post-image\" alt=\"Bo\u00eete de 18 l d\u2019assaisonnement Honteri fa\u00e7on mirin\" srcset=\"https:\/\/www.mizkanchef.com\/wp-content\/uploads\/2022\/02\/restaurant-feature-image.jpg 1320w, https:\/\/www.mizkanchef.com\/wp-content\/uploads\/2022\/02\/restaurant-feature-image-1024x571.jpg 1024w, https:\/\/www.mizkanchef.com\/wp-content\/uploads\/2022\/02\/restaurant-feature-image-768x428.jpg 768w\" sizes=\"(max-width: 1320px) 100vw, 1320px\" \/><\/a>                \n            <\/div>\n            <div class='news-list-text'>\n\t\t\t\t<h3>Ingr\u00e9dients Mizkan <\/h3>\n\t\t\t\t<h2><a href=\"https:\/\/www.mizkanchef.com\/fr\/2022\/02\/comment-utiliser-le-honteri-dans-vos-repas-de-restaurant\/\">Comment utiliser le Honteri dans vos repas de restaurant<\/a><\/h2>\n\t\t\t\t<p>Le Honteri a la r\u00e9putation d&rsquo;\u00eatre l&rsquo;arme secr\u00e8te des chefs. D\u00e9couvrez cet assaisonnement sucr\u00e9 fa\u00e7on mirin, parfait pour ajouter une saveur unique \u00e0 la fois douce et profonde \u00e0 une vari\u00e9t\u00e9 de plats de restaurant.<\/p>\n\t\t\t\t<p><a href=\"https:\/\/www.mizkanchef.com\/fr\/2022\/02\/comment-utiliser-le-honteri-dans-vos-repas-de-restaurant\/\" class=\"green-button animated\"> Lire plus<\/a><\/p>\n\t\t\t<\/div>\n            <div class=\"clear\"><\/div>\n            <\/div>\n            \n\t\t\t\t\t\t<\/div>\n\t<\/div>\n\n\n\n\n\n<\/div><\/p>\n","protected":false},"excerpt":{"rendered":"","protected":false},"author":2,"featured_media":0,"parent":0,"menu_order":0,"comment_status":"closed","ping_status":"closed","template":"news.php","meta":{"footnotes":""},"acf":[],"yoast_head":"<!-- This site is optimized with the Yoast SEO plugin v21.9.1 - https:\/\/yoast.com\/wordpress\/plugins\/seo\/ -->\n<title>Actualit\u00e9s | Mizkan Chef<\/title>\n<meta name=\"description\" content=\"Suivez toutes les actualit\u00e9s de l\u2019industrie alimentaire japonaise, que ce soit \u00e0 propos de nouveaux produits, de collaborations ou d\u2019\u00e9v\u00e8nements saisonniers.\" \/>\n<meta name=\"robots\" content=\"index, follow, max-snippet:-1, max-image-preview:large, max-video-preview:-1\" \/>\n<meta property=\"og:locale\" content=\"fr_FR\" \/>\n<meta property=\"og:type\" content=\"article\" \/>\n<meta property=\"og:title\" content=\"Actualit\u00e9s | Mizkan Chef\" \/>\n<meta property=\"og:description\" content=\"Suivez toutes les actualit\u00e9s de l\u2019industrie alimentaire japonaise, que ce soit \u00e0 propos de nouveaux produits, de collaborations ou d\u2019\u00e9v\u00e8nements saisonniers.\" \/>\n<meta property=\"og:url\" content=\"https:\/\/www.mizkanchef.com\/fr\/actualites-mizkan\/\" \/>\n<meta property=\"og:site_name\" content=\"Mizkan\" \/>\n<meta property=\"article:modified_time\" content=\"2021-06-23T14:17:24+00:00\" \/>\n<meta name=\"twitter:card\" content=\"summary_large_image\" \/>\n<script type=\"application\/ld+json\" class=\"yoast-schema-graph\">{\"@context\":\"https:\/\/schema.org\",\"@graph\":[{\"@type\":\"WebPage\",\"@id\":\"https:\/\/www.mizkanchef.com\/fr\/actualites-mizkan\/\",\"url\":\"https:\/\/www.mizkanchef.com\/fr\/actualites-mizkan\/\",\"name\":\"Actualit\u00e9s | Mizkan Chef\",\"isPartOf\":{\"@id\":\"https:\/\/www.mizkanchef.com\/fr\/#website\"},\"datePublished\":\"2020-05-28T13:20:21+00:00\",\"dateModified\":\"2021-06-23T14:17:24+00:00\",\"description\":\"Suivez toutes les actualit\u00e9s de l\u2019industrie alimentaire japonaise, que ce soit \u00e0 propos de nouveaux produits, de collaborations ou d\u2019\u00e9v\u00e8nements saisonniers.\",\"breadcrumb\":{\"@id\":\"https:\/\/www.mizkanchef.com\/fr\/actualites-mizkan\/#breadcrumb\"},\"inLanguage\":\"fr-FR\",\"potentialAction\":[{\"@type\":\"ReadAction\",\"target\":[\"https:\/\/www.mizkanchef.com\/fr\/actualites-mizkan\/\"]}]},{\"@type\":\"BreadcrumbList\",\"@id\":\"https:\/\/www.mizkanchef.com\/fr\/actualites-mizkan\/#breadcrumb\",\"itemListElement\":[{\"@type\":\"ListItem\",\"position\":1,\"name\":\"Home\",\"item\":\"https:\/\/www.mizkanchef.com\/fr\/\"},{\"@type\":\"ListItem\",\"position\":2,\"name\":\"Actualit\u00e9s Mizkan\"}]},{\"@type\":\"WebSite\",\"@id\":\"https:\/\/www.mizkanchef.com\/fr\/#website\",\"url\":\"https:\/\/www.mizkanchef.com\/fr\/\",\"name\":\"Mizkan\",\"description\":\"Mizkan\",\"potentialAction\":[{\"@type\":\"SearchAction\",\"target\":{\"@type\":\"EntryPoint\",\"urlTemplate\":\"https:\/\/www.mizkanchef.com\/fr\/?s={search_term_string}\"},\"query-input\":\"required name=search_term_string\"}],\"inLanguage\":\"fr-FR\"}]}<\/script>\n<!-- \/ Yoast SEO plugin. -->","yoast_head_json":{"title":"Actualit\u00e9s | Mizkan Chef","description":"Suivez toutes les actualit\u00e9s de l\u2019industrie alimentaire japonaise, que ce soit \u00e0 propos de nouveaux produits, de collaborations ou d\u2019\u00e9v\u00e8nements saisonniers.","robots":{"index":"index","follow":"follow","max-snippet":"max-snippet:-1","max-image-preview":"max-image-preview:large","max-video-preview":"max-video-preview:-1"},"og_locale":"fr_FR","og_type":"article","og_title":"Actualit\u00e9s | Mizkan Chef","og_description":"Suivez toutes les actualit\u00e9s de l\u2019industrie alimentaire japonaise, que ce soit \u00e0 propos de nouveaux produits, de collaborations ou d\u2019\u00e9v\u00e8nements saisonniers.","og_url":"https:\/\/www.mizkanchef.com\/fr\/actualites-mizkan\/","og_site_name":"Mizkan","article_modified_time":"2021-06-23T14:17:24+00:00","twitter_card":"summary_large_image","schema":{"@context":"https:\/\/schema.org","@graph":[{"@type":"WebPage","@id":"https:\/\/www.mizkanchef.com\/fr\/actualites-mizkan\/","url":"https:\/\/www.mizkanchef.com\/fr\/actualites-mizkan\/","name":"Actualit\u00e9s | Mizkan Chef","isPartOf":{"@id":"https:\/\/www.mizkanchef.com\/fr\/#website"},"datePublished":"2020-05-28T13:20:21+00:00","dateModified":"2021-06-23T14:17:24+00:00","description":"Suivez toutes les actualit\u00e9s de l\u2019industrie alimentaire japonaise, que ce soit \u00e0 propos de nouveaux produits, de collaborations ou d\u2019\u00e9v\u00e8nements saisonniers.","breadcrumb":{"@id":"https:\/\/www.mizkanchef.com\/fr\/actualites-mizkan\/#breadcrumb"},"inLanguage":"fr-FR","potentialAction":[{"@type":"ReadAction","target":["https:\/\/www.mizkanchef.com\/fr\/actualites-mizkan\/"]}]},{"@type":"BreadcrumbList","@id":"https:\/\/www.mizkanchef.com\/fr\/actualites-mizkan\/#breadcrumb","itemListElement":[{"@type":"ListItem","position":1,"name":"Home","item":"https:\/\/www.mizkanchef.com\/fr\/"},{"@type":"ListItem","position":2,"name":"Actualit\u00e9s Mizkan"}]},{"@type":"WebSite","@id":"https:\/\/www.mizkanchef.com\/fr\/#website","url":"https:\/\/www.mizkanchef.com\/fr\/","name":"Mizkan","description":"Mizkan","potentialAction":[{"@type":"SearchAction","target":{"@type":"EntryPoint","urlTemplate":"https:\/\/www.mizkanchef.com\/fr\/?s={search_term_string}"},"query-input":"required name=search_term_string"}],"inLanguage":"fr-FR"}]}},"_links":{"self":[{"href":"https:\/\/www.mizkanchef.com\/fr\/wp-json\/wp\/v2\/pages\/594"}],"collection":[{"href":"https:\/\/www.mizkanchef.com\/fr\/wp-json\/wp\/v2\/pages"}],"about":[{"href":"https:\/\/www.mizkanchef.com\/fr\/wp-json\/wp\/v2\/types\/page"}],"author":[{"embeddable":true,"href":"https:\/\/www.mizkanchef.com\/fr\/wp-json\/wp\/v2\/users\/2"}],"replies":[{"embeddable":true,"href":"https:\/\/www.mizkanchef.com\/fr\/wp-json\/wp\/v2\/comments?post=594"}],"version-history":[{"count":0,"href":"https:\/\/www.mizkanchef.com\/fr\/wp-json\/wp\/v2\/pages\/594\/revisions"}],"wp:attachment":[{"href":"https:\/\/www.mizkanchef.com\/fr\/wp-json\/wp\/v2\/media?parent=594"}],"curies":[{"name":"wp","href":"https:\/\/api.w.org\/{rel}","templated":true}]}}