{"id":573,"date":"2020-05-28T13:19:20","date_gmt":"2020-05-28T13:19:20","guid":{"rendered":"http:\/\/mizkan.wpengine.com\/chef-recipes\/"},"modified":"2021-06-29T10:56:39","modified_gmt":"2021-06-29T10:56:39","slug":"recettes-des-chefs","status":"publish","type":"page","link":"https:\/\/www.mizkanchef.com\/fr\/recettes-des-chefs\/","title":{"rendered":"Recettes des chefs"},"content":{"rendered":"<form data-sf-form-id='1494' data-is-rtl='0' data-maintain-state='' data-results-url='https:\/\/www.mizkanchef.com\/fr\/recettes-des-chefs\/' data-ajax-url='https:\/\/www.mizkanchef.com\/fr\/?sfid=1494&amp;sf_action=get_data&amp;sf_data=all' data-ajax-form-url='https:\/\/www.mizkanchef.com\/fr\/?sfid=1494&amp;sf_action=get_data&amp;sf_data=form' data-display-result-method='shortcode' data-use-history-api='1' data-template-loaded='0' data-lang-code='fr' data-ajax='1' data-ajax-data-type='json' data-ajax-links-selector='.pagination a' data-ajax-target='#search-filter-results-1494' data-ajax-pagination-type='infinite_scroll' data-show-scroll-loader='1' data-infinite-scroll-trigger='-100' data-update-ajax-url='1' data-only-results-ajax='1' data-scroll-to-pos='0' data-init-paged='1' data-auto-update='1' data-auto-count='1' data-auto-count-refresh-mode='1' action='https:\/\/www.mizkanchef.com\/fr\/recettes-des-chefs\/' method='post' class='searchandfilter' id='search-filter-form-1494' autocomplete='off' data-instance-count='1'><ul><li class=\"sf-field-taxonomy-cuisines\" data-sf-field-name=\"_sft_cuisines\" data-sf-field-type=\"taxonomy\" data-sf-field-input-type=\"checkbox\">\t\t<ul data-operator=\"and\" class=\"\">\n\t\t\t\t\t  <li class=\"sf-level-0 sf-item-170\" data-sf-count=\"4\" data-sf-depth=\"0\"><input  class=\"sf-input-checkbox\" type=\"checkbox\" value=\"boissons\" name=\"_sft_cuisines[]\" id=\"sf-input-c59ecb87454a7cdb6b8878d82df3d3c9\"><label class=\"sf-label-checkbox\" for=\"sf-input-c59ecb87454a7cdb6b8878d82df3d3c9\">Boissons<\/label><\/li><li class=\"sf-level-0 sf-item-169\" data-sf-count=\"4\" data-sf-depth=\"0\"><input  class=\"sf-input-checkbox\" type=\"checkbox\" value=\"desserts-fr\" name=\"_sft_cuisines[]\" id=\"sf-input-6f260d8e41159a04b52d6ac06826182d\"><label class=\"sf-label-checkbox\" for=\"sf-input-6f260d8e41159a04b52d6ac06826182d\">Desserts<\/label><\/li><li class=\"sf-level-0 sf-item-171\" data-sf-count=\"18\" data-sf-depth=\"0\"><input  class=\"sf-input-checkbox\" type=\"checkbox\" value=\"entree-salade\" name=\"_sft_cuisines[]\" id=\"sf-input-b115aea019445245661eebb2cdf5824e\"><label class=\"sf-label-checkbox\" for=\"sf-input-b115aea019445245661eebb2cdf5824e\">Entr\u00e9e\/Salade<\/label><\/li><li class=\"sf-level-0 sf-item-69\" data-sf-count=\"15\" data-sf-depth=\"0\"><input  class=\"sf-input-checkbox\" type=\"checkbox\" value=\"plats-principaux\" name=\"_sft_cuisines[]\" id=\"sf-input-89d9d017c60871f9c6a22a2947f61a01\"><label class=\"sf-label-checkbox\" for=\"sf-input-89d9d017c60871f9c6a22a2947f61a01\">Plats principaux<\/label><\/li>\t\t<\/ul>\n\t\t<\/li><li class=\"sf-field-taxonomy-dish_types\" data-sf-field-name=\"_sft_dish_types\" data-sf-field-type=\"taxonomy\" data-sf-field-input-type=\"checkbox\">\t\t<ul data-operator=\"and\" class=\"\">\n\t\t\t\t\t  <li class=\"sf-level-0 sf-item-174\" data-sf-count=\"7\" data-sf-depth=\"0\"><input  class=\"sf-input-checkbox\" type=\"checkbox\" value=\"poisson\" name=\"_sft_dish_types[]\" id=\"sf-input-42efabc01e5c130bd4558b788f8d0be9\"><label class=\"sf-label-checkbox\" for=\"sf-input-42efabc01e5c130bd4558b788f8d0be9\">Poisson<\/label><\/li><li class=\"sf-level-0 sf-item-175\" data-sf-count=\"9\" data-sf-depth=\"0\"><input  class=\"sf-input-checkbox\" type=\"checkbox\" value=\"vegetarien\" name=\"_sft_dish_types[]\" id=\"sf-input-e29f5f07d4cd0b4709f65352f2baaf1c\"><label class=\"sf-label-checkbox\" for=\"sf-input-e29f5f07d4cd0b4709f65352f2baaf1c\">V\u00e9g\u00e9tarien<\/label><\/li><li class=\"sf-level-0 sf-item-89\" data-sf-count=\"10\" data-sf-depth=\"0\"><input  class=\"sf-input-checkbox\" type=\"checkbox\" value=\"viandes\" name=\"_sft_dish_types[]\" id=\"sf-input-a27a0e5541a77fac4c856bea77e29aeb\"><label class=\"sf-label-checkbox\" for=\"sf-input-a27a0e5541a77fac4c856bea77e29aeb\">Viandes<\/label><\/li>\t\t<\/ul>\n\t\t<\/li><li class=\"sf-field-taxonomy-food_type\" data-sf-field-name=\"_sft_food_type\" data-sf-field-type=\"taxonomy\" data-sf-field-input-type=\"checkbox\">\t\t<ul data-operator=\"and\" class=\"\">\n\t\t\t\t\t  <li class=\"sf-level-0 sf-item-290\" data-sf-count=\"3\" data-sf-depth=\"0\"><input  class=\"sf-input-checkbox\" type=\"checkbox\" value=\"nouilles\" name=\"_sft_food_type[]\" id=\"sf-input-c6633b8396ddd29a63b081e61d304d54\"><label class=\"sf-label-checkbox\" for=\"sf-input-c6633b8396ddd29a63b081e61d304d54\">Nouilles<\/label><\/li><li class=\"sf-level-0 sf-item-337\" data-sf-count=\"3\" data-sf-depth=\"0\"><input  class=\"sf-input-checkbox\" type=\"checkbox\" value=\"poke-fr\" name=\"_sft_food_type[]\" id=\"sf-input-f9321a419897ef5f787ca6627a6a4412\"><label class=\"sf-label-checkbox\" for=\"sf-input-f9321a419897ef5f787ca6627a6a4412\">Pok\u00e9<\/label><\/li><li class=\"sf-level-0 sf-item-299\" data-sf-count=\"11\" data-sf-depth=\"0\"><input  class=\"sf-input-checkbox\" type=\"checkbox\" value=\"sauces-fr\" name=\"_sft_food_type[]\" id=\"sf-input-56bac454129814fb6cf064d699be7983\"><label class=\"sf-label-checkbox\" for=\"sf-input-56bac454129814fb6cf064d699be7983\">Sauces<\/label><\/li><li class=\"sf-level-0 sf-item-306\" data-sf-count=\"1\" data-sf-depth=\"0\"><input  class=\"sf-input-checkbox\" type=\"checkbox\" value=\"sushi-fr\" name=\"_sft_food_type[]\" id=\"sf-input-5af362d0210e05dc9d219e09283d010d\"><label class=\"sf-label-checkbox\" for=\"sf-input-5af362d0210e05dc9d219e09283d010d\">Sushi<\/label><\/li>\t\t<\/ul>\n\t\t<\/li><li class=\"sf-field-taxonomy-products\" data-sf-field-name=\"_sft_products\" data-sf-field-type=\"taxonomy\" data-sf-field-input-type=\"checkbox\">\t\t<ul data-operator=\"and\" class=\"\">\n\t\t\t\t\t  <li class=\"sf-level-0 sf-item-109\" data-sf-count=\"3\" data-sf-depth=\"0\"><input  class=\"sf-input-checkbox\" type=\"checkbox\" value=\"assaisonnement-de-sushi\" name=\"_sft_products[]\" id=\"sf-input-9927ca53eab50953df93af3b8e14ea87\"><label class=\"sf-label-checkbox\" for=\"sf-input-9927ca53eab50953df93af3b8e14ea87\">Assaisonnement de sushi<\/label><\/li><li class=\"sf-level-0 sf-item-99\" data-sf-count=\"32\" data-sf-depth=\"0\"><input  class=\"sf-input-checkbox\" type=\"checkbox\" value=\"honteri-fr\" name=\"_sft_products[]\" id=\"sf-input-12e027a0d7f92299b2702f1e16309012\"><label class=\"sf-label-checkbox\" for=\"sf-input-12e027a0d7f92299b2702f1e16309012\">Honteri<\/label><\/li><li class=\"sf-level-0 sf-item-179\" data-sf-count=\"10\" data-sf-depth=\"0\"><input  class=\"sf-input-checkbox\" type=\"checkbox\" value=\"vinaigre\" name=\"_sft_products[]\" id=\"sf-input-d3aff36d149374fd2d40dfc39bcdca46\"><label class=\"sf-label-checkbox\" for=\"sf-input-d3aff36d149374fd2d40dfc39bcdca46\">Vinaigre<\/label><\/li>\t\t<\/ul>\n\t\t<\/li><li class=\"sf-field-taxonomy-difficulty\" data-sf-field-name=\"_sft_difficulty\" data-sf-field-type=\"taxonomy\" data-sf-field-input-type=\"checkbox\">\t\t<ul data-operator=\"and\" class=\"\">\n\t\t\t\t\t  <li class=\"sf-level-0 sf-item-315\" data-sf-count=\"6\" data-sf-depth=\"0\"><input  class=\"sf-input-checkbox\" type=\"checkbox\" value=\"chefs-series-fr\" name=\"_sft_difficulty[]\" id=\"sf-input-83955b9a65f94a8de5a3810997a43afc\"><label class=\"sf-label-checkbox\" for=\"sf-input-83955b9a65f94a8de5a3810997a43afc\">Chef Series<\/label><\/li><li class=\"sf-level-0 sf-item-172\" data-sf-count=\"1\" data-sf-depth=\"0\"><input  class=\"sf-input-checkbox\" type=\"checkbox\" value=\"difficile\" name=\"_sft_difficulty[]\" id=\"sf-input-947c5ef761a06852657815690477b1d5\"><label class=\"sf-label-checkbox\" for=\"sf-input-947c5ef761a06852657815690477b1d5\">Difficile<\/label><\/li><li class=\"sf-level-0 sf-item-79\" data-sf-count=\"26\" data-sf-depth=\"0\"><input  class=\"sf-input-checkbox\" type=\"checkbox\" value=\"facile-fr\" name=\"_sft_difficulty[]\" id=\"sf-input-d8f6be37aa4a04bb4d30d95c200153c0\"><label class=\"sf-label-checkbox\" for=\"sf-input-d8f6be37aa4a04bb4d30d95c200153c0\">Facile<\/label><\/li><li class=\"sf-level-0 sf-item-173\" data-sf-count=\"12\" data-sf-depth=\"0\"><input  class=\"sf-input-checkbox\" type=\"checkbox\" value=\"moyen\" name=\"_sft_difficulty[]\" id=\"sf-input-687d4f15557bcbd165f770eefe3550e6\"><label class=\"sf-label-checkbox\" for=\"sf-input-687d4f15557bcbd165f770eefe3550e6\">Moyen<\/label><\/li>\t\t<\/ul>\n\t\t<\/li><\/ul><\/form>\n<div class=\"recipe-key\" style=\"clear: both; padding-top: 30px;\"><img decoding=\"async\" class=\"chef-icon\" src=\"\/wp-content\/themes\/mizkan\/images\/chef-icon-1.png\" alt=\"Facile\" \/><strong class=\"space\">Facile<\/strong> <img decoding=\"async\" class=\"chef-icon\" src=\"\/wp-content\/themes\/mizkan\/images\/chef-icon-2.png\" alt=\"Moyen\" \/><strong class=\"space\">Moyen<\/strong> <img decoding=\"async\" class=\"chef-icon\" src=\"\/wp-content\/themes\/mizkan\/images\/chef-icon-3.png\" alt=\"Difficile \" \/><strong>Difficile <\/strong><\/div>\n<div class=\"search-filter-results\" id=\"search-filter-results-1494\">\t\n\n\t\n\t<div class='search-filter-results-list'>\n\t<div class=\"row\">\n\t\t\t\t<div class='col-sm-4 search-filter-result-item rplist-1 the-recipe-listing'>\n                <div class=\"recipe-container\">\n\t\t\t\t<div class=\"recipe-listing-image\">\n\t\t\t\t<a href=\"https:\/\/www.mizkanchef.com\/fr\/recettes-des-chefs\/cuisse-de-poulet-glacee-sesame-noir-et-cebettes\/\"><img fetchpriority=\"high\" decoding=\"async\" width=\"720\" height=\"620\" src=\"https:\/\/www.mizkanchef.com\/wp-content\/uploads\/2021\/07\/MZKN_chicken-image_2000x864-720x620.jpg\" class=\"img-responsive wp-post-image\" alt=\"\" \/><\/a>                <\/div>\n\t\t\t\t                <div class=\"recipe-listing-overlay\">\n\t\t\t\t<a href=\"https:\/\/www.mizkanchef.com\/fr\/recettes-des-chefs\/cuisse-de-poulet-glacee-sesame-noir-et-cebettes\/\"><img decoding=\"async\" src=\"\/wp-content\/themes\/mizkan\/images\/new-recipe-fr.png\" width=\"720\" height=\"520\" alt=\"New\" class=\"img-responsive\"><\/a>\n                <\/div>\n\t\t\t\t                <\/div>\n\t\t\t\t<h2><a href=\"https:\/\/www.mizkanchef.com\/fr\/recettes-des-chefs\/cuisse-de-poulet-glacee-sesame-noir-et-cebettes\/\">CUISSE DE POULET GLAC\u00c9E, S\u00c9SAME NOIR ET C\u00c9BETTES<\/a><\/h2>\n                <div class=\"recipe-padding\">\n\t\t\t\t<p>Les notes umami du Shiragiku brass\u00e9 avec de la lie de sak\u00e9 donnent une saveur particuli\u00e8re \u00e0 tous les d\u00e9licieux ingr\u00e9dients soigneusement choisis. Simple, d\u00e9licieux, et pouvant \u00eatre utilis\u00e9 avec n\u2019importe quel plat d\u2019\u00e9t\u00e9. <\/p>\n\t\t\t\t                                                                <p class=\"chef-icons\"><img decoding=\"async\" src=\"\/wp-content\/themes\/mizkan\/images\/chef-icon-1.png\" alt=\"Challenging\" class=\"chef-icon\"><\/p>\n\t\t\t\t<p class=\"chef-time\"><strong>50 mins<\/strong><\/p>\n                <div class=\"clear\"><\/div>\n\t\t\t\t<p><a href=\"https:\/\/www.mizkanchef.com\/fr\/recettes-des-chefs\/cuisse-de-poulet-glacee-sesame-noir-et-cebettes\/\" class=\"green-button animated\"> Afficher la recette<\/a><\/p>\n                <\/div>\n\t\t\t<\/div>\n\t\t\t\t\t\t\t\t<div class='col-sm-4 search-filter-result-item rplist-2 the-recipe-listing'>\n                <div class=\"recipe-container\">\n\t\t\t\t<div class=\"recipe-listing-image\">\n\t\t\t\t<a href=\"https:\/\/www.mizkanchef.com\/fr\/recettes-des-chefs\/colin-frit-sel-et-frites-au-shiragiku\/\"><img decoding=\"async\" width=\"720\" height=\"620\" src=\"https:\/\/www.mizkanchef.com\/wp-content\/uploads\/2021\/07\/jackson-webpage-assets9_720x620-720x620.jpg\" class=\"img-responsive wp-post-image\" alt=\"\" \/><\/a>                <\/div>\n\t\t\t\t                <div class=\"recipe-listing-overlay\">\n\t\t\t\t<a href=\"https:\/\/www.mizkanchef.com\/fr\/recettes-des-chefs\/colin-frit-sel-et-frites-au-shiragiku\/\"><img decoding=\"async\" src=\"\/wp-content\/themes\/mizkan\/images\/new-recipe-fr.png\" width=\"720\" height=\"520\" alt=\"New\" class=\"img-responsive\"><\/a>\n                <\/div>\n\t\t\t\t                <\/div>\n\t\t\t\t<h2><a href=\"https:\/\/www.mizkanchef.com\/fr\/recettes-des-chefs\/colin-frit-sel-et-frites-au-shiragiku\/\">FRIED POLLOCK, SALT & SHIRAGIKU CHIPS<\/a><\/h2>\n                <div class=\"recipe-padding\">\n\t\t\t\t<p>Mettez \u00e0 l\u2019honneur tout ce qui est japonais cet \u00e9t\u00e9, \u00e0 l\u2019occasion des Jeux de Tokyo, avec cette d\u00e9licieuse variante d\u2019un classique de la cuisine de rue.<\/p>\n\t\t\t\t                                                                <p class=\"chef-icons\"><img decoding=\"async\" src=\"\/wp-content\/themes\/mizkan\/images\/chef-icon-2.png\" alt=\"Challenging\" class=\"chef-icon\"><\/p>\n\t\t\t\t<p class=\"chef-time\"><strong>30 mins<\/strong><\/p>\n                <div class=\"clear\"><\/div>\n\t\t\t\t<p><a href=\"https:\/\/www.mizkanchef.com\/fr\/recettes-des-chefs\/colin-frit-sel-et-frites-au-shiragiku\/\" class=\"green-button animated\"> Afficher la recette<\/a><\/p>\n                <\/div>\n\t\t\t<\/div>\n\t\t\t\t\t\t\t\t<div class='col-sm-4 search-filter-result-item rplist-3 the-recipe-listing'>\n                <div class=\"recipe-container\">\n\t\t\t\t<div class=\"recipe-listing-image\">\n\t\t\t\t<a href=\"https:\/\/www.mizkanchef.com\/fr\/recettes-des-chefs\/poke-nitamago-pak-choi-concombre-courge-musquee\/\"><img loading=\"lazy\" decoding=\"async\" width=\"720\" height=\"620\" src=\"https:\/\/www.mizkanchef.com\/wp-content\/uploads\/2021\/02\/nitamagoegg-720X620-1-720x620.jpg\" class=\"img-responsive wp-post-image\" alt=\"\" \/><\/a>                <\/div>\n\t\t\t\t                <div class=\"recipe-listing-overlay\">\n\t\t\t\t<a href=\"https:\/\/www.mizkanchef.com\/fr\/recettes-des-chefs\/poke-nitamago-pak-choi-concombre-courge-musquee\/\"><img decoding=\"async\" src=\"\/wp-content\/themes\/mizkan\/images\/new-recipe-fr.png\" width=\"720\" height=\"520\" alt=\"New\" class=\"img-responsive\"><\/a>\n                <\/div>\n\t\t\t\t                <\/div>\n\t\t\t\t<h2><a href=\"https:\/\/www.mizkanchef.com\/fr\/recettes-des-chefs\/poke-nitamago-pak-choi-concombre-courge-musquee\/\">POKE NITAMAGO, PAK CHOI, CONCOMBRE & COURGE MUSQU\u00c9E<\/a><\/h2>\n                <div class=\"recipe-padding\">\n\t\t\t\t<p>Les \u0153ufs Nitamago, pak choi marine et concombre, la courge musqu\u00e9e r\u00f4tie et le sauce au miel.<\/p>\n\t\t\t\t                                                                <p class=\"chef-icons\"><img decoding=\"async\" src=\"\/wp-content\/themes\/mizkan\/images\/chef-icon-2.png\" alt=\"Challenging\" class=\"chef-icon\"><\/p>\n\t\t\t\t<p class=\"chef-time\"><strong>25 mins<\/strong><\/p>\n                <div class=\"clear\"><\/div>\n\t\t\t\t<p><a href=\"https:\/\/www.mizkanchef.com\/fr\/recettes-des-chefs\/poke-nitamago-pak-choi-concombre-courge-musquee\/\" class=\"green-button animated\"> Afficher la recette<\/a><\/p>\n                <\/div>\n\t\t\t<\/div>\n\t\t\t\t\t\t<\/div>\n\t<\/div>\n\n\n\n\n\n<\/div>\n","protected":false},"excerpt":{"rendered":"<p>Facile Moyen Difficile<\/p>\n","protected":false},"author":2,"featured_media":0,"parent":0,"menu_order":0,"comment_status":"closed","ping_status":"closed","template":"recipes.php","meta":{"footnotes":""},"acf":[],"yoast_head":"<!-- This site is optimized with the Yoast SEO plugin v21.9.1 - https:\/\/yoast.com\/wordpress\/plugins\/seo\/ -->\n<title>Recettes de Chefs | Mizkan Chef<\/title>\n<meta name=\"description\" content=\"D\u00e9couvrez une vari\u00e9t\u00e9 de recettes cr\u00e9es en collaboration avec des chefs. Des plats classiques japonais aux d\u00e9licieuses recettes fusion.\" \/>\n<meta name=\"robots\" content=\"index, follow, max-snippet:-1, max-image-preview:large, max-video-preview:-1\" \/>\n<meta property=\"og:locale\" content=\"fr_FR\" \/>\n<meta property=\"og:type\" content=\"article\" \/>\n<meta property=\"og:title\" content=\"Recettes de Chefs | Mizkan Chef\" \/>\n<meta property=\"og:description\" content=\"D\u00e9couvrez une vari\u00e9t\u00e9 de recettes cr\u00e9es en collaboration avec des chefs. Des plats classiques japonais aux d\u00e9licieuses recettes fusion.\" \/>\n<meta property=\"og:url\" content=\"https:\/\/www.mizkanchef.com\/fr\/recettes-des-chefs\/\" \/>\n<meta property=\"og:site_name\" content=\"Mizkan\" \/>\n<meta property=\"article:modified_time\" content=\"2021-06-29T10:56:39+00:00\" \/>\n<meta name=\"twitter:card\" content=\"summary_large_image\" \/>\n<script type=\"application\/ld+json\" class=\"yoast-schema-graph\">{\"@context\":\"https:\/\/schema.org\",\"@graph\":[{\"@type\":\"WebPage\",\"@id\":\"https:\/\/www.mizkanchef.com\/fr\/recettes-des-chefs\/\",\"url\":\"https:\/\/www.mizkanchef.com\/fr\/recettes-des-chefs\/\",\"name\":\"Recettes de Chefs | Mizkan Chef\",\"isPartOf\":{\"@id\":\"https:\/\/www.mizkanchef.com\/fr\/#website\"},\"datePublished\":\"2020-05-28T13:19:20+00:00\",\"dateModified\":\"2021-06-29T10:56:39+00:00\",\"description\":\"D\u00e9couvrez une vari\u00e9t\u00e9 de recettes cr\u00e9es en collaboration avec des chefs. Des plats classiques japonais aux d\u00e9licieuses recettes fusion.\",\"breadcrumb\":{\"@id\":\"https:\/\/www.mizkanchef.com\/fr\/recettes-des-chefs\/#breadcrumb\"},\"inLanguage\":\"fr-FR\",\"potentialAction\":[{\"@type\":\"ReadAction\",\"target\":[\"https:\/\/www.mizkanchef.com\/fr\/recettes-des-chefs\/\"]}]},{\"@type\":\"BreadcrumbList\",\"@id\":\"https:\/\/www.mizkanchef.com\/fr\/recettes-des-chefs\/#breadcrumb\",\"itemListElement\":[{\"@type\":\"ListItem\",\"position\":1,\"name\":\"Home\",\"item\":\"https:\/\/www.mizkanchef.com\/fr\/\"},{\"@type\":\"ListItem\",\"position\":2,\"name\":\"Recettes des chefs\"}]},{\"@type\":\"WebSite\",\"@id\":\"https:\/\/www.mizkanchef.com\/fr\/#website\",\"url\":\"https:\/\/www.mizkanchef.com\/fr\/\",\"name\":\"Mizkan\",\"description\":\"Mizkan\",\"potentialAction\":[{\"@type\":\"SearchAction\",\"target\":{\"@type\":\"EntryPoint\",\"urlTemplate\":\"https:\/\/www.mizkanchef.com\/fr\/?s={search_term_string}\"},\"query-input\":\"required name=search_term_string\"}],\"inLanguage\":\"fr-FR\"}]}<\/script>\n<!-- \/ Yoast SEO plugin. -->","yoast_head_json":{"title":"Recettes de Chefs | Mizkan Chef","description":"D\u00e9couvrez une vari\u00e9t\u00e9 de recettes cr\u00e9es en collaboration avec des chefs. Des plats classiques japonais aux d\u00e9licieuses recettes fusion.","robots":{"index":"index","follow":"follow","max-snippet":"max-snippet:-1","max-image-preview":"max-image-preview:large","max-video-preview":"max-video-preview:-1"},"og_locale":"fr_FR","og_type":"article","og_title":"Recettes de Chefs | Mizkan Chef","og_description":"D\u00e9couvrez une vari\u00e9t\u00e9 de recettes cr\u00e9es en collaboration avec des chefs. Des plats classiques japonais aux d\u00e9licieuses recettes fusion.","og_url":"https:\/\/www.mizkanchef.com\/fr\/recettes-des-chefs\/","og_site_name":"Mizkan","article_modified_time":"2021-06-29T10:56:39+00:00","twitter_card":"summary_large_image","schema":{"@context":"https:\/\/schema.org","@graph":[{"@type":"WebPage","@id":"https:\/\/www.mizkanchef.com\/fr\/recettes-des-chefs\/","url":"https:\/\/www.mizkanchef.com\/fr\/recettes-des-chefs\/","name":"Recettes de Chefs | Mizkan Chef","isPartOf":{"@id":"https:\/\/www.mizkanchef.com\/fr\/#website"},"datePublished":"2020-05-28T13:19:20+00:00","dateModified":"2021-06-29T10:56:39+00:00","description":"D\u00e9couvrez une vari\u00e9t\u00e9 de recettes cr\u00e9es en collaboration avec des chefs. Des plats classiques japonais aux d\u00e9licieuses recettes fusion.","breadcrumb":{"@id":"https:\/\/www.mizkanchef.com\/fr\/recettes-des-chefs\/#breadcrumb"},"inLanguage":"fr-FR","potentialAction":[{"@type":"ReadAction","target":["https:\/\/www.mizkanchef.com\/fr\/recettes-des-chefs\/"]}]},{"@type":"BreadcrumbList","@id":"https:\/\/www.mizkanchef.com\/fr\/recettes-des-chefs\/#breadcrumb","itemListElement":[{"@type":"ListItem","position":1,"name":"Home","item":"https:\/\/www.mizkanchef.com\/fr\/"},{"@type":"ListItem","position":2,"name":"Recettes des chefs"}]},{"@type":"WebSite","@id":"https:\/\/www.mizkanchef.com\/fr\/#website","url":"https:\/\/www.mizkanchef.com\/fr\/","name":"Mizkan","description":"Mizkan","potentialAction":[{"@type":"SearchAction","target":{"@type":"EntryPoint","urlTemplate":"https:\/\/www.mizkanchef.com\/fr\/?s={search_term_string}"},"query-input":"required name=search_term_string"}],"inLanguage":"fr-FR"}]}},"_links":{"self":[{"href":"https:\/\/www.mizkanchef.com\/fr\/wp-json\/wp\/v2\/pages\/573"}],"collection":[{"href":"https:\/\/www.mizkanchef.com\/fr\/wp-json\/wp\/v2\/pages"}],"about":[{"href":"https:\/\/www.mizkanchef.com\/fr\/wp-json\/wp\/v2\/types\/page"}],"author":[{"embeddable":true,"href":"https:\/\/www.mizkanchef.com\/fr\/wp-json\/wp\/v2\/users\/2"}],"replies":[{"embeddable":true,"href":"https:\/\/www.mizkanchef.com\/fr\/wp-json\/wp\/v2\/comments?post=573"}],"version-history":[{"count":0,"href":"https:\/\/www.mizkanchef.com\/fr\/wp-json\/wp\/v2\/pages\/573\/revisions"}],"wp:attachment":[{"href":"https:\/\/www.mizkanchef.com\/fr\/wp-json\/wp\/v2\/media?parent=573"}],"curies":[{"name":"wp","href":"https:\/\/api.w.org\/{rel}","templated":true}]}}