{"id":4313,"date":"2020-10-23T12:13:31","date_gmt":"2020-10-23T12:13:31","guid":{"rendered":"https:\/\/www.mizkanchef.com\/?page_id=4313"},"modified":"2021-04-29T15:18:44","modified_gmt":"2021-04-29T15:18:44","slug":"reglement-concours-social-media-honteri-flavours","status":"publish","type":"page","link":"https:\/\/www.mizkanchef.com\/fr\/reglement-concours-social-media-honteri-flavours\/","title":{"rendered":"R\u00c8GLEMENT CONCOURS SOCIAL MEDIA HONTERI FLAVOURS"},"content":{"rendered":"\t\t<div data-elementor-type=\"wp-page\" data-elementor-id=\"4313\" class=\"elementor elementor-4313\">\n\t\t\t\t\t\t<section class=\"elementor-section elementor-top-section elementor-element elementor-element-f6d355c elementor-section-boxed elementor-section-height-default elementor-section-height-default\" data-id=\"f6d355c\" data-element_type=\"section\">\n\t\t\t\t\t\t<div class=\"elementor-container elementor-column-gap-default\">\n\t\t\t\t\t<div class=\"elementor-column elementor-col-100 elementor-top-column elementor-element elementor-element-787e008\" data-id=\"787e008\" data-element_type=\"column\">\n\t\t\t<div class=\"elementor-widget-wrap elementor-element-populated\">\n\t\t\t\t\t\t<div class=\"elementor-element elementor-element-5d049f5 elementor-widget elementor-widget-text-editor\" data-id=\"5d049f5\" data-element_type=\"widget\" data-widget_type=\"text-editor.default\">\n\t\t\t\t<div class=\"elementor-widget-container\">\n\t\t\t\t\t\t\t<strong>R\u00c8GLEMENT CONCOURS SOCIAL MEDIA HONTERI FLAVOURS<\/strong>\nHonteri &#8211; MIZKAN\n\n*NB: Nouvelle date de cl\u00f4ture du jeu au 15 d\u00e9cembre 2020 minuit (GMT+1). Les gagnants seront annonc\u00e9s le18 d\u00e9cembre 2020 \u00e0 minuit (GMT+1).\n\n<strong>ARTICLE 1 \u2013 ORGANISATEUR DU CONCOURS<\/strong>\n\nLa soci\u00e9t\u00e9 <strong>MIZKAN EURO LTD immatricul\u00e9e au Royaume-Uni<\/strong> sous le num\u00e9ro 08053234 dont le si\u00e8ge social est situ\u00e9 au 2\u00e8me \u00e9tage B\u00e2timent 10 Chiswick Park 566 Chiswick High Road, Chiswick, London, W4 5XS; (ci-apr\u00e8s d\u00e9sign\u00e9e la \u00ab <strong>Soci\u00e9t\u00e9 Organisatrice<\/strong> \u00bb) organise du 27\/10\/2020 \u00e0 18h (GMT+1) au 08\/12\/2020 \u00e0 minuit (GMT+1) (ci-apr\u00e8s la \u00ab <strong>P\u00e9riode de concours<\/strong> \u00bb) un concours intitul\u00e9 <strong>Honteri Flavours<\/strong> (ci-apr\u00e8s d\u00e9sign\u00e9 le \u00ab Concours \u00bb) selon les modalit\u00e9s d\u00e9crites dans le pr\u00e9sent r\u00e8glement (ci-apr\u00e8s d\u00e9sign\u00e9 le \u00ab <strong>R\u00e8glement<\/strong> \u00bb).\n\nCes donn\u00e9es personnelles sont destin\u00e9es uniquement \u00e0 la Soci\u00e9t\u00e9 Organisatrice.\n\n<strong>ARTICLE 2 \u2013 CONDITIONS ET VALIDIT\u00c9 DE LA PARTICIPATION AU CONCOURS<\/strong>\n\nLa participation au Concours implique l\u2019acceptation sans aucune r\u00e9serve du R\u00e8glement. Elle est gratuite et sans obligation d\u2019achat. Le r\u00e8glement sera mis \u00e0 disposition des Participants (tels que d\u00e9finis ci-apr\u00e8s) via le site internet de la Mizkan (<a href=\"\/fr\/reglement-concours-social-media-honteri-flavours\/\" target=\"_blank\" rel=\"noopener\">lien<\/a>) du 27\/10\/2020 \u00e0 18h (GMT+1) au 08\/12\/2020 \u00e0 minuit (GMT+1).\n\nLa participation au Concours est ouverte exclusivement aux personnes physiques majeures domicili\u00e9es en France m\u00e9tropolitaine (Corse comprise) (ci-apr\u00e8s d\u00e9sign\u00e9es le(s) \u00ab <strong>Participant(s)<\/strong> \u00bb) et travaillant dans un restaurant, \u00e0 l\u2019exclusion des salari\u00e9s et des collaborateurs permanents et temporaires de la Soci\u00e9t\u00e9 Organisatrice et de leurs familles, et plus g\u00e9n\u00e9ralement de toute personne ayant particip\u00e9 \u00e0 l\u2019organisation du Concours.\n\nLe Concours est limit\u00e9 au nombre de cent (100) participants, compte tenu du nombre limit\u00e9 d\u2019\u00e9chantillon disponible pour la participation au concours.\n\nAu del\u00e0 de cent (100) participants, plus aucune inscription sera prise en compte.\nLa Soci\u00e9t\u00e9 Organisatrice se r\u00e9serve la facult\u00e9 d\u2019effectuer directement ou indirectement toutes v\u00e9rifications n\u00e9cessaires afin de contr\u00f4ler, par tout moyen, l\u2019identit\u00e9, l\u2019\u00e2ge, l\u2019adresse, la qualit\u00e9 et\/ou le nombre de participations des Participants, ce que chaque Participant accepte express\u00e9ment.\n\nUne seule participation par Participant est autoris\u00e9e. Toute fraude ou infraction du R\u00e8glement entra\u00eene l\u2019exclusion du Concours du Participant et l\u2019annulation de l\u2019ensemble de ses participations.\n\nToute tentative d\u2019un individu, qu\u2019il participe ou non au Concours, en vue de l\u00e9ser le d\u00e9roulement du Concours, ainsi que toute fraude, ou tentative de fraude, ou tentative de participation d\u00e9loyale, commise en vue de percevoir ind\u00fbment une dotation, pourront donner lieu \u00e0 l\u2019exclusion du Concours et, le cas \u00e9ch\u00e9ant, \u00e0 l\u2019engagement de poursuites judiciaires par la Soci\u00e9t\u00e9 Organisatrice.\n\nSont prohib\u00e9es les contributions au Concours pr\u00e9sentant notamment, et de fa\u00e7on non exhaustive, des contenus :\n\n\u25cf Hors sujet, ne respectant pas le th\u00e8me du Concours, de nature \u00e0 susciter la pol\u00e9mique, excessivement provocateur ou ne cherchant pas \u00e0 \u00eatre constructifs\n\u25cf Portant atteinte \u00e0 la dignit\u00e9 humaine\n\u25cf \u00c0 caract\u00e8re sexuellement explicite ou suggestif, pornographique, \u00e9rotique ou p\u00e9dophile et notamment exposant une nudit\u00e9 totale ou partielle\n\u25cf Faisant l\u2019apologie des crimes d\u2019atteintes volontaires \u00e0 la vie, \u00e0 l\u2019int\u00e9grit\u00e9 de la personne et des agressions sexuelles d\u00e9finies par le livre II du code p\u00e9nal (viol, attentat \u00e0 la pudeur, outrage public, atteinte aux bonnes m\u0153urs, harc\u00e8lement sexuel\u2026)\n\u25cf Faisant l\u2019apologie du terrorisme, des crimes de guerre, des crimes contre l\u2019humanit\u00e9 ou des crimes ou d\u00e9lits de quelque nature que ce soit\n\u25cf \u00c0 caract\u00e8re discriminatoire, haineux ou violent \u00e0 l\u2019\u00e9gard d\u2019une personne ou d\u2019un groupe de personnes en raison de leur origine, de leur appartenance ou de leur non-appartenance, v\u00e9ridique ou suppos\u00e9e, \u00e0 une ethnie, une nation, une race, une orientation sexuelle, une profession, une cat\u00e9gorie d\u2019\u00e2ge ou une religion d\u00e9termin\u00e9e\n\u25cf \u00c0 caract\u00e8re diffamatoire, injurieux, calomnieux, raciste, x\u00e9nophobe, n\u00e9gationniste ou d\u00e9nigrant \u00e0 l\u2019\u00e9gard de tiers, personnes physiques ou morales, et notamment de la Soci\u00e9t\u00e9 Organisatrice, de ses produits ou de ses marques\n\u25cf Portant atteinte \u00e0 la vie priv\u00e9e, \u00e0 l\u2019image, \u00e0 l\u2019honneur ou \u00e0 la r\u00e9putation de tous tiers, participants ou non\n\u25cf Portant atteinte aux droits de propri\u00e9t\u00e9 intellectuelle ou industrielle d\u2019un tiers notamment en pr\u00e9sence d\u2019extrait non autoris\u00e9 ou de plagiat\n\u25cf Faisant la promotion d\u2019un programme, parti ou activit\u00e9s politiques\n\u25cf Incluant des propos grossiers, orduriers ou contraires \u00e0 l\u2019image et aux valeurs de la Soci\u00e9t\u00e9 Organisatrice\n\u25cf Contraire aux l\u00e9gislations sur le tabac, l\u2019alcool, la drogue, les armes ou toute autre communication encadr\u00e9e\n\u25cf Et, d\u2019une mani\u00e8re g\u00e9n\u00e9rale, contraires \u00e0 la l\u00e9gislation en vigueur.\n\nTout Participant ne respectant pas ces interdictions sera aussit\u00f4t \u00e9limin\u00e9 du Concours.\n\nLes Participants garantissent la Soci\u00e9t\u00e9 Organisatrice contre toute revendication, action en responsabilit\u00e9, dommages et int\u00e9r\u00eats, pertes ou d\u00e9penses (y compris contre des frais juridiques l\u00e9gitimes) occasionn\u00e9s ou li\u00e9s \u00e0 la violation de l\u2019une quelconque des garanties ou l\u2019un quelconque des engagements pris en vertu du R\u00e8glement.\n\n<strong>ARTICLE 3 \u2013 PRINCIPE ET MODALITES DU CONCOURS<\/strong>\n\n3.1 \u2013 MODALIT\u00c9S DU CONCOURS\n\nLe Concours est organis\u00e9 \u00e0 l\u2019occasion de campagne Honteri Flavours.\n\nLes Participants peuvent participer au Concours pendant la P\u00e9riode de concours en s\u2019inscrivant sur le formulaire du site: <a href=\"https:\/\/www.mizkanchef.com\/fr\/honteriflavours\/\" target=\"_blank\" rel=\"noopener\">www.mizkanchef.com\/fr\/honteriflavours\/<\/a>\nApr\u00e8s avoir indiqu\u00e9 leurs informations personnelles, les participants recevront un email de confirmation et de remerciements, puis, par courrier postal, un (1) \u00e9chantillon du produit Honteri pour r\u00e9aliser leur recette.\nIls pourront ensuite : 1) publier la photo de leur plat ainsi que leur recette r\u00e9alis\u00e9e avec le produit Honteri sur leur feed Instagram, avec le hashtag #HonteriFlavours et le tag de la marque @mizkan_chef_france (si ils poss\u00e8dent un compte Instagram public). Ou, 2) partager la photo de leur plat ainsi que leur recette par message priv\u00e9 sur Instagram (s\u2019ils poss\u00e8dent un compte priv\u00e9) au compte @mizkan_chef_france. Ou 3) partager la photo de leur plat ainsi que leur recette en publiant sur Facebook avec le hashtag #HonteriFlavours et en identifiant la page @Mizkan Chef FR o\u00f9 4) message priv\u00e9. 5) Les participants peuvent \u00e9galement partager ces derni\u00e8res (photo et recette) via email \u00e0 <a href=\"mailto:honteriflavours@gmail.com\">honteriflavours@gmail.com<\/a>.\n\nUn email de rappel sera envoy\u00e9 aux participants une semaine avant la fin du concours.\n\n3.2 \u2013 LES GAGNANTS\n\nTrois (3) gagnants seront choisis le 11\/12\/2020 parmi les Participants ayant rempli les modalit\u00e9s d\u00e9crites ci-avant.\n\nLes gagnants seront s\u00e9lectionn\u00e9s selon ces crit\u00e8res :\n1) Originalit\u00e9 de la recette\n2) Utilisation du produit Honteri de fa\u00e7on \u00e0 tirer profit des caract\u00e9ristiques de l\u2019ingr\u00e9dient\n3) \u00c9quilibre et complexit\u00e9 des saveurs, des go\u00fbts et des textures.\n\nLe recours \u00e0 des gagnants suppl\u00e9ants sera exerc\u00e9, dans le cas du refus par un gagnant de sa Dotation (d\u00e9fini ci-apr\u00e8s), ou si la participation de ce dernier s\u2019av\u00e9rait invalide ou pour tout motif ne permettant pas de lui remettre sa Dotation.\n\n<strong>ARTICLE 4 \u2013 ANNONCE AUX GAGNANTS<\/strong>\n\nLe gagnant sera contact\u00e9 par mail pour \u00eatre averti.\n\nLe gagnant devra confirmer son souhait de b\u00e9n\u00e9ficier de la Dotation en r\u00e9pondant par mail dans un d\u00e9lai de trois (3) jours \u00e0 compter de l\u2019exp\u00e9dition dudit message. A d\u00e9faut de confirmation dans ledit d\u00e9lai, le gagnant sera consid\u00e9r\u00e9 comme ayant renonc\u00e9 \u00e0 sa Dotation et la responsabilit\u00e9 de la Soci\u00e9t\u00e9 Organisatrice ne pourra \u00eatre engag\u00e9e \u00e0 cet \u00e9gard.\n\nLe gagnant ne pourra en aucun cas se pr\u00e9valoir de l\u2019absence de prise de connaissance du message priv\u00e9 l\u2019avisant de son gain dans les d\u00e9lais susvis\u00e9s pour solliciter l\u2019octroi de la Dotation.\n\n<strong>ARTICLE 5 \u2013 DOTATIONS<\/strong>\n\n5.1 \u2013 LA DOTATION\nLes Dotation du Concours (ci-apr\u00e8s la ou les \u00ab Dotations \u00bb) sont les suivantes :\n\nPour le gagnant de la premi\u00e8re place , il remportera au choix :\n&#8211; Un accompagnement de l\u2019agence de d\u00e9coration d\u2019int\u00e9rieur et am\u00e9nagement d\u2019espace \u00ab Contrast Deco \u00bb pour optimisation du restaurant d\u2019une valeur de 3.500 \u20ac\n&#8211; Un accompagnement \u00ab pilotage d\u2019entreprise \u00bb avec la soci\u00e9t\u00e9 Rivalis pour une valeur de 3.500\u20ac\n&#8211; Une carte cadeau \u00e0 hauteur de 3.500\u20ac \u00e0 d\u00e9penser sur le site FourniResto, distributeur d\u2019\u00e9quipement et mat\u00e9riel professionnel de cuisine\nPour le gagnant de la seconde place, il remportera :\n&#8211; Un an de produit Honteri Mirin (soit 4 produit format 18 litres) d\u2019une valeur de 4 X 40\u20ac soit 160\u20ac\n&#8211; Un couteau Japonais de la marque TOJIRO d\u2019une valeur de 125\u20ac\nPour le gagnant de la troisi\u00e8me place, il remportera :\n&#8211; Un an de produit Honteri Mirin (soit 4 produit format 18 litres) d\u2019une valeur de 4 X 40\u20ac soit 160\u20ac\n&#8211; Un couteau Japonais de la marque TOJIRO d\u2019une valeur de 110\u20ac\n\nLa remise d\u2019une Dotation ne donne droit \u00e0 aucune contestation ou r\u00e9clamation pour quelque cause que ce soit, ni \u00e0 la remise au Participant de sa contre-valeur sous quelque forme que ce soit, ni \u00e0 son remplacement, son \u00e9change ou sa cession \u00e0 un tiers.\nLa Soci\u00e9t\u00e9 Organisatrice se r\u00e9serve le droit de remplacer les Dotations, en tout ou en partie, par d\u2019autres dotations de nature \u00e9quivalente, si des circonstances ind\u00e9pendantes de sa volont\u00e9 l\u2019y contraignaient, sans engager sa responsabilit\u00e9 de ce fait.\n\n<strong>ARTICLE 6 \u2013 LIMITES DE RESPONSABILIT\u00c9<\/strong>\n\nLa Soci\u00e9t\u00e9 Organisatrice ne saurait \u00eatre tenue responsable de tout fait qui ne lui serait pas imputable, notamment en cas de mauvais fonctionnement des lignes t\u00e9l\u00e9phoniques, de l\u2019indisponibilit\u00e9 du site, des dysfonctionnements du r\u00e9seau Internet, des d\u00e9faillances de l\u2019ordinateur du Participant, de tout autre probl\u00e8me li\u00e9 aux r\u00e9seaux et moyens de communication (fournisseurs d\u2019acc\u00e8s, virus, \u00e9quipements informatiques d\u00e9faillants et\/ou incompatibles quant aux mat\u00e9riels ou logiciels, etc.) ou dans le cas o\u00f9 les informations fournies par le Participant seraient erron\u00e9es, incompl\u00e8tes ou viendraient \u00e0 \u00eatre rendues inexploitables pour une raison qui ne serait pas imputable \u00e0 la Soci\u00e9t\u00e9 Organisatrice.\nLa Soci\u00e9t\u00e9 Organisatrice ne saurait davantage \u00eatre tenue responsable dans l\u2019hypoth\u00e8se o\u00f9 un Participant ne pourrait parvenir \u00e0 se connecter au Site du fait de tout d\u00e9faut technique ou de tout probl\u00e8me li\u00e9, notamment, \u00e0 l\u2019encombrement du r\u00e9seau. Elle ne peut \u00eatre tenue responsable de la maintenance ou de tout dysfonctionnement des serveurs sur lesquels le Site et\/ou le Concours sont h\u00e9berg\u00e9s.\nIl appartient aux Participants de prendre toutes les mesures appropri\u00e9es pour prot\u00e9ger leurs donn\u00e9es et\/ou logiciels. La connexion de toute personne au Site et la participation au Concours se font sous l\u2019enti\u00e8re responsabilit\u00e9 des Participants.\nLa Soci\u00e9t\u00e9 Organisatrice n\u2019est pas tenue de r\u00e9pondre aux demandes des Participants, quelle que soit leur forme (lettres, e-mails, fax, appels t\u00e9l\u00e9phoniques, etc.) relatives au m\u00e9canisme du Concours, \u00e0 l&rsquo;interpr\u00e9tation ou \u00e0 l&rsquo;application du R\u00e8glement, ou \u00e0 la liste des gagnants, m\u00eame apr\u00e8s la cl\u00f4ture du Concours.\nEn acceptant de participer au Concours, chaque Participant est r\u00e9put\u00e9 avoir accept\u00e9 le R\u00e8glement et d\u00e9charge enti\u00e8rement et sans condition la Soci\u00e9t\u00e9 Organisatrice de toute responsabilit\u00e9 relative au Concours ainsi que de tout pr\u00e9judice, des pertes ou dommages pouvant survenir du fait de la participation au Concours ou en relation avec celui-ci.\n\nLa Soci\u00e9t\u00e9 Organisatrice ne saurait en aucun cas encourir une quelconque responsabilit\u00e9 si elle \u00e9tait amen\u00e9e \u00e0 annuler, \u00e9courter, prolonger, reporter ou modifier les conditions de participation et les modalit\u00e9s de fonctionnement du Concours.\n\nTout changement fera l\u2019objet d\u2019une information pr\u00e9alable par tout moyen appropri\u00e9. Des additifs et modifications de R\u00e8glement peuvent alors \u00e9ventuellement \u00eatre publi\u00e9s pendant le Concours. Ils seront consid\u00e9r\u00e9s comme des avenants au pr\u00e9sent R\u00e8glement.\n\n<strong>ARTICLE 7 \u2013 PROTECTION DES DONNEES A CARACTERE PERSONNEL<\/strong>\n\nDans le cadre de la participation au Concours, certaines des donn\u00e9es personnelles des Participants feront l\u2019objet d\u2019un traitement par la Soci\u00e9t\u00e9 Organisatrice ou ses prestataires. Afin de prendre connaissance de l\u2019ensemble des conditions de traitement des donn\u00e9es et d\u2019en apprendre plus sur leurs droits et la mani\u00e8re de les exercer, la Soci\u00e9t\u00e9 Organisatrice invite les Participants \u00e0 consulter sa politique de confidentialit\u00e9 accessible ici : https:\/\/www.mizkanchef.com\/fr\/politique-de-confidentialite\/\n\n<strong>ARTICLE 8 \u2013 PUBLICIT\u00c9 ET PROMOTION DES GAGNANTS<\/strong>\n\nLes gagnants, par leur seule participation au Concours, autorisent express\u00e9ment la Soci\u00e9t\u00e9 Organisatrice \u00e0 utiliser, sur tout support, par tout moyen et pour la dur\u00e9e qu\u2019elle jugera utile, leurs noms, pr\u00e9noms, villes de r\u00e9sidence, ainsi que les photographies les repr\u00e9sentant, sans que cela conf\u00e8re aux int\u00e9ress\u00e9s le droit \u00e0 une r\u00e9mun\u00e9ration, compensation ou avantage compl\u00e9mentaire autre que l\u2019attribution des dotations qu\u2019ils auront gagn\u00e9es dans le cadre du Concours.\n\n<strong>ARTICLE 9 \u2013 CONSULTATION DU REGLEMENT<\/strong>\n\nLe r\u00e8glement complet peut \u00eatre consult\u00e9 en ligne sur la page : <a href=\"https:\/\/www.mizkanchef.com\/fr\/reglement-concours-social-media-honteri-flavours\/\" target=\"_blank\" rel=\"noopener\">www.mizkanchef.com\/fr\/reglement-concours-social-media-honteri-flavours\/<\/a>\n\n<strong>ARTICLE 10 \u2013 DROIT APPLICABLE ET REGLEMENT DES LITIGES<\/strong>\n\nLe Concours et le R\u00e8glement sont soumis au droit fran\u00e7ais.\n\nToute contestation qui surviendrait \u00e0 l\u2019occasion de l\u2019ex\u00e9cution du R\u00e8glement se r\u00e9soudra prioritairement de mani\u00e8re amiable entre la Soci\u00e9t\u00e9 Organisatrice et le Participant concern\u00e9.\n\nLes r\u00e9clamations ou litiges n\u00e9s de l\u2019interpr\u00e9tation ou de l\u2019ex\u00e9cution du R\u00e8glement devront obligatoirement \u00eatre soumis par le Participant \u00e0 la Soci\u00e9t\u00e9 Organisatrice, dans un d\u00e9lai d\u2019une (1) semaine \u00e0 compter de la date limite de participation au Concours telle qu\u2019indiqu\u00e9e au R\u00e8glement, par lettre recommand\u00e9e avec avis de r\u00e9ception adress\u00e9e \u00e0 :\n\nMIZKAN LTD\n2\u00e8me \u00e9tage b\u00e2timent 10\nChiswick Park\n566 Chiswick High Road,\nChiswick, London,\nW4 5XS\n\nA d\u00e9faut d\u2019accord amiable, tout litige sera port\u00e9 devant les tribunaux fran\u00e7ais comp\u00e9tents.\t\t\t\t\t\t<\/div>\n\t\t\t\t<\/div>\n\t\t\t\t\t<\/div>\n\t\t<\/div>\n\t\t\t\t\t<\/div>\n\t\t<\/section>\n\t\t\t\t<\/div>\n\t\t","protected":false},"excerpt":{"rendered":"<p>R\u00c8GLEMENT CONCOURS SOCIAL MEDIA HONTERI FLAVOURS Honteri &#8211; MIZKAN *NB: Nouvelle date de cl\u00f4ture du jeu au 15 d\u00e9cembre 2020 minuit (GMT+1). Les gagnants seront annonc\u00e9s le18 d\u00e9cembre 2020 \u00e0 minuit (GMT+1). ARTICLE 1 \u2013 ORGANISATEUR DU CONCOURS La soci\u00e9t\u00e9 MIZKAN EURO LTD immatricul\u00e9e au Royaume-Uni sous le num\u00e9ro 08053234 dont le si\u00e8ge social est [&hellip;]<\/p>\n","protected":false},"author":2,"featured_media":0,"parent":0,"menu_order":0,"comment_status":"closed","ping_status":"closed","template":"","meta":{"footnotes":""},"acf":[],"yoast_head":"<!-- This site is optimized with the Yoast SEO plugin v21.9.1 - https:\/\/yoast.com\/wordpress\/plugins\/seo\/ -->\n<title>R\u00c8GLEMENT CONCOURS SOCIAL MEDIA HONTERI FLAVOURS - Mizkan<\/title>\n<meta name=\"robots\" content=\"index, follow, max-snippet:-1, max-image-preview:large, max-video-preview:-1\" \/>\n<meta property=\"og:locale\" content=\"fr_FR\" \/>\n<meta property=\"og:type\" content=\"article\" \/>\n<meta property=\"og:title\" content=\"R\u00c8GLEMENT CONCOURS SOCIAL MEDIA HONTERI FLAVOURS - Mizkan\" \/>\n<meta property=\"og:description\" content=\"R\u00c8GLEMENT CONCOURS SOCIAL MEDIA HONTERI FLAVOURS Honteri &#8211; MIZKAN *NB: Nouvelle date de cl\u00f4ture du jeu au 15 d\u00e9cembre 2020 minuit (GMT+1). Les gagnants seront annonc\u00e9s le18 d\u00e9cembre 2020 \u00e0 minuit (GMT+1). ARTICLE 1 \u2013 ORGANISATEUR DU CONCOURS La soci\u00e9t\u00e9 MIZKAN EURO LTD immatricul\u00e9e au Royaume-Uni sous le num\u00e9ro 08053234 dont le si\u00e8ge social est [&hellip;]\" \/>\n<meta property=\"og:url\" content=\"https:\/\/www.mizkanchef.com\/fr\/reglement-concours-social-media-honteri-flavours\/\" \/>\n<meta property=\"og:site_name\" content=\"Mizkan\" \/>\n<meta property=\"article:modified_time\" content=\"2021-04-29T15:18:44+00:00\" \/>\n<meta name=\"twitter:card\" content=\"summary_large_image\" \/>\n<meta name=\"twitter:label1\" content=\"Dur\u00e9e de lecture estim\u00e9e\" \/>\n\t<meta name=\"twitter:data1\" content=\"10 minutes\" \/>\n<script type=\"application\/ld+json\" class=\"yoast-schema-graph\">{\"@context\":\"https:\/\/schema.org\",\"@graph\":[{\"@type\":\"WebPage\",\"@id\":\"https:\/\/www.mizkanchef.com\/fr\/reglement-concours-social-media-honteri-flavours\/\",\"url\":\"https:\/\/www.mizkanchef.com\/fr\/reglement-concours-social-media-honteri-flavours\/\",\"name\":\"R\u00c8GLEMENT CONCOURS SOCIAL MEDIA HONTERI FLAVOURS - Mizkan\",\"isPartOf\":{\"@id\":\"https:\/\/www.mizkanchef.com\/fr\/#website\"},\"datePublished\":\"2020-10-23T12:13:31+00:00\",\"dateModified\":\"2021-04-29T15:18:44+00:00\",\"breadcrumb\":{\"@id\":\"https:\/\/www.mizkanchef.com\/fr\/reglement-concours-social-media-honteri-flavours\/#breadcrumb\"},\"inLanguage\":\"fr-FR\",\"potentialAction\":[{\"@type\":\"ReadAction\",\"target\":[\"https:\/\/www.mizkanchef.com\/fr\/reglement-concours-social-media-honteri-flavours\/\"]}]},{\"@type\":\"BreadcrumbList\",\"@id\":\"https:\/\/www.mizkanchef.com\/fr\/reglement-concours-social-media-honteri-flavours\/#breadcrumb\",\"itemListElement\":[{\"@type\":\"ListItem\",\"position\":1,\"name\":\"Home\",\"item\":\"https:\/\/www.mizkanchef.com\/fr\/\"},{\"@type\":\"ListItem\",\"position\":2,\"name\":\"R\u00c8GLEMENT CONCOURS SOCIAL MEDIA HONTERI FLAVOURS\"}]},{\"@type\":\"WebSite\",\"@id\":\"https:\/\/www.mizkanchef.com\/fr\/#website\",\"url\":\"https:\/\/www.mizkanchef.com\/fr\/\",\"name\":\"Mizkan\",\"description\":\"Mizkan\",\"potentialAction\":[{\"@type\":\"SearchAction\",\"target\":{\"@type\":\"EntryPoint\",\"urlTemplate\":\"https:\/\/www.mizkanchef.com\/fr\/?s={search_term_string}\"},\"query-input\":\"required name=search_term_string\"}],\"inLanguage\":\"fr-FR\"}]}<\/script>\n<!-- \/ Yoast SEO plugin. -->","yoast_head_json":{"title":"R\u00c8GLEMENT CONCOURS SOCIAL MEDIA HONTERI FLAVOURS - Mizkan","robots":{"index":"index","follow":"follow","max-snippet":"max-snippet:-1","max-image-preview":"max-image-preview:large","max-video-preview":"max-video-preview:-1"},"og_locale":"fr_FR","og_type":"article","og_title":"R\u00c8GLEMENT CONCOURS SOCIAL MEDIA HONTERI FLAVOURS - Mizkan","og_description":"R\u00c8GLEMENT CONCOURS SOCIAL MEDIA HONTERI FLAVOURS Honteri &#8211; MIZKAN *NB: Nouvelle date de cl\u00f4ture du jeu au 15 d\u00e9cembre 2020 minuit (GMT+1). Les gagnants seront annonc\u00e9s le18 d\u00e9cembre 2020 \u00e0 minuit (GMT+1). ARTICLE 1 \u2013 ORGANISATEUR DU CONCOURS La soci\u00e9t\u00e9 MIZKAN EURO LTD immatricul\u00e9e au Royaume-Uni sous le num\u00e9ro 08053234 dont le si\u00e8ge social est [&hellip;]","og_url":"https:\/\/www.mizkanchef.com\/fr\/reglement-concours-social-media-honteri-flavours\/","og_site_name":"Mizkan","article_modified_time":"2021-04-29T15:18:44+00:00","twitter_card":"summary_large_image","twitter_misc":{"Dur\u00e9e de lecture estim\u00e9e":"10 minutes"},"schema":{"@context":"https:\/\/schema.org","@graph":[{"@type":"WebPage","@id":"https:\/\/www.mizkanchef.com\/fr\/reglement-concours-social-media-honteri-flavours\/","url":"https:\/\/www.mizkanchef.com\/fr\/reglement-concours-social-media-honteri-flavours\/","name":"R\u00c8GLEMENT CONCOURS SOCIAL MEDIA HONTERI FLAVOURS - Mizkan","isPartOf":{"@id":"https:\/\/www.mizkanchef.com\/fr\/#website"},"datePublished":"2020-10-23T12:13:31+00:00","dateModified":"2021-04-29T15:18:44+00:00","breadcrumb":{"@id":"https:\/\/www.mizkanchef.com\/fr\/reglement-concours-social-media-honteri-flavours\/#breadcrumb"},"inLanguage":"fr-FR","potentialAction":[{"@type":"ReadAction","target":["https:\/\/www.mizkanchef.com\/fr\/reglement-concours-social-media-honteri-flavours\/"]}]},{"@type":"BreadcrumbList","@id":"https:\/\/www.mizkanchef.com\/fr\/reglement-concours-social-media-honteri-flavours\/#breadcrumb","itemListElement":[{"@type":"ListItem","position":1,"name":"Home","item":"https:\/\/www.mizkanchef.com\/fr\/"},{"@type":"ListItem","position":2,"name":"R\u00c8GLEMENT CONCOURS SOCIAL MEDIA HONTERI FLAVOURS"}]},{"@type":"WebSite","@id":"https:\/\/www.mizkanchef.com\/fr\/#website","url":"https:\/\/www.mizkanchef.com\/fr\/","name":"Mizkan","description":"Mizkan","potentialAction":[{"@type":"SearchAction","target":{"@type":"EntryPoint","urlTemplate":"https:\/\/www.mizkanchef.com\/fr\/?s={search_term_string}"},"query-input":"required name=search_term_string"}],"inLanguage":"fr-FR"}]}},"_links":{"self":[{"href":"https:\/\/www.mizkanchef.com\/fr\/wp-json\/wp\/v2\/pages\/4313"}],"collection":[{"href":"https:\/\/www.mizkanchef.com\/fr\/wp-json\/wp\/v2\/pages"}],"about":[{"href":"https:\/\/www.mizkanchef.com\/fr\/wp-json\/wp\/v2\/types\/page"}],"author":[{"embeddable":true,"href":"https:\/\/www.mizkanchef.com\/fr\/wp-json\/wp\/v2\/users\/2"}],"replies":[{"embeddable":true,"href":"https:\/\/www.mizkanchef.com\/fr\/wp-json\/wp\/v2\/comments?post=4313"}],"version-history":[{"count":0,"href":"https:\/\/www.mizkanchef.com\/fr\/wp-json\/wp\/v2\/pages\/4313\/revisions"}],"wp:attachment":[{"href":"https:\/\/www.mizkanchef.com\/fr\/wp-json\/wp\/v2\/media?parent=4313"}],"curies":[{"name":"wp","href":"https:\/\/api.w.org\/{rel}","templated":true}]}}