{"id":2936,"date":"2019-05-08T01:38:14","date_gmt":"2019-05-08T01:38:14","guid":{"rendered":"http:\/\/mizkan.wpengine.com\/privacy-policy\/"},"modified":"2020-10-09T14:06:17","modified_gmt":"2020-10-09T14:06:17","slug":"politique-de-confidentialite","status":"publish","type":"page","link":"https:\/\/www.mizkanchef.com\/fr\/politique-de-confidentialite\/","title":{"rendered":"Politique de confidentialit\u00e9"},"content":{"rendered":"<h3>1. Introduction<\/h3>\n<p>Mizkan Euro (\u00ab\u00a0<strong>Mizkan<\/strong>\u00a0\u00bb)<sup>1<\/sup>\u00a0est un groupe d\u2019entreprises du Royaume-Uni qui fabrique, vend et distribue des produits alimentaires. L\u2019entreprise op\u00e8re sous diff\u00e9rentes marques comme, mais non limit\u00e9 \u00e0, Sarsons, Branston, Haywards, Mizkan et Dufrais.<\/p>\n<p>Mizkan op\u00e8re \u00e9galement avec un site internet appel\u00e9 www.Mizkan.co.uk et un nombre de sites internet pour produits. Le site de la corporation contient un lien vers un nombre d\u2019autres sites internet des diff\u00e9rentes marques produits comme\u00a0:<\/p>\n<ul>\n<li>https:\/\/www.sarsons.co.uk\/<\/li>\n<li>https:\/\/www.haywardspickles.co.uk\/<\/li>\n<li>https:\/\/bringoutthebranston.co.uk\/<\/li>\n<li>etc.<\/li>\n<\/ul>\n<p>Vous trouverez cette Notification (\u00ab\u00a0<strong>Notification<\/strong>\u00a0\u00bb) pour les consommateurs et clients sur le traitement \u00e9quitable des donn\u00e9es personnelles et une notification des cookies sur chaque site internet. Cette Notification a pour but d\u2019informer les consommateurs et les clients<sup>2<\/sup> (\u00ab\u00a0<strong>vous<\/strong>\u00a0\u00bb) sur comment Mizkan (\u00ab\u00a0<strong>nous<\/strong>\u00a0\u00bb) utilisent vos donn\u00e9es personnelles et les mesures et proc\u00e9dures misent en place pour s\u2019assurer d\u2019une protection ad\u00e9quate.<\/p>\n<p>De plus, cette notification peut vous \u00eatre communiqu\u00e9e dans un format digital ou papier, ou nous pouvons vous communiquer son adresse sur notre site intranet si et quand vous visitez l\u2019une de nos localisations ou si vous partagez vos donn\u00e9es personnelles avec nous.<\/p>\n<p>Nous vous communiquerons cette information comme requis dans R\u00e8glement G\u00e9n\u00e9ral de Protection des Donn\u00e9es (\u00ab\u00a0<strong>RGPD<\/strong>\u00a0\u00bb).<\/p>\n<h3>2. Cadre de la Notification de l\u2019Utilisation \u00c9quitable<\/h3>\n<p>Cette notification d\u2019utilisation \u00e9quitable s\u2019applique \u00e0 toutes les donn\u00e9es personnelles des Consommateurs et Clients de Mizkan utilis\u00e9 par Mizkan de toutes les mani\u00e8res et par tous les m\u00e9dias.<\/p>\n<h3>3. Utilisation l\u00e9gale<\/h3>\n<p>Nous utiliserons vos donn\u00e9es personnelles\u00a0:<\/p>\n<p>a. Quand nous avons l\u2019autorisation ;<\/p>\n<p>b. Quand l\u2019utilisation est n\u00e9cessaire pour vous offrir nos produits ou services ;<\/p>\n<p>c. Quand l\u2019utilisation est n\u00e9cessaire pour r\u00e9pondre \u00e0 une de vos requ\u00eates ;<\/p>\n<p>d. Quand l\u2019utilisation est n\u00e9cessaire pour maintenir notre relation avec vous ;<\/p>\n<p>e. Quand l\u2019utilisation est n\u00e9cessaire dans le cadre de nos obligations l\u00e9gales :<\/p>\n<p>f. Quand l\u2019utilisation est n\u00e9cessaire pour prot\u00e9ger l\u2019int\u00e9r\u00eat vital des donn\u00e9es sujettes ;<\/p>\n<p>Dans le cas (a) ci-dessus, vous pouvez retirer votre consentement \u00e0 tout moment, en faisant une requ\u00eate comme indiqu\u00e9 dans la section\u00a0XIV ci-dessous.<\/p>\n<h3>4. Quelles donn\u00e9es collectons-nous sur vous<\/h3>\n<p>Nous utilisons les types de donn\u00e9es personnelles suivantes\u00a0:<\/p>\n<p>a. Votre nom, adresse e-mail, twitter et\/ou nom Instagram et autres donn\u00e9es de contact ;<\/p>\n<p>b. D\u00e9tails sur vos pr\u00e9f\u00e9rences pour mat\u00e9rielles ou d\u2019\u00e9v\u00e8nements marketing ;<\/p>\n<p>c. Vos messages, retour ou contribution \u00e0 l\u2019enqu\u00eate clients et questionnaires ;<\/p>\n<p>d. Toutes autres communications que vous nous envoyez ; et<\/p>\n<p>e. D\u00e9tails de vos acc\u00e8s \u00e0 nos sites internets (incluant adresse IP).<\/p>\n<p>Il vous est obligatoire de nous communiquer vos donn\u00e9es personnelles, afin que nous puissions g\u00e9rer nos entreprises et op\u00e9rations, pour maintenir notre relation avec vous, pour vous offrir nos produits et services ou pour \u00eatre en r\u00e8gle avec nos obligations l\u00e9gales. Sans ces informations, nous ne pourrions plus \u00e9ventuellement maintenir notre relation avec vous ou vous offrir nos produits ou services.<\/p>\n<p>Nous nous effor\u00e7ons de maintenir l\u2019exactitude et l\u2019int\u00e9grit\u00e9 de vos donn\u00e9es personnelles que nous stockons et nous assurons que toutes vos donn\u00e9es sont \u00e0 jour. Cependant, vous pouvez nous assister consid\u00e9rablement en nous contactant rapidement en cas de changement de vos donn\u00e9es personnelles ou si vous prenez connaissance qu\u2019une incoh\u00e9rence de nos informations vous concernant (voir section\u00a0XI ci-dessous). Nous ne sommes pas responsables de toutes pertes provenant de donn\u00e9es personnelles incoh\u00e9rentes, inauthentiques, d\u00e9ficientes ou incompl\u00e8tes de votre part.<\/p>\n<h3>5. Comment nous Collectons les Donn\u00e9es Personnelles<\/h3>\n<p>De mani\u00e8re G\u00e9n\u00e9rale, nous collectons vos donn\u00e9es personnelles \u00e0 partir des informations que vous nous communiquez lors de votre relation avec nous. Cela, ce fait souvent comme suit\u00a0:<\/p>\n<ul>\n<li>Vous nous envoyez un e-mail ou toute autre correspondance<\/li>\n<li>Les formulaires et documents utilis\u00e9s lors de votre inscription \u00e0 notre service marketing ou nouvelles listes de donn\u00e9es.<\/li>\n<li>Les informations d\u2019inscription que vous utilisez pour acc\u00e9der \u00e0 nos produits ou services<\/li>\n<li>Les informations que vous en tant que client nous donnez \u00e0 nous fournisseurs pour vous faire parvenir nos produits et vous facturer et contacter concernant vos commandes et\/ou probl\u00e8mes.<\/li>\n<li>Les formulaires que nous vous demanderions de compl\u00e9ter lorsque vous visitez l\u2019un de nos sites internets ou bureaux.<\/li>\n<\/ul>\n<h3>6. Comment nous utilisons les donn\u00e9es personnelles<\/h3>\n<p>Nous utiliserons vos donn\u00e9es personnelles en connexion avec la gestion de notre relation avec vous et l\u2019offre de nos produits et services pour les raisons suivantes\u00a0:<\/p>\n<p>a. Pour vous offrir les services et produits demand\u00e9s ;<\/p>\n<p>b. Pour vous offrir les informations promotionnelles et marketing concernant nos produits et services que nous pensons pourrait vous int\u00e9resser.<\/p>\n<p>c. Pour surveiller et respecter les diverses lois et politiques et standards ;<\/p>\n<p>d. Pour \u00eatre en accord avec nos obligations l\u00e9gales et r\u00e9glementaires et les requ\u00eates dans le monde, incluant le rapport \u00e0 et\/ou \u00eatre audit\u00e9 par des entit\u00e9s nationales et internationales ;<\/p>\n<p>e. Pour \u00e9viter le blanchiment d\u2019argent, la fraude financi\u00e8re et la pr\u00e9vention et d\u00e9tection d\u2019un crime ;<\/p>\n<p>f. Pour des raisons administratives en relation avec la s\u00e9curit\u00e9 et l\u2019acc\u00e8s \u00e0 nos sites internets et applications ;<\/p>\n<p>g. Pour \u00eatre en accord avec des d\u00e9cisions judiciaires et\/ou d\u00e9fendre nos droits ;<\/p>\n<p>h. Pour g\u00e9rer vos plaintes ou toutes autres demandes sur votre sant\u00e9 et\/ou bien \u00eatre ;<\/p>\n<p>i. Pour toutes raisons l\u00e9gitimes de l\u2019entreprise ;<\/p>\n<p>j. Comme permis ou requis par une loi ou r\u00e9gulation applicable ; ou\/et<\/p>\n<p>k. Pour votre s\u00e9curit\u00e9 lors de votre pr\u00e9sence \u00e0 nos bureaux et\/ou entreprises.<\/p>\n<p>Dans certains cas, comme par exemple une comp\u00e9tition ou un prix, vous pouvez nous communiquer une information sp\u00e9cifique, comme une photo, qui pourrait contenir des donn\u00e9es personnelles. Dans ces cas sp\u00e9cifiques, nous vous communiquerons toujours pour quel objectif nous avons besoin de vos informations et pour combien de temps.<\/p>\n<p>Lorsque vous d\u00e9cidez de partager vos donn\u00e9es personnelles sur une probl\u00e9matique particuli\u00e8re comme votre sant\u00e9, avec nous, pour nous permettre de r\u00e9pondre \u00e0 votre question et\/ou requ\u00eate nous pouvons vous demander votre accord avant de proc\u00e9der les donn\u00e9es. Si vous soumettez une requ\u00eate en ligne, nous pourrions vous demander votre consentement en ligne avant de r\u00e9pondre \u00e0 votre question. Si vous soumettez par correspondance par format papier nous pourrions vous contacter et vous demander votre consentement \u00e9crit. Si vous nous appelez nous pourrions vous demander votre consentement par t\u00e9l\u00e9phone et enregistrerons votre r\u00e9ponse avant d\u2019utiliser vos donn\u00e9es personnelles. Dans les trois cas, nous stockerons votre consentement pour r\u00e9pondre \u00e0 cette question sp\u00e9cifique.<\/p>\n<p>Veuillez noter\u00a0; \u201cPROPRI\u00c9T\u00c9S D\u2019UN FICHIER D\u2019ORDINATEUR\u201d\u00a0; Chaque fichier photo que vous nous communiquez peut contenir d\u2019autres informations dans ses \u00ab\u00a0PROPRI\u00c9T\u00c9S\u00a0\u00bb. Les photos prisent avec un t\u00e9l\u00e9phone mobile peut indiquer dans ses \u00ab\u00a0PROPRI\u00c9T\u00c9S\u00a0\u00bb les coordonn\u00e9es GPS de la localisation lorsque la photo a \u00e9t\u00e9 prise. Comme pr\u00e9caution, nous vous recommandons d\u2019enlever toutes les donn\u00e9es personnelles dans \u00ab\u00a0PROPRI\u00c9T\u00c9S\u00a0\u00bb avant de nous soumettre une photo.<\/p>\n<h3>7. Cookies<\/h3>\n<p>Sur nos sites internets, nous utilisons deux cat\u00e9gories diff\u00e9rentes de cookies\u00a0: les cookies strictement n\u00e9cessaires et ceux de performance. La premi\u00e8re cat\u00e9gorie de cookies est utilis\u00e9e pour stocker un identifiant unique, qui nous permet de g\u00e9rer et d&rsquo;identifier de mani\u00e8re unique l&rsquo;utilisateur afin de lui fournir un service coh\u00e9rent et pr\u00e9cis. La deuxi\u00e8me cat\u00e9gorie de cookies recueille des informations sur votre utilisation de notre site internet et peut \u00eatre utilis\u00e9e par nous pour vous fournir des informations similaires. Pour plus d&rsquo;informations sur la mani\u00e8re dont nous utilisons les cookies, veuillez lire notre politique en mati\u00e8re de cookies sur notre site web d&rsquo;entreprise.<\/p>\n<h3>8. Transfert International de Donn\u00e9es Personnelles<\/h3>\n<p>Vos donn\u00e9es personnelles peuvent \u00eatre transf\u00e9r\u00e9es (y compris consult\u00e9es ou stock\u00e9es) vers un pays ou un territoire situ\u00e9 en dehors de l&rsquo;Espace \u00c9conomique Europ\u00e9en (\u00ab\u00a0EEE\u00a0\u00bb), y compris vers des pays dont les lois peuvent ne pas offrir le m\u00eame niveau de protection des donn\u00e9es personnelles que celui dont ils b\u00e9n\u00e9ficient au sein de l&rsquo;EEE. Lorsque nous partageons vos donn\u00e9es personnelles avec les soci\u00e9t\u00e9s de notre groupe au Japon, nous nous appuyons sur la d\u00e9cision de la Commission europ\u00e9enne, conform\u00e9ment \u00e0 l&rsquo;article 45 de la RGPD, selon laquelle les lois japonaises offrent un niveau de protection des donn\u00e9es ad\u00e9quat par rapport \u00e0 celles de l&rsquo;EEE.<\/p>\n<p>Nous pouvons \u00e9galement partager vos donn\u00e9es personnelles avec d&rsquo;autres soci\u00e9t\u00e9s du groupe et d&rsquo;autres tiers (voir section\u00a0IX ci-dessous) situ\u00e9s dans des pays dont la l\u00e9gislation n&rsquo;offre pas le m\u00eame niveau de protection des donn\u00e9es personnelles que celui dont b\u00e9n\u00e9ficient les pays de l&rsquo;EEE. Dans de tels cas, nous veillerons \u00e0 ce que ces transferts internationaux soient soumis \u00e0 des garanties appropri\u00e9es ou ad\u00e9quates, comme l&rsquo;exige la RGPD. Vous pouvez obtenir des copies des documents de sauvegarde pertinents en faisant une demande comme indiqu\u00e9 dans la section\u00a0XIV ci-dessous.<\/p>\n<h3>Quand partageons-nous les Donn\u00e9es Personnelles<\/h3>\n<p>Nous ne vendons pas, ni louons et n&rsquo;\u00e9changeons pas vos donn\u00e9es personnelles. Nous ne communiquerons vos donn\u00e9es personnelles qu&rsquo;aux destinataires suivants :<\/p>\n<p>a. aux soci\u00e9t\u00e9s de notre groupe ;<\/p>\n<p>b. \u00e0 des tiers qui traitent vos donn\u00e9es personnelles en notre nom, tels que<\/p>\n<ul>\n<li>Les fournisseurs de communications aux consommateurs et aux clients dans des domaines tels que ;\n<ul>\n<li>Communications num\u00e9riques et m\u00e9dias sociaux<\/li>\n<li>Service client<\/li>\n<li>Publicit\u00e9<\/li>\n<li>\u00c9tude de march\u00e9<\/li>\n<\/ul>\n<\/li>\n<li>Fournisseurs de services logistiques<\/li>\n<li>Prestataires de services juridiques<\/li>\n<li>Les fournisseurs de services de soutien informatique dans des domaines tels que ;\n<ul>\n<li>D\u00e9veloppement et gestion de sites web<\/li>\n<li>H\u00e9bergement de sites web<\/li>\n<li>Fournisseurs de services informatiques g\u00e9n\u00e9riques<\/li>\n<li>D\u00e9veloppement d&rsquo;applications<\/li>\n<\/ul>\n<\/li>\n<li>Fournisseurs d&rsquo;assurance dans ces domaines ;\n<ul>\n<li>Audit externe et interne<\/li>\n<li>Sant\u00e9, s\u00e9curit\u00e9, hygi\u00e8ne et questions techniques<\/li>\n<\/ul>\n<\/li>\n<\/ul>\n<p>c. \u00e0 tout tiers \u00e0 qui nous c\u00e9dons ou notifions l&rsquo;un de nos droits ou obligations ;<\/p>\n<p>d. \u00e0 tout acheteur potentiel dans le cas o\u00f9 nous vendrions une partie de notre entreprise ou de nos actifs ; et\/ou<\/p>\n<p>e. \u00e0 tout gouvernement, organisme de r\u00e9gulation, organisme d&rsquo;ex\u00e9cution ou de change ou tribunal lorsque nous sommes tenus de le faire en vertu de la loi ou de la r\u00e9glementation applicable ou \u00e0 leur demande.<\/p>\n<h3>10. Comment nous prot\u00e9geons vos donn\u00e9es personnelles<\/h3>\n<p>Nous nous engageons \u00e0 sauvegarder et \u00e0 prot\u00e9ger vos donn\u00e9es personnelles et mettrons tout en \u0153uvre et maintiendrons des mesures techniques et organisationnelles appropri\u00e9es pour assurer un niveau de s\u00e9curit\u00e9 ad\u00e9quat afin de prot\u00e9ger vos donn\u00e9es personnelles contre la destruction, la perte, l&rsquo;alt\u00e9ration, la divulgation ou l&rsquo;acc\u00e8s accidentels ou non autoris\u00e9s.<\/p>\n<h3>11. Vos droits concernant vos donn\u00e9es personnelles que nous collectons<\/h3>\n<p>Si vous souhaitez que nous cessions de vous envoyer des courriers \u00e9lectroniques, veuillez utiliser l&rsquo;option qui se trouve \u00e0 la fin de notre courrier \u00e9lectronique, dans laquelle vous pouvez demander que nous vous retirions de notre liste de diffusion. Si vous le souhaitez\u00a0:<\/p>\n<p>a. mettre \u00e0 jour, modifier, supprimer vos donn\u00e9es personnelles ou obtenir une copie de vos donn\u00e9es personnelles que nous d\u00e9tenons ; ou<\/p>\n<p>b. nous restreindre ou nous emp\u00eacher d&rsquo;utiliser les donn\u00e9es \u00e0 caract\u00e8re personnel que nous d\u00e9tenons,<\/p>\n<p>vous pouvez en faire la demande en nous contactant comme indiqu\u00e9 \u00e0 la section\u00a0XIV ci-dessous.<\/p>\n<p>Dans toutes les situations \u00e9num\u00e9r\u00e9es ci-dessus, nous pouvons vous demander de prouver votre identit\u00e9 en nous fournissant une copie d&rsquo;un moyen d&rsquo;identification valable afin de nous permettre de respecter nos obligations en mati\u00e8re de s\u00e9curit\u00e9 et d&#8217;emp\u00eacher la divulgation non autoris\u00e9e de donn\u00e9es.<\/p>\n<h3>12. Combien de temps allons nous garder vos donn\u00e9es personnelles<\/h3>\n<p>Nous ne conserverons vos donn\u00e9es personnelles qu&rsquo;aussi longtemps que n\u00e9cessaire pour atteindre l&rsquo;objectif pour lequel elles ont \u00e9t\u00e9 collect\u00e9es ou pour se conformer aux exigences l\u00e9gales, r\u00e9glementaires ou de politique interne.<\/p>\n<h3>13. Comment nous mettons \u00e0 jour ou changeons cette Notification \u00c9quitable<\/h3>\n<p>La pr\u00e9sente notification ne constitue pas une relation contractuelle entre vous et nous, et nous pouvons modifier ou mettre \u00e0 jour certaines parties de cette notification afin de maintenir notre conformit\u00e9 avec la l\u00e9gislation et la r\u00e9glementation applicables ou suite \u00e0 une mise \u00e0 jour de nos pratiques internes. Pour ce faire, nous mettrons \u00e0 jour le pr\u00e9sent avis sur notre site internet d&rsquo;entreprise britannique www.Mizkan.co.uk et sur tous les sites internets de nos marques de produits qui sont li\u00e9s \u00e0 ce site internet d&rsquo;entreprise britannique.<\/p>\n<p>Vous ne serez pas n\u00e9cessairement inform\u00e9 directement d&rsquo;un tel changement. Par cons\u00e9quent, veuillez vous assurer que vous consultez r\u00e9guli\u00e8rement la pr\u00e9sente notification afin d&rsquo;\u00eatre pleinement inform\u00e9 de toute modification ou mise \u00e0 jour.<\/p>\n<h3>14. Comment pouvez-vous nous contacter<\/h3>\n<p>Si vous avez des questions concernant le contenu de cette notification ou vos donn\u00e9es personnelles, ou si vous souhaitez faire une demande concernant vos donn\u00e9es personnelles, veuillez nous contacter en utilisant les coordonn\u00e9es indiqu\u00e9es ci-dessous\u00a0:<\/p>\n<p>E-Mail : gdpr.coordinator@mizkan.co.uk<\/p>\n<p>Adresse : The GDPR Coordinator, Mizkan Euro, Building 10, Chiswick Park, 566 Chiswick High Road, London W4 5XS<\/p>\n<p>Lorsque vous faites votre demande, veuillez indiquer ce qui suit ;<\/p>\n<p>\u2022 Votre nom<\/p>\n<p>\u2022 Votre adresse \u00e9lectronique (ou votre adresse postale si vous nous avez d\u00e9j\u00e0 communiqu\u00e9 votre adresse postale).<\/p>\n<p>\u2022 La date de votre demande<\/p>\n<p>\u2022 La date \u00e0 laquelle vous nous avez communiqu\u00e9 vos donn\u00e9es \u00e0 caract\u00e8re personnel ou une description de la situation sp\u00e9cifique<sup>3<\/sup> dans laquelle vous nous avez fourni vos donn\u00e9es \u00e0 caract\u00e8re personnel.<\/p>\n<p>\u2022 La nature de votre demande (c&rsquo;est-\u00e0-dire, souhaitez-vous que nous corrigions vos donn\u00e9es, que nous les supprimions, que nous vous en fournissions une copie, etc.)<\/p>\n<h3>15. Comment faire une plainte au r\u00e9gulateur<\/h3>\n<p>La protection de vos donn\u00e9es personnelles et de notre relation avec vous est importante pour nous. Par cons\u00e9quent, si vous avez des questions ou si vous pensez que nous avons viol\u00e9 vos droits en mati\u00e8re de protection des donn\u00e9es, veuillez contacter notre coordinateur RGPD \u00e0 l&rsquo;adresse. <a href=\"mailto:gdpr.coordinator@mizkan.co.uk\">gdpr.coordinator@mizkan.co.uk<\/a><\/p>\n<p>Toutefois, si vous ne parvenez pas \u00e0 trouver une solution avec notre coordinateur RGPD ou si vous souhaitez contacter le r\u00e9gulateur britannique de la protection des donn\u00e9es pour d\u00e9poser une plainte, veuillez contacter le bureau du commissaire \u00e0 l&rsquo;information, qui peut \u00eatre contact\u00e9 \u00e0 Wycliffe House, Water Lane, Wilmslow, Cheshire, SK9 5AF.<\/p>\n<p>1. Mizkan Euro comprend Mizkan Euro Ltd., Mizkan Euro Partners Limited et Mizkan Euro Holdings Limited<br \/>\n2. Un client est l\u2019utilisateur final des produits de Mizkan. Un client est la personne \u00e0 qui le vendeur et\/ou distributeur vend directement ses produits.<br \/>\n3. Une situation sp\u00e9cifique peut \u00eatre une campagne sp\u00e9cifique, un \u00e9v\u00e8nement durant lequel nous avons donn\u00e9 des \u00e9chantillons, une comp\u00e9tition etc.<\/p>\n","protected":false},"excerpt":{"rendered":"<p>1. Introduction Mizkan Euro (\u00ab\u00a0Mizkan\u00a0\u00bb)1\u00a0est un groupe d\u2019entreprises du Royaume-Uni qui fabrique, vend et distribue des produits alimentaires. L\u2019entreprise op\u00e8re sous diff\u00e9rentes marques comme, mais non limit\u00e9 \u00e0, Sarsons, Branston, Haywards, Mizkan et Dufrais. Mizkan op\u00e8re \u00e9galement avec un site internet appel\u00e9 www.Mizkan.co.uk et un nombre de sites internet pour produits. Le site de la [&hellip;]<\/p>\n","protected":false},"author":2,"featured_media":0,"parent":0,"menu_order":0,"comment_status":"closed","ping_status":"open","template":"","meta":{"footnotes":""},"acf":[],"yoast_head":"<!-- This site is optimized with the Yoast SEO plugin v21.9.1 - https:\/\/yoast.com\/wordpress\/plugins\/seo\/ -->\n<title>Politique de confidentialit\u00e9 - Mizkan<\/title>\n<meta name=\"robots\" content=\"index, follow, max-snippet:-1, max-image-preview:large, max-video-preview:-1\" \/>\n<meta property=\"og:locale\" content=\"fr_FR\" \/>\n<meta property=\"og:type\" content=\"article\" \/>\n<meta property=\"og:title\" content=\"Politique de confidentialit\u00e9 - Mizkan\" \/>\n<meta property=\"og:description\" content=\"1. Introduction Mizkan Euro (\u00ab\u00a0Mizkan\u00a0\u00bb)1\u00a0est un groupe d\u2019entreprises du Royaume-Uni qui fabrique, vend et distribue des produits alimentaires. L\u2019entreprise op\u00e8re sous diff\u00e9rentes marques comme, mais non limit\u00e9 \u00e0, Sarsons, Branston, Haywards, Mizkan et Dufrais. Mizkan op\u00e8re \u00e9galement avec un site internet appel\u00e9 www.Mizkan.co.uk et un nombre de sites internet pour produits. Le site de la [&hellip;]\" \/>\n<meta property=\"og:url\" content=\"https:\/\/www.mizkanchef.com\/fr\/politique-de-confidentialite\/\" \/>\n<meta property=\"og:site_name\" content=\"Mizkan\" \/>\n<meta property=\"article:modified_time\" content=\"2020-10-09T14:06:17+00:00\" \/>\n<meta name=\"twitter:card\" content=\"summary_large_image\" \/>\n<meta name=\"twitter:label1\" content=\"Dur\u00e9e de lecture estim\u00e9e\" \/>\n\t<meta name=\"twitter:data1\" content=\"13 minutes\" \/>\n<script type=\"application\/ld+json\" class=\"yoast-schema-graph\">{\"@context\":\"https:\/\/schema.org\",\"@graph\":[{\"@type\":\"WebPage\",\"@id\":\"https:\/\/www.mizkanchef.com\/fr\/politique-de-confidentialite\/\",\"url\":\"https:\/\/www.mizkanchef.com\/fr\/politique-de-confidentialite\/\",\"name\":\"Politique de confidentialit\u00e9 - Mizkan\",\"isPartOf\":{\"@id\":\"https:\/\/www.mizkanchef.com\/fr\/#website\"},\"datePublished\":\"2019-05-08T01:38:14+00:00\",\"dateModified\":\"2020-10-09T14:06:17+00:00\",\"breadcrumb\":{\"@id\":\"https:\/\/www.mizkanchef.com\/fr\/politique-de-confidentialite\/#breadcrumb\"},\"inLanguage\":\"fr-FR\",\"potentialAction\":[{\"@type\":\"ReadAction\",\"target\":[\"https:\/\/www.mizkanchef.com\/fr\/politique-de-confidentialite\/\"]}]},{\"@type\":\"BreadcrumbList\",\"@id\":\"https:\/\/www.mizkanchef.com\/fr\/politique-de-confidentialite\/#breadcrumb\",\"itemListElement\":[{\"@type\":\"ListItem\",\"position\":1,\"name\":\"Home\",\"item\":\"https:\/\/www.mizkanchef.com\/fr\/\"},{\"@type\":\"ListItem\",\"position\":2,\"name\":\"Politique de confidentialit\u00e9\"}]},{\"@type\":\"WebSite\",\"@id\":\"https:\/\/www.mizkanchef.com\/fr\/#website\",\"url\":\"https:\/\/www.mizkanchef.com\/fr\/\",\"name\":\"Mizkan\",\"description\":\"Mizkan\",\"potentialAction\":[{\"@type\":\"SearchAction\",\"target\":{\"@type\":\"EntryPoint\",\"urlTemplate\":\"https:\/\/www.mizkanchef.com\/fr\/?s={search_term_string}\"},\"query-input\":\"required name=search_term_string\"}],\"inLanguage\":\"fr-FR\"}]}<\/script>\n<!-- \/ Yoast SEO plugin. -->","yoast_head_json":{"title":"Politique de confidentialit\u00e9 - Mizkan","robots":{"index":"index","follow":"follow","max-snippet":"max-snippet:-1","max-image-preview":"max-image-preview:large","max-video-preview":"max-video-preview:-1"},"og_locale":"fr_FR","og_type":"article","og_title":"Politique de confidentialit\u00e9 - Mizkan","og_description":"1. Introduction Mizkan Euro (\u00ab\u00a0Mizkan\u00a0\u00bb)1\u00a0est un groupe d\u2019entreprises du Royaume-Uni qui fabrique, vend et distribue des produits alimentaires. L\u2019entreprise op\u00e8re sous diff\u00e9rentes marques comme, mais non limit\u00e9 \u00e0, Sarsons, Branston, Haywards, Mizkan et Dufrais. Mizkan op\u00e8re \u00e9galement avec un site internet appel\u00e9 www.Mizkan.co.uk et un nombre de sites internet pour produits. Le site de la [&hellip;]","og_url":"https:\/\/www.mizkanchef.com\/fr\/politique-de-confidentialite\/","og_site_name":"Mizkan","article_modified_time":"2020-10-09T14:06:17+00:00","twitter_card":"summary_large_image","twitter_misc":{"Dur\u00e9e de lecture estim\u00e9e":"13 minutes"},"schema":{"@context":"https:\/\/schema.org","@graph":[{"@type":"WebPage","@id":"https:\/\/www.mizkanchef.com\/fr\/politique-de-confidentialite\/","url":"https:\/\/www.mizkanchef.com\/fr\/politique-de-confidentialite\/","name":"Politique de confidentialit\u00e9 - Mizkan","isPartOf":{"@id":"https:\/\/www.mizkanchef.com\/fr\/#website"},"datePublished":"2019-05-08T01:38:14+00:00","dateModified":"2020-10-09T14:06:17+00:00","breadcrumb":{"@id":"https:\/\/www.mizkanchef.com\/fr\/politique-de-confidentialite\/#breadcrumb"},"inLanguage":"fr-FR","potentialAction":[{"@type":"ReadAction","target":["https:\/\/www.mizkanchef.com\/fr\/politique-de-confidentialite\/"]}]},{"@type":"BreadcrumbList","@id":"https:\/\/www.mizkanchef.com\/fr\/politique-de-confidentialite\/#breadcrumb","itemListElement":[{"@type":"ListItem","position":1,"name":"Home","item":"https:\/\/www.mizkanchef.com\/fr\/"},{"@type":"ListItem","position":2,"name":"Politique de confidentialit\u00e9"}]},{"@type":"WebSite","@id":"https:\/\/www.mizkanchef.com\/fr\/#website","url":"https:\/\/www.mizkanchef.com\/fr\/","name":"Mizkan","description":"Mizkan","potentialAction":[{"@type":"SearchAction","target":{"@type":"EntryPoint","urlTemplate":"https:\/\/www.mizkanchef.com\/fr\/?s={search_term_string}"},"query-input":"required name=search_term_string"}],"inLanguage":"fr-FR"}]}},"_links":{"self":[{"href":"https:\/\/www.mizkanchef.com\/fr\/wp-json\/wp\/v2\/pages\/2936"}],"collection":[{"href":"https:\/\/www.mizkanchef.com\/fr\/wp-json\/wp\/v2\/pages"}],"about":[{"href":"https:\/\/www.mizkanchef.com\/fr\/wp-json\/wp\/v2\/types\/page"}],"author":[{"embeddable":true,"href":"https:\/\/www.mizkanchef.com\/fr\/wp-json\/wp\/v2\/users\/2"}],"replies":[{"embeddable":true,"href":"https:\/\/www.mizkanchef.com\/fr\/wp-json\/wp\/v2\/comments?post=2936"}],"version-history":[{"count":0,"href":"https:\/\/www.mizkanchef.com\/fr\/wp-json\/wp\/v2\/pages\/2936\/revisions"}],"wp:attachment":[{"href":"https:\/\/www.mizkanchef.com\/fr\/wp-json\/wp\/v2\/media?parent=2936"}],"curies":[{"name":"wp","href":"https:\/\/api.w.org\/{rel}","templated":true}]}}