{"id":1776,"date":"2020-07-02T15:13:02","date_gmt":"2020-07-02T15:13:02","guid":{"rendered":"http:\/\/mizkan.wpengine.com\/our-story\/"},"modified":"2021-06-29T11:04:42","modified_gmt":"2021-06-29T11:04:42","slug":"notre-histoire","status":"publish","type":"page","link":"https:\/\/www.mizkanchef.com\/fr\/notre-histoire\/","title":{"rendered":"Notre histoire"},"content":{"rendered":"","protected":false},"excerpt":{"rendered":"","protected":false},"author":2,"featured_media":0,"parent":0,"menu_order":0,"comment_status":"closed","ping_status":"closed","template":"story.php","meta":{"footnotes":""},"acf":[],"yoast_head":"<!-- This site is optimized with the Yoast SEO plugin v21.9.1 - https:\/\/yoast.com\/wordpress\/plugins\/seo\/ -->\n<title>Notre histoire | Mizkan Chef<\/title>\n<meta name=\"description\" content=\"D\u00e9couvrez l&#039;h\u00e9ritage de Mizkan, comment nous avons commenc\u00e9 \u00e0 fabriquer du vinaigre et la popularit\u00e9 de ses ingr\u00e9dients dans la cuisine japonaise et les restaurants fusion.\" \/>\n<meta name=\"robots\" content=\"index, follow, max-snippet:-1, max-image-preview:large, max-video-preview:-1\" \/>\n<meta property=\"og:locale\" content=\"fr_FR\" \/>\n<meta property=\"og:type\" content=\"article\" \/>\n<meta property=\"og:title\" content=\"Notre histoire | Mizkan Chef\" \/>\n<meta property=\"og:description\" content=\"D\u00e9couvrez l&#039;h\u00e9ritage de Mizkan, comment nous avons commenc\u00e9 \u00e0 fabriquer du vinaigre et la popularit\u00e9 de ses ingr\u00e9dients dans la cuisine japonaise et les restaurants fusion.\" \/>\n<meta property=\"og:url\" content=\"https:\/\/www.mizkanchef.com\/fr\/notre-histoire\/\" \/>\n<meta property=\"og:site_name\" content=\"Mizkan\" \/>\n<meta property=\"article:modified_time\" content=\"2021-06-29T11:04:42+00:00\" \/>\n<meta name=\"twitter:card\" content=\"summary_large_image\" \/>\n<script type=\"application\/ld+json\" class=\"yoast-schema-graph\">{\"@context\":\"https:\/\/schema.org\",\"@graph\":[{\"@type\":\"WebPage\",\"@id\":\"https:\/\/www.mizkanchef.com\/fr\/notre-histoire\/\",\"url\":\"https:\/\/www.mizkanchef.com\/fr\/notre-histoire\/\",\"name\":\"Notre histoire | Mizkan Chef\",\"isPartOf\":{\"@id\":\"https:\/\/www.mizkanchef.com\/fr\/#website\"},\"datePublished\":\"2020-07-02T15:13:02+00:00\",\"dateModified\":\"2021-06-29T11:04:42+00:00\",\"description\":\"D\u00e9couvrez l'h\u00e9ritage de Mizkan, comment nous avons commenc\u00e9 \u00e0 fabriquer du vinaigre et la popularit\u00e9 de ses ingr\u00e9dients dans la cuisine japonaise et les restaurants fusion.\",\"breadcrumb\":{\"@id\":\"https:\/\/www.mizkanchef.com\/fr\/notre-histoire\/#breadcrumb\"},\"inLanguage\":\"fr-FR\",\"potentialAction\":[{\"@type\":\"ReadAction\",\"target\":[\"https:\/\/www.mizkanchef.com\/fr\/notre-histoire\/\"]}]},{\"@type\":\"BreadcrumbList\",\"@id\":\"https:\/\/www.mizkanchef.com\/fr\/notre-histoire\/#breadcrumb\",\"itemListElement\":[{\"@type\":\"ListItem\",\"position\":1,\"name\":\"Home\",\"item\":\"https:\/\/www.mizkanchef.com\/fr\/\"},{\"@type\":\"ListItem\",\"position\":2,\"name\":\"Notre histoire\"}]},{\"@type\":\"WebSite\",\"@id\":\"https:\/\/www.mizkanchef.com\/fr\/#website\",\"url\":\"https:\/\/www.mizkanchef.com\/fr\/\",\"name\":\"Mizkan\",\"description\":\"Mizkan\",\"potentialAction\":[{\"@type\":\"SearchAction\",\"target\":{\"@type\":\"EntryPoint\",\"urlTemplate\":\"https:\/\/www.mizkanchef.com\/fr\/?s={search_term_string}\"},\"query-input\":\"required name=search_term_string\"}],\"inLanguage\":\"fr-FR\"}]}<\/script>\n<!-- \/ Yoast SEO plugin. -->","yoast_head_json":{"title":"Notre histoire | Mizkan Chef","description":"D\u00e9couvrez l'h\u00e9ritage de Mizkan, comment nous avons commenc\u00e9 \u00e0 fabriquer du vinaigre et la popularit\u00e9 de ses ingr\u00e9dients dans la cuisine japonaise et les restaurants fusion.","robots":{"index":"index","follow":"follow","max-snippet":"max-snippet:-1","max-image-preview":"max-image-preview:large","max-video-preview":"max-video-preview:-1"},"og_locale":"fr_FR","og_type":"article","og_title":"Notre histoire | Mizkan Chef","og_description":"D\u00e9couvrez l'h\u00e9ritage de Mizkan, comment nous avons commenc\u00e9 \u00e0 fabriquer du vinaigre et la popularit\u00e9 de ses ingr\u00e9dients dans la cuisine japonaise et les restaurants fusion.","og_url":"https:\/\/www.mizkanchef.com\/fr\/notre-histoire\/","og_site_name":"Mizkan","article_modified_time":"2021-06-29T11:04:42+00:00","twitter_card":"summary_large_image","schema":{"@context":"https:\/\/schema.org","@graph":[{"@type":"WebPage","@id":"https:\/\/www.mizkanchef.com\/fr\/notre-histoire\/","url":"https:\/\/www.mizkanchef.com\/fr\/notre-histoire\/","name":"Notre histoire | Mizkan Chef","isPartOf":{"@id":"https:\/\/www.mizkanchef.com\/fr\/#website"},"datePublished":"2020-07-02T15:13:02+00:00","dateModified":"2021-06-29T11:04:42+00:00","description":"D\u00e9couvrez l'h\u00e9ritage de Mizkan, comment nous avons commenc\u00e9 \u00e0 fabriquer du vinaigre et la popularit\u00e9 de ses ingr\u00e9dients dans la cuisine japonaise et les restaurants fusion.","breadcrumb":{"@id":"https:\/\/www.mizkanchef.com\/fr\/notre-histoire\/#breadcrumb"},"inLanguage":"fr-FR","potentialAction":[{"@type":"ReadAction","target":["https:\/\/www.mizkanchef.com\/fr\/notre-histoire\/"]}]},{"@type":"BreadcrumbList","@id":"https:\/\/www.mizkanchef.com\/fr\/notre-histoire\/#breadcrumb","itemListElement":[{"@type":"ListItem","position":1,"name":"Home","item":"https:\/\/www.mizkanchef.com\/fr\/"},{"@type":"ListItem","position":2,"name":"Notre histoire"}]},{"@type":"WebSite","@id":"https:\/\/www.mizkanchef.com\/fr\/#website","url":"https:\/\/www.mizkanchef.com\/fr\/","name":"Mizkan","description":"Mizkan","potentialAction":[{"@type":"SearchAction","target":{"@type":"EntryPoint","urlTemplate":"https:\/\/www.mizkanchef.com\/fr\/?s={search_term_string}"},"query-input":"required name=search_term_string"}],"inLanguage":"fr-FR"}]}},"_links":{"self":[{"href":"https:\/\/www.mizkanchef.com\/fr\/wp-json\/wp\/v2\/pages\/1776"}],"collection":[{"href":"https:\/\/www.mizkanchef.com\/fr\/wp-json\/wp\/v2\/pages"}],"about":[{"href":"https:\/\/www.mizkanchef.com\/fr\/wp-json\/wp\/v2\/types\/page"}],"author":[{"embeddable":true,"href":"https:\/\/www.mizkanchef.com\/fr\/wp-json\/wp\/v2\/users\/2"}],"replies":[{"embeddable":true,"href":"https:\/\/www.mizkanchef.com\/fr\/wp-json\/wp\/v2\/comments?post=1776"}],"version-history":[{"count":0,"href":"https:\/\/www.mizkanchef.com\/fr\/wp-json\/wp\/v2\/pages\/1776\/revisions"}],"wp:attachment":[{"href":"https:\/\/www.mizkanchef.com\/fr\/wp-json\/wp\/v2\/media?parent=1776"}],"curies":[{"name":"wp","href":"https:\/\/api.w.org\/{rel}","templated":true}]}}