{"id":9268,"date":"2022-02-03T14:10:49","date_gmt":"2022-02-03T14:10:49","guid":{"rendered":"https:\/\/www.mizkanchef.com\/?page_id=9268"},"modified":"2022-02-23T16:04:36","modified_gmt":"2022-02-23T16:04:36","slug":"distribuidores","status":"publish","type":"page","link":"https:\/\/www.mizkanchef.com\/es\/distribuidores\/","title":{"rendered":"Distribuidores"},"content":{"rendered":"<form data-sf-form-id='9261' data-is-rtl='0' data-maintain-state='' data-results-url='https:\/\/www.mizkanchef.com\/es\/distribuidores\/' data-ajax-url='https:\/\/www.mizkanchef.com\/es\/?sfid=9261&amp;sf_action=get_data&amp;sf_data=results' data-ajax-form-url='https:\/\/www.mizkanchef.com\/es\/?sfid=9261&amp;sf_action=get_data&amp;sf_data=form' data-display-result-method='shortcode' data-use-history-api='1' data-template-loaded='0' data-lang-code='es' data-ajax='1' data-ajax-data-type='json' data-ajax-links-selector='.pagination a' data-ajax-target='#search-filter-results-9261' data-ajax-pagination-type='infinite_scroll' data-show-scroll-loader='1' data-infinite-scroll-trigger='-100' data-update-ajax-url='1' data-only-results-ajax='1' data-scroll-to-pos='0' data-init-paged='1' data-auto-update='1' action='https:\/\/www.mizkanchef.com\/es\/distribuidores\/' method='post' class='searchandfilter' id='search-filter-form-9261' autocomplete='off' data-instance-count='1'><ul><li class=\"sf-field-taxonomy-stocks\" data-sf-field-name=\"_sft_stocks\" data-sf-field-type=\"taxonomy\" data-sf-field-input-type=\"checkbox\"><h4>FILTRO DE PRODUCTO<\/h4>\t\t<ul data-operator=\"and\" class=\"\">\n\t\t\t\t\t  <li class=\"sf-level-0 sf-item-351\" data-sf-count=\"6\" data-sf-depth=\"0\"><input  class=\"sf-input-checkbox\" type=\"checkbox\" value=\"ginmai\" name=\"_sft_stocks[]\" id=\"sf-input-d48c051038aa66da706845ffa44abb62\"><label class=\"sf-label-checkbox\" for=\"sf-input-d48c051038aa66da706845ffa44abb62\">Ginmai<\/label><\/li><li class=\"sf-level-0 sf-item-345\" data-sf-count=\"40\" data-sf-depth=\"0\"><input  class=\"sf-input-checkbox\" type=\"checkbox\" value=\"honteri\" name=\"_sft_stocks[]\" id=\"sf-input-47446a543391dac8663f2e6a842b8798\"><label class=\"sf-label-checkbox\" for=\"sf-input-47446a543391dac8663f2e6a842b8798\">Honteri<\/label><\/li><li class=\"sf-level-0 sf-item-347\" data-sf-count=\"23\" data-sf-depth=\"0\"><input  class=\"sf-input-checkbox\" type=\"checkbox\" value=\"js-47\" name=\"_sft_stocks[]\" id=\"sf-input-87c77da640e282aceab8711504754ac3\"><label class=\"sf-label-checkbox\" for=\"sf-input-87c77da640e282aceab8711504754ac3\">JS-47<\/label><\/li><li class=\"sf-level-0 sf-item-349\" data-sf-count=\"7\" data-sf-depth=\"0\"><input  class=\"sf-input-checkbox\" type=\"checkbox\" value=\"js-alpha\" name=\"_sft_stocks[]\" id=\"sf-input-b4a9d4cec3ffefe09ae78c5c2a066009\"><label class=\"sf-label-checkbox\" for=\"sf-input-b4a9d4cec3ffefe09ae78c5c2a066009\">JS-Alpha<\/label><\/li><li class=\"sf-level-0 sf-item-346\" data-sf-count=\"39\" data-sf-depth=\"0\"><input  class=\"sf-input-checkbox\" type=\"checkbox\" value=\"shiragiku\" name=\"_sft_stocks[]\" id=\"sf-input-274876fd5079c7239906d85ae7b32151\"><label class=\"sf-label-checkbox\" for=\"sf-input-274876fd5079c7239906d85ae7b32151\">Shiragiku<\/label><\/li><li class=\"sf-level-0 sf-item-350\" data-sf-count=\"31\" data-sf-depth=\"0\"><input  class=\"sf-input-checkbox\" type=\"checkbox\" value=\"suehiro\" name=\"_sft_stocks[]\" id=\"sf-input-edc443c52d8d188e78bb3ab612ead30b\"><label class=\"sf-label-checkbox\" for=\"sf-input-edc443c52d8d188e78bb3ab612ead30b\">Suehiro<\/label><\/li><li class=\"sf-level-0 sf-item-348\" data-sf-count=\"5\" data-sf-depth=\"0\"><input  class=\"sf-input-checkbox\" type=\"checkbox\" value=\"yumai\" name=\"_sft_stocks[]\" id=\"sf-input-c40fe1523f69ad443570baee47bf3328\"><label class=\"sf-label-checkbox\" for=\"sf-input-c40fe1523f69ad443570baee47bf3328\">Yumai<\/label><\/li><li class=\"sf-level-0 sf-item-352\" data-sf-count=\"16\" data-sf-depth=\"0\"><input  class=\"sf-input-checkbox\" type=\"checkbox\" value=\"yuzu-ponzu\" name=\"_sft_stocks[]\" id=\"sf-input-f4e055c42ac83e3e85fb3b56343b78e8\"><label class=\"sf-label-checkbox\" for=\"sf-input-f4e055c42ac83e3e85fb3b56343b78e8\">Yuzu Ponzu<\/label><\/li>\t\t<\/ul>\n\t\t<\/li><\/ul><\/form>\n<div class=\"search-filter-results\" id=\"search-filter-results-9261\">\n\n\t\n\t\n\t<div class='search-filter-results-list'>\n\t<div class=\"row distribution-list\">\n\t            <div class='search-filter-result-item rplist-1 distributionline'>\n\t\t\t<div class='distribution-list-image col-sm-4'>\n\t\t\t\t\n\t\t\t\t<img fetchpriority=\"high\" decoding=\"async\" width=\"425\" height=\"240\" src=\"https:\/\/www.mizkanchef.com\/wp-content\/uploads\/2022\/01\/cominport.jpg\" class=\"img-responsive wp-post-image\" alt=\"\" \/>                \n            <\/div>\n            <div class='distribution-list-text col-sm-5'>\n\t\t\t\t<h3>Cominport<\/h3>\n\t\t\t\t<p>Cominport (grupo Foodex) les propone los mejores sabores del mundo. Directamente importado de su pa\u00eds de origen, cada producto es el fruto de una b\u00fasqueda rigurosa.<\/p>\n<p><strong>Se\u00f1as:<\/strong><br \/>\nAvda. de Andaluc\u00eda, km 10,3, (PAE Neisa Sur Edif. 1 &#8211; c\/Marconi), 28021, Madrid<br \/>\n<strong>Tel:<\/strong> +34 91 541 37 50<\/p>\n\t\t\t\t<p><a href=\"https:\/\/www.cominport.com\/index.php?lang=es\" class=\"green-button animated\">Visita la p\u00e1gina web<\/a><\/p>\n\t\t\t<\/div>\n\t\t\t\t<div class=\"col-sm-3\">\n\t\t\t\t\t<h3>Productos<\/h3>\n\t\t\t\t\t<p>Shiragiku<br \/>\nSuehiro<br \/>\nHonteri<br \/>\nJS-47<br \/>\nGinmai<\/p>\n\t\t\t\t<\/div>\n            <div class=\"clear\"><\/div>\n            <\/div>\n            \n\t\t\t\t\t            <div class='search-filter-result-item rplist-2 distributionline'>\n\t\t\t<div class='distribution-list-image col-sm-4'>\n\t\t\t\t\n\t\t\t\t<img decoding=\"async\" width=\"425\" height=\"203\" src=\"https:\/\/www.mizkanchef.com\/wp-content\/uploads\/2022\/01\/s-colomer-casas.jpg\" class=\"img-responsive wp-post-image\" alt=\"\" \/>                \n            <\/div>\n            <div class='distribution-list-text col-sm-5'>\n\t\t\t\t<h3>S.Colomer Casas S.L.<\/h3>\n\t\t\t\t<p>Especializados en la importaci\u00f3n y distribuci\u00f3n mayorista de comida asi\u00e1tica, S. Colomer Casas es un proveedor l\u00edder de ingredientes japoneses para el mercado espa\u00f1ol.<\/p>\n<p><strong>Se\u00f1as:<\/strong><br \/>\nS.COLOMER CASAS, S.L., C\/ CIUDAD DE LIRIA, 79, 46988 (P.I. Fte. del Jarro) PATERNA (VALENCIA)<br \/>\n<strong>Tel:<\/strong> +34 961 32 19 96<\/p>\n\t\t\t\t<p><a href=\"https:\/\/www.scolomercasas.es\/\" class=\"green-button animated\">Visita la p\u00e1gina web<\/a><\/p>\n\t\t\t<\/div>\n\t\t\t\t<div class=\"col-sm-3\">\n\t\t\t\t\t<h3>Productos<\/h3>\n\t\t\t\t\t<p>Shiragiku<br \/>\nSuehiro<br \/>\nHonteri<\/p>\n\t\t\t\t<\/div>\n            <div class=\"clear\"><\/div>\n            <\/div>\n            \n\t\t\t\t\t\t<\/div>\n\t<\/div>\n\n\n\n\n\n<\/div>\n","protected":false},"excerpt":{"rendered":"","protected":false},"author":2,"featured_media":0,"parent":0,"menu_order":0,"comment_status":"closed","ping_status":"closed","template":"","meta":{"footnotes":""},"acf":[],"yoast_head":"<!-- This site is optimized with the Yoast SEO plugin v21.9.1 - https:\/\/yoast.com\/wordpress\/plugins\/seo\/ -->\n<title>Distribuidores - Mizkan Chef<\/title>\n<meta name=\"robots\" content=\"index, follow, max-snippet:-1, max-image-preview:large, max-video-preview:-1\" \/>\n<meta property=\"og:locale\" content=\"es_ES\" \/>\n<meta property=\"og:type\" content=\"article\" \/>\n<meta property=\"og:title\" content=\"Distribuidores - Mizkan Chef\" \/>\n<meta property=\"og:url\" content=\"https:\/\/www.mizkanchef.com\/es\/distribuidores\/\" \/>\n<meta property=\"og:site_name\" content=\"Mizkan\" \/>\n<meta property=\"article:modified_time\" content=\"2022-02-23T16:04:36+00:00\" \/>\n<meta name=\"twitter:card\" content=\"summary_large_image\" \/>\n<script type=\"application\/ld+json\" class=\"yoast-schema-graph\">{\"@context\":\"https:\/\/schema.org\",\"@graph\":[{\"@type\":\"WebPage\",\"@id\":\"https:\/\/www.mizkanchef.com\/es\/distribuidores\/\",\"url\":\"https:\/\/www.mizkanchef.com\/es\/distribuidores\/\",\"name\":\"Distribuidores - Mizkan Chef\",\"isPartOf\":{\"@id\":\"https:\/\/www.mizkanchef.com\/es\/#website\"},\"datePublished\":\"2022-02-03T14:10:49+00:00\",\"dateModified\":\"2022-02-23T16:04:36+00:00\",\"breadcrumb\":{\"@id\":\"https:\/\/www.mizkanchef.com\/es\/distribuidores\/#breadcrumb\"},\"inLanguage\":\"es\",\"potentialAction\":[{\"@type\":\"ReadAction\",\"target\":[\"https:\/\/www.mizkanchef.com\/es\/distribuidores\/\"]}]},{\"@type\":\"BreadcrumbList\",\"@id\":\"https:\/\/www.mizkanchef.com\/es\/distribuidores\/#breadcrumb\",\"itemListElement\":[{\"@type\":\"ListItem\",\"position\":1,\"name\":\"Home\",\"item\":\"https:\/\/www.mizkanchef.com\/es\/\"},{\"@type\":\"ListItem\",\"position\":2,\"name\":\"Distribuidores\"}]},{\"@type\":\"WebSite\",\"@id\":\"https:\/\/www.mizkanchef.com\/es\/#website\",\"url\":\"https:\/\/www.mizkanchef.com\/es\/\",\"name\":\"Mizkan\",\"description\":\"Mizkan\",\"potentialAction\":[{\"@type\":\"SearchAction\",\"target\":{\"@type\":\"EntryPoint\",\"urlTemplate\":\"https:\/\/www.mizkanchef.com\/es\/?s={search_term_string}\"},\"query-input\":\"required name=search_term_string\"}],\"inLanguage\":\"es\"}]}<\/script>\n<!-- \/ Yoast SEO plugin. -->","yoast_head_json":{"title":"Distribuidores - Mizkan Chef","robots":{"index":"index","follow":"follow","max-snippet":"max-snippet:-1","max-image-preview":"max-image-preview:large","max-video-preview":"max-video-preview:-1"},"og_locale":"es_ES","og_type":"article","og_title":"Distribuidores - Mizkan Chef","og_url":"https:\/\/www.mizkanchef.com\/es\/distribuidores\/","og_site_name":"Mizkan","article_modified_time":"2022-02-23T16:04:36+00:00","twitter_card":"summary_large_image","schema":{"@context":"https:\/\/schema.org","@graph":[{"@type":"WebPage","@id":"https:\/\/www.mizkanchef.com\/es\/distribuidores\/","url":"https:\/\/www.mizkanchef.com\/es\/distribuidores\/","name":"Distribuidores - Mizkan Chef","isPartOf":{"@id":"https:\/\/www.mizkanchef.com\/es\/#website"},"datePublished":"2022-02-03T14:10:49+00:00","dateModified":"2022-02-23T16:04:36+00:00","breadcrumb":{"@id":"https:\/\/www.mizkanchef.com\/es\/distribuidores\/#breadcrumb"},"inLanguage":"es","potentialAction":[{"@type":"ReadAction","target":["https:\/\/www.mizkanchef.com\/es\/distribuidores\/"]}]},{"@type":"BreadcrumbList","@id":"https:\/\/www.mizkanchef.com\/es\/distribuidores\/#breadcrumb","itemListElement":[{"@type":"ListItem","position":1,"name":"Home","item":"https:\/\/www.mizkanchef.com\/es\/"},{"@type":"ListItem","position":2,"name":"Distribuidores"}]},{"@type":"WebSite","@id":"https:\/\/www.mizkanchef.com\/es\/#website","url":"https:\/\/www.mizkanchef.com\/es\/","name":"Mizkan","description":"Mizkan","potentialAction":[{"@type":"SearchAction","target":{"@type":"EntryPoint","urlTemplate":"https:\/\/www.mizkanchef.com\/es\/?s={search_term_string}"},"query-input":"required name=search_term_string"}],"inLanguage":"es"}]}},"_links":{"self":[{"href":"https:\/\/www.mizkanchef.com\/es\/wp-json\/wp\/v2\/pages\/9268"}],"collection":[{"href":"https:\/\/www.mizkanchef.com\/es\/wp-json\/wp\/v2\/pages"}],"about":[{"href":"https:\/\/www.mizkanchef.com\/es\/wp-json\/wp\/v2\/types\/page"}],"author":[{"embeddable":true,"href":"https:\/\/www.mizkanchef.com\/es\/wp-json\/wp\/v2\/users\/2"}],"replies":[{"embeddable":true,"href":"https:\/\/www.mizkanchef.com\/es\/wp-json\/wp\/v2\/comments?post=9268"}],"version-history":[{"count":0,"href":"https:\/\/www.mizkanchef.com\/es\/wp-json\/wp\/v2\/pages\/9268\/revisions"}],"wp:attachment":[{"href":"https:\/\/www.mizkanchef.com\/es\/wp-json\/wp\/v2\/media?parent=9268"}],"curies":[{"name":"wp","href":"https:\/\/api.w.org\/{rel}","templated":true}]}}