{"id":7016,"date":"2020-10-13T11:03:13","date_gmt":"2020-10-13T11:03:13","guid":{"rendered":"https:\/\/www.mizkanchef.com\/terms-and-conditions\/"},"modified":"2021-02-03T16:39:18","modified_gmt":"2021-02-03T16:39:18","slug":"terminos-y-condiciones","status":"publish","type":"page","link":"https:\/\/www.mizkanchef.com\/es\/terminos-y-condiciones\/","title":{"rendered":"T\u00e9rminos Y Condiciones"},"content":{"rendered":"<h3>INFORMACI\u00d3N SOBRE NOSOTROS<\/h3>\n<p>Este sitio web (el \u00absitio\u00bb) es operado por Mizkan Euro Limited (registrada en Inglaterra y Gales con el n\u00famero de compa\u00f1\u00eda 8053234 y direcci\u00f3n registrada en el 2\u00ba piso, Edificio 10, Chiswick Park, 566 Chiswick High Road, Londres W4 5XS, Reino Unido).<\/p>\n<p>Todas las referencias a \u00abnuestro\u00bb, \u00abnosotros\u00bb, \u00abnos\u00bb o \u00abMizkan\u00bb dentro de esta pol\u00edtica se consideran referidas a Mizkan Euro Limited, sus subsidiarias, afiliados y asociados.<\/p>\n<h3>CONDICIONES DE USO DEL SITIO WEB DE MIZKANCHEF<\/h3>\n<p>Su acceso y uso de este sitio est\u00e1 sujeto a los siguientes t\u00e9rminos y condiciones que, al acceder y navegar por este sitio, usted acepta sin ninguna limitaci\u00f3n o calificaci\u00f3n. Si no est\u00e1 de acuerdo con estos t\u00e9rminos de uso, no debe usar nuestro sitio.<\/p>\n<p>Si usted viola cualquiera de estos t\u00e9rminos, su derecho a usar nuestro sitio cesar\u00e1 inmediatamente.<\/p>\n<h3>CAMBIOS EN ESTOS T\u00c9RMINOS<\/h3>\n<p>Podemos revisar estos t\u00e9rminos de uso en cualquier momento modificando esta p\u00e1gina. Por favor, compruebe esta p\u00e1gina de vez en cuando para tomar nota de cualquier cambio que hayamos hecho, ya que son vinculantes para usted.<\/p>\n<h3>POL\u00cdTICA DE PRIVACIDAD Y DE COOKIES<\/h3>\n<p>Al visitar este sitio, usted acepta que utilicemos la informaci\u00f3n sobre usted de acuerdo con nuestra Pol\u00edtica de Privacidad y Cookies. Al utilizar nuestro sitio, usted acepta dicho uso y garantiza que toda la informaci\u00f3n proporcionada por usted es exacta.<\/p>\n<h3>NUESTRO SITIO<\/h3>\n<p>No garantizamos que nuestro sitio, o cualquier contenido del mismo, est\u00e9 siempre disponible o actualizado o que el acceso a \u00e9l sea ininterrumpido. El acceso a nuestro sitio est\u00e1 permitido de forma temporal. Podemos suspender, retirar, interrumpir o cambiar todo o cualquier parte de nuestro sitio sin previo aviso. No seremos responsables ante usted si por alguna raz\u00f3n nuestro sitio no est\u00e1 disponible en cualquier momento o por cualquier per\u00edodo.<\/p>\n<h3>DERECHOS DE PROPIEDAD INTELECTUAL<\/h3>\n<p>Somos el propietario o el licenciatario de todos los derechos de propiedad intelectual en nuestro sitio, y en el material publicado en \u00e9l, incluyendo sin limitaci\u00f3n todas las marcas, nombres, logotipos y derechos de autor. Todos esos derechos est\u00e1n reservados. Nada de lo que aparece en este sitio debe considerarse como una concesi\u00f3n de licencia para utilizar cualquiera de los derechos mencionados anteriormente sin nuestro consentimiento expreso por escrito.<\/p>\n<p>Puede leer, ver, imprimir y descargar una copia impresa del material de este sitio para su uso personal y no comercial. No debe modificar de ninguna manera las copias en papel o digitales de ning\u00fan material que haya impreso o descargado.<\/p>\n<p>Aparte de estos prop\u00f3sitos permitidos, no puede, de ninguna forma o por ning\u00fan medio:<\/p>\n<ul>\n<li>copiar, adaptar, reproducir, almacenar, distribuir, vender, transmitir, descompilar, imprimir, mostrar, publicar o crear trabajos derivados de cualquier parte de nuestro sitio; o<\/li>\n<li>utilizar cualquier parte del contenido de nuestro sitio para fines comerciales<\/li>\n<li>sin obtener una licencia para hacerlo de nosotros.<\/li>\n<\/ul>\n<h3>OTRAS RESTRICCIONES DE USO<\/h3>\n<p>Est\u00e1 de acuerdo en no hacerlo:<\/p>\n<ul>\n<li>publicar o transmitir cualquier material ilegal, amenazador, difamatorio, obsceno o cualquier otro material inapropiado;<\/li>\n<li>de otra manera utilizar nuestro sitio para fines il\u00edcitos, y de una manera que pueda infringir los derechos o restringir el uso y el disfrute del sitio por parte de cualquier tercero;<\/li>\n<li>hacer un mal uso de nuestro sitio introduciendo a sabiendas virus, troyanos, gusanos, bombas l\u00f3gicas u otro material malicioso o tecnol\u00f3gicamente da\u00f1ino;<\/li>\n<li>intentar obtener un acceso no autorizado a nuestro sitio, al servidor en el que se almacena nuestro sitio o a cualquier servidor, ordenador o base de datos conectado a nuestro sitio;<\/li>\n<li>atacar nuestro sitio a trav\u00e9s de un ataque de denegaci\u00f3n de servicio o un ataque de denegaci\u00f3n de servicio distribuido.<\/li>\n<\/ul>\n<p>Informaremos de cualquier violaci\u00f3n de este tipo a las autoridades policiales pertinentes y cooperaremos con esas autoridades revel\u00e1ndoles su identidad.<\/p>\n<h3>NO HAY CONFIANZA EN LA INFORMACI\u00d3N<\/h3>\n<p>El contenido de este sitio es proporcionado por nosotros con fines informativos solamente y tiene como objetivo dar una visi\u00f3n general de Mizkan. No debe confiar en ninguna de las informaciones de este sitio.<\/p>\n<h3>DESCARGO GENERAL DE RESPONSABILIDAD<\/h3>\n<p>EL CONTENIDO DE ESTE SITIO SE LE PROPORCIONA \u00abTAL CUAL\u00bb Y, EN LA MEDIDA EN QUE LO PERMITA LA LEY, EXCLUIMOS TODAS LAS CONDICIONES, GARANT\u00cdAS, REPRESENTACIONES U OTROS T\u00c9RMINOS QUE PUEDAN APLICARSE A NUESTRO SITIO O A CUALQUIER<\/p>\n<p>CONTENIDO DE LA MISMA (YA SEA EXPRESA O IMPL\u00cdCITA).<\/p>\n<p>No garantizamos que nuestro sitio, o cualquier contenido del mismo, est\u00e9 libre de errores u omisiones.<\/p>\n<p>NO SEREMOS RESPONSABLES ANTE NING\u00daN USUARIO POR NINGUNA P\u00c9RDIDA O DA\u00d1O, YA SEA POR CONTRATO, AGRAVIO (INCLUIDA LA NEGLIGENCIA), INCUMPLIMIENTO DE OBLIGACIONES LEGALES O DE OTRO TIPO, INCLUSO SI ES PREVISIBLE, QUE SURJA EN RELACI\u00d3N CON EL USO O LA IMPOSIBILIDAD DE USAR NUESTRO SITIO O EL USO O LA CONFIANZA EN CUALQUIER CONTENIDO QUE SE MUESTRE EN NUESTRO SITIO, INCLUYENDO, PERO SIN LIMITARSE A ELLO: A) P\u00c9RDIDA DE BENEFICIOS, VENTAS, NEGOCIOS O INGRESOS; B) INTERRUPCI\u00d3N DE NEGOCIOS; C) P\u00c9RDIDA DE AHORROS PREVISTOS; D) P\u00c9RDIDA DE OPORTUNIDADES COMERCIALES, BUENA VOLUNTAD O REPUTACI\u00d3N; O E) CUALQUIER P\u00c9RDIDA O DA\u00d1O INDIRECTO O CONSECUENTE.<\/p>\n<p>Nada en estos t\u00e9rminos de uso excluye o limita nuestra responsabilidad por muerte o lesiones personales derivadas de nuestra negligencia, o nuestro fraude o tergiversaci\u00f3n fraudulenta, o cualquier otra responsabilidad que no pueda ser excluida o limitada por la ley inglesa.<\/p>\n<h3>VIRUS<\/h3>\n<p>No garantizamos que nuestro sitio sea seguro o est\u00e9 libre de bugs o virus.<\/p>\n<p>Usted es responsable de configurar su tecnolog\u00eda de la informaci\u00f3n, los programas inform\u00e1ticos y la plataforma para acceder a nuestro sitio. No seremos responsables de ninguna p\u00e9rdida o da\u00f1o causado por un virus, un ataque distribuido de denegaci\u00f3n de servicio u otro material tecnol\u00f3gicamente da\u00f1ino que pueda infectar su equipo inform\u00e1tico, programas inform\u00e1ticos, datos u otro material de propiedad exclusiva debido al uso de nuestro sitio.<\/p>\n<h3>VINCULAR A NUESTRO SITIO<\/h3>\n<p>Puede enlazar con nuestra p\u00e1gina web, siempre que lo haga de forma justa y legal y no da\u00f1e nuestra reputaci\u00f3n o se aproveche de ella.<\/p>\n<p>No debe establecer un v\u00ednculo de tal manera que sugiera alguna forma de asociaci\u00f3n, aprobaci\u00f3n o respaldo de nuestra parte donde no exista ninguna.<\/p>\n<h3>ENLACES EXTERNOS EN NUESTRO SITIO<\/h3>\n<p>En los casos en que nuestro sitio contiene enlaces a otros sitios web, estos enlaces se proporcionan s\u00f3lo para su informaci\u00f3n. El uso de cualquier sitio vinculado se regir\u00e1 por las condiciones de uso de esos sitios web.<\/p>\n<p>No asumimos ninguna responsabilidad por el contenido de los sitios web vinculados a nuestro sitio. Esos v\u00ednculos no deben interpretarse como una aprobaci\u00f3n por nuestra parte de esos sitios web enlazados. No seremos responsables de ninguna p\u00e9rdida o da\u00f1o que pueda surgir de su uso.<\/p>\n<h3>GENERAL<\/h3>\n<p>Mizkan no declara que el material del sitio sea apropiado o est\u00e9 disponible para su uso en lugares fuera del Reino Unido. Quienes decidan acceder a este sitio desde otros lugares lo hacen por iniciativa propia y son responsables del cumplimiento de las leyes locales, en la medida en que \u00e9stas sean aplicables.<\/p>\n<p>Si por cualquier raz\u00f3n se determina que alguna disposici\u00f3n de estas condiciones de uso es nula o inaplicable, entonces en la medida y en los lugares en que se determine que dicha disposici\u00f3n es nula o inaplicable, se separar\u00e1 y las disposiciones restantes continuar\u00e1n en pleno vigor y efecto.<\/p>\n<p>Las presentes condiciones de uso se regir\u00e1n por el derecho ingl\u00e9s y los tribunales de Inglaterra tendr\u00e1n jurisdicci\u00f3n exclusiva para resolver cualquier controversia relacionada con estas condiciones de uso.<\/p>\n","protected":false},"excerpt":{"rendered":"<p>INFORMACI\u00d3N SOBRE NOSOTROS Este sitio web (el \u00absitio\u00bb) es operado por Mizkan Euro Limited (registrada en Inglaterra y Gales con el n\u00famero de compa\u00f1\u00eda 8053234 y direcci\u00f3n registrada en el 2\u00ba piso, Edificio 10, Chiswick Park, 566 Chiswick High Road, Londres W4 5XS, Reino Unido). Todas las referencias a \u00abnuestro\u00bb, \u00abnosotros\u00bb, \u00abnos\u00bb o \u00abMizkan\u00bb dentro [&hellip;]<\/p>\n","protected":false},"author":2,"featured_media":0,"parent":0,"menu_order":0,"comment_status":"closed","ping_status":"closed","template":"","meta":{"footnotes":""},"acf":[],"yoast_head":"<!-- This site is optimized with the Yoast SEO plugin v21.9.1 - https:\/\/yoast.com\/wordpress\/plugins\/seo\/ -->\n<title>T\u00e9rminos Y Condiciones - Mizkan<\/title>\n<meta name=\"robots\" content=\"index, follow, max-snippet:-1, max-image-preview:large, max-video-preview:-1\" \/>\n<meta property=\"og:locale\" content=\"es_ES\" \/>\n<meta property=\"og:type\" content=\"article\" \/>\n<meta property=\"og:title\" content=\"T\u00e9rminos Y Condiciones - Mizkan\" \/>\n<meta property=\"og:description\" content=\"INFORMACI\u00d3N SOBRE NOSOTROS Este sitio web (el \u00absitio\u00bb) es operado por Mizkan Euro Limited (registrada en Inglaterra y Gales con el n\u00famero de compa\u00f1\u00eda 8053234 y direcci\u00f3n registrada en el 2\u00ba piso, Edificio 10, Chiswick Park, 566 Chiswick High Road, Londres W4 5XS, Reino Unido). Todas las referencias a \u00abnuestro\u00bb, \u00abnosotros\u00bb, \u00abnos\u00bb o \u00abMizkan\u00bb dentro [&hellip;]\" \/>\n<meta property=\"og:url\" content=\"https:\/\/www.mizkanchef.com\/es\/terminos-y-condiciones\/\" \/>\n<meta property=\"og:site_name\" content=\"Mizkan\" \/>\n<meta property=\"article:modified_time\" content=\"2021-02-03T16:39:18+00:00\" \/>\n<meta name=\"twitter:card\" content=\"summary_large_image\" \/>\n<meta name=\"twitter:label1\" content=\"Tiempo de lectura\" \/>\n\t<meta name=\"twitter:data1\" content=\"6 minutos\" \/>\n<script type=\"application\/ld+json\" class=\"yoast-schema-graph\">{\"@context\":\"https:\/\/schema.org\",\"@graph\":[{\"@type\":\"WebPage\",\"@id\":\"https:\/\/www.mizkanchef.com\/es\/terminos-y-condiciones\/\",\"url\":\"https:\/\/www.mizkanchef.com\/es\/terminos-y-condiciones\/\",\"name\":\"T\u00e9rminos Y Condiciones - Mizkan\",\"isPartOf\":{\"@id\":\"https:\/\/www.mizkanchef.com\/es\/#website\"},\"datePublished\":\"2020-10-13T11:03:13+00:00\",\"dateModified\":\"2021-02-03T16:39:18+00:00\",\"breadcrumb\":{\"@id\":\"https:\/\/www.mizkanchef.com\/es\/terminos-y-condiciones\/#breadcrumb\"},\"inLanguage\":\"es\",\"potentialAction\":[{\"@type\":\"ReadAction\",\"target\":[\"https:\/\/www.mizkanchef.com\/es\/terminos-y-condiciones\/\"]}]},{\"@type\":\"BreadcrumbList\",\"@id\":\"https:\/\/www.mizkanchef.com\/es\/terminos-y-condiciones\/#breadcrumb\",\"itemListElement\":[{\"@type\":\"ListItem\",\"position\":1,\"name\":\"Home\",\"item\":\"https:\/\/www.mizkanchef.com\/es\/\"},{\"@type\":\"ListItem\",\"position\":2,\"name\":\"T\u00e9rminos Y Condiciones\"}]},{\"@type\":\"WebSite\",\"@id\":\"https:\/\/www.mizkanchef.com\/es\/#website\",\"url\":\"https:\/\/www.mizkanchef.com\/es\/\",\"name\":\"Mizkan\",\"description\":\"Mizkan\",\"potentialAction\":[{\"@type\":\"SearchAction\",\"target\":{\"@type\":\"EntryPoint\",\"urlTemplate\":\"https:\/\/www.mizkanchef.com\/es\/?s={search_term_string}\"},\"query-input\":\"required name=search_term_string\"}],\"inLanguage\":\"es\"}]}<\/script>\n<!-- \/ Yoast SEO plugin. -->","yoast_head_json":{"title":"T\u00e9rminos Y Condiciones - Mizkan","robots":{"index":"index","follow":"follow","max-snippet":"max-snippet:-1","max-image-preview":"max-image-preview:large","max-video-preview":"max-video-preview:-1"},"og_locale":"es_ES","og_type":"article","og_title":"T\u00e9rminos Y Condiciones - Mizkan","og_description":"INFORMACI\u00d3N SOBRE NOSOTROS Este sitio web (el \u00absitio\u00bb) es operado por Mizkan Euro Limited (registrada en Inglaterra y Gales con el n\u00famero de compa\u00f1\u00eda 8053234 y direcci\u00f3n registrada en el 2\u00ba piso, Edificio 10, Chiswick Park, 566 Chiswick High Road, Londres W4 5XS, Reino Unido). Todas las referencias a \u00abnuestro\u00bb, \u00abnosotros\u00bb, \u00abnos\u00bb o \u00abMizkan\u00bb dentro [&hellip;]","og_url":"https:\/\/www.mizkanchef.com\/es\/terminos-y-condiciones\/","og_site_name":"Mizkan","article_modified_time":"2021-02-03T16:39:18+00:00","twitter_card":"summary_large_image","twitter_misc":{"Tiempo de lectura":"6 minutos"},"schema":{"@context":"https:\/\/schema.org","@graph":[{"@type":"WebPage","@id":"https:\/\/www.mizkanchef.com\/es\/terminos-y-condiciones\/","url":"https:\/\/www.mizkanchef.com\/es\/terminos-y-condiciones\/","name":"T\u00e9rminos Y Condiciones - Mizkan","isPartOf":{"@id":"https:\/\/www.mizkanchef.com\/es\/#website"},"datePublished":"2020-10-13T11:03:13+00:00","dateModified":"2021-02-03T16:39:18+00:00","breadcrumb":{"@id":"https:\/\/www.mizkanchef.com\/es\/terminos-y-condiciones\/#breadcrumb"},"inLanguage":"es","potentialAction":[{"@type":"ReadAction","target":["https:\/\/www.mizkanchef.com\/es\/terminos-y-condiciones\/"]}]},{"@type":"BreadcrumbList","@id":"https:\/\/www.mizkanchef.com\/es\/terminos-y-condiciones\/#breadcrumb","itemListElement":[{"@type":"ListItem","position":1,"name":"Home","item":"https:\/\/www.mizkanchef.com\/es\/"},{"@type":"ListItem","position":2,"name":"T\u00e9rminos Y Condiciones"}]},{"@type":"WebSite","@id":"https:\/\/www.mizkanchef.com\/es\/#website","url":"https:\/\/www.mizkanchef.com\/es\/","name":"Mizkan","description":"Mizkan","potentialAction":[{"@type":"SearchAction","target":{"@type":"EntryPoint","urlTemplate":"https:\/\/www.mizkanchef.com\/es\/?s={search_term_string}"},"query-input":"required name=search_term_string"}],"inLanguage":"es"}]}},"_links":{"self":[{"href":"https:\/\/www.mizkanchef.com\/es\/wp-json\/wp\/v2\/pages\/7016"}],"collection":[{"href":"https:\/\/www.mizkanchef.com\/es\/wp-json\/wp\/v2\/pages"}],"about":[{"href":"https:\/\/www.mizkanchef.com\/es\/wp-json\/wp\/v2\/types\/page"}],"author":[{"embeddable":true,"href":"https:\/\/www.mizkanchef.com\/es\/wp-json\/wp\/v2\/users\/2"}],"replies":[{"embeddable":true,"href":"https:\/\/www.mizkanchef.com\/es\/wp-json\/wp\/v2\/comments?post=7016"}],"version-history":[{"count":0,"href":"https:\/\/www.mizkanchef.com\/es\/wp-json\/wp\/v2\/pages\/7016\/revisions"}],"wp:attachment":[{"href":"https:\/\/www.mizkanchef.com\/es\/wp-json\/wp\/v2\/media?parent=7016"}],"curies":[{"name":"wp","href":"https:\/\/api.w.org\/{rel}","templated":true}]}}