{"id":6857,"date":"2019-05-08T01:38:14","date_gmt":"2019-05-08T01:38:14","guid":{"rendered":"https:\/\/www.mizkanchef.com\/privacy-policy\/"},"modified":"2021-02-01T15:39:14","modified_gmt":"2021-02-01T15:39:14","slug":"politica-de-privacidad","status":"publish","type":"page","link":"https:\/\/www.mizkanchef.com\/es\/politica-de-privacidad\/","title":{"rendered":"Pol\u00edtica De Privacidad"},"content":{"rendered":"<h3>1. Introducci\u00f3n<\/h3>\n<p>Mizkan Euro (\u00abMizkan\u00bb)1 es un grupo de empresas con sede en el Reino Unido que fabrica, comercializa y distribuye productos alimenticios. La empresa opera con diferentes marcas como, por ejemplo, Sarsons, Branston, Haywards, Mizkan y Dufrais.<\/p>\n<p>Mizkan opera un sitio web corporativo llamado www.Mizkan.co.uk y varios sitios web de productos de marca. El sitio web corporativo contiene un enlace a varios sitios web de productos de marca como;<\/p>\n<p>\u2022 https:\/\/www.sarsons.co.uk\/<\/p>\n<p>\u2022 https:\/\/www.haywardspickles.co.uk\/<\/p>\n<p>\u2022 https:\/\/bringoutthebranston.co.uk\/<\/p>\n<p>\u2022 etc.<\/p>\n<p>Encontrar\u00e1 este aviso (\u00abAviso\u00bb) para consumidores y clientes sobre el tratamiento justo de los datos personales y un aviso sobre las cookies en cada uno de estos sitios web. Este aviso es para informar a los consumidores y clientes2 (es decir, \u00abusted\u00bb) de c\u00f3mo procesamos en Mizkan (\u00abnosotros\u00bb) sus datos personales y las medidas y procesos que hemos puesto en marcha para garantizar su adecuada protecci\u00f3n.<\/p>\n<p>Adem\u00e1s, le podemos proporcionar esta notificaci\u00f3n en formato digital o en papel, o podemos referirnos a su ubicaci\u00f3n en nuestro sitio de intranet, siempre y cuando usted visite cualquiera de nuestras ubicaciones o si comparte sus datos personales en cualquier otro lugar con nosotros.<br \/>\nLe proporcionamos esta informaci\u00f3n de acuerdo con el Reglamento General de Protecci\u00f3n de Datos 2016\/679 (\u00abGDPR\u00bb).<\/p>\n<h3>2. El alcance de la notificaci\u00f3n de procesamiento justo<\/h3>\n<p>Este aviso de procesamiento justo se aplica a todos los datos personales de los Consumidores y Clientes procesados por Mizkan de cualquier manera o forma y\/o a trav\u00e9s de cualquier medio.<\/p>\n<h3>3. Procesamiento legal<\/h3>\n<p>Solo procesaremos sus datos personales:<\/p>\n<p>a. cuando usted haya dado su consentimiento;<\/p>\n<p>b. cuando el procesamiento sea necesario para proporcionarle nuestros productos o servicios;<\/p>\n<p>c. cuando el procesamiento sea necesario para responder a una solicitud suya;<\/p>\n<p>d. cuando el procesamiento sea necesario para mantener nuestra relaci\u00f3n con usted;<\/p>\n<p>e. cuando el procesamiento sea necesario para el cumplimiento de nuestras obligaciones legales y reglamentarias;<\/p>\n<p>f. cuando el procesamiento sea necesario para proteger el inter\u00e9s vital del interesado.<\/p>\n<p>En el caso del apartado a), puede retirar su consentimiento en cualquier momento, presentando una solicitud como la que figura en la secci\u00f3n 14.<\/p>\n<h3>4. \u00bfQu\u00e9 datos personales que recopilamos sobre usted?<\/h3>\n<p>Procesamos los siguientes tipos de datos personales sobre usted:<\/p>\n<p>a. su nombre, direcci\u00f3n de correo electr\u00f3nico, manejo de Twitter y\/o Instagram y otros detalles de contacto;<\/p>\n<p>b. informaci\u00f3n de sus preferencias en cuanto a tipos de eventos o materiales comerciales;<\/p>\n<p>c. sus mensajes, comentarios o contribuciones a las encuestas y cuestionarios de los clientes;<\/p>\n<p>d. otras comunicaciones que nos env\u00ede; y<\/p>\n<p>e. detalles de su acceso a nuestros sitios web (incluyendo la direcci\u00f3n IP).<\/p>\n<p>Es posible que sea obligatorio que nos proporcione sus datos personales para permitirnos gestionar nuestros negocios y operaciones, mantener nuestra relaci\u00f3n con usted, proporcionarle nuestros productos o servicios o para cumplir con nuestras obligaciones legales y reglamentarias. Si no nos proporciona sus datos personales, es posible que no podamos mantener nuestra relaci\u00f3n con usted o proporcionarle nuestros productos o servicios.<\/p>\n<p>Hacemos todo lo posible para mantener la exactitud y la integridad de los datos personales que almacenamos y para garantizar que todos sus datos personales est\u00e9n actualizados. Sin embargo, puede ayudarnos considerablemente poni\u00e9ndose r\u00e1pidamente en contacto con nosotros si se producen cambios en sus datos personales o si se da cuenta de que tenemos datos personales inexactos (v\u00e9ase la secci\u00f3n 11). No somos responsables de ninguna p\u00e9rdida derivada de cualquier dato personal inexacto, no autentificado, deficiente o incompleto que nos proporcione.<\/p>\n<h3>5. C\u00f3mo recopilamos los datos personales<\/h3>\n<p>Normalmente recopilamos sus datos personales a partir de la informaci\u00f3n que nos env\u00eda durante el curso de su relaci\u00f3n con nosotros. Normalmente suele ser a trav\u00e9s de:<\/p>\n<p>\u2022 correos electr\u00f3nicos y otra correspondencia que nos env\u00ede;<\/p>\n<p>\u2022 los formularios y documentos que se utilizan cuando se inscribe en nuestras listas de noticias de datos comerciales o de mercado;<\/p>\n<p>\u2022 la informaci\u00f3n de registro que utiliza para acceder a cualquiera de nuestros productos o servicios;<\/p>\n<p>\u2022 la informaci\u00f3n que usted, como cliente, nos proporciona como proveedor para que podamos enviarle, facturarle y poder contactarle en los pedidos y\/o asuntos;<\/p>\n<p>\u2022 los formularios que le pedimos que complete cuando visite uno de nuestros centros de fabricaci\u00f3n y\/u oficinas.<\/p>\n<h3>6. C\u00f3mo usamos los datos personales<\/h3>\n<p>Procesaremos sus datos personales relacionados con la gesti\u00f3n de nuestra relaci\u00f3n con usted y el suministro de nuestros productos y servicios para los siguientes fines:<\/p>\n<p>a. para proporcionarle los productos o servicios solicitados;<\/p>\n<p>b. para proporcionarle materiales promocionales y comerciales sobre nuestros productos y servicios que creemos que pueden interesarle;<\/p>\n<p>c. para vigilar y evaluar el cumplimiento de diversas leyes y nuestras pol\u00edticas y normas;<\/p>\n<p>d. para cumplir con nuestras obligaciones y solicitudes legales y reglamentarias en cualquier parte del mundo, incluida la presentaci\u00f3n de informes a los organismos reguladores nacionales e internacionales o la realizaci\u00f3n de auditor\u00edas por parte de \u00e9stos;<\/p>\n<p>e. para llevar a cabo verificaciones de blanqueo de dinero, financieras y crediticias, as\u00ed como con fines de prevenci\u00f3n y detecci\u00f3n de fraudes y delitos;<\/p>\n<p>f. para fines administrativos en relaci\u00f3n con la seguridad y el acceso a nuestros sitios web y aplicaciones;<\/p>\n<p>g. para cumplir con las \u00f3rdenes judiciales y ejercer y\/o defender nuestros derechos legales;<\/p>\n<p>h. para tratar su queja o cualquier preocupaci\u00f3n sobre salud y\/o bienestar;<\/p>\n<p>i. para cualquier otro prop\u00f3sito comercial leg\u00edtimo;<\/p>\n<p>j. seg\u00fan lo permita o lo exija cualquier ley o reglamento aplicable; o\/y<\/p>\n<p>k. para su seguridad y protecci\u00f3n mientras est\u00e9 en nuestras oficinas y\/o lugares de fabricaci\u00f3n.<\/p>\n<p>En algunos casos, como por ejemplo un concurso o un sorteo de premios, puede proporcionarnos informaci\u00f3n espec\u00edfica, como una foto, que podr\u00eda contener datos personales. En esos casos espec\u00edficos siempre le diremos para qu\u00e9 objetivo recogemos la informaci\u00f3n y durante cu\u00e1nto tiempo pretendemos conservarla.<\/p>\n<p>Cuando desee compartir datos personales sobre asuntos espec\u00edficos con nosotros, como informaci\u00f3n m\u00e9dica, para gestionar una pregunta y\/o queja, podemos pedirle su consentimiento antes de procesar dichos datos. Si presenta su solicitud en l\u00ednea, podemos pedirle su consentimiento en l\u00ednea antes de que pueda enviar su pregunta. Si env\u00eda su correspondencia por correo postal, es posible que primero tengamos que ponernos en contacto con usted y pedirle su consentimiento por escrito. Si nos llama, le pediremos su consentimiento en la llamada telef\u00f3nica y grabaremos su respuesta antes de que podamos procesar sus datos personales. En las tres incidencias mantendr\u00edamos un registro de su consentimiento para que podamos procesar esos datos espec\u00edficos.<\/p>\n<p>Tenga en cuenta: \u00abPROPIEDADES DE UN ARCHIVO DE ORDENADOR\u00bb: Cada archivo de imagen que nos env\u00ede puede contener informaci\u00f3n adicional en la secci\u00f3n \u00abPROPIEDADES\u00bb. Las fotos sacadas con un tel\u00e9fono m\u00f3vil pueden indicar en sus las coordenadas GPS del lugar donde se tom\u00f3 la foto en la secci\u00f3n \u00abPROPIEDADES\u00bb. Como precauci\u00f3n, recomendamos que elimine todos los datos adicionales en \u00abPROPIEDADES\u00bb antes de enviarnos una foto.<\/p>\n<h3>7. Cookies<\/h3>\n<p>En nuestros sitios web utilizamos dos categor\u00edas diferentes de <em>cookies<\/em>; las <em>cookies<\/em> estrictamente necesarias y las <em>cookies<\/em> de funcionamiento. La primera categor\u00eda de <em>cookies<\/em> se utiliza para almacenar un identificador \u00fanico que nos permite gestionar e identificarle de forma exclusiva como usuario para poder ofrecerle un servicio coherente y preciso. La segunda categor\u00eda recopila informaci\u00f3n sobre el uso que usted hace de nuestro sitio web y podemos utilizarla para proporcionarle m\u00e1s informaci\u00f3n similar. Para obtener m\u00e1s informaci\u00f3n sobre c\u00f3mo usamos las <em>cookies<\/em>, lea nuestra\u00a0<a href=\"http:\/\/www.mizkan.co.uk\/cookies\/\">pol\u00edtica de <em>cookies<\/em> en nuestro sitio web corporativo<\/a>.<\/p>\n<h3>8. Transferencias internacionales de datos personales<\/h3>\n<p>Sus datos personales pueden ser transferidos (incluido su almacenamiento o acceso) a un pa\u00eds o territorio fuera del Espacio Econ\u00f3mico Europeo (\u00abEEE\u00bb), incluso a pa\u00edses cuyas leyes pueden no ofrecer el mismo nivel de protecci\u00f3n de los datos personales que el que se utiliza dentro del EEE. Cuando compartamos sus datos personales con las empresas de nuestro grupo en Jap\u00f3n, nos basaremos en la decisi\u00f3n de la Comisi\u00f3n Europea, de acuerdo con el art\u00edculo 45 de la Ley de Protecci\u00f3n de Datos, de que las leyes de Jap\u00f3n ofrecen un nivel adecuado de protecci\u00f3n de datos como el que se utiliza en el EEE.<\/p>\n<p>Tambi\u00e9n podemos compartir sus datos personales con otras empresas del grupo y otros terceros (como se indica en la secci\u00f3n 9) situados en pa\u00edses en los que las leyes no ofrecen el mismo nivel de protecci\u00f3n de los datos personales que el que se disfruta en los pa\u00edses del EEE. En tales casos, nos aseguraremos de que cualquier transferencia internacional de este tipo est\u00e9 sujeta a las salvaguardias apropiadas o adecuadas, seg\u00fan lo requerido por la RGPD. Puede obtener copias de los documentos de salvaguarda pertinentes haciendo una solicitud como se indica en la secci\u00f3n 14.<\/p>\n<h3>9. Cu\u00e1ndo podemos revelar sus datos personales<\/h3>\n<p>No vendemos, alquilaremos ni intercambiaremos sus datos personales. Solo divulgaremos sus datos personales a los siguientes destinatarios:<\/p>\n<p>a. a las empresas de nuestro grupo;<\/p>\n<p>b. a terceros que procesan sus datos personales en nuestro nombre como:<\/p>\n<ul>\n<li>Proveedores de comunicaciones para consumidores y clientes en \u00e1reas como:\n<ul>\n<li>Comunicaciones digitales y de redes sociales<\/li>\n<li>Atenci\u00f3n al cliente<\/li>\n<li>Publicidad<\/li>\n<li>Investigaci\u00f3n de mercado<\/li>\n<\/ul>\n<\/li>\n<li>Proveedores de servicios log\u00edsticos<\/li>\n<li>Proveedores de servicios jur\u00eddicos<\/li>\n<li>Proveedores de servicios de apoyo a la tecnolog\u00eda de la informaci\u00f3n en \u00e1reas como:s;\n<ul>\n<li>Desarrollo y gesti\u00f3n de sitios web<\/li>\n<li>Alojamiento del sitio web<\/li>\n<li>Proveedores de servicios gen\u00e9ricos de tecnolog\u00eda de la informaci\u00f3n<\/li>\n<li>Desarrollo de aplicaciones<\/li>\n<\/ul>\n<\/li>\n<li>Proveedores de garant\u00edas en \u00e1reas tales;\n<ul>\n<li>Auditor\u00eda externa e interna<\/li>\n<li>Salud, seguridad, higiene y asuntos t\u00e9cnicos<\/li>\n<\/ul>\n<\/li>\n<\/ul>\n<p>c. a cualquier tercero al que cedamos o novemos cualquiera de nuestros derechos u obligaciones;<\/p>\n<p>d. a cualquier posible comprador en caso de que vendamos alguna parte de nuestro negocio o activos; y\/o<\/p>\n<p>e. a cualquier gobierno, agencia reguladora, organismo de aplicaci\u00f3n o intercambio o tribunal en el que se nos exija por ley o reglamento aplicable o a petici\u00f3n suya.<\/p>\n<h3>10. C\u00f3mo protegemos sus datos personales<\/h3>\n<p>Nos comprometemos a salvaguardar y proteger sus datos personales. Aplicaremos y mantendremos las medidas t\u00e9cnicas y organizativas adecuadas para garantizar un nivel de seguridad apropiado para proteger sus datos personales de la destrucci\u00f3n, la p\u00e9rdida, la alteraci\u00f3n, la divulgaci\u00f3n o el acceso accidentales o no autorizados.<\/p>\n<h3>11. Sus derechos en relaci\u00f3n con los datos personales que recopilamos<\/h3>\n<p>Si desea que dejemos de enviarle correos electr\u00f3nicos, haga uso de la opci\u00f3n al final de nuestro correo electr\u00f3nico en el que puede solicitar que lo eliminemos de nuestra lista de correo.<\/p>\n<p>Si desea:<\/p>\n<p>a. actualizar, modificar, eliminar sus datos personales u obtener una copia de los datos personales que tenemos; o<\/p>\n<p>b. restringir o impedirnos usar cualquiera de sus datos personales que tenemos,<\/p>\n<p>puede solicitarlo poni\u00e9ndose en contacto con nosotros como se indica en la secci\u00f3n 14.<\/p>\n<p>En cualquiera de las situaciones antes mencionadas, podemos solicitarle que demuestre su identidad proporcion\u00e1ndonos una copia de un medio de identificaci\u00f3n v\u00e1lido para que podamos cumplir con nuestras obligaciones de seguridad y evitar la divulgaci\u00f3n no autorizada de datos.<\/p>\n<h3>12. \u00bfDurante cu\u00e1nto tiempo conservaremos sus datos personales?<\/h3>\n<p>Solo conservaremos sus datos personales durante el tiempo necesario para cumplir con el prop\u00f3sito para el que fueron recopilados o para cumplir con los requisitos legales, reglamentarios o de pol\u00edtica interna.<\/p>\n<h3>13. C\u00f3mo actualizamos o cambiamos este Aviso de Procesamiento Justo<\/h3>\n<p>Este Aviso no forma ninguna relaci\u00f3n contractual entre usted y nosotros, y podemos cambiar o actualizar partes de este Aviso para cumplir con la ley y la regulaci\u00f3n aplicable o tras una actualizaci\u00f3n de nuestras pr\u00e1cticas internas. Lo haremos actualizando este Aviso en nuestra p\u00e1gina web corporativa del Reino Unido www.mizkan.co.uk y en todas las p\u00e1ginas web de nuestras marcas de productos que est\u00e9n enlazadas a esta p\u00e1gina web corporativa del Reino Unido.<\/p>\n<p>No necesariamente se le notificar\u00e1 directamente de tal cambio. Por lo tanto, aseg\u00farese de revisar regularmente este aviso para estar al tanto de cualquier cambio o actualizaci\u00f3n.<\/p>\n<h3>14. C\u00f3mo puede contactarnos<\/h3>\n<p>Si tiene alguna pregunta sobre el contenido de esta notificaci\u00f3n o sus datos personales, o desea hacer una solicitud en relaci\u00f3n con sus datos personales, p\u00f3ngase en contacto con nosotros utilizando los datos que se indican a continuaci\u00f3n:<\/p>\n<p>Correo electr\u00f3nico: gdpr.coordinator@mizkan.co.uk<\/p>\n<p>Direcci\u00f3n postal: Coordinador de la RGPD, Mizkan Euro, Edificio 10, Chiswick Park, 566 Chiswick High Road, Londres W4 5XS<\/p>\n<p>Cuando presente su solicitud, indique lo siguiente;<\/p>\n<p>\u2022 Su nombre<\/p>\n<p>\u2022 Su direcci\u00f3n de correo electr\u00f3nico (o direcci\u00f3n postal si nos ha facilitado su direcci\u00f3n postal anteriormente)<\/p>\n<p>\u2022 La fecha de su solicitud<\/p>\n<p>\u2022 La fecha en la que nos envi\u00f3 sus datos personales o una descripci\u00f3n de la situaci\u00f3n espec\u00edfica3 cuando nos proporcion\u00f3 sus datos personales<\/p>\n<p>\u2022 La naturaleza de su solicitud (es decir, \u00bfdesea que corrijamos sus datos, que los borremos, que le proporcionemos una copia, etc.?)<\/p>\n<h3>15. C\u00f3mo presentar una queja al regulador<\/h3>\n<p>La protecci\u00f3n de sus datos personales y de nuestra relaci\u00f3n con usted es importante para nosotros. Si tiene alguna pregunta o cree que hemos violado sus derechos de protecci\u00f3n de datos, p\u00f3ngase en contacto con nuestro Coordinador de GDPR en gdpr.coordinator@mizkan.co.uk.<\/p>\n<p>Sin embargo, si no puede llegar a una soluci\u00f3n con nuestro coordinador de la GDPR o quiere ponerse en contacto con el Regulador de Protecci\u00f3n de Datos del Reino Unido para presentar una queja, p\u00f3ngase en contacto con la Oficina del Comisionado de Informaci\u00f3n, que puede ser contactada en Wycliffe House, Water Lane, Wilmslow, Cheshire, SK9 5AF.<\/p>\n<p>1. Mizkan Euro est\u00e1 formado por Mizkan Euro Ltd., Mizkan Euro Partners Limited y Mizkan Euro Holdings Limited<br \/>\n2. Un consumidor es el usuario final de los productos de Mizkan. Un cliente es el minorista y\/o distribuidor al que Mizkan vende directamente sus productos.<br \/>\n3. Una situaci\u00f3n espec\u00edfica podr\u00eda ser una campa\u00f1a espec\u00edfica, un evento durante el cual repartimos muestras, un concurso, etc.<\/p>\n","protected":false},"excerpt":{"rendered":"<p>1. Introducci\u00f3n Mizkan Euro (\u00abMizkan\u00bb)1 es un grupo de empresas con sede en el Reino Unido que fabrica, comercializa y distribuye productos alimenticios. La empresa opera con diferentes marcas como, por ejemplo, Sarsons, Branston, Haywards, Mizkan y Dufrais. Mizkan opera un sitio web corporativo llamado www.Mizkan.co.uk y varios sitios web de productos de marca. El [&hellip;]<\/p>\n","protected":false},"author":2,"featured_media":0,"parent":0,"menu_order":0,"comment_status":"closed","ping_status":"open","template":"","meta":{"footnotes":""},"acf":[],"yoast_head":"<!-- This site is optimized with the Yoast SEO plugin v21.9.1 - https:\/\/yoast.com\/wordpress\/plugins\/seo\/ -->\n<title>Pol\u00edtica De Privacidad - Mizkan<\/title>\n<meta name=\"robots\" content=\"index, follow, max-snippet:-1, max-image-preview:large, max-video-preview:-1\" \/>\n<meta property=\"og:locale\" content=\"es_ES\" \/>\n<meta property=\"og:type\" content=\"article\" \/>\n<meta property=\"og:title\" content=\"Pol\u00edtica De Privacidad - Mizkan\" \/>\n<meta property=\"og:description\" content=\"1. Introducci\u00f3n Mizkan Euro (\u00abMizkan\u00bb)1 es un grupo de empresas con sede en el Reino Unido que fabrica, comercializa y distribuye productos alimenticios. La empresa opera con diferentes marcas como, por ejemplo, Sarsons, Branston, Haywards, Mizkan y Dufrais. Mizkan opera un sitio web corporativo llamado www.Mizkan.co.uk y varios sitios web de productos de marca. El [&hellip;]\" \/>\n<meta property=\"og:url\" content=\"https:\/\/www.mizkanchef.com\/es\/politica-de-privacidad\/\" \/>\n<meta property=\"og:site_name\" content=\"Mizkan\" \/>\n<meta property=\"article:modified_time\" content=\"2021-02-01T15:39:14+00:00\" \/>\n<meta name=\"twitter:card\" content=\"summary_large_image\" \/>\n<meta name=\"twitter:label1\" content=\"Tiempo de lectura\" \/>\n\t<meta name=\"twitter:data1\" content=\"10 minutos\" \/>\n<script type=\"application\/ld+json\" class=\"yoast-schema-graph\">{\"@context\":\"https:\/\/schema.org\",\"@graph\":[{\"@type\":\"WebPage\",\"@id\":\"https:\/\/www.mizkanchef.com\/es\/politica-de-privacidad\/\",\"url\":\"https:\/\/www.mizkanchef.com\/es\/politica-de-privacidad\/\",\"name\":\"Pol\u00edtica De Privacidad - Mizkan\",\"isPartOf\":{\"@id\":\"https:\/\/www.mizkanchef.com\/es\/#website\"},\"datePublished\":\"2019-05-08T01:38:14+00:00\",\"dateModified\":\"2021-02-01T15:39:14+00:00\",\"breadcrumb\":{\"@id\":\"https:\/\/www.mizkanchef.com\/es\/politica-de-privacidad\/#breadcrumb\"},\"inLanguage\":\"es\",\"potentialAction\":[{\"@type\":\"ReadAction\",\"target\":[\"https:\/\/www.mizkanchef.com\/es\/politica-de-privacidad\/\"]}]},{\"@type\":\"BreadcrumbList\",\"@id\":\"https:\/\/www.mizkanchef.com\/es\/politica-de-privacidad\/#breadcrumb\",\"itemListElement\":[{\"@type\":\"ListItem\",\"position\":1,\"name\":\"Home\",\"item\":\"https:\/\/www.mizkanchef.com\/es\/\"},{\"@type\":\"ListItem\",\"position\":2,\"name\":\"Pol\u00edtica De Privacidad\"}]},{\"@type\":\"WebSite\",\"@id\":\"https:\/\/www.mizkanchef.com\/es\/#website\",\"url\":\"https:\/\/www.mizkanchef.com\/es\/\",\"name\":\"Mizkan\",\"description\":\"Mizkan\",\"potentialAction\":[{\"@type\":\"SearchAction\",\"target\":{\"@type\":\"EntryPoint\",\"urlTemplate\":\"https:\/\/www.mizkanchef.com\/es\/?s={search_term_string}\"},\"query-input\":\"required name=search_term_string\"}],\"inLanguage\":\"es\"}]}<\/script>\n<!-- \/ Yoast SEO plugin. -->","yoast_head_json":{"title":"Pol\u00edtica De Privacidad - Mizkan","robots":{"index":"index","follow":"follow","max-snippet":"max-snippet:-1","max-image-preview":"max-image-preview:large","max-video-preview":"max-video-preview:-1"},"og_locale":"es_ES","og_type":"article","og_title":"Pol\u00edtica De Privacidad - Mizkan","og_description":"1. Introducci\u00f3n Mizkan Euro (\u00abMizkan\u00bb)1 es un grupo de empresas con sede en el Reino Unido que fabrica, comercializa y distribuye productos alimenticios. La empresa opera con diferentes marcas como, por ejemplo, Sarsons, Branston, Haywards, Mizkan y Dufrais. Mizkan opera un sitio web corporativo llamado www.Mizkan.co.uk y varios sitios web de productos de marca. El [&hellip;]","og_url":"https:\/\/www.mizkanchef.com\/es\/politica-de-privacidad\/","og_site_name":"Mizkan","article_modified_time":"2021-02-01T15:39:14+00:00","twitter_card":"summary_large_image","twitter_misc":{"Tiempo de lectura":"10 minutos"},"schema":{"@context":"https:\/\/schema.org","@graph":[{"@type":"WebPage","@id":"https:\/\/www.mizkanchef.com\/es\/politica-de-privacidad\/","url":"https:\/\/www.mizkanchef.com\/es\/politica-de-privacidad\/","name":"Pol\u00edtica De Privacidad - Mizkan","isPartOf":{"@id":"https:\/\/www.mizkanchef.com\/es\/#website"},"datePublished":"2019-05-08T01:38:14+00:00","dateModified":"2021-02-01T15:39:14+00:00","breadcrumb":{"@id":"https:\/\/www.mizkanchef.com\/es\/politica-de-privacidad\/#breadcrumb"},"inLanguage":"es","potentialAction":[{"@type":"ReadAction","target":["https:\/\/www.mizkanchef.com\/es\/politica-de-privacidad\/"]}]},{"@type":"BreadcrumbList","@id":"https:\/\/www.mizkanchef.com\/es\/politica-de-privacidad\/#breadcrumb","itemListElement":[{"@type":"ListItem","position":1,"name":"Home","item":"https:\/\/www.mizkanchef.com\/es\/"},{"@type":"ListItem","position":2,"name":"Pol\u00edtica De Privacidad"}]},{"@type":"WebSite","@id":"https:\/\/www.mizkanchef.com\/es\/#website","url":"https:\/\/www.mizkanchef.com\/es\/","name":"Mizkan","description":"Mizkan","potentialAction":[{"@type":"SearchAction","target":{"@type":"EntryPoint","urlTemplate":"https:\/\/www.mizkanchef.com\/es\/?s={search_term_string}"},"query-input":"required name=search_term_string"}],"inLanguage":"es"}]}},"_links":{"self":[{"href":"https:\/\/www.mizkanchef.com\/es\/wp-json\/wp\/v2\/pages\/6857"}],"collection":[{"href":"https:\/\/www.mizkanchef.com\/es\/wp-json\/wp\/v2\/pages"}],"about":[{"href":"https:\/\/www.mizkanchef.com\/es\/wp-json\/wp\/v2\/types\/page"}],"author":[{"embeddable":true,"href":"https:\/\/www.mizkanchef.com\/es\/wp-json\/wp\/v2\/users\/2"}],"replies":[{"embeddable":true,"href":"https:\/\/www.mizkanchef.com\/es\/wp-json\/wp\/v2\/comments?post=6857"}],"version-history":[{"count":0,"href":"https:\/\/www.mizkanchef.com\/es\/wp-json\/wp\/v2\/pages\/6857\/revisions"}],"wp:attachment":[{"href":"https:\/\/www.mizkanchef.com\/es\/wp-json\/wp\/v2\/media?parent=6857"}],"curies":[{"name":"wp","href":"https:\/\/api.w.org\/{rel}","templated":true}]}}