{"id":586,"date":"2020-05-28T13:19:20","date_gmt":"2020-05-28T13:19:20","guid":{"rendered":"http:\/\/mizkan.wpengine.com\/chef-recipes\/"},"modified":"2021-02-01T14:34:10","modified_gmt":"2021-02-01T14:34:10","slug":"recetas-de-los-chefs","status":"publish","type":"page","link":"https:\/\/www.mizkanchef.com\/es\/recetas-de-los-chefs\/","title":{"rendered":"Recetas De Los Chefs"},"content":{"rendered":"<form data-sf-form-id='6832' data-is-rtl='0' data-maintain-state='' data-results-url='https:\/\/www.mizkanchef.com\/es\/recetas-de-los-chefs\/' data-ajax-url='https:\/\/www.mizkanchef.com\/es\/?sfid=6832&amp;sf_action=get_data&amp;sf_data=all' data-ajax-form-url='https:\/\/www.mizkanchef.com\/es\/?sfid=6832&amp;sf_action=get_data&amp;sf_data=form' data-display-result-method='shortcode' data-use-history-api='1' data-template-loaded='0' data-lang-code='es' data-ajax='1' data-ajax-data-type='json' data-ajax-links-selector='.pagination a' data-ajax-target='#search-filter-results-6832' data-ajax-pagination-type='infinite_scroll' data-show-scroll-loader='1' data-infinite-scroll-trigger='-100' data-update-ajax-url='1' data-only-results-ajax='1' data-scroll-to-pos='0' data-init-paged='1' data-auto-update='1' data-auto-count='1' data-auto-count-refresh-mode='1' action='https:\/\/www.mizkanchef.com\/es\/recetas-de-los-chefs\/' method='post' class='searchandfilter' id='search-filter-form-6832' autocomplete='off' data-instance-count='1'><ul><li class=\"sf-field-taxonomy-cuisines\" data-sf-field-name=\"_sft_cuisines\" data-sf-field-type=\"taxonomy\" data-sf-field-input-type=\"checkbox\">\t\t<ul data-operator=\"and\" class=\"\">\n\t\t\t\t\t  <li class=\"sf-level-0 sf-item-323\" data-sf-count=\"4\" data-sf-depth=\"0\"><input  class=\"sf-input-checkbox\" type=\"checkbox\" value=\"bebidas-es\" name=\"_sft_cuisines[]\" id=\"sf-input-948f1f212b4fb6a5f197c8e9966a6814\"><label class=\"sf-label-checkbox\" for=\"sf-input-948f1f212b4fb6a5f197c8e9966a6814\">Bebidas<\/label><\/li><li class=\"sf-level-0 sf-item-324\" data-sf-count=\"18\" data-sf-depth=\"0\"><input  class=\"sf-input-checkbox\" type=\"checkbox\" value=\"entrantes-ensaladas\" name=\"_sft_cuisines[]\" id=\"sf-input-3d8a6c5b8d64189fc8dd16fdc2889401\"><label class=\"sf-label-checkbox\" for=\"sf-input-3d8a6c5b8d64189fc8dd16fdc2889401\">Entrantes\/Ensaladas<\/label><\/li><li class=\"sf-level-0 sf-item-322\" data-sf-count=\"4\" data-sf-depth=\"0\"><input  class=\"sf-input-checkbox\" type=\"checkbox\" value=\"postres\" name=\"_sft_cuisines[]\" id=\"sf-input-5b33a3d53ad8526e91a61884f6d80a20\"><label class=\"sf-label-checkbox\" for=\"sf-input-5b33a3d53ad8526e91a61884f6d80a20\">Postres<\/label><\/li><li class=\"sf-level-0 sf-item-76\" data-sf-count=\"13\" data-sf-depth=\"0\"><input  class=\"sf-input-checkbox\" type=\"checkbox\" value=\"principales\" name=\"_sft_cuisines[]\" id=\"sf-input-f13572f24c646a39c8f8bda05ac0ddcb\"><label class=\"sf-label-checkbox\" for=\"sf-input-f13572f24c646a39c8f8bda05ac0ddcb\">Principales<\/label><\/li>\t\t<\/ul>\n\t\t<\/li><li class=\"sf-field-taxonomy-dish_types\" data-sf-field-name=\"_sft_dish_types\" data-sf-field-type=\"taxonomy\" data-sf-field-input-type=\"checkbox\">\t\t<ul data-operator=\"and\" class=\"\">\n\t\t\t\t\t  <li class=\"sf-level-0 sf-item-96\" data-sf-count=\"9\" data-sf-depth=\"0\"><input  class=\"sf-input-checkbox\" type=\"checkbox\" value=\"carnes\" name=\"_sft_dish_types[]\" id=\"sf-input-459fd86ae8077920e18e39b1fb120f1a\"><label class=\"sf-label-checkbox\" for=\"sf-input-459fd86ae8077920e18e39b1fb120f1a\">Carnes<\/label><\/li><li class=\"sf-level-0 sf-item-328\" data-sf-count=\"6\" data-sf-depth=\"0\"><input  class=\"sf-input-checkbox\" type=\"checkbox\" value=\"pescados\" name=\"_sft_dish_types[]\" id=\"sf-input-e73e5683c506acfd9762c64e29f664fe\"><label class=\"sf-label-checkbox\" for=\"sf-input-e73e5683c506acfd9762c64e29f664fe\">Pescados<\/label><\/li><li class=\"sf-level-0 sf-item-329\" data-sf-count=\"9\" data-sf-depth=\"0\"><input  class=\"sf-input-checkbox\" type=\"checkbox\" value=\"vegetarianos\" name=\"_sft_dish_types[]\" id=\"sf-input-dcd8e1492f41708033c1809a2dd4840d\"><label class=\"sf-label-checkbox\" for=\"sf-input-dcd8e1492f41708033c1809a2dd4840d\">Vegetarianos<\/label><\/li>\t\t<\/ul>\n\t\t<\/li><li class=\"sf-field-taxonomy-food_type\" data-sf-field-name=\"_sft_food_type\" data-sf-field-type=\"taxonomy\" data-sf-field-input-type=\"checkbox\">\t\t<ul data-operator=\"and\" class=\"\">\n\t\t\t\t\t  <li class=\"sf-level-0 sf-item-331\" data-sf-count=\"3\" data-sf-depth=\"0\"><input  class=\"sf-input-checkbox\" type=\"checkbox\" value=\"fideos\" name=\"_sft_food_type[]\" id=\"sf-input-4a6cdec66d6b0f6b7b83da40e7162dff\"><label class=\"sf-label-checkbox\" for=\"sf-input-4a6cdec66d6b0f6b7b83da40e7162dff\">Fideos<\/label><\/li><li class=\"sf-level-0 sf-item-344\" data-sf-count=\"0\" data-sf-depth=\"0\"><input  class=\"sf-input-checkbox\" type=\"checkbox\" value=\"poke-es\" name=\"_sft_food_type[]\" id=\"sf-input-a684e38eeaf1c2818a97b2d2fcc6f3e8\"><label class=\"sf-label-checkbox\" for=\"sf-input-a684e38eeaf1c2818a97b2d2fcc6f3e8\">Poke<\/label><\/li><li class=\"sf-level-0 sf-item-332\" data-sf-count=\"11\" data-sf-depth=\"0\"><input  class=\"sf-input-checkbox\" type=\"checkbox\" value=\"salsas\" name=\"_sft_food_type[]\" id=\"sf-input-093b589bc9a57d8b9930865e5641fa3e\"><label class=\"sf-label-checkbox\" for=\"sf-input-093b589bc9a57d8b9930865e5641fa3e\">Salsas<\/label><\/li><li class=\"sf-level-0 sf-item-333\" data-sf-count=\"1\" data-sf-depth=\"0\"><input  class=\"sf-input-checkbox\" type=\"checkbox\" value=\"sushi-poke-es\" name=\"_sft_food_type[]\" id=\"sf-input-82fa4b01de86ddd5ebd57e32c217932d\"><label class=\"sf-label-checkbox\" for=\"sf-input-82fa4b01de86ddd5ebd57e32c217932d\">Sushi<\/label><\/li>\t\t<\/ul>\n\t\t<\/li><li class=\"sf-field-taxonomy-products\" data-sf-field-name=\"_sft_products\" data-sf-field-type=\"taxonomy\" data-sf-field-input-type=\"checkbox\">\t\t<ul data-operator=\"and\" class=\"\">\n\t\t\t\t\t  <li class=\"sf-level-0 sf-item-116\" data-sf-count=\"3\" data-sf-depth=\"0\"><input  class=\"sf-input-checkbox\" type=\"checkbox\" value=\"condimento-para-sushi\" name=\"_sft_products[]\" id=\"sf-input-26e2f2d72a50513c8dc9626a7a47544f\"><label class=\"sf-label-checkbox\" for=\"sf-input-26e2f2d72a50513c8dc9626a7a47544f\">Condimento Para Sushi<\/label><\/li><li class=\"sf-level-0 sf-item-106\" data-sf-count=\"29\" data-sf-depth=\"0\"><input  class=\"sf-input-checkbox\" type=\"checkbox\" value=\"honteri-es\" name=\"_sft_products[]\" id=\"sf-input-fbf3e6a8485e9f2923d0f289a6a9c81d\"><label class=\"sf-label-checkbox\" for=\"sf-input-fbf3e6a8485e9f2923d0f289a6a9c81d\">Honteri<\/label><\/li><li class=\"sf-level-0 sf-item-330\" data-sf-count=\"5\" data-sf-depth=\"0\"><input  class=\"sf-input-checkbox\" type=\"checkbox\" value=\"vinagre-es\" name=\"_sft_products[]\" id=\"sf-input-e2dae4b2b552622d673a7923607f1835\"><label class=\"sf-label-checkbox\" for=\"sf-input-e2dae4b2b552622d673a7923607f1835\">Vinagre<\/label><\/li>\t\t<\/ul>\n\t\t<\/li><li class=\"sf-field-taxonomy-difficulty\" data-sf-field-name=\"_sft_difficulty\" data-sf-field-type=\"taxonomy\" data-sf-field-input-type=\"checkbox\">\t\t<ul data-operator=\"and\" class=\"\">\n\t\t\t\t\t  <li class=\"sf-level-0 sf-item-86\" data-sf-count=\"24\" data-sf-depth=\"0\"><input  class=\"sf-input-checkbox\" type=\"checkbox\" value=\"facil-es\" name=\"_sft_difficulty[]\" id=\"sf-input-dd38820d2748a3c9de4b3efbe1baace5\"><label class=\"sf-label-checkbox\" for=\"sf-input-dd38820d2748a3c9de4b3efbe1baace5\">F\u00e1cil<\/label><\/li><li class=\"sf-level-0 sf-item-325\" data-sf-count=\"1\" data-sf-depth=\"0\"><input  class=\"sf-input-checkbox\" type=\"checkbox\" value=\"dificil\" name=\"_sft_difficulty[]\" id=\"sf-input-02ff160e1a9ceab3cf0c8c50160c57ac\"><label class=\"sf-label-checkbox\" for=\"sf-input-02ff160e1a9ceab3cf0c8c50160c57ac\">Dif\u00edcil<\/label><\/li><li class=\"sf-level-0 sf-item-326\" data-sf-count=\"6\" data-sf-depth=\"0\"><input  class=\"sf-input-checkbox\" type=\"checkbox\" value=\"chefs-series-es\" name=\"_sft_difficulty[]\" id=\"sf-input-aed6a089c0f43037521413f2b549b361\"><label class=\"sf-label-checkbox\" for=\"sf-input-aed6a089c0f43037521413f2b549b361\">Chefs Series<\/label><\/li><li class=\"sf-level-0 sf-item-327\" data-sf-count=\"9\" data-sf-depth=\"0\"><input  class=\"sf-input-checkbox\" type=\"checkbox\" value=\"medio-es\" name=\"_sft_difficulty[]\" id=\"sf-input-8ffb6f6dd5544c9609205e1fab59938e\"><label class=\"sf-label-checkbox\" for=\"sf-input-8ffb6f6dd5544c9609205e1fab59938e\">Medio<\/label><\/li>\t\t<\/ul>\n\t\t<\/li><\/ul><\/form>\n<div class=\"recipe-key\" style=\"clear: both; padding-top: 30px;\"><img decoding=\"async\" class=\"chef-icon\" src=\"\/wp-content\/themes\/mizkan\/images\/chef-icon-1.png\" alt=\"F\u00e1cil\" \/><strong class=\"space\">F\u00e1cil<\/strong> <img decoding=\"async\" class=\"chef-icon\" src=\"\/wp-content\/themes\/mizkan\/images\/chef-icon-2.png\" alt=\"Medio\" \/><strong class=\"space\">Medio<\/strong> <img decoding=\"async\" class=\"chef-icon\" src=\"\/wp-content\/themes\/mizkan\/images\/chef-icon-3.png\" alt=\"Dif\u00edcil\" \/><strong>Dif\u00edcil<\/strong><\/div>\n<div class=\"search-filter-results\" id=\"search-filter-results-6832\">\t\n\n\t\n\t<div class='search-filter-results-list'>\n\t<div class=\"row\">\n\t\t\t\t<div class='col-sm-4 search-filter-result-item rplist-1 the-recipe-listing'>\n                <div class=\"recipe-container\">\n\t\t\t\t<div class=\"recipe-listing-image\">\n\t\t\t\t<a href=\"https:\/\/www.mizkanchef.com\/es\/recetas-de-los-chefs\/salsa-chimichurri-asiatica-v\/\"><img fetchpriority=\"high\" decoding=\"async\" width=\"720\" height=\"620\" src=\"https:\/\/www.mizkanchef.com\/wp-content\/uploads\/2020\/08\/chimichrri-720x620.jpg\" class=\"img-responsive wp-post-image\" alt=\"\" \/><\/a>                <\/div>\n\t\t\t\t                <div class=\"recipe-listing-overlay\">\n\t\t\t\t<a href=\"https:\/\/www.mizkanchef.com\/es\/recetas-de-los-chefs\/salsa-chimichurri-asiatica-v\/\"><img decoding=\"async\" src=\"\/wp-content\/themes\/mizkan\/images\/new-recipe-es.png\" width=\"720\" height=\"520\" alt=\"New\" class=\"img-responsive\"><\/a>\n                <\/div>\n\t\t\t\t                <\/div>\n\t\t\t\t<h2><a href=\"https:\/\/www.mizkanchef.com\/es\/recetas-de-los-chefs\/salsa-chimichurri-asiatica-v\/\">Salsa chimichurri asi\u00e1tica (V)<\/a><\/h2>\n                <div class=\"recipe-padding\">\n\t\t\t\t<p>Una versi\u00f3n asi\u00e1tica sencilla y arom\u00e1tica de la cl\u00e1sica salsa argentina.<\/p>\n\t\t\t\t                                                                <p class=\"chef-icons\"><img decoding=\"async\" src=\"\/wp-content\/themes\/mizkan\/images\/chef-icon-1.png\" alt=\"Challenging\" class=\"chef-icon\"><\/p>\n\t\t\t\t<p class=\"chef-time\"><strong>20 minutos<\/strong><\/p>\n                <div class=\"clear\"><\/div>\n\t\t\t\t<p><a href=\"https:\/\/www.mizkanchef.com\/es\/recetas-de-los-chefs\/salsa-chimichurri-asiatica-v\/\" class=\"green-button animated\"> Ver receta<\/a><\/p>\n                <\/div>\n\t\t\t<\/div>\n\t\t\t\t\t\t\t\t<div class='col-sm-4 search-filter-result-item rplist-2 the-recipe-listing'>\n                <div class=\"recipe-container\">\n\t\t\t\t<div class=\"recipe-listing-image\">\n\t\t\t\t<a href=\"https:\/\/www.mizkanchef.com\/es\/recetas-de-los-chefs\/osechi-ryori-datemaki\/\"><img decoding=\"async\" width=\"720\" height=\"620\" src=\"https:\/\/www.mizkanchef.com\/wp-content\/uploads\/2020\/12\/mix1-recipe-720x620.jpg\" class=\"img-responsive wp-post-image\" alt=\"\" \/><\/a>                <\/div>\n\t\t\t\t                <div class=\"recipe-listing-overlay\">\n\t\t\t\t<a href=\"https:\/\/www.mizkanchef.com\/es\/recetas-de-los-chefs\/osechi-ryori-datemaki\/\"><img decoding=\"async\" src=\"\/wp-content\/themes\/mizkan\/images\/new-recipe-es.png\" width=\"720\" height=\"520\" alt=\"New\" class=\"img-responsive\"><\/a>\n                <\/div>\n\t\t\t\t                <\/div>\n\t\t\t\t<h2><a href=\"https:\/\/www.mizkanchef.com\/es\/recetas-de-los-chefs\/osechi-ryori-datemaki\/\">Osechi Ryori - Datemaki<\/a><\/h2>\n                <div class=\"recipe-padding\">\n\t\t\t\t<p>Cree tu propio y delicioso osechi ryori, o comida de A\u00f1o Nuevo, con esta receta de Datemaki; bocados salados, usando huevos y pastel de pescado japon\u00e9s y con un toque de Honteri. Perfecto como sabroso apertitivo para A\u00f1o Nuevo y otros d\u00edas.<\/p>\n\t\t\t\t                                                                <p class=\"chef-icons\"><img decoding=\"async\" src=\"\/wp-content\/themes\/mizkan\/images\/chef-icon-2.png\" alt=\"Challenging\" class=\"chef-icon\"><\/p>\n\t\t\t\t<p class=\"chef-time\"><strong>30 minutos<\/strong><\/p>\n                <div class=\"clear\"><\/div>\n\t\t\t\t<p><a href=\"https:\/\/www.mizkanchef.com\/es\/recetas-de-los-chefs\/osechi-ryori-datemaki\/\" class=\"green-button animated\"> Ver receta<\/a><\/p>\n                <\/div>\n\t\t\t<\/div>\n\t\t\t\t\t\t\t\t<div class='col-sm-4 search-filter-result-item rplist-3 the-recipe-listing'>\n                <div class=\"recipe-container\">\n\t\t\t\t<div class=\"recipe-listing-image\">\n\t\t\t\t<a href=\"https:\/\/www.mizkanchef.com\/es\/recetas-de-los-chefs\/osechi-ryori-tazukuri-sardinas-confitadas\/\"><img decoding=\"async\" width=\"720\" height=\"620\" src=\"https:\/\/www.mizkanchef.com\/wp-content\/uploads\/2020\/12\/mix1-recipe-720x620.jpg\" class=\"img-responsive wp-post-image\" alt=\"\" \/><\/a>                <\/div>\n\t\t\t\t                <div class=\"recipe-listing-overlay\">\n\t\t\t\t<a href=\"https:\/\/www.mizkanchef.com\/es\/recetas-de-los-chefs\/osechi-ryori-tazukuri-sardinas-confitadas\/\"><img decoding=\"async\" src=\"\/wp-content\/themes\/mizkan\/images\/new-recipe-es.png\" width=\"720\" height=\"520\" alt=\"New\" class=\"img-responsive\"><\/a>\n                <\/div>\n\t\t\t\t                <\/div>\n\t\t\t\t<h2><a href=\"https:\/\/www.mizkanchef.com\/es\/recetas-de-los-chefs\/osechi-ryori-tazukuri-sardinas-confitadas\/\">Osechi Ryori - Tazukuri<\/a><\/h2>\n                <div class=\"recipe-padding\">\n\t\t\t\t<p>Tradicionalmente se come como parte de \u00abOsechi ryori\u00bb, pruebe nuestra receta de Tazukuri para hacer tu propio plato sabroso de sardinas confitadas tostadas hasta que est\u00e9n crujientes y terminadas en un glaseado de soja, az\u00facar, miel y Honteri.<\/p>\n\t\t\t\t                                                                <p class=\"chef-icons\"><img decoding=\"async\" src=\"\/wp-content\/themes\/mizkan\/images\/chef-icon-1.png\" alt=\"Challenging\" class=\"chef-icon\"><\/p>\n\t\t\t\t<p class=\"chef-time\"><strong>18 minutos<\/strong><\/p>\n                <div class=\"clear\"><\/div>\n\t\t\t\t<p><a href=\"https:\/\/www.mizkanchef.com\/es\/recetas-de-los-chefs\/osechi-ryori-tazukuri-sardinas-confitadas\/\" class=\"green-button animated\"> Ver receta<\/a><\/p>\n                <\/div>\n\t\t\t<\/div>\n\t\t\t\t\t\t<\/div>\n\t<\/div>\n\n\n\n\n\n<\/div>\n","protected":false},"excerpt":{"rendered":"<p>F\u00e1cil Medio Dif\u00edcil<\/p>\n","protected":false},"author":2,"featured_media":0,"parent":0,"menu_order":0,"comment_status":"closed","ping_status":"closed","template":"recipes.php","meta":{"footnotes":""},"acf":[],"yoast_head":"<!-- This site is optimized with the Yoast SEO plugin v21.9.1 - https:\/\/yoast.com\/wordpress\/plugins\/seo\/ -->\n<title>Recetas De Los Chefs - Mizkan<\/title>\n<meta name=\"robots\" content=\"index, follow, max-snippet:-1, max-image-preview:large, max-video-preview:-1\" \/>\n<meta property=\"og:locale\" content=\"es_ES\" \/>\n<meta property=\"og:type\" content=\"article\" \/>\n<meta property=\"og:title\" content=\"Recetas De Los Chefs - Mizkan\" \/>\n<meta property=\"og:description\" content=\"F\u00e1cil Medio Dif\u00edcil\" \/>\n<meta property=\"og:url\" content=\"https:\/\/www.mizkanchef.com\/es\/recetas-de-los-chefs\/\" \/>\n<meta property=\"og:site_name\" content=\"Mizkan\" \/>\n<meta property=\"article:modified_time\" content=\"2021-02-01T14:34:10+00:00\" \/>\n<meta name=\"twitter:card\" content=\"summary_large_image\" \/>\n<script type=\"application\/ld+json\" class=\"yoast-schema-graph\">{\"@context\":\"https:\/\/schema.org\",\"@graph\":[{\"@type\":\"WebPage\",\"@id\":\"https:\/\/www.mizkanchef.com\/es\/recetas-de-los-chefs\/\",\"url\":\"https:\/\/www.mizkanchef.com\/es\/recetas-de-los-chefs\/\",\"name\":\"Recetas De Los Chefs - Mizkan\",\"isPartOf\":{\"@id\":\"https:\/\/www.mizkanchef.com\/es\/#website\"},\"datePublished\":\"2020-05-28T13:19:20+00:00\",\"dateModified\":\"2021-02-01T14:34:10+00:00\",\"breadcrumb\":{\"@id\":\"https:\/\/www.mizkanchef.com\/es\/recetas-de-los-chefs\/#breadcrumb\"},\"inLanguage\":\"es\",\"potentialAction\":[{\"@type\":\"ReadAction\",\"target\":[\"https:\/\/www.mizkanchef.com\/es\/recetas-de-los-chefs\/\"]}]},{\"@type\":\"BreadcrumbList\",\"@id\":\"https:\/\/www.mizkanchef.com\/es\/recetas-de-los-chefs\/#breadcrumb\",\"itemListElement\":[{\"@type\":\"ListItem\",\"position\":1,\"name\":\"Home\",\"item\":\"https:\/\/www.mizkanchef.com\/es\/\"},{\"@type\":\"ListItem\",\"position\":2,\"name\":\"Recetas De Los Chefs\"}]},{\"@type\":\"WebSite\",\"@id\":\"https:\/\/www.mizkanchef.com\/es\/#website\",\"url\":\"https:\/\/www.mizkanchef.com\/es\/\",\"name\":\"Mizkan\",\"description\":\"Mizkan\",\"potentialAction\":[{\"@type\":\"SearchAction\",\"target\":{\"@type\":\"EntryPoint\",\"urlTemplate\":\"https:\/\/www.mizkanchef.com\/es\/?s={search_term_string}\"},\"query-input\":\"required name=search_term_string\"}],\"inLanguage\":\"es\"}]}<\/script>\n<!-- \/ Yoast SEO plugin. -->","yoast_head_json":{"title":"Recetas De Los Chefs - Mizkan","robots":{"index":"index","follow":"follow","max-snippet":"max-snippet:-1","max-image-preview":"max-image-preview:large","max-video-preview":"max-video-preview:-1"},"og_locale":"es_ES","og_type":"article","og_title":"Recetas De Los Chefs - Mizkan","og_description":"F\u00e1cil Medio Dif\u00edcil","og_url":"https:\/\/www.mizkanchef.com\/es\/recetas-de-los-chefs\/","og_site_name":"Mizkan","article_modified_time":"2021-02-01T14:34:10+00:00","twitter_card":"summary_large_image","schema":{"@context":"https:\/\/schema.org","@graph":[{"@type":"WebPage","@id":"https:\/\/www.mizkanchef.com\/es\/recetas-de-los-chefs\/","url":"https:\/\/www.mizkanchef.com\/es\/recetas-de-los-chefs\/","name":"Recetas De Los Chefs - Mizkan","isPartOf":{"@id":"https:\/\/www.mizkanchef.com\/es\/#website"},"datePublished":"2020-05-28T13:19:20+00:00","dateModified":"2021-02-01T14:34:10+00:00","breadcrumb":{"@id":"https:\/\/www.mizkanchef.com\/es\/recetas-de-los-chefs\/#breadcrumb"},"inLanguage":"es","potentialAction":[{"@type":"ReadAction","target":["https:\/\/www.mizkanchef.com\/es\/recetas-de-los-chefs\/"]}]},{"@type":"BreadcrumbList","@id":"https:\/\/www.mizkanchef.com\/es\/recetas-de-los-chefs\/#breadcrumb","itemListElement":[{"@type":"ListItem","position":1,"name":"Home","item":"https:\/\/www.mizkanchef.com\/es\/"},{"@type":"ListItem","position":2,"name":"Recetas De Los Chefs"}]},{"@type":"WebSite","@id":"https:\/\/www.mizkanchef.com\/es\/#website","url":"https:\/\/www.mizkanchef.com\/es\/","name":"Mizkan","description":"Mizkan","potentialAction":[{"@type":"SearchAction","target":{"@type":"EntryPoint","urlTemplate":"https:\/\/www.mizkanchef.com\/es\/?s={search_term_string}"},"query-input":"required name=search_term_string"}],"inLanguage":"es"}]}},"_links":{"self":[{"href":"https:\/\/www.mizkanchef.com\/es\/wp-json\/wp\/v2\/pages\/586"}],"collection":[{"href":"https:\/\/www.mizkanchef.com\/es\/wp-json\/wp\/v2\/pages"}],"about":[{"href":"https:\/\/www.mizkanchef.com\/es\/wp-json\/wp\/v2\/types\/page"}],"author":[{"embeddable":true,"href":"https:\/\/www.mizkanchef.com\/es\/wp-json\/wp\/v2\/users\/2"}],"replies":[{"embeddable":true,"href":"https:\/\/www.mizkanchef.com\/es\/wp-json\/wp\/v2\/comments?post=586"}],"version-history":[{"count":0,"href":"https:\/\/www.mizkanchef.com\/es\/wp-json\/wp\/v2\/pages\/586\/revisions"}],"wp:attachment":[{"href":"https:\/\/www.mizkanchef.com\/es\/wp-json\/wp\/v2\/media?parent=586"}],"curies":[{"name":"wp","href":"https:\/\/api.w.org\/{rel}","templated":true}]}}