{"id":9592,"date":"2022-02-18T14:36:36","date_gmt":"2022-02-18T14:36:36","guid":{"rendered":"https:\/\/www.mizkanchef.com\/?page_id=9592"},"modified":"2022-02-18T14:45:12","modified_gmt":"2022-02-18T14:45:12","slug":"landing-page","status":"publish","type":"page","link":"https:\/\/www.mizkanchef.com\/","title":{"rendered":"Landing Page"},"content":{"rendered":"<div class=\"row\">\n<div class=\"col-xs-6 col-sm-2\">\n<a href=\"\/en\/\"><img decoding=\"async\" src=\"https:\/\/www.mizkanchef.com\/wp-content\/uploads\/2022\/02\/uk.jpg\" alt=\"English\" class=\"center-block\"><\/p>\n<p style=\"text-align:center;\">English<\/p>\n<p><\/a>\n<\/div>\n<div class=\"col-xs-6 col-sm-2\">\n<a href=\"\/fr\/\"><img decoding=\"async\" src=\"https:\/\/www.mizkanchef.com\/wp-content\/uploads\/2022\/02\/france.jpg\" alt=\"French\" class=\"center-block\"><\/p>\n<p style=\"text-align:center;\">Fran\u00e7ais<\/p>\n<p><\/a>\n<\/div>\n<div class=\"col-xs-6 col-sm-2\">\n<a href=\"\/it\/\"><img decoding=\"async\" src=\"https:\/\/www.mizkanchef.com\/wp-content\/uploads\/2022\/02\/italy.jpg\" alt=\"Italian\" class=\"center-block\"><\/p>\n<p style=\"text-align:center;\">Italiano<\/p>\n<p><\/a>\n<\/div>\n<div class=\"col-xs-6 col-sm-2\">\n<a href=\"\/es\/\"><img decoding=\"async\" src=\"https:\/\/www.mizkanchef.com\/wp-content\/uploads\/2022\/02\/spain.jpg\" alt=\"Spanish\" class=\"center-block\"><\/p>\n<p style=\"text-align:center;\">Espa\u00f1ol<\/p>\n<p><\/a>\n<\/div>\n<div class=\"col-xs-6 col-sm-2\">\n<a href=\"\/de\/\"><img decoding=\"async\" src=\"https:\/\/www.mizkanchef.com\/wp-content\/uploads\/2022\/02\/germany.jpg\" alt=\"German\" class=\"center-block\"><\/p>\n<p style=\"text-align:center;\">Deutsch<\/p>\n<p><\/a>\n<\/div>\n<div class=\"col-xs-6 col-sm-2\">\n<a href=\"\/nl\/\"><img decoding=\"async\" src=\"https:\/\/www.mizkanchef.com\/wp-content\/uploads\/2022\/02\/netherlands.jpg\" alt=\"Dutch\" class=\"center-block\"><\/p>\n<p style=\"text-align:center;\">Nederland<\/p>\n<p><\/a>\n<\/div>\n<div class=\"col-xs-6 col-xs-offset-0 col-sm-2 col-sm-offset-2\">\n<a href=\"\/pt-pt\/\"><img decoding=\"async\" src=\"https:\/\/www.mizkanchef.com\/wp-content\/uploads\/2022\/02\/portugal.jpg\" alt=\"Portuguese\" class=\"center-block\"><\/p>\n<p style=\"text-align:center;\">Portugu\u00eas<\/p>\n<p><\/a>\n<\/div>\n<div class=\"col-xs-6 col-sm-2\">\n<a href=\"\/pl\/\"><img decoding=\"async\" src=\"https:\/\/www.mizkanchef.com\/wp-content\/uploads\/2022\/02\/poland.jpg\" alt=\"Polish\" class=\"center-block\"><\/p>\n<p style=\"text-align:center;\">Polski<\/p>\n<p><\/a>\n<\/div>\n<div class=\"col-xs-6 col-sm-2\">\n<a href=\"\/zh-hans\/\"><img decoding=\"async\" src=\"https:\/\/www.mizkanchef.com\/wp-content\/uploads\/2022\/02\/china.jpg\" alt=\"Chinese\" class=\"center-block\"><\/p>\n<p style=\"text-align:center;\">\u4f53\u4e2d\u6587<\/p>\n<p><\/a>\n<\/div>\n<div class=\"col-xs-6 col-sm-2\">\n<a href=\"\/ja\/\"><img decoding=\"async\" src=\"https:\/\/www.mizkanchef.com\/wp-content\/uploads\/2022\/02\/japan.jpg\" alt=\"Japanese\" class=\"center-block\"><\/p>\n<p style=\"text-align:center;\">\u65e5\u672c\u8a9e<\/p>\n<p><\/a>\n<\/div>\n<\/div>\n","protected":false},"excerpt":{"rendered":"<p>English Fran\u00e7ais Italiano Espa\u00f1ol Deutsch Nederland Portugu\u00eas Polski \u4f53\u4e2d\u6587 \u65e5\u672c\u8a9e<\/p>\n","protected":false},"author":2,"featured_media":0,"parent":0,"menu_order":0,"comment_status":"closed","ping_status":"closed","template":"landingpage.php","meta":{"footnotes":""},"acf":[],"yoast_head":"<!-- This site is optimized with the Yoast SEO plugin v21.9.1 - https:\/\/yoast.com\/wordpress\/plugins\/seo\/ -->\n<title>Landing Page - Mizkan<\/title>\n<meta name=\"robots\" content=\"index, follow, max-snippet:-1, max-image-preview:large, max-video-preview:-1\" \/>\n<meta property=\"og:locale\" content=\"en_US\" \/>\n<meta property=\"og:type\" content=\"article\" \/>\n<meta property=\"og:title\" content=\"Landing Page - Mizkan\" \/>\n<meta property=\"og:description\" content=\"English Fran\u00e7ais Italiano Espa\u00f1ol Deutsch Nederland Portugu\u00eas Polski \u4f53\u4e2d\u6587 \u65e5\u672c\u8a9e\" \/>\n<meta property=\"og:url\" content=\"https:\/\/www.mizkanchef.com\/\" \/>\n<meta property=\"og:site_name\" content=\"Mizkan\" \/>\n<meta property=\"article:modified_time\" content=\"2022-02-18T14:45:12+00:00\" \/>\n<meta property=\"og:image\" content=\"https:\/\/www.mizkanchef.com\/wp-content\/uploads\/2022\/02\/uk.jpg\" \/>\n<meta name=\"twitter:card\" content=\"summary_large_image\" \/>\n<meta name=\"twitter:label1\" content=\"Est. reading time\" \/>\n\t<meta name=\"twitter:data1\" content=\"3 minutes\" \/>\n<script type=\"application\/ld+json\" class=\"yoast-schema-graph\">{\"@context\":\"https:\/\/schema.org\",\"@graph\":[{\"@type\":\"WebPage\",\"@id\":\"https:\/\/www.mizkanchef.com\/\",\"url\":\"https:\/\/www.mizkanchef.com\/\",\"name\":\"Landing Page - Mizkan\",\"isPartOf\":{\"@id\":\"https:\/\/www.mizkanchef.com\/en\/#website\"},\"datePublished\":\"2022-02-18T14:36:36+00:00\",\"dateModified\":\"2022-02-18T14:45:12+00:00\",\"breadcrumb\":{\"@id\":\"https:\/\/www.mizkanchef.com\/#breadcrumb\"},\"inLanguage\":\"en-US\",\"potentialAction\":[{\"@type\":\"ReadAction\",\"target\":[\"https:\/\/www.mizkanchef.com\/\"]}]},{\"@type\":\"BreadcrumbList\",\"@id\":\"https:\/\/www.mizkanchef.com\/#breadcrumb\",\"itemListElement\":[{\"@type\":\"ListItem\",\"position\":1,\"name\":\"Home\",\"item\":\"https:\/\/www.mizkanchef.com\/en\/\"},{\"@type\":\"ListItem\",\"position\":2,\"name\":\"Landing Page\"}]},{\"@type\":\"WebSite\",\"@id\":\"https:\/\/www.mizkanchef.com\/en\/#website\",\"url\":\"https:\/\/www.mizkanchef.com\/en\/\",\"name\":\"Mizkan\",\"description\":\"Mizkan\",\"potentialAction\":[{\"@type\":\"SearchAction\",\"target\":{\"@type\":\"EntryPoint\",\"urlTemplate\":\"https:\/\/www.mizkanchef.com\/en\/?s={search_term_string}\"},\"query-input\":\"required name=search_term_string\"}],\"inLanguage\":\"en-US\"}]}<\/script>\n<!-- \/ Yoast SEO plugin. -->","yoast_head_json":{"title":"Landing Page - Mizkan","robots":{"index":"index","follow":"follow","max-snippet":"max-snippet:-1","max-image-preview":"max-image-preview:large","max-video-preview":"max-video-preview:-1"},"og_locale":"en_US","og_type":"article","og_title":"Landing Page - Mizkan","og_description":"English Fran\u00e7ais Italiano Espa\u00f1ol Deutsch Nederland Portugu\u00eas Polski \u4f53\u4e2d\u6587 \u65e5\u672c\u8a9e","og_url":"https:\/\/www.mizkanchef.com\/","og_site_name":"Mizkan","article_modified_time":"2022-02-18T14:45:12+00:00","og_image":[{"url":"https:\/\/www.mizkanchef.com\/wp-content\/uploads\/2022\/02\/uk.jpg"}],"twitter_card":"summary_large_image","twitter_misc":{"Est. reading time":"3 minutes"},"schema":{"@context":"https:\/\/schema.org","@graph":[{"@type":"WebPage","@id":"https:\/\/www.mizkanchef.com\/","url":"https:\/\/www.mizkanchef.com\/","name":"Landing Page - Mizkan","isPartOf":{"@id":"https:\/\/www.mizkanchef.com\/en\/#website"},"datePublished":"2022-02-18T14:36:36+00:00","dateModified":"2022-02-18T14:45:12+00:00","breadcrumb":{"@id":"https:\/\/www.mizkanchef.com\/#breadcrumb"},"inLanguage":"en-US","potentialAction":[{"@type":"ReadAction","target":["https:\/\/www.mizkanchef.com\/"]}]},{"@type":"BreadcrumbList","@id":"https:\/\/www.mizkanchef.com\/#breadcrumb","itemListElement":[{"@type":"ListItem","position":1,"name":"Home","item":"https:\/\/www.mizkanchef.com\/en\/"},{"@type":"ListItem","position":2,"name":"Landing Page"}]},{"@type":"WebSite","@id":"https:\/\/www.mizkanchef.com\/en\/#website","url":"https:\/\/www.mizkanchef.com\/en\/","name":"Mizkan","description":"Mizkan","potentialAction":[{"@type":"SearchAction","target":{"@type":"EntryPoint","urlTemplate":"https:\/\/www.mizkanchef.com\/en\/?s={search_term_string}"},"query-input":"required name=search_term_string"}],"inLanguage":"en-US"}]}},"_links":{"self":[{"href":"https:\/\/www.mizkanchef.com\/en\/wp-json\/wp\/v2\/pages\/9592"}],"collection":[{"href":"https:\/\/www.mizkanchef.com\/en\/wp-json\/wp\/v2\/pages"}],"about":[{"href":"https:\/\/www.mizkanchef.com\/en\/wp-json\/wp\/v2\/types\/page"}],"author":[{"embeddable":true,"href":"https:\/\/www.mizkanchef.com\/en\/wp-json\/wp\/v2\/users\/2"}],"replies":[{"embeddable":true,"href":"https:\/\/www.mizkanchef.com\/en\/wp-json\/wp\/v2\/comments?post=9592"}],"version-history":[{"count":1,"href":"https:\/\/www.mizkanchef.com\/en\/wp-json\/wp\/v2\/pages\/9592\/revisions"}],"predecessor-version":[{"id":11330,"href":"https:\/\/www.mizkanchef.com\/en\/wp-json\/wp\/v2\/pages\/9592\/revisions\/11330"}],"wp:attachment":[{"href":"https:\/\/www.mizkanchef.com\/en\/wp-json\/wp\/v2\/media?parent=9592"}],"curies":[{"name":"wp","href":"https:\/\/api.w.org\/{rel}","templated":true}]}}