{"id":9264,"date":"2022-02-03T14:08:08","date_gmt":"2022-02-03T14:08:08","guid":{"rendered":"https:\/\/www.mizkanchef.com\/?page_id=9264"},"modified":"2022-02-23T16:05:46","modified_gmt":"2022-02-23T16:05:46","slug":"fachhaendler","status":"publish","type":"page","link":"https:\/\/www.mizkanchef.com\/de\/fachhaendler\/","title":{"rendered":"Fachh\u00e4ndler"},"content":{"rendered":"<form data-sf-form-id='9257' data-is-rtl='0' data-maintain-state='' data-results-url='https:\/\/www.mizkanchef.com\/de\/fachhaendler\/' data-ajax-url='https:\/\/www.mizkanchef.com\/de\/?sfid=9257&amp;sf_action=get_data&amp;sf_data=results' data-ajax-form-url='https:\/\/www.mizkanchef.com\/de\/?sfid=9257&amp;sf_action=get_data&amp;sf_data=form' data-display-result-method='shortcode' data-use-history-api='1' data-template-loaded='0' data-lang-code='de' data-ajax='1' data-ajax-data-type='json' data-ajax-links-selector='.pagination a' data-ajax-target='#search-filter-results-9257' data-ajax-pagination-type='infinite_scroll' data-show-scroll-loader='1' data-infinite-scroll-trigger='-100' data-update-ajax-url='1' data-only-results-ajax='1' data-scroll-to-pos='0' data-init-paged='1' data-auto-update='1' action='https:\/\/www.mizkanchef.com\/de\/fachhaendler\/' method='post' class='searchandfilter' id='search-filter-form-9257' autocomplete='off' data-instance-count='1'><ul><li class=\"sf-field-taxonomy-stocks\" data-sf-field-name=\"_sft_stocks\" data-sf-field-type=\"taxonomy\" data-sf-field-input-type=\"checkbox\"><h4>PRODUKTFILTER<\/h4>\t\t<ul data-operator=\"and\" class=\"\">\n\t\t\t\t\t  <li class=\"sf-level-0 sf-item-351\" data-sf-count=\"6\" data-sf-depth=\"0\"><input  class=\"sf-input-checkbox\" type=\"checkbox\" value=\"ginmai\" name=\"_sft_stocks[]\" id=\"sf-input-2c2893831f576edf41b0f1ee4efae0f6\"><label class=\"sf-label-checkbox\" for=\"sf-input-2c2893831f576edf41b0f1ee4efae0f6\">Ginmai<\/label><\/li><li class=\"sf-level-0 sf-item-345\" data-sf-count=\"40\" data-sf-depth=\"0\"><input  class=\"sf-input-checkbox\" type=\"checkbox\" value=\"honteri\" name=\"_sft_stocks[]\" id=\"sf-input-f70c8b45c5914243d4abef802ebff012\"><label class=\"sf-label-checkbox\" for=\"sf-input-f70c8b45c5914243d4abef802ebff012\">Honteri<\/label><\/li><li class=\"sf-level-0 sf-item-347\" data-sf-count=\"23\" data-sf-depth=\"0\"><input  class=\"sf-input-checkbox\" type=\"checkbox\" value=\"js-47\" name=\"_sft_stocks[]\" id=\"sf-input-1d0fc501fbed790dafdf94230327183f\"><label class=\"sf-label-checkbox\" for=\"sf-input-1d0fc501fbed790dafdf94230327183f\">JS-47<\/label><\/li><li class=\"sf-level-0 sf-item-349\" data-sf-count=\"7\" data-sf-depth=\"0\"><input  class=\"sf-input-checkbox\" type=\"checkbox\" value=\"js-alpha\" name=\"_sft_stocks[]\" id=\"sf-input-e4d9030990a24f643248183287de0ff5\"><label class=\"sf-label-checkbox\" for=\"sf-input-e4d9030990a24f643248183287de0ff5\">JS-Alpha<\/label><\/li><li class=\"sf-level-0 sf-item-346\" data-sf-count=\"39\" data-sf-depth=\"0\"><input  class=\"sf-input-checkbox\" type=\"checkbox\" value=\"shiragiku\" name=\"_sft_stocks[]\" id=\"sf-input-c38fff5803019ee5d77d42aa9d79d85a\"><label class=\"sf-label-checkbox\" for=\"sf-input-c38fff5803019ee5d77d42aa9d79d85a\">Shiragiku<\/label><\/li><li class=\"sf-level-0 sf-item-350\" data-sf-count=\"31\" data-sf-depth=\"0\"><input  class=\"sf-input-checkbox\" type=\"checkbox\" value=\"suehiro\" name=\"_sft_stocks[]\" id=\"sf-input-8123ad9c28851b16ffc9ccfdf77906f1\"><label class=\"sf-label-checkbox\" for=\"sf-input-8123ad9c28851b16ffc9ccfdf77906f1\">Suehiro<\/label><\/li><li class=\"sf-level-0 sf-item-348\" data-sf-count=\"5\" data-sf-depth=\"0\"><input  class=\"sf-input-checkbox\" type=\"checkbox\" value=\"yumai\" name=\"_sft_stocks[]\" id=\"sf-input-525589881fb1f9a11ee1e8bab8ebc4a0\"><label class=\"sf-label-checkbox\" for=\"sf-input-525589881fb1f9a11ee1e8bab8ebc4a0\">Yumai<\/label><\/li><li class=\"sf-level-0 sf-item-352\" data-sf-count=\"16\" data-sf-depth=\"0\"><input  class=\"sf-input-checkbox\" type=\"checkbox\" value=\"yuzu-ponzu\" name=\"_sft_stocks[]\" id=\"sf-input-4df3ae972932510607617b4ea9dc6536\"><label class=\"sf-label-checkbox\" for=\"sf-input-4df3ae972932510607617b4ea9dc6536\">Yuzu Ponzu<\/label><\/li>\t\t<\/ul>\n\t\t<\/li><\/ul><\/form>\n<div class=\"search-filter-results\" id=\"search-filter-results-9257\">\n\n\t\n\t\n\t<div class='search-filter-results-list'>\n\t<div class=\"row distribution-list\">\n\t            <div class='search-filter-result-item rplist-1 distributionline'>\n\t\t\t<div class='distribution-list-image col-sm-4'>\n\t\t\t\t\n\t\t\t\t<img fetchpriority=\"high\" decoding=\"async\" width=\"425\" height=\"132\" src=\"https:\/\/www.mizkanchef.com\/wp-content\/uploads\/2022\/01\/asia-food-express.jpg\" class=\"img-responsive wp-post-image\" alt=\"\" \/>                \n            <\/div>\n            <div class='distribution-list-text col-sm-5'>\n\t\t\t\t<h3>Asia Express Food (Niederlande)<\/h3>\n\t\t\t\t<p>Mit einem umfangreichen Sortiment von mehr als 3.500 Produkten ist Asia Express Food Ihr Komplettanbieter f\u00fcr asiatische, indische und afrikanische Produkte.<\/p>\n<p><strong>Adresse:<br \/>\n<\/strong>Asia Express Food B.V. Kilbystraat 18263 CJ Kampen, Niederlande<br \/>\n<strong>Tel:<\/strong> +31 (0) 38-3329082<\/p>\n\t\t\t\t<p><a href=\"https:\/\/www.asiaexpressfood.nl\/de\/\" class=\"green-button animated\">Besuche die Website<\/a><\/p>\n\t\t\t<\/div>\n\t\t\t\t<div class=\"col-sm-3\">\n\t\t\t\t\t<h3>Produkte<\/h3>\n\t\t\t\t\t<p>Honteri<br \/>\nJS-47<br \/>\nShiragiku<br \/>\nSuehiro<\/p>\n\t\t\t\t<\/div>\n            <div class=\"clear\"><\/div>\n            <\/div>\n            \n\t\t\t\t\t            <div class='search-filter-result-item rplist-2 distributionline'>\n\t\t\t<div class='distribution-list-image col-sm-4'>\n\t\t\t\t\n\t\t\t\t<img decoding=\"async\" width=\"425\" height=\"216\" src=\"https:\/\/www.mizkanchef.com\/wp-content\/uploads\/2022\/01\/choi-kwai.jpg\" class=\"img-responsive wp-post-image\" alt=\"\" \/>                \n            <\/div>\n            <div class='distribution-list-text col-sm-5'>\n\t\t\t\t<h3>Choi Kwai (Niederlande)<\/h3>\n\t\t\t\t<p>Choi Kwai bringt seit fast 40 Jahren den asiatischen Kontinent in die K\u00fcche, erm\u00f6glicht durch ein umfangreiches Logistiknetzwerk in Deutschland, \u00d6sterreich und den Benelux-Staaten.<\/p>\n<p><strong>Adresse:<\/strong><br \/>\nChoi Kwai International B.V. Azalealaan 2, 6851 TC Huissen, Niederlande<br \/>\n<strong>Tel:<\/strong> +31(0)26 326 1100<\/p>\n\t\t\t\t<p><a href=\"https:\/\/choikwai.com\/\" class=\"green-button animated\">Besuche die Website<\/a><\/p>\n\t\t\t<\/div>\n\t\t\t\t<div class=\"col-sm-3\">\n\t\t\t\t\t<h3>Produkte<\/h3>\n\t\t\t\t\t<p>Honteri<br \/>\nShiragiku<br \/>\nSuehiro<br \/>\nYuzu Ponzu<\/p>\n\t\t\t\t<\/div>\n            <div class=\"clear\"><\/div>\n            <\/div>\n            \n\t\t\t\t\t            <div class='search-filter-result-item rplist-3 distributionline'>\n\t\t\t<div class='distribution-list-image col-sm-4'>\n\t\t\t\t\n\t\t\t\t<img decoding=\"async\" width=\"425\" height=\"228\" src=\"https:\/\/www.mizkanchef.com\/wp-content\/uploads\/2022\/01\/hai-asian-food.jpg\" class=\"img-responsive wp-post-image\" alt=\"\" \/>                \n            <\/div>\n            <div class='distribution-list-text col-sm-5'>\n\t\t\t\t<h3>Hai Asian Food Import Export (Deutschland)<\/h3>\n\t\t\t\t<p>Mit jahrelanger Erfahrung wei\u00df die Hai Asian Food Import Export GmbH, worauf Kunden Wert legen und ist immer \u00fcber neue Trends in der japanischen K\u00fcche informiert.<\/p>\n<p><strong>Adresse:<\/strong><br \/>\nStieffring 8, 13627 Berlin, Deutschland<br \/>\n<strong>Tel:<\/strong> +49 30 94395148<\/p>\n\t\t\t\t<p><a href=\"https:\/\/haiasianfood.de\/\" class=\"green-button animated\">Besuche die Website<\/a><\/p>\n\t\t\t<\/div>\n\t\t\t\t<div class=\"col-sm-3\">\n\t\t\t\t\t<h3>Produkte<\/h3>\n\t\t\t\t\t<p>Honteri<br \/>\nSuehiro<\/p>\n\t\t\t\t<\/div>\n            <div class=\"clear\"><\/div>\n            <\/div>\n            \n\t\t\t\t\t            <div class='search-filter-result-item rplist-4 distributionline'>\n\t\t\t<div class='distribution-list-image col-sm-4'>\n\t\t\t\t\n\t\t\t\t<img loading=\"lazy\" decoding=\"async\" width=\"425\" height=\"168\" src=\"https:\/\/www.mizkanchef.com\/wp-content\/uploads\/2022\/01\/jc-international.jpg\" class=\"img-responsive wp-post-image\" alt=\"\" \/>                \n            <\/div>\n            <div class='distribution-list-text col-sm-5'>\n\t\t\t\t<h3>JFC (Deutschland)<\/h3>\n\t\t\t\t<p>JFC bietet gesunde, sichere und qualitativ hochwertige asiatische Lebensmittel in ganz Europa und bedient eine wachsende Zahl von asiatisch-europ\u00e4ischen Outlets, Restaurants und gro\u00dfen Einzelh\u00e4ndlern.<\/p>\n<p><strong>Adresse:<br \/>\n<\/strong>JFC Deutschland GmbH, Theodorstrasse 293, 40472 D\u00fcsseldorf, Deutschland<strong><br \/>\nTel: <\/strong>+49 (0) 211 53 74 16-0<strong><br \/>\n<\/strong><\/p>\n\t\t\t\t<p><a href=\"https:\/\/www.jfc.eu\/de\/\" class=\"green-button animated\">Besuche die Website<\/a><\/p>\n\t\t\t<\/div>\n\t\t\t\t<div class=\"col-sm-3\">\n\t\t\t\t\t<h3>Produkte<\/h3>\n\t\t\t\t\t<p>Yumai<br \/>\nHonteri<br \/>\nShiragiku<br \/>\nSuehiro<br \/>\nJS-47<\/p>\n\t\t\t\t<\/div>\n            <div class=\"clear\"><\/div>\n            <\/div>\n            \n\t\t\t\t\t            <div class='search-filter-result-item rplist-5 distributionline'>\n\t\t\t<div class='distribution-list-image col-sm-4'>\n\t\t\t\t\n\t\t\t\t<img loading=\"lazy\" decoding=\"async\" width=\"425\" height=\"228\" src=\"https:\/\/www.mizkanchef.com\/wp-content\/uploads\/2022\/01\/jik.jpg\" class=\"img-responsive wp-post-image\" alt=\"\" \/>                \n            <\/div>\n            <div class='distribution-list-text col-sm-5'>\n\t\t\t\t<h3>JIK GmbH (Deutschland)<\/h3>\n\t\t\t\t<p>Um eine gleichbleibend hohe Qualit\u00e4t der Produkte zu gew\u00e4hrleisten, liefert JIK nur die bestm\u00f6gliche Qualit\u00e4t der Zutaten von den bestm\u00f6glichen Herstellern und Herkunftsl\u00e4ndern.<\/p>\n<p><strong>Adresse:<\/strong><br \/>\nSiemensring 91, 47877 Willich,, (M\u00fcnchheide I), Deutschland<br \/>\n<strong>Tel:<\/strong> +49 2154 8877245<\/p>\n\t\t\t\t<p><a href=\"http:\/\/www.jikgmbh.de\/de\/\" class=\"green-button animated\">Besuche die Website<\/a><\/p>\n\t\t\t<\/div>\n\t\t\t\t<div class=\"col-sm-3\">\n\t\t\t\t\t<h3>Produkte<\/h3>\n\t\t\t\t\t<p>Ginmai<br \/>\nHonteri<br \/>\nJS-47<br \/>\nShiragiku<br \/>\nSuehiro<\/p>\n\t\t\t\t<\/div>\n            <div class=\"clear\"><\/div>\n            <\/div>\n            \n\t\t\t\t\t            <div class='search-filter-result-item rplist-6 distributionline'>\n\t\t\t<div class='distribution-list-image col-sm-4'>\n\t\t\t\t\n\t\t\t\t<img loading=\"lazy\" decoding=\"async\" width=\"425\" height=\"119\" src=\"https:\/\/www.mizkanchef.com\/wp-content\/uploads\/2022\/01\/kagerer.jpg\" class=\"img-responsive wp-post-image\" alt=\"\" \/>                \n            <\/div>\n            <div class='distribution-list-text col-sm-5'>\n\t\t\t\t<h3>Kagerer &#038; Co GmbH (Deutschland)<\/h3>\n\t\t\t\t<p>Kagerer liefert echte, authentische Produkte aus aller Welt und verbindet den urspr\u00fcnglichen Geschmack ihrer Herkunft mit h\u00f6chstem Genuss.<\/p>\n<p><strong>Adresse:<br \/>\n<\/strong>Kagerer &amp; Co. GmbH, Wei\u00dfenfelder Strasse 6, 85622 Feldkirchen, Deutschland<br \/>\n<strong>Tel:<\/strong> +49 89 900 485 &#8211; 0<\/p>\n\t\t\t\t<p><a href=\"https:\/\/www.kagerer.de\/\" class=\"green-button animated\">Besuche die Website<\/a><\/p>\n\t\t\t<\/div>\n\t\t\t\t<div class=\"col-sm-3\">\n\t\t\t\t\t<h3>Produkte<\/h3>\n\t\t\t\t\t<p>Ginmai<br \/>\nHonteri<br \/>\nJS-47<br \/>\nJS-Alpha<br \/>\nShiragiku<br \/>\nSuehiro<\/p>\n\t\t\t\t<\/div>\n            <div class=\"clear\"><\/div>\n            <\/div>\n            \n\t\t\t\t\t            <div class='search-filter-result-item rplist-7 distributionline'>\n\t\t\t<div class='distribution-list-image col-sm-4'>\n\t\t\t\t\n\t\t\t\t<img loading=\"lazy\" decoding=\"async\" width=\"425\" height=\"156\" src=\"https:\/\/www.mizkanchef.com\/wp-content\/uploads\/2022\/01\/pan-asia.jpg\" class=\"img-responsive wp-post-image\" alt=\"\" \/>                \n            <\/div>\n            <div class='distribution-list-text col-sm-5'>\n\t\t\t\t<h3>Panasia DE Handels GmbH (Austria)<\/h3>\n\t\t\t\t<p>Panasia ist ein europaweit t\u00e4tiger Gro\u00dfh\u00e4ndler, der sich auf Lebensmittel aus Japan und ganz Asien sowie auf Fisch, Sushi-Toppings und Meeresfr\u00fcchte spezialisiert hat.<\/p>\n<p><strong>Adresse:<\/strong><br \/>\nLandstrasse 38, A-2464 G\u00f6ttlesbrunn, Austria<br \/>\n<strong>Tel:<\/strong> + 43 2162 20040<\/p>\n\t\t\t\t<p><a href=\"https:\/\/www.panasia.at\/\" class=\"green-button animated\">Besuche die Website<\/a><\/p>\n\t\t\t<\/div>\n\t\t\t\t<div class=\"col-sm-3\">\n\t\t\t\t\t<h3>Produkte<\/h3>\n\t\t\t\t\t<p>Honteri<br \/>\nShiragiku<br \/>\nYuzu Ponzu<\/p>\n\t\t\t\t<\/div>\n            <div class=\"clear\"><\/div>\n            <\/div>\n            \n\t\t\t\t\t            <div class='search-filter-result-item rplist-8 distributionline'>\n\t\t\t<div class='distribution-list-image col-sm-4'>\n\t\t\t\t\n\t\t\t\t<img loading=\"lazy\" decoding=\"async\" width=\"425\" height=\"156\" src=\"https:\/\/www.mizkanchef.com\/wp-content\/uploads\/2022\/01\/pan-asia.jpg\" class=\"img-responsive wp-post-image\" alt=\"\" \/>                \n            <\/div>\n            <div class='distribution-list-text col-sm-5'>\n\t\t\t\t<h3>Panasia DE Handels GmbH (Germany)<\/h3>\n\t\t\t\t<p>Panasia ist ein europaweit t\u00e4tiger Gro\u00dfh\u00e4ndler, der sich auf Lebensmittel aus Japan und ganz Asien sowie auf Fisch, Sushi-Toppings und Meeresfr\u00fcchte spezialisiert hat.<\/p>\n<p><strong>Adresse:<\/strong><br \/>\nRobert-Koch-Str. 1a, 63128 Dietzenbach, Deutschland<br \/>\n<strong>Tel:<\/strong> +49(0)6074 91 946 13<\/p>\n\t\t\t\t<p><a href=\"http:\/\/www.ipanasia.com\/index.php\/en\/\" class=\"green-button animated\">Besuche die Website<\/a><\/p>\n\t\t\t<\/div>\n\t\t\t\t<div class=\"col-sm-3\">\n\t\t\t\t\t<h3>Produkte<\/h3>\n\t\t\t\t\t<p>Suehiro<br \/>\nYuzu Ponzu<\/p>\n\t\t\t\t<\/div>\n            <div class=\"clear\"><\/div>\n            <\/div>\n            \n\t\t\t\t\t            <div class='search-filter-result-item rplist-9 distributionline'>\n\t\t\t<div class='distribution-list-image col-sm-4'>\n\t\t\t\t\n\t\t\t\t<img loading=\"lazy\" decoding=\"async\" width=\"425\" height=\"197\" src=\"https:\/\/www.mizkanchef.com\/wp-content\/uploads\/2022\/01\/ssp.jpg\" class=\"img-responsive wp-post-image\" alt=\"\" \/>                \n            <\/div>\n            <div class='distribution-list-text col-sm-5'>\n\t\t\t\t<h3>SSP Konsumg\u00fcter Trade &#038; Consult Gmbh (Deutschland)<\/h3>\n\t\t\t\t<p>SSP Konsumg\u00fcter Trade &amp; Consult ist seit \u00fcber 25 Jahren Ihr zuverl\u00e4ssiger Partner f\u00fcr asiatische Lebensmittel mit dem Anspruch, die japanische Esskultur richtig und authentisch zu pr\u00e4sentieren.<\/p>\n<p><strong>Adresse:<\/strong><br \/>\nSSP Konsumgueter Trade &amp; Consult GmbH, Philipp-Reis-Stra\u00dfe 15 B3\/B4, 63128 Dietzenbach, Deutschland<br \/>\n<strong>Tel:<\/strong> +49 (6074) 48161-0<\/p>\n\t\t\t\t<p><a href=\"https:\/\/www.ssp-trade.eu\/content\/\" class=\"green-button animated\">Besuche die Website<\/a><\/p>\n\t\t\t<\/div>\n\t\t\t\t<div class=\"col-sm-3\">\n\t\t\t\t\t<h3>Produkte<\/h3>\n\t\t\t\t\t<p>Ginmai<br \/>\nHonteri<br \/>\nJS-47<br \/>\nShiragiku<br \/>\nSuehiro<\/p>\n\t\t\t\t<\/div>\n            <div class=\"clear\"><\/div>\n            <\/div>\n            \n\t\t\t\t\t            <div class='search-filter-result-item rplist-10 distributionline'>\n\t\t\t<div class='distribution-list-image col-sm-4'>\n\t\t\t\t\n\t\t\t\t<img loading=\"lazy\" decoding=\"async\" width=\"425\" height=\"164\" src=\"https:\/\/www.mizkanchef.com\/wp-content\/uploads\/2022\/06\/stutzer.jpg\" class=\"img-responsive wp-post-image\" alt=\"\" \/>                \n            <\/div>\n            <div class='distribution-list-text col-sm-5'>\n\t\t\t\t<h3>Stutzer&#038;Co. AG<\/h3>\n\t\t\t\t<p><strong>Adresse:<\/strong><br \/>\nBaumackerstrasse 24, 8050 Z\u00fcrich, Switzerland<br \/>\n<strong>Tel:<\/strong> +41 (0)44 315 56 55<\/p>\n\t\t\t\t<p><a href=\"https:\/\/www.stutzer.ch\" class=\"green-button animated\">Besuche die Website<\/a><\/p>\n\t\t\t<\/div>\n\t\t\t\t<div class=\"col-sm-3\">\n\t\t\t\t\t<h3>Produkte<\/h3>\n\t\t\t\t\t<p>Honteri<br \/>\nShiragiku<br \/>\nYuzu Ponzu<\/p>\n\t\t\t\t<\/div>\n            <div class=\"clear\"><\/div>\n            <\/div>\n            \n\t\t\t\t\t\t<\/div>\n\t<\/div>\n\n\n\n\n\n<\/div>\n","protected":false},"excerpt":{"rendered":"","protected":false},"author":2,"featured_media":0,"parent":0,"menu_order":0,"comment_status":"closed","ping_status":"closed","template":"","meta":{"footnotes":""},"acf":[],"yoast_head":"<!-- This site is optimized with the Yoast SEO plugin v21.9.1 - https:\/\/yoast.com\/wordpress\/plugins\/seo\/ -->\n<title>Fachh\u00e4ndler - Mizkan Chef<\/title>\n<meta name=\"robots\" content=\"index, follow, max-snippet:-1, max-image-preview:large, max-video-preview:-1\" \/>\n<meta property=\"og:locale\" content=\"de_DE\" \/>\n<meta property=\"og:type\" content=\"article\" \/>\n<meta property=\"og:title\" content=\"Fachh\u00e4ndler - Mizkan Chef\" \/>\n<meta property=\"og:url\" content=\"https:\/\/www.mizkanchef.com\/de\/fachhaendler\/\" \/>\n<meta property=\"og:site_name\" content=\"Mizkan\" \/>\n<meta property=\"article:modified_time\" content=\"2022-02-23T16:05:46+00:00\" \/>\n<meta name=\"twitter:card\" content=\"summary_large_image\" \/>\n<script type=\"application\/ld+json\" class=\"yoast-schema-graph\">{\"@context\":\"https:\/\/schema.org\",\"@graph\":[{\"@type\":\"WebPage\",\"@id\":\"https:\/\/www.mizkanchef.com\/de\/fachhaendler\/\",\"url\":\"https:\/\/www.mizkanchef.com\/de\/fachhaendler\/\",\"name\":\"Fachh\u00e4ndler - Mizkan Chef\",\"isPartOf\":{\"@id\":\"https:\/\/www.mizkanchef.com\/de\/#website\"},\"datePublished\":\"2022-02-03T14:08:08+00:00\",\"dateModified\":\"2022-02-23T16:05:46+00:00\",\"breadcrumb\":{\"@id\":\"https:\/\/www.mizkanchef.com\/de\/fachhaendler\/#breadcrumb\"},\"inLanguage\":\"de\",\"potentialAction\":[{\"@type\":\"ReadAction\",\"target\":[\"https:\/\/www.mizkanchef.com\/de\/fachhaendler\/\"]}]},{\"@type\":\"BreadcrumbList\",\"@id\":\"https:\/\/www.mizkanchef.com\/de\/fachhaendler\/#breadcrumb\",\"itemListElement\":[{\"@type\":\"ListItem\",\"position\":1,\"name\":\"Home\",\"item\":\"https:\/\/www.mizkanchef.com\/de\/\"},{\"@type\":\"ListItem\",\"position\":2,\"name\":\"Fachh\u00e4ndler\"}]},{\"@type\":\"WebSite\",\"@id\":\"https:\/\/www.mizkanchef.com\/de\/#website\",\"url\":\"https:\/\/www.mizkanchef.com\/de\/\",\"name\":\"Mizkan\",\"description\":\"Mizkan\",\"potentialAction\":[{\"@type\":\"SearchAction\",\"target\":{\"@type\":\"EntryPoint\",\"urlTemplate\":\"https:\/\/www.mizkanchef.com\/de\/?s={search_term_string}\"},\"query-input\":\"required name=search_term_string\"}],\"inLanguage\":\"de\"}]}<\/script>\n<!-- \/ Yoast SEO plugin. -->","yoast_head_json":{"title":"Fachh\u00e4ndler - Mizkan Chef","robots":{"index":"index","follow":"follow","max-snippet":"max-snippet:-1","max-image-preview":"max-image-preview:large","max-video-preview":"max-video-preview:-1"},"og_locale":"de_DE","og_type":"article","og_title":"Fachh\u00e4ndler - Mizkan Chef","og_url":"https:\/\/www.mizkanchef.com\/de\/fachhaendler\/","og_site_name":"Mizkan","article_modified_time":"2022-02-23T16:05:46+00:00","twitter_card":"summary_large_image","schema":{"@context":"https:\/\/schema.org","@graph":[{"@type":"WebPage","@id":"https:\/\/www.mizkanchef.com\/de\/fachhaendler\/","url":"https:\/\/www.mizkanchef.com\/de\/fachhaendler\/","name":"Fachh\u00e4ndler - Mizkan Chef","isPartOf":{"@id":"https:\/\/www.mizkanchef.com\/de\/#website"},"datePublished":"2022-02-03T14:08:08+00:00","dateModified":"2022-02-23T16:05:46+00:00","breadcrumb":{"@id":"https:\/\/www.mizkanchef.com\/de\/fachhaendler\/#breadcrumb"},"inLanguage":"de","potentialAction":[{"@type":"ReadAction","target":["https:\/\/www.mizkanchef.com\/de\/fachhaendler\/"]}]},{"@type":"BreadcrumbList","@id":"https:\/\/www.mizkanchef.com\/de\/fachhaendler\/#breadcrumb","itemListElement":[{"@type":"ListItem","position":1,"name":"Home","item":"https:\/\/www.mizkanchef.com\/de\/"},{"@type":"ListItem","position":2,"name":"Fachh\u00e4ndler"}]},{"@type":"WebSite","@id":"https:\/\/www.mizkanchef.com\/de\/#website","url":"https:\/\/www.mizkanchef.com\/de\/","name":"Mizkan","description":"Mizkan","potentialAction":[{"@type":"SearchAction","target":{"@type":"EntryPoint","urlTemplate":"https:\/\/www.mizkanchef.com\/de\/?s={search_term_string}"},"query-input":"required name=search_term_string"}],"inLanguage":"de"}]}},"_links":{"self":[{"href":"https:\/\/www.mizkanchef.com\/de\/wp-json\/wp\/v2\/pages\/9264"}],"collection":[{"href":"https:\/\/www.mizkanchef.com\/de\/wp-json\/wp\/v2\/pages"}],"about":[{"href":"https:\/\/www.mizkanchef.com\/de\/wp-json\/wp\/v2\/types\/page"}],"author":[{"embeddable":true,"href":"https:\/\/www.mizkanchef.com\/de\/wp-json\/wp\/v2\/users\/2"}],"replies":[{"embeddable":true,"href":"https:\/\/www.mizkanchef.com\/de\/wp-json\/wp\/v2\/comments?post=9264"}],"version-history":[{"count":0,"href":"https:\/\/www.mizkanchef.com\/de\/wp-json\/wp\/v2\/pages\/9264\/revisions"}],"wp:attachment":[{"href":"https:\/\/www.mizkanchef.com\/de\/wp-json\/wp\/v2\/media?parent=9264"}],"curies":[{"name":"wp","href":"https:\/\/api.w.org\/{rel}","templated":true}]}}