{"id":8377,"date":"2021-07-12T10:27:26","date_gmt":"2021-07-12T10:27:26","guid":{"rendered":"https:\/\/www.mizkanchef.com\/shiragiku-terms-conditions\/"},"modified":"2022-02-10T10:02:44","modified_gmt":"2022-02-10T10:02:44","slug":"shiragiku-teilnahmebedingungen","status":"publish","type":"page","link":"https:\/\/www.mizkanchef.com\/de\/shiragiku-teilnahmebedingungen\/","title":{"rendered":"Shiragiku &#8211; Teilnahmebedingungen"},"content":{"rendered":"<p>Diese Teilnahmebedingungen gelten im Falle eines Konflikts oder Widerspr\u00fcchlichkeiten mit anderen Ver\u00f6ffentlichungen, einschlie\u00dflich Werbe- oder Aktionsmaterial. Die Teilnehmer an der Werbeaktion erkl\u00e4ren sich mit diesen Teilnahmebedingungen einverstanden.<\/p>\n<h3>Der Aktionsveranstalter<\/h3>\n<p>Mizkan Euro Ltd. 2nd Floor, Building 10, Chiswick Park, 566 Chiswick High Road, London W4 5XS (\u201eder Aktionsveranstalter\u201c).<\/p>\n<h3>Schutz personenbezogener Daten<\/h3>\n<p>Der Aktionsveranstalter und seine Beauftragten werden die personenbezogenen Daten ausschlie\u00dflich zur Durchf\u00fchrung der oben genannten Werbeaktionen verarbeiten (und, soweit erforderlich, zur Verifizierung der Identit\u00e4t der Teilnehmer). Weiter Informationen dazu finden Sie hier: https:\/\/www.mizkanchef.com\/en\/privacy-policy\/.<\/p>\n<p>Durch Ihre Einverst\u00e4ndniserkl\u00e4rung mit diesen Teilnahmebedingungen stimmen Sie der Verarbeitung Ihrer personenbezogenen Daten im weiter oben definierten Rahmen zu.<\/p>\n<h3>Die Werbeaktion<\/h3>\n<p>Die Werbeaktion umfasst die folgenden Phasen, die weiter unten beschrieben werden.<\/p>\n<ul>\n<li>Erste Phase: Abgabe eines kostenlosen Produktmusters einer Flasche Shiragiku an die ersten 200 Anfragen teilnahmeberechtigter professioneller K\u00f6che.<\/li>\n<li>Zweite Phase: Rezept: Shiragiku-Rezeptwettbewerb unter den professionellen K\u00f6chen, die in der ersten Phase kostenlose Produktmuster erhalten haben.<\/li>\n<li>Mitkoch-Set-Gewinnauslosung.<\/li>\n<\/ul>\n<h3>SHIRAGIKU KOSTENLOSES PRODUKTMUSTER-ANGEBOT ( Erste Phase)<\/h3>\n<p>1) Das kostenlose Produktmuster-Angebot ist tats\u00e4chlichen K\u00f6chen mit einem Mindestalter von 18 Jahren zug\u00e4nglich, die in Deutschland wohnhaft sind. Ausgenommen sind:<br \/>\na) Angestellte oder Beauftragte oder Zulieferer des Aktionsveranstalters oder seiner Muttergesellschaft oder Tochterunternehmen, die beruflich mit dieser Werbeaktion oder ihrer Verwaltung in Verbindung stehen, oder<br \/>\nb) Mitglieder der engeren Familien oder Haushalte des in a) definierten Personenkreises.<\/p>\n<p>2) Der Aktionsveranstalter kann entsprechende Belege einschlie\u00dflich der Verifizierung der Identit\u00e4t und anderer Teilnahmevoraussetzungen verlangen.<\/p>\n<p>3) Die Werbeaktion startet am 4. Oktober 2021 um 00:01 Uhr und endet am 12. November 2021 um 23:59 Uhr oder sobald die ersten 200 Produktmuster angefordert worden sind. Der Aktionsveranstalter beh\u00e4lt sich das Recht vor, die Teilnahme \/ Website zu schlie\u00dfen, nachdem die ersten 200 Produktmuster angefordert worden sind.<\/p>\n<p>4) Ein Kauf ist nicht erforderlich.<\/p>\n<p>5) Das Angebot ist auf die ersten 200 Produktmusteranforderungen beschr\u00e4nkt. Jeder mit derselben Adresse gemeldete Teilnehmer \/ teilnehmende Betrieb (basierend auf Name und Gesch\u00e4ftsadresse) kann nur einmal teilnehmen. Mehrfache Eingaben werden nicht akzeptiert. Jeder Versuch, diese Regeln durch die Verwendung alternativer Gesch\u00e4ftsdetails oder anderer Methoden zu umgehen, f\u00fchrt zum Ausschluss von dieser Werbeaktion. Eing\u00e4nge im Auftrag anderer Betreiber \/Gesch\u00e4fte, gemeinsame Eing\u00e4nge, Sammeleing\u00e4nge aus dem Gewerbe, von Verbrauchergruppen oder Drittparteien werden nicht akzeptiert.<\/p>\n<p>6) Der Aktionsveranstalter beh\u00e4lt sich das Recht vor, jeden von der Teilnahme auszuschlie\u00dfen, der sich nicht gem\u00e4\u00df dem Geiste oder der Intention der Werbeaktion verh\u00e4lt oder dessen Eingabe diese Teilnahmebedingungen verletzt.<\/p>\n<p>7) Die Teilnahme an dieser Werbeaktion setzt voraus, dass alle Pflichtfelder ausgef\u00fcllt werden, einschlie\u00dflich einer g\u00fcltigen E-Mail-Adresse und Postanschrift, falls die Teilnahme \u00fcber das Online-Formular erfolgt. Unvollst\u00e4ndig ausgef\u00fcllte Formulare werden nicht akzeptiert.<\/p>\n<p>8) Die Teilnahme erfolgt vorbehaltlich der Verifizierung der Angaben und wird aus ung\u00fcltig erkl\u00e4rt, wenn die Angaben unleserlich, mechanisch reproduziert, gef\u00e4lscht, ver\u00e4ndert oder in irgendeiner Form manipuliert wurden.<\/p>\n<p>9) Automatisch von Computern generierte Eingaben werden nicht akzeptiert.<\/p>\n<p>10) Durch die \u00dcbermittlung eines Teilnahmeformulars:<br \/>\na) erkl\u00e4ren Sie sich mit diesen Teilnahmebedingungen einverstanden und<br \/>\nb) best\u00e4tigen, dass Sie die Erlaubnis Ihres Arbeitgebers eingeholt haben, dieses kostenlose Produktmuster anzufordern.<\/p>\n<p>11) Das kostenlose Produktmuster besteht aus einer Flasche Shiragiku (368 ml). Der Versand erfolgt an die im Teilnahmeformular angegebene Adresse. Das Produktmusterangebot ist nicht \u00fcbertragbar. Das Produktmuster kann nicht von einer Drittpartei f\u00fcr Sie angefordert werden.<\/p>\n<p>12) Der Aktionsveranstalter lehnt jede Verantwortung f\u00fcr verpasste Zustellungen, den Nichterhalt des Produktmusters oder eventuelle Besch\u00e4digungen auf dem Transportweg ab.<\/p>\n<p>13) Der Aktionsveranstalter wird dieses Angebot beenden, nachdem die ersten 200 Produktmuster angefordert worden sind.<\/p>\n<p>14) Die Produktmuster werden innerhalb von 6 Wochen nach dem Erhalt der Teilnahmeformulare durch den Aktionsveranstalter ausgeliefert.<\/p>\n<p>15) Der Aktionsveranstalter lehnt jegliche Verantwortung f\u00fcr nicht erhaltene Teilnahmeformulare ungeachtet des jeweiligen Grundes ab.<\/p>\n<p>16) Der Aktionsveranstalter wird im Falle einer Nichterf\u00fcllung nicht in eine Korrespondenz eintreten.<\/p>\n<p>17) Eine alternative Barauszahlung des Produktmusterwerts kommt nicht in Frage.<\/p>\n<p>18) Sofern gesetzlich zul\u00e4ssig, ist der Aktionsveranstalter, seine Beauftragten oder Vertriebsh\u00e4ndler gegen\u00fcber dem Gewinner in keiner Weise verantwortlich oder haftbar und ist nicht haftbar f\u00fcr Verluste, Besch\u00e4digungen, K\u00f6rperverletzungen oder Tod als Folge der Entgegennahme des Produktmusters, sofern diese nicht durch Fahrl\u00e4ssigkeit des Aktionsveranstalters, seiner Beauftragen oder Vertriebsh\u00e4ndler oder deren Mitarbeiter verursacht wurden. Ihre gesetzlichen Rechte werden dadurch nicht eingeschr\u00e4nkt.<\/p>\n<p>19) Der Aktionsveranstalter beh\u00e4lt sich das Recht vor, das Produktmuster f\u00fcr unwirksam zu erkl\u00e4ren, auszusetzen oder zu \u00e4ndern, sofern dies notwendig werden sollte.<\/p>\n<p>20) Hat der Aktionsveranstalter Grund zu der Annahme, dass die vorliegenden Teilnahmebedingungen verletzt wurden, beh\u00e4lt er sich das Recht vor, nach alleinigem Ermessen Personen von der Teilnahme an der Werbeaktion ausschlie\u00dfen.<\/p>\n<h3>GEWINNEN SIE IN DER MITKOCH-SET-GEWINNAUSLOSUNG<\/h3>\n<p>Die folgenden Teilnahmebedingungen gelten f\u00fcr die Aktion GEWINNEN SIE IN DER MITKOCH-SET-GEWINNAUSLOSUNG 2021. Bitte lesen Sie diese Teilnahmebedingungen sorgf\u00e4ltig durch, bevor Sie an der Aktion teilnehmen. Die obenstehenden Teilnahmebedingungen gelten auch f\u00fcr diese Werbeaktion, sofern untenstehend nicht anders angegeben.<\/p>\n<h3>Aktions-Gewinnauslosung<\/h3>\n<p>1) Diese Aktion beginnt am 4. Oktober 2021 um 00:01 Uhr und endet am 12. November 2021 um 23:59 Uhr. Jede innerhalb dieses Zeitraums g\u00fcltige Produktmusteranforderung nimmt an einer Gewinnauslosung teil. Verlost wird ein Mitkoch-Set einschlie\u00dflich der Nebenzutaten f\u00fcr die Zubereitung von drei Rezepten, einer Sch\u00fcrze mit Mizkan-Logo und eine Sushi-Matte (mit einem gesch\u00e4tzten Wert von 35 \u00a3 pro Karton).<\/p>\n<p>2) Ein Gewinner wird von einem unabh\u00e4ngigen Preisrichter nach dem Zufallsprinzip ermittelt und \u00fcber die bei der Produktmusteranforderung angegebene E-Mail-Adresse oder Telefonnummer benachrichtigt. Die Gewinnauslosung wird am 15. November 2021 durchgef\u00fchrt und der Gewinner bis um 23:59 desselben Tages benachrichtigt. Es obliegt der Verantwortung des Teilnehmers, im Rahmen der Teilnahme an der Werbeaktion korrekte und aktuelle Kontaktdetails anzugeben. Der Aktionsveranstalter \u00fcbernimmt keinerlei Verantwortung f\u00fcr Vers\u00e4umnisse der Gewinner, ausreichend pr\u00e4zise Informationen anzugeben, die zu Beeintr\u00e4chtigungen im Rahmen der Entgegennahme oder Lieferung f\u00fchren. Der Aktionsveranstalter wird nach der Einreichung des Teilnahmebeitrags keine \u00c4nderungen an den Kontaktinformationen vornehmen. Dieses Angebot ist nicht \u00fcbertragbar. Das Produktmuster kann nicht von einer Drittpartei f\u00fcr Sie angefordert werden.<\/p>\n<p>3) Der Gewinner wird auf den Social-Media-Seiten von Mizkan Chef (Instagram und Facebook) bekanntgegeben. Sollten Sie nicht mit der Ver\u00f6ffentlichung Ihres Teilnahmebeitrags einverstanden sein, kontaktieren Sie bitte den Aktionsveranstalter unter der E-Mail-Adresse mizkanchef@omne.agency. In solchen F\u00e4llen muss der Aktionsveranstalter der Werbeaufsichtsbeh\u00f6rde auf Verlangen trotzdem die relevanten Informationen vorlegen.<\/p>\n<p>4) Die gesammelten E-Mail-Adressen werden ausschlie\u00dflich vom Aktionsveranstalter \/ Mizkan Chef (und\/oder dritten Beauftragten) verwendet. Wenn Sie zuk\u00fcnftig von uns E-Mails zu weiteren Werbeaktionen erhalten m\u00f6chten, klicken Sie bitte in Ihrer E-Mail das entsprechende K\u00e4stchen an.<\/p>\n<p>5) Der Aktionsveranstalter wird alle vertretbaren Anstrengungen unternehmen, den Gewinner zu kontaktieren. Kann ein Gewinner nicht kontaktiert werden oder ist er nicht erreichbar oder hat seinen Preis nicht innerhalb von 10 Tagen nach Bekanntgabe beansprucht, beh\u00e4lt sich der Aktionsveranstalter das Recht vor, den Preis dem n\u00e4chsten berechtigten Teilnehmer anzubieten. Der Aktionsveranstalter \u00fcbernimmt keine Verantwortung daf\u00fcr, wenn ein Preis nicht entgegengenommen werden k\u00f6nnen.<\/p>\n<h3>GEWINNEN SIE EINEN AMAZON-GUTSCHEIN IM WERT VON 250 \u20ac (Zweite Phase)<\/h3>\n<p>Diese Teilnahmebedingungen gelten f\u00fcr unsere Shiragiku Rezept-Werbeaktion 2021. Bitte lesen Sie diese Teilnahmebedingungen sorgf\u00e4ltig durch, bevor Sie an der Aktion teilnehmen. Die obenstehenden Teilnahmebedingungen gelten auch f\u00fcr diese Werbeaktion, sofern untenstehend nicht anders angegeben.<\/p>\n<h3>Rezept-Werbeaktion<\/h3>\n<p>1) Diese zweite Phase der Werbeaktion beginnt am 11. Oktober 2021 um 00:01 Uhr und endet am 11. Februar 2022 um 23:59. Diese Werbeaktion ist auf f\u00fcr die Teilnehmer beschr\u00e4nkt, die im Rahmen des Produktmuster-Angebots im Verlauf der ersten Phase ein Shiragiku-Produktmuster erhalten haben.<\/p>\n<p>2) Um teilzunehmen, m\u00fcssen Sie an die untenstehende E-Mail-Adresse eine Rezept einsenden, in dem Shiragiku verwendet wird. Das Rezept muss mindestens 100 W\u00f6rter lang sein und die einzelnen Zubereitungsschritte des Poke-Rezepts im Einzelnen beschreiben und MUSS Shiragiku als Zutat enthalten.<\/p>\n<p>3) Eine Rezepteinsendung ist erst dann g\u00fcltig, wenn Sie das Rezept, ein Foto Ihres Gerichts und Ihre Kontaktdaten (einschlie\u00dflich Name, Adresse, E-Mail-Adresse, Handynummer) an die E-Mail-Adresse mizkanchef@omne.agency geschickt haben.<\/p>\n<p>4) Den Rezepten muss jeweils ein zur Ver\u00f6ffentlichung geeignetes Foto in akzeptabler Qualit\u00e4t (Mindestaufl\u00f6sung 1500 x 1500 Pixel) beigef\u00fcgt werden. Das Foto muss von Ihnen selbst aufgenommen worden sein. Sie m\u00fcssen nachweisen k\u00f6nnen, dass Sie die Urheberrechte an dem Foto besitzen und dass es nicht die Urheberrechte oder anderen Rechte einer Drittpartei verletzt.<\/p>\n<p>5) Durch Ihre Teilnahme und die Einreichung des Materials erteilen Sie dem Aktionsveranstalter eine nicht-exklusive, weltweite, unwiderrufliche Lizenz, Ihren Aktionsbeitrag kostenlos und f\u00fcr den gesamten Geltungszeitraum aller geistigen Eigentumsrechte an dem Teilnahmebeitrag und den eingereichten Materialien zu verwenden, zur Schau zu stellen, zu ver\u00f6ffentlichen, zu \u00fcbertragen, zu kopieren, zu ver\u00e4ndern, in andere Formate zu \u00fcbertragen und Unterlizenzen f\u00fcr den Teilnahmebeitrag und die eingereichten Materialien f\u00fcr solche Zwecke zu erteilen.<\/p>\n<p>6) Ein unabh\u00e4ngigen Preisrichter ermittelt auf der Grundlage der Attraktivit\u00e4t, Pr\u00e4sentation und Originalit\u00e4t Ihres Beitrags einen Gewinner. Die Auswahl des Gewinners erfolgt am 4. Marsch 2022 bis 23:59 Uhr und der Gewinner wird innerhalb von 10 Tagen nach dem 7. Marsch 2022 \u00fcber die angegebene E-Mail -Adresse der Telefonnummer benachrichtigt. Es obliegt der Verantwortung des Teilnehmers, im Rahmen der Teilnahme an der Werbeaktion korrekte und aktuelle Kontaktdetails anzugeben. Der Aktionsveranstalter \u00fcbernimmt keinerlei Verantwortung f\u00fcr Vers\u00e4umnisse der Gewinner, ausreichend pr\u00e4zise Informationen anzugeben, die zu Beeintr\u00e4chtigungen im Rahmen der Entgegennahme oder Lieferung f\u00fchren. Der Aktionsveranstalter wird nach der Einreichung des Teilnahmebeitrags keine \u00c4nderungen an den Kontaktinformationen vornehmen. Dieses Angebot ist nicht \u00fcbertragbar. Das Produktmuster kann nicht von einer Drittpartei f\u00fcr Sie angefordert werden.<\/p>\n<p>7) Der Gewinner wird auf den Social-Media-Seiten von Mizkan Chef (Instagram und Facebook) bekanntgegeben. Sollten Sie nicht mit der Ver\u00f6ffentlichung Ihres Teilnahmebeitrags einverstanden sein, kontaktieren Sie bitte den Aktionsveranstalter unter der E-Mail-Adresse mizkanchef@omne.agency. In solchen F\u00e4llen muss der Aktionsveranstalter der Werbeaufsichtsbeh\u00f6rde auf Verlangen trotzdem die relevanten Informationen vorlegen.<\/p>\n<p>8) Die gesammelten E-Mail-Adressen werden ausschlie\u00dflich vom Aktionsveranstalter \/ Mizkan Chef (und\/oder dritten Beauftragten) verwendet. Wenn Sie zuk\u00fcnftig von uns E-Mails zu weiteren Werbeaktionen erhalten m\u00f6chten, klicken Sie bitte in Ihrer E-Mail das entsprechende K\u00e4stchen an.<\/p>\n<p>9) Gem\u00e4\u00df diesen Teilnahmebedingungen wird ein rechtm\u00e4\u00dfiger Gewinner einen Amazon-Gutschein im Wert von 250 \u00a3 erhalten, der per E-Mail in Form eines E-Codes \u00fcbermittelt wird. Die korrekte E-Mail-Adresse wird im Rahmen der Benachrichtigung best\u00e4tigt.<\/p>\n<p>10) Der Aktionsveranstalter wird alle vertretbaren Anstrengungen unternehmen, den Gewinner zu kontaktieren. Kann ein Gewinner nicht kontaktiert oder nicht innerhalb von 10 Tagen nach Bekanntgabe erreicht werden, beh\u00e4lt sich der Aktionsveranstalter das Recht vor, die Produktmuster dem n\u00e4chsten berechtigten Teilnehmer anzubieten. Der Aktionsveranstalter \u00fcbernimmt keine Verantwortung daf\u00fcr, wenn Produktmuster nicht entgegengenommen werden k\u00f6nnen.<\/p>\n<h3>Allgemeines<\/h3>\n<p>Der Aktionsveranstalter beh\u00e4lt sich das Recht vor, die oben aufgef\u00fchrten Werbeaktionen f\u00fcr unwirksam zu erkl\u00e4ren, auszusetzen oder zu \u00e4ndern, sofern dies notwendig werden sollte.<\/p>\n<p>Die Werbeaktionen werden in keiner Weise von Facebook oder Instagram unterst\u00fctzt, gef\u00f6rdert oder verwaltet und stehen auch nicht mit ihnen in Verbindung.<\/p>\n<h3>Geltendes Recht und Gerichtsstand<\/h3>\n<p>Diese Teilnahmebedingungen unterliegen (i) bei in Deutschland ans\u00e4ssigen Teilnehmern dem deutschen Recht und (ii) in allen anderen F\u00e4llen, dem englischen Recht.<\/p>\n<p>Jegliche Streitigkeiten unterliegen (i) bei in Deutschland ans\u00e4ssigen Teilnehmern der nicht ausschlie\u00dflichen Gerichtsbarkeit der deutschen Gerichte und (ii) in allen anderen F\u00e4llen der nicht ausschlie\u00dflichen Gerichtsbarkeit der englischen Gerichte.<\/p>\n","protected":false},"excerpt":{"rendered":"<p>Diese Teilnahmebedingungen gelten im Falle eines Konflikts oder Widerspr\u00fcchlichkeiten mit anderen Ver\u00f6ffentlichungen, einschlie\u00dflich Werbe- oder Aktionsmaterial. Die Teilnehmer an der Werbeaktion erkl\u00e4ren sich mit diesen Teilnahmebedingungen einverstanden. Der Aktionsveranstalter Mizkan Euro Ltd. 2nd Floor, Building 10, Chiswick Park, 566 Chiswick High Road, London W4 5XS (\u201eder Aktionsveranstalter\u201c). Schutz personenbezogener Daten Der Aktionsveranstalter und seine Beauftragten [&hellip;]<\/p>\n","protected":false},"author":2,"featured_media":0,"parent":0,"menu_order":0,"comment_status":"closed","ping_status":"closed","template":"","meta":{"footnotes":""},"acf":[],"yoast_head":"<!-- This site is optimized with the Yoast SEO plugin v21.9.1 - https:\/\/yoast.com\/wordpress\/plugins\/seo\/ -->\n<title>Shiragiku - Teilnahmebedingungen - Mizkan<\/title>\n<meta name=\"robots\" content=\"index, follow, max-snippet:-1, max-image-preview:large, max-video-preview:-1\" \/>\n<meta property=\"og:locale\" content=\"de_DE\" \/>\n<meta property=\"og:type\" content=\"article\" \/>\n<meta property=\"og:title\" content=\"Shiragiku - Teilnahmebedingungen - Mizkan\" \/>\n<meta property=\"og:description\" content=\"Diese Teilnahmebedingungen gelten im Falle eines Konflikts oder Widerspr\u00fcchlichkeiten mit anderen Ver\u00f6ffentlichungen, einschlie\u00dflich Werbe- oder Aktionsmaterial. Die Teilnehmer an der Werbeaktion erkl\u00e4ren sich mit diesen Teilnahmebedingungen einverstanden. Der Aktionsveranstalter Mizkan Euro Ltd. 2nd Floor, Building 10, Chiswick Park, 566 Chiswick High Road, London W4 5XS (\u201eder Aktionsveranstalter\u201c). Schutz personenbezogener Daten Der Aktionsveranstalter und seine Beauftragten [&hellip;]\" \/>\n<meta property=\"og:url\" content=\"https:\/\/www.mizkanchef.com\/de\/shiragiku-teilnahmebedingungen\/\" \/>\n<meta property=\"og:site_name\" content=\"Mizkan\" \/>\n<meta property=\"article:modified_time\" content=\"2022-02-10T10:02:44+00:00\" \/>\n<meta name=\"twitter:card\" content=\"summary_large_image\" \/>\n<meta name=\"twitter:label1\" content=\"Gesch\u00e4tzte Lesezeit\" \/>\n\t<meta name=\"twitter:data1\" content=\"8\u00a0Minuten\" \/>\n<script type=\"application\/ld+json\" class=\"yoast-schema-graph\">{\"@context\":\"https:\/\/schema.org\",\"@graph\":[{\"@type\":\"WebPage\",\"@id\":\"https:\/\/www.mizkanchef.com\/de\/shiragiku-teilnahmebedingungen\/\",\"url\":\"https:\/\/www.mizkanchef.com\/de\/shiragiku-teilnahmebedingungen\/\",\"name\":\"Shiragiku - Teilnahmebedingungen - Mizkan\",\"isPartOf\":{\"@id\":\"https:\/\/www.mizkanchef.com\/de\/#website\"},\"datePublished\":\"2021-07-12T10:27:26+00:00\",\"dateModified\":\"2022-02-10T10:02:44+00:00\",\"breadcrumb\":{\"@id\":\"https:\/\/www.mizkanchef.com\/de\/shiragiku-teilnahmebedingungen\/#breadcrumb\"},\"inLanguage\":\"de\",\"potentialAction\":[{\"@type\":\"ReadAction\",\"target\":[\"https:\/\/www.mizkanchef.com\/de\/shiragiku-teilnahmebedingungen\/\"]}]},{\"@type\":\"BreadcrumbList\",\"@id\":\"https:\/\/www.mizkanchef.com\/de\/shiragiku-teilnahmebedingungen\/#breadcrumb\",\"itemListElement\":[{\"@type\":\"ListItem\",\"position\":1,\"name\":\"Home\",\"item\":\"https:\/\/www.mizkanchef.com\/de\/\"},{\"@type\":\"ListItem\",\"position\":2,\"name\":\"Shiragiku &#8211; Teilnahmebedingungen\"}]},{\"@type\":\"WebSite\",\"@id\":\"https:\/\/www.mizkanchef.com\/de\/#website\",\"url\":\"https:\/\/www.mizkanchef.com\/de\/\",\"name\":\"Mizkan\",\"description\":\"Mizkan\",\"potentialAction\":[{\"@type\":\"SearchAction\",\"target\":{\"@type\":\"EntryPoint\",\"urlTemplate\":\"https:\/\/www.mizkanchef.com\/de\/?s={search_term_string}\"},\"query-input\":\"required name=search_term_string\"}],\"inLanguage\":\"de\"}]}<\/script>\n<!-- \/ Yoast SEO plugin. -->","yoast_head_json":{"title":"Shiragiku - Teilnahmebedingungen - Mizkan","robots":{"index":"index","follow":"follow","max-snippet":"max-snippet:-1","max-image-preview":"max-image-preview:large","max-video-preview":"max-video-preview:-1"},"og_locale":"de_DE","og_type":"article","og_title":"Shiragiku - Teilnahmebedingungen - Mizkan","og_description":"Diese Teilnahmebedingungen gelten im Falle eines Konflikts oder Widerspr\u00fcchlichkeiten mit anderen Ver\u00f6ffentlichungen, einschlie\u00dflich Werbe- oder Aktionsmaterial. Die Teilnehmer an der Werbeaktion erkl\u00e4ren sich mit diesen Teilnahmebedingungen einverstanden. Der Aktionsveranstalter Mizkan Euro Ltd. 2nd Floor, Building 10, Chiswick Park, 566 Chiswick High Road, London W4 5XS (\u201eder Aktionsveranstalter\u201c). Schutz personenbezogener Daten Der Aktionsveranstalter und seine Beauftragten [&hellip;]","og_url":"https:\/\/www.mizkanchef.com\/de\/shiragiku-teilnahmebedingungen\/","og_site_name":"Mizkan","article_modified_time":"2022-02-10T10:02:44+00:00","twitter_card":"summary_large_image","twitter_misc":{"Gesch\u00e4tzte Lesezeit":"8\u00a0Minuten"},"schema":{"@context":"https:\/\/schema.org","@graph":[{"@type":"WebPage","@id":"https:\/\/www.mizkanchef.com\/de\/shiragiku-teilnahmebedingungen\/","url":"https:\/\/www.mizkanchef.com\/de\/shiragiku-teilnahmebedingungen\/","name":"Shiragiku - Teilnahmebedingungen - Mizkan","isPartOf":{"@id":"https:\/\/www.mizkanchef.com\/de\/#website"},"datePublished":"2021-07-12T10:27:26+00:00","dateModified":"2022-02-10T10:02:44+00:00","breadcrumb":{"@id":"https:\/\/www.mizkanchef.com\/de\/shiragiku-teilnahmebedingungen\/#breadcrumb"},"inLanguage":"de","potentialAction":[{"@type":"ReadAction","target":["https:\/\/www.mizkanchef.com\/de\/shiragiku-teilnahmebedingungen\/"]}]},{"@type":"BreadcrumbList","@id":"https:\/\/www.mizkanchef.com\/de\/shiragiku-teilnahmebedingungen\/#breadcrumb","itemListElement":[{"@type":"ListItem","position":1,"name":"Home","item":"https:\/\/www.mizkanchef.com\/de\/"},{"@type":"ListItem","position":2,"name":"Shiragiku &#8211; Teilnahmebedingungen"}]},{"@type":"WebSite","@id":"https:\/\/www.mizkanchef.com\/de\/#website","url":"https:\/\/www.mizkanchef.com\/de\/","name":"Mizkan","description":"Mizkan","potentialAction":[{"@type":"SearchAction","target":{"@type":"EntryPoint","urlTemplate":"https:\/\/www.mizkanchef.com\/de\/?s={search_term_string}"},"query-input":"required name=search_term_string"}],"inLanguage":"de"}]}},"_links":{"self":[{"href":"https:\/\/www.mizkanchef.com\/de\/wp-json\/wp\/v2\/pages\/8377"}],"collection":[{"href":"https:\/\/www.mizkanchef.com\/de\/wp-json\/wp\/v2\/pages"}],"about":[{"href":"https:\/\/www.mizkanchef.com\/de\/wp-json\/wp\/v2\/types\/page"}],"author":[{"embeddable":true,"href":"https:\/\/www.mizkanchef.com\/de\/wp-json\/wp\/v2\/users\/2"}],"replies":[{"embeddable":true,"href":"https:\/\/www.mizkanchef.com\/de\/wp-json\/wp\/v2\/comments?post=8377"}],"version-history":[{"count":0,"href":"https:\/\/www.mizkanchef.com\/de\/wp-json\/wp\/v2\/pages\/8377\/revisions"}],"wp:attachment":[{"href":"https:\/\/www.mizkanchef.com\/de\/wp-json\/wp\/v2\/media?parent=8377"}],"curies":[{"name":"wp","href":"https:\/\/api.w.org\/{rel}","templated":true}]}}