{"id":7362,"date":"2021-03-04T15:39:28","date_gmt":"2021-03-04T15:39:28","guid":{"rendered":"https:\/\/www.mizkanchef.com\/path-to-poke-terms-and-conditions\/"},"modified":"2021-04-26T13:10:27","modified_gmt":"2021-04-26T13:10:27","slug":"poke-geschaeftsbedingungen","status":"publish","type":"page","link":"https:\/\/www.mizkanchef.com\/de\/poke-geschaeftsbedingungen\/","title":{"rendered":"Pok\u00e9 &#8211; Gesch\u00e4ftsbedingungen"},"content":{"rendered":"<h3>F\u00dcR HONTERI UND SHIRAGIKU KOSTENLOSES PRODUKTMUSTER-ANGEBOT<\/h3>\n<p><strong>Teilnahmebedingungen<\/strong><\/p>\n<p>Diese Teilnahmebedingungen gelten im Falle eines Konflikts oder Widerspr\u00fcchlichkeiten mit anderen Ver\u00f6ffentlichungen, einschlie\u00dflich Werbe- oder Aktionsmaterial. Die Teilnehmer an der Werbeaktion erkl\u00e4ren sich mit diesen Teilnahmebedingungen einverstanden.<\/p>\n<p><strong>Der Aktionsveranstalter<\/strong><\/p>\n<p>Mizkan Euro Ltd. 2nd Floor, Building 10, Chiswick Park, 566 Chiswick High Road, London W4 5XS (\u201eder Aktionsveranstalter\u201c).<br \/>\nAlle Daten werden in \u00dcbereinstimmung mit den fairen Datenverarbeitungsgrunds\u00e4tzen der Mizkan Euro Ltd. gespeichert \u2013 https:\/\/www.mizkanchef.com\/en\/privacy-policy\/.<\/p>\n<p><strong>Die Werbeaktion<\/strong><\/p>\n<p>Diese Werbeaktion besteht aus zwei Teilen:<\/p>\n<p>1) Kostenloses Produktmuster-Angebot einer Flasche Honteri und\/oder Shiragiku f\u00fcr die ersten 30 Anfragen teilnahmeberechtigter professioneller K\u00f6che.<\/p>\n<p>2) F\u00fcr die Empf\u00e4nger des oben genannten Produktmusters die zus\u00e4tzliche Chance, einen Karton Honteri oder Shiragiku zu erhalten, wenn sie ein Rezept mit Honteri oder Shiragiku als Zutat teilen.<\/p>\n<p><strong>Kostenloses Produktmuster-Angebot<\/strong><\/p>\n<p>1) Das kostenlose Produktmuster-Angebot ist tats\u00e4chlichen K\u00f6chen mit einem Mindestalter von 18 Jahren zug\u00e4nglich, die in Deutschland wohnhaft sind. Ausgenommen sind:<\/p>\n<p>a) Angestellte oder Beauftragte oder Zulieferer des Aktionsveranstalters oder seiner Muttergesellschaft oder Tochterunternehmen, die beruflich mit dieser Werbeaktion oder ihrer Verwaltung in Verbindung stehen, oder<\/p>\n<p>b) Mitglieder der engeren Familien oder Haushalte des in a) definierten Personenkreises.<\/p>\n<p>2) Der Aktionsveranstalter kann entsprechende Belege einschlie\u00dflich der Verifizierung der Identit\u00e4t und anderer Teilnahmevoraussetzungen verlangen.<\/p>\n<p>3) Die Werbeaktion wird ab 12:00 Uhr am 26. April 2021 bis 0:00 am 26. Mai 2021 einschlie\u00dflich durchgef\u00fchrt oder bis die ersten 30 Produktmuster angefordert worden sind. Der Aktionsveranstalter beh\u00e4lt sich das Recht vor, die Teilnahme \/ Website zu schlie\u00dfen, nachdem die ersten 30 Produktmuster angefordert worden sind.<\/p>\n<p>4) Ein Kauf ist nicht erforderlich.<\/p>\n<p>5) Das Angebot ist auf die ersten 30 Anforderungen beschr\u00e4nkt. Jeder mit derselben Adresse gemeldete Teilnehmer \/ teilnehmende Betrieb (basierend auf Name und Gesch\u00e4ftsadresse) kann nur einmal teilnehmen und ein Muster von jeder Produktvariante (Shiragiku und\/oder Honteri) anfordern. Mehrfache Eingaben werden nicht akzeptiert. Jeder Versuch, diese Regeln durch die Verwendung alternativer Gesch\u00e4ftsdetails oder anderer Methoden zu umgehen, f\u00fchrt zum Ausschluss von dieser Werbeaktion. Eing\u00e4nge im Auftrag anderer Betreiber \/Gesch\u00e4fte, gemeinsame Eing\u00e4nge, Sammeleing\u00e4nge aus dem Gewerbe, von Verbrauchergruppen oder Drittparteien werden nicht akzeptiert.<\/p>\n<p>6) Der Aktionsveranstalter beh\u00e4lt sich das Recht vor, jeden von der Teilnahme auszuschlie\u00dfen, der sich nicht gem\u00e4\u00df dem Geiste oder der Intention der Werbeaktion verh\u00e4lt oder dessen Eingabe diese Teilnahmebedingungen verletzt.<\/p>\n<p>7) Die Teilnahme an dieser Werbeaktion setzt voraus, dass alle Pflichtfelder ausgef\u00fcllt werden, einschlie\u00dflich einer g\u00fcltigen E-Mail-Adresse und Postanschrift, falls die Teilnahme \u00fcber das Online-Formular erfolgt. Unvollst\u00e4ndig ausgef\u00fcllte Formulare werden nicht akzeptiert.<\/p>\n<p>8) Die Teilnahme erfolgt vorbehaltlich der Verifizierung der Angaben und wird aus ung\u00fcltig erkl\u00e4rt, wenn die Angaben unleserlich, mechanisch reproduziert, gef\u00e4lscht, ver\u00e4ndert oder in irgendeiner Form manipuliert wurden.<\/p>\n<p>9) Automatisch von Computern generierte Eingaben werden nicht akzeptiert.<\/p>\n<p>10) Durch die \u00dcbermittlung eines Teilnahmeformulars:<\/p>\n<p>a) erkl\u00e4ren Sie sich mit diesen Teilnahmebedingungen einverstanden und<\/p>\n<p>b) best\u00e4tigen, dass Sie die Erlaubnis Ihres Arbeitgebers eingeholt haben, dieses kostenlose Produktmuster anzufordern.<\/p>\n<p>11) Das kostenlose Produktmuster ist 1 x 568 ml-Flasche Honteri und\/oder 1 x 568 ml-Flasche Shiragiku. Es wird an die im Teilnahmeformular angegebene Adresse versendet. Das Produktmusterangebot ist nicht \u00fcbertragbar. Das Produktmuster kann nicht von einer Drittpartei f\u00fcr Sie angefordert werden.<\/p>\n<p>12) Der Aktionsveranstalter lehnt jede Verantwortlichkeit f\u00fcr verpasste Zustellungen den Nichterhalt des Produktmusters oder eventuelle Besch\u00e4digungen auf dem Transportweg ab.<\/p>\n<p>13) Der Aktionsveranstalter wird dieses Angebot beenden, nachdem die ersten 30 Produktmuster angefordert worden sind.<\/p>\n<p>14) Die Produktmuster werden innerhalb von 12 Wochen nach dem Erhalt der Teilnahmeformulare durch den Aktionsveranstalter ausgeliefert.<\/p>\n<p>15) Der Aktionsveranstalter lehnt jegliche Verantwortung f\u00fcr, aus welchen Gr\u00fcnden auch immer, nicht erhaltene Teilnahmeformulare ab.<\/p>\n<p>16) Der Aktionsveranstalter wird im Falle einer Nichterf\u00fcllung nicht in eine Korrespondenz eintreten.<\/p>\n<p>17) Eine alternative Barauszahlung des Produktmusterwerts kommt nicht in Frage.<\/p>\n<p>18) Sofern gesetzlich zul\u00e4ssig, ist der Aktionsveranstalter, seine Beauftragten oder Vertriebsh\u00e4ndler gegen\u00fcber dem Gewinner in keiner Weise verantwortlich oder haftbar und ist nicht haftbar f\u00fcr Verluste, Besch\u00e4digungen, K\u00f6rperverletzungen oder Tod als Folge der Entgegennahme des Produktmusters, sofern diese nicht durch Fahrl\u00e4ssigkeit des Aktionsveranstalters, seiner Beauftragen oder Vertriebsh\u00e4ndler oder deren Mitarbeiter verursacht wurden. Ihre gesetzlichen Rechte werden dadurch nicht eingeschr\u00e4nkt.<\/p>\n<p>19) Der Aktionsveranstalter beh\u00e4lt sich das Recht vor, das Produktmuster f\u00fcr unwirksam zu erkl\u00e4ren, auszusetzen oder zu \u00e4ndern, sofern dies notwendig werden sollte.<\/p>\n<p>20) Hat der Aktionsveranstalter Grund zu der Annahme, dass die vorliegenden Teilnahmebedingungen verletzt wurden, beh\u00e4lt er sich das Recht vor, nach alleinigem Ermessen Personen von der Teilnahme an der Werbeaktion ausschlie\u00dfen.<\/p>\n<p>21) Diese Teilnahmebedingungen unterstehen dem englischen Recht. Die Parteien erkennen hiermit die nicht-ausschlie\u00dfliche Gerichtsbarkeit englischen Gerichte an.<\/p>\n<h3>REZEPT-WERBEAKTION \u2014 GEWINNEN SIE 1 von 10 KARTONS HONTERI ODER SHIRAGIKU<\/h3>\n<p>Diese Teilnahmebedingungen gelten f\u00fcr unsere Rezept-Werbeaktion 2021 im Anschluss an das obenstehende Produktmuster-Angebot. Bitte lesen Sie diese Teilnahmebedingungen sorgf\u00e4ltig durch, bevor Sie an der Aktion teilnehmen. Die obenstehenden Teilnahmebedingungen gelten auch f\u00fcr diese Werbeaktion, sofern untenstehend nicht anders angegeben.<\/p>\n<p><strong>Rezept-Werbeaktion<\/strong><\/p>\n<p>1) Diese zweite Werbeaktion beginnt um 12:00 Uhr am 26. April 2021 und l\u00e4uft bis 0:00 am 26. Mai 2021 einschlie\u00dflich oder bis die ersten 10 Kartons angefordert worden sind. Der Aktionsveranstalter beh\u00e4lt sich das Recht vor, die Teilnahme \/ Website zu schlie\u00dfen, nachdem die ersten 10 Kartons angefordert worden sind.<\/p>\n<p>2) Wenn Sie im Rahmen der oben genannten Werbeaktion ein Produktmuster erhalten haben, sind Sie berechtigt, an der zweiten Phase der Werbeaktion teilzunehmen.<\/p>\n<p>3) Dazu m\u00fcssen Sie an die unten genannte E-Mail-Adresse ein Poke-Rezept schicken, das Sie unter Verwendung des von uns erhaltenen Produktmusters (Shiragiku oder Honteri) zubereitet haben. Das Rezept muss mindestens 100 W\u00f6rter lang sein und die einzelnen Zubereitungsschritte des Poke-Rezepts im Einzelnen beschreiben und MUSS entweder Honteri oder Shiragiku als Zutat enthalten.<\/p>\n<p>4) Eine Rezepteinsendung ist erst dann g\u00fcltig, wenn das Rezept, eine Foto des Poke-Gerichts und die Kontaktdetails des Teilnehmers (einschlie\u00dflich Name, Adresse, E-Mail-Adresse, Handynummer und der bevorzugte Produktkarton, Shiragiku oder Honteri) an die E-Mail-Adresse mizkanchef@omne.agency geschickt wurde.<\/p>\n<p>5) Den Rezepten muss jeweils ein zur Ver\u00f6ffentlichung geeignetes Foto in akzeptabler Qualit\u00e4t (Mindestaufl\u00f6sung 1500 x 1500 Pixel) beigef\u00fcgt werden. Das Foto muss von Ihnen selbst aufgenommen worden sein. Sie m\u00fcssen nachweisen k\u00f6nnen, dass Sie die Urheberrechte an dem Foto besitzen und dass es nicht die Urheberrechte oder anderen Rechte einer Drittpartei verletzt.<\/p>\n<p>6) Durch Ihre Teilnahme und die Einreichung des Materials erteilen Sie dem Aktionsveranstalter eine nicht-exklusive, weltweite, unwiderrufliche Lizenz, Ihren Aktionsbeitrag kostenlos und f\u00fcr den gesamten Geltungszeitraum aller geistigen Eigentumsrechte an dem Teilnahmebeitrag und den eingereichten Materialien zu verwenden, zur Schau zu stellen, zu ver\u00f6ffentlichen, zu \u00fcbertragen, zu kopieren, zu ver\u00e4ndern, in andere Formate zu \u00fcbertragen und Unterlizenzen f\u00fcr den Teilnahmebeitrag und die eingereichten Materialien f\u00fcr solche Zwecke zu erteilen.<\/p>\n<p>7) Den Rezepten muss jeweils ein zur Ver\u00f6ffentlichung geeignetes Foto in akzeptabler Qualit\u00e4t (Mindestaufl\u00f6sung 1500 x 1500 Pixel) beigef\u00fcgt werden. Das Foto muss von Ihnen selbst aufgenommen worden sein. Sie m\u00fcssen nachweisen k\u00f6nnen, dass Sie die Urheberrechte an dem Foto besitzen und dass es nicht die Urheberrechte oder anderen Rechte einer Drittpartei verletzt.<\/p>\n<p>8) Die Gewinner werden per E-Mail oder telefonisch \u00fcber die im Rahmen der Teilnahme eingereichten E-Mail-Adressen bzw. Telefonnummern zeitnah benachrichtigt, sobald 10 berechtigte Teilnahmebeitr\u00e4ge eingereicht worden sind. Es obliegt der Verantwortung des Teilnehmers, im Rahmen der Teilnahme an der Werbeaktion korrekte und aktuelle Kontaktdetails anzugeben. Der Aktionsveranstalter \u00fcbernimmt keinerlei Verantwortung f\u00fcr Vers\u00e4umnisse der Gewinner, ausreichend pr\u00e4zise Informationen anzugeben, die zu Beeintr\u00e4chtigungen im Rahmen der Entgegennahme oder Lieferung f\u00fchren. Der Aktionsveranstalter wird nach der Einreichung des Teilnahmebeitrags keine \u00c4nderungen an den Kontaktinformationen vornehmen. Dieses Angebot ist nicht \u00fcbertragbar. Das Produktmuster kann nicht von einer Drittpartei f\u00fcr Sie angefordert werden.<\/p>\n<p>9) Die Gewinner werden auf den Social-Media-Seiten von Mizkan Chef (Instagram und Facebook) bekanntgegeben. Sollten Sie nicht mit der Ver\u00f6ffentlichung Ihres Teilnahmebeitrags einverstanden sein, kontaktieren Sie bitte den Aktionsveranstalter unter der E-Mail-Adresse mizkanchef@omne.agency. In solchen F\u00e4llen muss der Aktionsveranstalter der Werbeaufsichtsbeh\u00f6rde auf Verlangen trotzdem die relevanten Informationen vorlegen.<\/p>\n<p>10) Die gesammelten E-Mail-Adressen werden ausschlie\u00dflich vom Aktionsveranstalter \/ Mizkan Chef (und\/oder dritten Beauftragten) verwendet. Wenn Sie zuk\u00fcnftig von uns E-Mails zu weiteren Werbeaktionen erhalten m\u00f6chten, klicken Sie bitte in Ihrer E-Mail das entsprechende K\u00e4stchen an.<\/p>\n<p>11) Gem\u00e4\u00df dieser Teilnahmebedingungen erhalten die ersten 10 vollst\u00e4ndigen Teilnahmebeitr\u00e4ge nach Eingang aller Materialien, einschlie\u00dflich der zur Ver\u00f6ffentlichung geeigneten Rezept-Fotos, beim Aktionsveranstalter einen Karton Shiragiku (20 L) oder Honteri (18 L).<\/p>\n<p>12) Der Aktionsveranstalter wird alle vertretbaren Anstrengungen unternehmen, berechtigte Gewinner eines Kartons Shiragiku oder Honteri zu kontaktieren. Kann ein Gewinner nicht kontaktiert werden oder ist nicht erreichbar oder hat sein Produktmuster nicht innerhalb von 10 Tagen nach Bekanntgabe beansprucht, beh\u00e4lt sich der Aktionsveranstalter das Recht vor, die Produktmuster dem n\u00e4chsten berechtigten Teilnehmer anzubieten. Der Aktionsveranstalter \u00fcbernimmt keine Verantwortung daf\u00fcr, wenn Produktmuster nicht entgegengenommen werden k\u00f6nnen.<\/p>\n","protected":false},"excerpt":{"rendered":"<p>F\u00dcR HONTERI UND SHIRAGIKU KOSTENLOSES PRODUKTMUSTER-ANGEBOT Teilnahmebedingungen Diese Teilnahmebedingungen gelten im Falle eines Konflikts oder Widerspr\u00fcchlichkeiten mit anderen Ver\u00f6ffentlichungen, einschlie\u00dflich Werbe- oder Aktionsmaterial. Die Teilnehmer an der Werbeaktion erkl\u00e4ren sich mit diesen Teilnahmebedingungen einverstanden. Der Aktionsveranstalter Mizkan Euro Ltd. 2nd Floor, Building 10, Chiswick Park, 566 Chiswick High Road, London W4 5XS (\u201eder Aktionsveranstalter\u201c). Alle [&hellip;]<\/p>\n","protected":false},"author":2,"featured_media":0,"parent":0,"menu_order":0,"comment_status":"closed","ping_status":"closed","template":"","meta":{"footnotes":""},"acf":[],"yoast_head":"<!-- This site is optimized with the Yoast SEO plugin v21.9.1 - https:\/\/yoast.com\/wordpress\/plugins\/seo\/ -->\n<title>Pok\u00e9 - Gesch\u00e4ftsbedingungen - Mizkan<\/title>\n<meta name=\"robots\" content=\"index, follow, max-snippet:-1, max-image-preview:large, max-video-preview:-1\" \/>\n<meta property=\"og:locale\" content=\"de_DE\" \/>\n<meta property=\"og:type\" content=\"article\" \/>\n<meta property=\"og:title\" content=\"Pok\u00e9 - Gesch\u00e4ftsbedingungen - Mizkan\" \/>\n<meta property=\"og:description\" content=\"F\u00dcR HONTERI UND SHIRAGIKU KOSTENLOSES PRODUKTMUSTER-ANGEBOT Teilnahmebedingungen Diese Teilnahmebedingungen gelten im Falle eines Konflikts oder Widerspr\u00fcchlichkeiten mit anderen Ver\u00f6ffentlichungen, einschlie\u00dflich Werbe- oder Aktionsmaterial. Die Teilnehmer an der Werbeaktion erkl\u00e4ren sich mit diesen Teilnahmebedingungen einverstanden. Der Aktionsveranstalter Mizkan Euro Ltd. 2nd Floor, Building 10, Chiswick Park, 566 Chiswick High Road, London W4 5XS (\u201eder Aktionsveranstalter\u201c). Alle [&hellip;]\" \/>\n<meta property=\"og:url\" content=\"https:\/\/www.mizkanchef.com\/de\/poke-geschaeftsbedingungen\/\" \/>\n<meta property=\"og:site_name\" content=\"Mizkan\" \/>\n<meta property=\"article:modified_time\" content=\"2021-04-26T13:10:27+00:00\" \/>\n<meta name=\"twitter:card\" content=\"summary_large_image\" \/>\n<meta name=\"twitter:label1\" content=\"Gesch\u00e4tzte Lesezeit\" \/>\n\t<meta name=\"twitter:data1\" content=\"7\u00a0Minuten\" \/>\n<script type=\"application\/ld+json\" class=\"yoast-schema-graph\">{\"@context\":\"https:\/\/schema.org\",\"@graph\":[{\"@type\":\"WebPage\",\"@id\":\"https:\/\/www.mizkanchef.com\/de\/poke-geschaeftsbedingungen\/\",\"url\":\"https:\/\/www.mizkanchef.com\/de\/poke-geschaeftsbedingungen\/\",\"name\":\"Pok\u00e9 - Gesch\u00e4ftsbedingungen - Mizkan\",\"isPartOf\":{\"@id\":\"https:\/\/www.mizkanchef.com\/de\/#website\"},\"datePublished\":\"2021-03-04T15:39:28+00:00\",\"dateModified\":\"2021-04-26T13:10:27+00:00\",\"breadcrumb\":{\"@id\":\"https:\/\/www.mizkanchef.com\/de\/poke-geschaeftsbedingungen\/#breadcrumb\"},\"inLanguage\":\"de\",\"potentialAction\":[{\"@type\":\"ReadAction\",\"target\":[\"https:\/\/www.mizkanchef.com\/de\/poke-geschaeftsbedingungen\/\"]}]},{\"@type\":\"BreadcrumbList\",\"@id\":\"https:\/\/www.mizkanchef.com\/de\/poke-geschaeftsbedingungen\/#breadcrumb\",\"itemListElement\":[{\"@type\":\"ListItem\",\"position\":1,\"name\":\"Home\",\"item\":\"https:\/\/www.mizkanchef.com\/de\/\"},{\"@type\":\"ListItem\",\"position\":2,\"name\":\"Pok\u00e9 &#8211; Gesch\u00e4ftsbedingungen\"}]},{\"@type\":\"WebSite\",\"@id\":\"https:\/\/www.mizkanchef.com\/de\/#website\",\"url\":\"https:\/\/www.mizkanchef.com\/de\/\",\"name\":\"Mizkan\",\"description\":\"Mizkan\",\"potentialAction\":[{\"@type\":\"SearchAction\",\"target\":{\"@type\":\"EntryPoint\",\"urlTemplate\":\"https:\/\/www.mizkanchef.com\/de\/?s={search_term_string}\"},\"query-input\":\"required name=search_term_string\"}],\"inLanguage\":\"de\"}]}<\/script>\n<!-- \/ Yoast SEO plugin. -->","yoast_head_json":{"title":"Pok\u00e9 - Gesch\u00e4ftsbedingungen - Mizkan","robots":{"index":"index","follow":"follow","max-snippet":"max-snippet:-1","max-image-preview":"max-image-preview:large","max-video-preview":"max-video-preview:-1"},"og_locale":"de_DE","og_type":"article","og_title":"Pok\u00e9 - Gesch\u00e4ftsbedingungen - Mizkan","og_description":"F\u00dcR HONTERI UND SHIRAGIKU KOSTENLOSES PRODUKTMUSTER-ANGEBOT Teilnahmebedingungen Diese Teilnahmebedingungen gelten im Falle eines Konflikts oder Widerspr\u00fcchlichkeiten mit anderen Ver\u00f6ffentlichungen, einschlie\u00dflich Werbe- oder Aktionsmaterial. Die Teilnehmer an der Werbeaktion erkl\u00e4ren sich mit diesen Teilnahmebedingungen einverstanden. Der Aktionsveranstalter Mizkan Euro Ltd. 2nd Floor, Building 10, Chiswick Park, 566 Chiswick High Road, London W4 5XS (\u201eder Aktionsveranstalter\u201c). Alle [&hellip;]","og_url":"https:\/\/www.mizkanchef.com\/de\/poke-geschaeftsbedingungen\/","og_site_name":"Mizkan","article_modified_time":"2021-04-26T13:10:27+00:00","twitter_card":"summary_large_image","twitter_misc":{"Gesch\u00e4tzte Lesezeit":"7\u00a0Minuten"},"schema":{"@context":"https:\/\/schema.org","@graph":[{"@type":"WebPage","@id":"https:\/\/www.mizkanchef.com\/de\/poke-geschaeftsbedingungen\/","url":"https:\/\/www.mizkanchef.com\/de\/poke-geschaeftsbedingungen\/","name":"Pok\u00e9 - Gesch\u00e4ftsbedingungen - Mizkan","isPartOf":{"@id":"https:\/\/www.mizkanchef.com\/de\/#website"},"datePublished":"2021-03-04T15:39:28+00:00","dateModified":"2021-04-26T13:10:27+00:00","breadcrumb":{"@id":"https:\/\/www.mizkanchef.com\/de\/poke-geschaeftsbedingungen\/#breadcrumb"},"inLanguage":"de","potentialAction":[{"@type":"ReadAction","target":["https:\/\/www.mizkanchef.com\/de\/poke-geschaeftsbedingungen\/"]}]},{"@type":"BreadcrumbList","@id":"https:\/\/www.mizkanchef.com\/de\/poke-geschaeftsbedingungen\/#breadcrumb","itemListElement":[{"@type":"ListItem","position":1,"name":"Home","item":"https:\/\/www.mizkanchef.com\/de\/"},{"@type":"ListItem","position":2,"name":"Pok\u00e9 &#8211; Gesch\u00e4ftsbedingungen"}]},{"@type":"WebSite","@id":"https:\/\/www.mizkanchef.com\/de\/#website","url":"https:\/\/www.mizkanchef.com\/de\/","name":"Mizkan","description":"Mizkan","potentialAction":[{"@type":"SearchAction","target":{"@type":"EntryPoint","urlTemplate":"https:\/\/www.mizkanchef.com\/de\/?s={search_term_string}"},"query-input":"required name=search_term_string"}],"inLanguage":"de"}]}},"_links":{"self":[{"href":"https:\/\/www.mizkanchef.com\/de\/wp-json\/wp\/v2\/pages\/7362"}],"collection":[{"href":"https:\/\/www.mizkanchef.com\/de\/wp-json\/wp\/v2\/pages"}],"about":[{"href":"https:\/\/www.mizkanchef.com\/de\/wp-json\/wp\/v2\/types\/page"}],"author":[{"embeddable":true,"href":"https:\/\/www.mizkanchef.com\/de\/wp-json\/wp\/v2\/users\/2"}],"replies":[{"embeddable":true,"href":"https:\/\/www.mizkanchef.com\/de\/wp-json\/wp\/v2\/comments?post=7362"}],"version-history":[{"count":0,"href":"https:\/\/www.mizkanchef.com\/de\/wp-json\/wp\/v2\/pages\/7362\/revisions"}],"wp:attachment":[{"href":"https:\/\/www.mizkanchef.com\/de\/wp-json\/wp\/v2\/media?parent=7362"}],"curies":[{"name":"wp","href":"https:\/\/api.w.org\/{rel}","templated":true}]}}