{"id":612,"date":"2020-03-30T13:32:17","date_gmt":"2020-03-30T13:32:17","guid":{"rendered":"http:\/\/mizkan.wpengine.com\/home-page\/"},"modified":"2021-01-04T09:45:45","modified_gmt":"2021-01-04T09:45:45","slug":"home-page","status":"publish","type":"page","link":"https:\/\/www.mizkanchef.com\/de\/","title":{"rendered":"Home Page"},"content":{"rendered":"<h2>Newsletter<\/h2>\n<p>Wir w\u00fcrden gerne unsere Geschichten \u00fcber die neuesten Trends und Neuigkeiten von K\u00f6chen sowie \u00fcber neue Rezepte, Produktinformationen und Werbeaktionen mit Ihnen teilen! Bitte melden Sie sich f\u00fcr unseren Newsletter an, wenn Sie regelm\u00e4\u00dfig Neuigkeiten von uns erhalten m\u00f6chten.<\/p>\n<p>{ HUBSPOT CODE TO BE SUPPLIED }<\/p>\n","protected":false},"excerpt":{"rendered":"<p>Newsletter Wir w\u00fcrden gerne unsere Geschichten \u00fcber die neuesten Trends und Neuigkeiten von K\u00f6chen sowie \u00fcber neue Rezepte, Produktinformationen und Werbeaktionen mit Ihnen teilen! Bitte melden Sie sich f\u00fcr unseren Newsletter an, wenn Sie regelm\u00e4\u00dfig Neuigkeiten von uns erhalten m\u00f6chten. { HUBSPOT CODE TO BE SUPPLIED }<\/p>\n","protected":false},"author":2,"featured_media":0,"parent":0,"menu_order":0,"comment_status":"closed","ping_status":"closed","template":"","meta":{"footnotes":""},"acf":[],"yoast_head":"<!-- This site is optimized with the Yoast SEO plugin v21.9.1 - https:\/\/yoast.com\/wordpress\/plugins\/seo\/ -->\n<title>Home Page - Mizkan<\/title>\n<meta name=\"robots\" content=\"index, follow, max-snippet:-1, max-image-preview:large, max-video-preview:-1\" \/>\n<meta property=\"og:locale\" content=\"de_DE\" \/>\n<meta property=\"og:type\" content=\"article\" \/>\n<meta property=\"og:title\" content=\"Home Page - Mizkan\" \/>\n<meta property=\"og:description\" content=\"Newsletter Wir w\u00fcrden gerne unsere Geschichten \u00fcber die neuesten Trends und Neuigkeiten von K\u00f6chen sowie \u00fcber neue Rezepte, Produktinformationen und Werbeaktionen mit Ihnen teilen! Bitte melden Sie sich f\u00fcr unseren Newsletter an, wenn Sie regelm\u00e4\u00dfig Neuigkeiten von uns erhalten m\u00f6chten. { HUBSPOT CODE TO BE SUPPLIED }\" \/>\n<meta property=\"og:url\" content=\"https:\/\/www.mizkanchef.com\/de\/\" \/>\n<meta property=\"og:site_name\" content=\"Mizkan\" \/>\n<meta property=\"article:modified_time\" content=\"2021-01-04T09:45:45+00:00\" \/>\n<meta name=\"twitter:card\" content=\"summary_large_image\" \/>\n<script type=\"application\/ld+json\" class=\"yoast-schema-graph\">{\"@context\":\"https:\/\/schema.org\",\"@graph\":[{\"@type\":\"WebPage\",\"@id\":\"https:\/\/www.mizkanchef.com\/de\/\",\"url\":\"https:\/\/www.mizkanchef.com\/de\/\",\"name\":\"Home Page - Mizkan\",\"isPartOf\":{\"@id\":\"https:\/\/www.mizkanchef.com\/de\/#website\"},\"datePublished\":\"2020-03-30T13:32:17+00:00\",\"dateModified\":\"2021-01-04T09:45:45+00:00\",\"breadcrumb\":{\"@id\":\"https:\/\/www.mizkanchef.com\/de\/#breadcrumb\"},\"inLanguage\":\"de\",\"potentialAction\":[{\"@type\":\"ReadAction\",\"target\":[\"https:\/\/www.mizkanchef.com\/de\/\"]}]},{\"@type\":\"BreadcrumbList\",\"@id\":\"https:\/\/www.mizkanchef.com\/de\/#breadcrumb\",\"itemListElement\":[{\"@type\":\"ListItem\",\"position\":1,\"name\":\"Home\",\"item\":\"https:\/\/www.mizkanchef.com\/de\/\"},{\"@type\":\"ListItem\",\"position\":2,\"name\":\"Home Page\"}]},{\"@type\":\"WebSite\",\"@id\":\"https:\/\/www.mizkanchef.com\/de\/#website\",\"url\":\"https:\/\/www.mizkanchef.com\/de\/\",\"name\":\"Mizkan\",\"description\":\"Mizkan\",\"potentialAction\":[{\"@type\":\"SearchAction\",\"target\":{\"@type\":\"EntryPoint\",\"urlTemplate\":\"https:\/\/www.mizkanchef.com\/de\/?s={search_term_string}\"},\"query-input\":\"required name=search_term_string\"}],\"inLanguage\":\"de\"}]}<\/script>\n<!-- \/ Yoast SEO plugin. -->","yoast_head_json":{"title":"Home Page - Mizkan","robots":{"index":"index","follow":"follow","max-snippet":"max-snippet:-1","max-image-preview":"max-image-preview:large","max-video-preview":"max-video-preview:-1"},"og_locale":"de_DE","og_type":"article","og_title":"Home Page - Mizkan","og_description":"Newsletter Wir w\u00fcrden gerne unsere Geschichten \u00fcber die neuesten Trends und Neuigkeiten von K\u00f6chen sowie \u00fcber neue Rezepte, Produktinformationen und Werbeaktionen mit Ihnen teilen! Bitte melden Sie sich f\u00fcr unseren Newsletter an, wenn Sie regelm\u00e4\u00dfig Neuigkeiten von uns erhalten m\u00f6chten. { HUBSPOT CODE TO BE SUPPLIED }","og_url":"https:\/\/www.mizkanchef.com\/de\/","og_site_name":"Mizkan","article_modified_time":"2021-01-04T09:45:45+00:00","twitter_card":"summary_large_image","schema":{"@context":"https:\/\/schema.org","@graph":[{"@type":"WebPage","@id":"https:\/\/www.mizkanchef.com\/de\/","url":"https:\/\/www.mizkanchef.com\/de\/","name":"Home Page - Mizkan","isPartOf":{"@id":"https:\/\/www.mizkanchef.com\/de\/#website"},"datePublished":"2020-03-30T13:32:17+00:00","dateModified":"2021-01-04T09:45:45+00:00","breadcrumb":{"@id":"https:\/\/www.mizkanchef.com\/de\/#breadcrumb"},"inLanguage":"de","potentialAction":[{"@type":"ReadAction","target":["https:\/\/www.mizkanchef.com\/de\/"]}]},{"@type":"BreadcrumbList","@id":"https:\/\/www.mizkanchef.com\/de\/#breadcrumb","itemListElement":[{"@type":"ListItem","position":1,"name":"Home","item":"https:\/\/www.mizkanchef.com\/de\/"},{"@type":"ListItem","position":2,"name":"Home Page"}]},{"@type":"WebSite","@id":"https:\/\/www.mizkanchef.com\/de\/#website","url":"https:\/\/www.mizkanchef.com\/de\/","name":"Mizkan","description":"Mizkan","potentialAction":[{"@type":"SearchAction","target":{"@type":"EntryPoint","urlTemplate":"https:\/\/www.mizkanchef.com\/de\/?s={search_term_string}"},"query-input":"required name=search_term_string"}],"inLanguage":"de"}]}},"_links":{"self":[{"href":"https:\/\/www.mizkanchef.com\/de\/wp-json\/wp\/v2\/pages\/612"}],"collection":[{"href":"https:\/\/www.mizkanchef.com\/de\/wp-json\/wp\/v2\/pages"}],"about":[{"href":"https:\/\/www.mizkanchef.com\/de\/wp-json\/wp\/v2\/types\/page"}],"author":[{"embeddable":true,"href":"https:\/\/www.mizkanchef.com\/de\/wp-json\/wp\/v2\/users\/2"}],"replies":[{"embeddable":true,"href":"https:\/\/www.mizkanchef.com\/de\/wp-json\/wp\/v2\/comments?post=612"}],"version-history":[{"count":0,"href":"https:\/\/www.mizkanchef.com\/de\/wp-json\/wp\/v2\/pages\/612\/revisions"}],"wp:attachment":[{"href":"https:\/\/www.mizkanchef.com\/de\/wp-json\/wp\/v2\/media?parent=612"}],"curies":[{"name":"wp","href":"https:\/\/api.w.org\/{rel}","templated":true}]}}