{"id":5970,"date":"2020-10-13T11:03:13","date_gmt":"2020-10-13T11:03:13","guid":{"rendered":"https:\/\/www.mizkanchef.com\/terms-and-conditions\/"},"modified":"2020-12-16T11:46:33","modified_gmt":"2020-12-16T11:46:33","slug":"geschaeftsbedingungen","status":"publish","type":"page","link":"https:\/\/www.mizkanchef.com\/de\/geschaeftsbedingungen\/","title":{"rendered":"Gesch\u00e4ftsbedingungen"},"content":{"rendered":"<h3>INFORMATIONEN \u00dcBER UNS<\/h3>\n<p>Diese Website (die \u201eSite\u201c) wird von Mizkan Euro Limited (eingetragen in England und Wales unter der Firmennummer 8053234 und mit der registrierten Adresse 2nd Floor, Building 10, Chiswick Park, 566 Chiswick High Road, London W4 5XS, Gro\u00dfbritannien) betrieben.<\/p>\n<p>Alle Verweise auf \u201eunser\u201c, \u201euns\u201c, \u201ewir\u201c oder \u201eMizkan\u201c in dieser Richtlinie gelten als Verweise auf Mizkan Euro Limited sowie seine Tochtergesellschaften, verbundenen Unternehmen und Partner.<\/p>\n<h3>NUTZUNGSBEDINGUNGEN DER MIZKANCHEF-WEBSITE<\/h3>\n<p>Ihr Zugang zu und Ihre Nutzung dieser Website unterliegt den folgenden Bedingungen, denen Sie mit dem Zugriff und dem Navigieren auf dieser Website ohne Einschr\u00e4nkung oder Vorbehalt zustimmen. Wenn Sie mit diesen Nutzungsbedingungen nicht einverstanden sind, d\u00fcrfen Sie unsere Website nicht nutzen.<\/p>\n<p>Wenn Sie gegen eine dieser Bedingungen versto\u00dfen, erlischt Ihr Recht zur Nutzung unserer Website umgehend.<\/p>\n<h3>\u00c4NDERUNGEN AN DIESEN BEDINGUNGEN<\/h3>\n<p>Wir k\u00f6nnen diese Nutzungsbedingungen jederzeit durch Erg\u00e4nzungen auf dieser Seite \u00fcberarbeiten. Besuchen Sie von Zeit zu Zeit diese Seite, um etwaige von uns vorgenommene \u00c4nderungen zur Kenntnis zu nehmen, da diese f\u00fcr Sie verbindlich sind.<\/p>\n<h3>DATENSCHUTZ- UND COOKIE-RICHTLINIE<\/h3>\n<p>Durch den Besuch dieser Website erkl\u00e4ren Sie sich damit einverstanden, dass wir in \u00dcbereinstimmung mit unserer Datenschutz- und Cookie-Richtlinie Daten \u00fcber Sie verwenden. Durch die Nutzung unserer Website erkl\u00e4ren Sie sich mit einer solchen Nutzung einverstanden und versichern, dass alle von Ihnen bereitgestellten Daten korrekt sind.<\/p>\n<h3>UNSERE SITE<\/h3>\n<p>Wir gew\u00e4hrleisten nicht, dass unsere Website oder deren Inhalte stets verf\u00fcgbar oder aktuell sind, oder dass der Zugriff unterbrechungsfrei m\u00f6glich ist. Der Zugriff auf unsere Website wird vor\u00fcbergehend gew\u00e4hrt. Wir k\u00f6nnen unsere Website ohne Vorank\u00fcndigung ganz oder teilweise aussetzen, zur\u00fcckziehen, einstellen oder \u00e4ndern. Wir sind Ihnen gegen\u00fcber nicht haftbar, wenn unsere Website aus einem beliebigen Grund und zu einem beliebigen Zeitpunkt oder f\u00fcr einen beliebigen Zeitraum nicht verf\u00fcgbar ist.<\/p>\n<h3>GEISTIGE EIGENTUMSRECHTE<\/h3>\n<p>Wir sind Eigent\u00fcmer oder Lizenznehmer aller geistigen Eigentumsrechte an unserer Website und an dem auf ihr ver\u00f6ffentlichten Material, einschlie\u00dflich und ohne Einschr\u00e4nkung aller Marken, Namen, Logos und Urheberrechte. All diese Rechte sind vorbehalten. Nichts auf dieser Website darf ohne unsere ausdr\u00fcckliche schriftliche Zustimmung als Lizenzgew\u00e4hrung f\u00fcr die Nutzung eines der oben angef\u00fchrten Rechte betrachtet werden.<\/p>\n<p>Sie d\u00fcrfen eine Kopie des Materials auf dieser Website lesen, betrachten, ausdrucken und herunterladen, jedoch nur f\u00fcr den pers\u00f6nlichen, nicht gewerblichen Gebrauch. Sie d\u00fcrfen die Kopien der Materialien in Papier- oder digitaler Form, die Sie ausgedruckt oder heruntergeladen haben, in keiner Weise ver\u00e4ndern.<\/p>\n<p>Mit Ausnahme dieser zul\u00e4ssigen Zwecke d\u00fcrfen Sie keine Bestandteile unserer Site in jeglicher Form und mit keinerlei Mitteln<\/p>\n<ul>\n<li>kopieren, anpassen, reproduzieren, speichern, verteilen, verkaufen, \u00fcbertragen, dekompilieren, drucken, anzeigen, ver\u00f6ffentlichen oder hiervon abgeleitete Werke erstellen; oder<\/li>\n<li>beliebige Teile des Inhalts unserer Website f\u00fcr gewerbliche Zwecke nutzen<\/li>\n<li>ohne von uns eine entsprechende Lizenz erhalten zu haben.<\/li>\n<\/ul>\n<h3>WEITERE NUTZUNGSBESCHR\u00c4NKUNGEN<\/h3>\n<p>Sie stimmen zu, Folgendes zu unterlassen:<\/p>\n<ul>\n<li>Ver\u00f6ffentlichen oder \u00dcbertragen von ungesetzlichem, drohendem, verleumderischem, obsz\u00f6nem oder anderweitig unangemessenem Material;<\/li>\n<li>anderweitiges Verwenden unserer Site f\u00fcr rechtswidrige Zwecke oder auf eine Art und Weise, die die Rechte und die Nutzung der Site durch Dritte einschr\u00e4nkt oder verletzt;<\/li>\n<li>Missbrauchen unserer Website, indem sie wissentlich Viren, Trojaner, W\u00fcrmer, logische Bomben oder anderes Material einf\u00fchren, das b\u00f6sartig oder technologisch sch\u00e4dlich ist;<\/li>\n<li>Versuchen, sich unbefugten Zugang zu unserer Website, zu dem Server, auf dem unsere Website gespeichert ist, oder zu einem Server, Computer oder einer Datenbank zu verschaffen, die mit unserer Website verbunden sind;<\/li>\n<li>Angreifen unserer Website im Rahmen eines Denial-of-Service- oder Distributed-Denial-of-Service-Angriffs.<\/li>\n<\/ul>\n<p>Wir werden jegliche derartige Verst\u00f6\u00dfe den zust\u00e4ndigen Strafverfolgungsbeh\u00f6rden melden und mit diesen zusammenarbeiten, indem wir Ihre Identit\u00e4t offenlegen.<\/p>\n<h3>KEIN VERLASS AUF INFORMATIONEN<\/h3>\n<p>Die Inhalte dieser Website werden von uns ausschlie\u00dflich zu Informationszwecken bereitgestellt. Sie sollen lediglich einen allgemeinen \u00dcberblick \u00fcber Mizkan bieten. Sie sollten sich auf keine der Informationen auf dieser Website verlassen.<\/p>\n<h3>ALLGEMEINER HAFTUNGSAUSSCHLUSS<\/h3>\n<p>DER INHALT DIESER WEBSITE WIRD IHNEN \u201eWIE GESEHEN\u201c ZUR VERF\u00dcGUNG GESTELLT, UND WIR SCHLIESSEN F\u00dcR UNSERE WEBSITE ODER DEREN INHALTE IM GESETZLICH ZUL\u00c4SSIGEN RAHMEN JEGLICHE (AUSDR\u00dcCKLICHEN ODER STILLSCHWEIGENDEN) BEDINGUNGEN, GEW\u00c4HRLEISTUNGEN, ZUSICHERUNGEN ODER WEITEREN BESTIMMUNGEN<br \/>\nAUS.<\/p>\n<p>Wir gew\u00e4hrleisten nicht, dass unsere Site oder beliebige Inhalte frei von Fehlern oder Auslassungen sind.<\/p>\n<p>WIR HAFTEN KEINEN BENUTZERN GEGEN\u00dcBER F\u00dcR AUS VERTR\u00c4GEN, UNERLAUBTEN HANDLUNGEN (EINSCHLIESSLICH FAHRL\u00c4SSIGKEIT), VERST\u00d6SSEN GEGEN GESETZLICHE VERPFLICHTUNGEN ODER ANDERWEITIG ENTSTANDENE VERLUSTE ODER SCH\u00c4DEN IM ZUSAMMENHANG MIT DER NUTZUNG ODER DER UNM\u00d6GLICHKEIT DER NUTZUNG UNSERER SITE ODER DEM VERTRAUEN AUF DIE AUF UNSERER SITE ANGEZEIGTEN INHALTE, SELBST WENN DIESE VORHERSEHBAR WAREN. DIES GILT EINSCHLIESSLICH, JEDOCH NICHT BESCHR\u00c4NKT AUF: (A) VERLUST VON GEWINNEN, VERK\u00c4UFEN, GESCH\u00c4FTEN ODER EINK\u00dcNFTEN; (B) GESCH\u00c4FTSUNTERBRECHUNG; (C) VERLUST ERWARTETER EINSPARUNGEN; (D) VERLUST VON GESCH\u00c4FTSM\u00d6GLICHKEITEN, FIRMENWERTEN ODER DES GUTEN RUFES; ODER (E) ALLE INDIREKTEN ODER FOLGEVERLUSTE ODER SCH\u00c4DEN.<\/p>\n<p>Nichts in diesen Nutzungsbedingungen schlie\u00dft unsere Haftung f\u00fcr Tod oder K\u00f6rperverletzung aufgrund von Fahrl\u00e4ssigkeit oder Betrug oder einer betr\u00fcgerischen Falschdarstellung unsererseits aus oder beschr\u00e4nkt diese oder jegliche anderweitige Haftung, die nach englischem Recht nicht ausgeschlossen oder beschr\u00e4nkt werden kann.<\/p>\n<h3>VIREN<\/h3>\n<p>Wir gew\u00e4hrleisten nicht, dass unsere Website sicher oder frei von Fehlern oder Viren ist.<\/p>\n<p>Sie sind daf\u00fcr verantwortlich, Ihre IT, Computerprogramme und Plattformen f\u00fcr den Zugriff auf unsere Site zu konfigurieren. Wir \u00fcbernehmen keinerlei Haftung f\u00fcr Verluste oder Sch\u00e4den, die durch einen Virus, einen Distributed-Denial-of-Service-Angriff oder andere technologisch sch\u00e4dliche Materialien verursacht werden, die Ihre Computerausr\u00fcstung, Computerprogramme, Daten oder weiteres urheberrechtlich gesch\u00fctztes Material aufgrund Ihrer Nutzung unserer Website infizieren k\u00f6nnte.<\/p>\n<h3>VERLINKUNG ZU UNSERER SITE<\/h3>\n<p>Sie k\u00f6nnen auf unsere Homepage verlinken, sofern dies auf eine Art und Weise erfolgt, die fair und legal ist, und die unseren Ruf weder sch\u00e4digt noch ausnutzt.<\/p>\n<p>Sie d\u00fcrfen Links nicht auf eine Art und Weise erstellen, die eine nicht vorhandene Form von Verbindung, Zustimmung oder Billigung unsererseits nahelegt.<\/p>\n<h3>EXTERNE LINKS AUF UNSERER SITE<\/h3>\n<p>Wenn unsere Site Links zu anderen Websites enth\u00e4lt, dienen diese Links lediglich zu Ihrer Information. Ihre Nutzung einer verkn\u00fcpften Site wird durch die Nutzungsbedingungen dieser Websites geregelt.<\/p>\n<p>Wir \u00fcbernehmen keine Verantwortung f\u00fcr den Inhalt der auf unserer Site verlinkten Websites. Derartige Links d\u00fcrfen nicht als Billigung der verlinkten Websites durch uns ausgelegt werden. Wir sind nicht haftbar f\u00fcr Verluste oder Sch\u00e4den, die sich aus ihrer Nutzung ergeben k\u00f6nnen.<\/p>\n<h3>ALLGEMEIN<\/h3>\n<p>Mizkan sichert nicht zu, dass die Materialien auf der Site f\u00fcr die Nutzung an Orten au\u00dferhalb Gro\u00dfbritanniens geeignet oder verf\u00fcgbar sind. Wer von anderen Orten aus auf diese Site zugreift, tut dies auf eigene Initiative und ist f\u00fcr die Einhaltung der gegebenenfalls vor Ort geltenden Gesetze verantwortlich.<\/p>\n<p>Wenn eine Bestimmung dieser Nutzungsbedingungen aus einem beliebigen Grund f\u00fcr nichtig oder nicht durchsetzbar befunden wird, wird sie in dem Umfang und lediglich an den Stellen abgetrennt, an denen sie f\u00fcr nichtig oder nicht durchsetzbar befunden wurde, w\u00e4hrend die \u00fcbrigen Bestimmungen in vollem Umfang in Kraft und wirksam bleiben.<\/p>\n<p>Diese Nutzungsbedingungen unterliegen englischem Recht, und die englischen Gerichte verf\u00fcgen \u00fcber die ausschlie\u00dfliche Zust\u00e4ndigkeit f\u00fcr das Beilegen von Streitsachen im Zusammenhang mit diesen Nutzungsbedingungen.<\/p>\n","protected":false},"excerpt":{"rendered":"<p>INFORMATIONEN \u00dcBER UNS Diese Website (die \u201eSite\u201c) wird von Mizkan Euro Limited (eingetragen in England und Wales unter der Firmennummer 8053234 und mit der registrierten Adresse 2nd Floor, Building 10, Chiswick Park, 566 Chiswick High Road, London W4 5XS, Gro\u00dfbritannien) betrieben. Alle Verweise auf \u201eunser\u201c, \u201euns\u201c, \u201ewir\u201c oder \u201eMizkan\u201c in dieser Richtlinie gelten als Verweise [&hellip;]<\/p>\n","protected":false},"author":2,"featured_media":0,"parent":0,"menu_order":0,"comment_status":"closed","ping_status":"closed","template":"","meta":{"footnotes":""},"acf":[],"yoast_head":"<!-- This site is optimized with the Yoast SEO plugin v21.9.1 - https:\/\/yoast.com\/wordpress\/plugins\/seo\/ -->\n<title>Gesch\u00e4ftsbedingungen - Mizkan<\/title>\n<meta name=\"robots\" content=\"index, follow, max-snippet:-1, max-image-preview:large, max-video-preview:-1\" \/>\n<meta property=\"og:locale\" content=\"de_DE\" \/>\n<meta property=\"og:type\" content=\"article\" \/>\n<meta property=\"og:title\" content=\"Gesch\u00e4ftsbedingungen - Mizkan\" \/>\n<meta property=\"og:description\" content=\"INFORMATIONEN \u00dcBER UNS Diese Website (die \u201eSite\u201c) wird von Mizkan Euro Limited (eingetragen in England und Wales unter der Firmennummer 8053234 und mit der registrierten Adresse 2nd Floor, Building 10, Chiswick Park, 566 Chiswick High Road, London W4 5XS, Gro\u00dfbritannien) betrieben. Alle Verweise auf \u201eunser\u201c, \u201euns\u201c, \u201ewir\u201c oder \u201eMizkan\u201c in dieser Richtlinie gelten als Verweise [&hellip;]\" \/>\n<meta property=\"og:url\" content=\"https:\/\/www.mizkanchef.com\/de\/geschaeftsbedingungen\/\" \/>\n<meta property=\"og:site_name\" content=\"Mizkan\" \/>\n<meta property=\"article:modified_time\" content=\"2020-12-16T11:46:33+00:00\" \/>\n<meta name=\"twitter:card\" content=\"summary_large_image\" \/>\n<meta name=\"twitter:label1\" content=\"Gesch\u00e4tzte Lesezeit\" \/>\n\t<meta name=\"twitter:data1\" content=\"6\u00a0Minuten\" \/>\n<script type=\"application\/ld+json\" class=\"yoast-schema-graph\">{\"@context\":\"https:\/\/schema.org\",\"@graph\":[{\"@type\":\"WebPage\",\"@id\":\"https:\/\/www.mizkanchef.com\/de\/geschaeftsbedingungen\/\",\"url\":\"https:\/\/www.mizkanchef.com\/de\/geschaeftsbedingungen\/\",\"name\":\"Gesch\u00e4ftsbedingungen - Mizkan\",\"isPartOf\":{\"@id\":\"https:\/\/www.mizkanchef.com\/de\/#website\"},\"datePublished\":\"2020-10-13T11:03:13+00:00\",\"dateModified\":\"2020-12-16T11:46:33+00:00\",\"breadcrumb\":{\"@id\":\"https:\/\/www.mizkanchef.com\/de\/geschaeftsbedingungen\/#breadcrumb\"},\"inLanguage\":\"de\",\"potentialAction\":[{\"@type\":\"ReadAction\",\"target\":[\"https:\/\/www.mizkanchef.com\/de\/geschaeftsbedingungen\/\"]}]},{\"@type\":\"BreadcrumbList\",\"@id\":\"https:\/\/www.mizkanchef.com\/de\/geschaeftsbedingungen\/#breadcrumb\",\"itemListElement\":[{\"@type\":\"ListItem\",\"position\":1,\"name\":\"Home\",\"item\":\"https:\/\/www.mizkanchef.com\/de\/\"},{\"@type\":\"ListItem\",\"position\":2,\"name\":\"Gesch\u00e4ftsbedingungen\"}]},{\"@type\":\"WebSite\",\"@id\":\"https:\/\/www.mizkanchef.com\/de\/#website\",\"url\":\"https:\/\/www.mizkanchef.com\/de\/\",\"name\":\"Mizkan\",\"description\":\"Mizkan\",\"potentialAction\":[{\"@type\":\"SearchAction\",\"target\":{\"@type\":\"EntryPoint\",\"urlTemplate\":\"https:\/\/www.mizkanchef.com\/de\/?s={search_term_string}\"},\"query-input\":\"required name=search_term_string\"}],\"inLanguage\":\"de\"}]}<\/script>\n<!-- \/ Yoast SEO plugin. -->","yoast_head_json":{"title":"Gesch\u00e4ftsbedingungen - Mizkan","robots":{"index":"index","follow":"follow","max-snippet":"max-snippet:-1","max-image-preview":"max-image-preview:large","max-video-preview":"max-video-preview:-1"},"og_locale":"de_DE","og_type":"article","og_title":"Gesch\u00e4ftsbedingungen - Mizkan","og_description":"INFORMATIONEN \u00dcBER UNS Diese Website (die \u201eSite\u201c) wird von Mizkan Euro Limited (eingetragen in England und Wales unter der Firmennummer 8053234 und mit der registrierten Adresse 2nd Floor, Building 10, Chiswick Park, 566 Chiswick High Road, London W4 5XS, Gro\u00dfbritannien) betrieben. Alle Verweise auf \u201eunser\u201c, \u201euns\u201c, \u201ewir\u201c oder \u201eMizkan\u201c in dieser Richtlinie gelten als Verweise [&hellip;]","og_url":"https:\/\/www.mizkanchef.com\/de\/geschaeftsbedingungen\/","og_site_name":"Mizkan","article_modified_time":"2020-12-16T11:46:33+00:00","twitter_card":"summary_large_image","twitter_misc":{"Gesch\u00e4tzte Lesezeit":"6\u00a0Minuten"},"schema":{"@context":"https:\/\/schema.org","@graph":[{"@type":"WebPage","@id":"https:\/\/www.mizkanchef.com\/de\/geschaeftsbedingungen\/","url":"https:\/\/www.mizkanchef.com\/de\/geschaeftsbedingungen\/","name":"Gesch\u00e4ftsbedingungen - Mizkan","isPartOf":{"@id":"https:\/\/www.mizkanchef.com\/de\/#website"},"datePublished":"2020-10-13T11:03:13+00:00","dateModified":"2020-12-16T11:46:33+00:00","breadcrumb":{"@id":"https:\/\/www.mizkanchef.com\/de\/geschaeftsbedingungen\/#breadcrumb"},"inLanguage":"de","potentialAction":[{"@type":"ReadAction","target":["https:\/\/www.mizkanchef.com\/de\/geschaeftsbedingungen\/"]}]},{"@type":"BreadcrumbList","@id":"https:\/\/www.mizkanchef.com\/de\/geschaeftsbedingungen\/#breadcrumb","itemListElement":[{"@type":"ListItem","position":1,"name":"Home","item":"https:\/\/www.mizkanchef.com\/de\/"},{"@type":"ListItem","position":2,"name":"Gesch\u00e4ftsbedingungen"}]},{"@type":"WebSite","@id":"https:\/\/www.mizkanchef.com\/de\/#website","url":"https:\/\/www.mizkanchef.com\/de\/","name":"Mizkan","description":"Mizkan","potentialAction":[{"@type":"SearchAction","target":{"@type":"EntryPoint","urlTemplate":"https:\/\/www.mizkanchef.com\/de\/?s={search_term_string}"},"query-input":"required name=search_term_string"}],"inLanguage":"de"}]}},"_links":{"self":[{"href":"https:\/\/www.mizkanchef.com\/de\/wp-json\/wp\/v2\/pages\/5970"}],"collection":[{"href":"https:\/\/www.mizkanchef.com\/de\/wp-json\/wp\/v2\/pages"}],"about":[{"href":"https:\/\/www.mizkanchef.com\/de\/wp-json\/wp\/v2\/types\/page"}],"author":[{"embeddable":true,"href":"https:\/\/www.mizkanchef.com\/de\/wp-json\/wp\/v2\/users\/2"}],"replies":[{"embeddable":true,"href":"https:\/\/www.mizkanchef.com\/de\/wp-json\/wp\/v2\/comments?post=5970"}],"version-history":[{"count":0,"href":"https:\/\/www.mizkanchef.com\/de\/wp-json\/wp\/v2\/pages\/5970\/revisions"}],"wp:attachment":[{"href":"https:\/\/www.mizkanchef.com\/de\/wp-json\/wp\/v2\/media?parent=5970"}],"curies":[{"name":"wp","href":"https:\/\/api.w.org\/{rel}","templated":true}]}}