{"id":595,"date":"2020-05-28T13:20:21","date_gmt":"2020-05-28T13:20:21","guid":{"rendered":"http:\/\/mizkan.wpengine.com\/mizkan-news\/"},"modified":"2020-10-13T14:34:49","modified_gmt":"2020-10-13T14:34:49","slug":"mizkan-neuigkeiten","status":"publish","type":"page","link":"https:\/\/www.mizkanchef.com\/de\/mizkan-neuigkeiten\/","title":{"rendered":"Mizkan-Neuigkeiten"},"content":{"rendered":"<p><form data-sf-form-id='726' data-is-rtl='0' data-maintain-state='' data-results-url='https:\/\/www.mizkanchef.com\/de\/mizkan-neuigkeiten\/' data-ajax-url='https:\/\/www.mizkanchef.com\/de\/?sfid=726&amp;sf_action=get_data&amp;sf_data=all' data-ajax-form-url='https:\/\/www.mizkanchef.com\/de\/?sfid=726&amp;sf_action=get_data&amp;sf_data=form' data-display-result-method='shortcode' data-use-history-api='1' data-template-loaded='0' data-lang-code='de' data-ajax='1' data-ajax-data-type='json' data-ajax-links-selector='.pagination a' data-ajax-target='#search-filter-results-726' data-ajax-pagination-type='infinite_scroll' data-show-scroll-loader='1' data-infinite-scroll-trigger='-100' data-update-ajax-url='1' data-only-results-ajax='1' data-scroll-to-pos='0' data-init-paged='1' data-auto-update='1' data-auto-count='1' data-auto-count-refresh-mode='1' action='https:\/\/www.mizkanchef.com\/de\/mizkan-neuigkeiten\/' method='post' class='searchandfilter' id='search-filter-form-726' autocomplete='off' data-instance-count='1'><ul><li class=\"sf-field-category\" data-sf-field-name=\"_sft_category\" data-sf-field-type=\"category\" data-sf-field-input-type=\"checkbox\"><h4>KATEGORIEN<\/h4>\t\t<ul data-operator=\"and\" class=\"\">\n\t\t\t\t\t  <li class=\"sf-level-0 sf-item-285\" data-sf-count=\"1\" data-sf-depth=\"0\"><input  class=\"sf-input-checkbox\" type=\"checkbox\" value=\"event-seasonal-de\" name=\"_sft_category[]\" id=\"sf-input-1d2bf64cb7da21beeeccbb79d50e786d\"><label class=\"sf-label-checkbox\" for=\"sf-input-1d2bf64cb7da21beeeccbb79d50e786d\">Event &amp; Seasonal<span class=\"sf-count\">(1)<\/span><\/label><\/li><li class=\"sf-level-0 sf-item-119\" data-sf-count=\"0\" data-sf-depth=\"0\"><input  class=\"sf-input-checkbox\" type=\"checkbox\" value=\"japanische-kultur\" name=\"_sft_category[]\" id=\"sf-input-c1a3d8155a7ae2cfa7b6fec642993407\"><label class=\"sf-label-checkbox\" for=\"sf-input-c1a3d8155a7ae2cfa7b6fec642993407\">Japanische Kultur<span class=\"sf-count\">(0)<\/span><\/label><\/li><li class=\"sf-level-0 sf-item-118\" data-sf-count=\"3\" data-sf-depth=\"0\"><input  class=\"sf-input-checkbox\" type=\"checkbox\" value=\"koch-neuigkeiten\" name=\"_sft_category[]\" id=\"sf-input-d9cac7d6efc71a80eae65bb141321392\"><label class=\"sf-label-checkbox\" for=\"sf-input-d9cac7d6efc71a80eae65bb141321392\">Koch-Neuigkeiten<span class=\"sf-count\">(3)<\/span><\/label><\/li><li class=\"sf-level-0 sf-item-121\" data-sf-count=\"3\" data-sf-depth=\"0\"><input  class=\"sf-input-checkbox\" type=\"checkbox\" value=\"mizkan-neuigkeiten\" name=\"_sft_category[]\" id=\"sf-input-7193a11b2c54f425eddf51b5bae09315\"><label class=\"sf-label-checkbox\" for=\"sf-input-7193a11b2c54f425eddf51b5bae09315\">Mizkan-Neuigkeiten<span class=\"sf-count\">(3)<\/span><\/label><\/li><li class=\"sf-level-0 sf-item-120\" data-sf-count=\"2\" data-sf-depth=\"0\"><input  class=\"sf-input-checkbox\" type=\"checkbox\" value=\"mizkan-zutaten\" name=\"_sft_category[]\" id=\"sf-input-bcdd96b680815bda0a6b03411190a75a\"><label class=\"sf-label-checkbox\" for=\"sf-input-bcdd96b680815bda0a6b03411190a75a\">Mizkan-Zutaten<span class=\"sf-count\">(2)<\/span><\/label><\/li><li class=\"sf-level-0 sf-item-122\" data-sf-count=\"2\" data-sf-depth=\"0\"><input  class=\"sf-input-checkbox\" type=\"checkbox\" value=\"rezepte\" name=\"_sft_category[]\" id=\"sf-input-93c3b1a9eedbf033491db95e9f940941\"><label class=\"sf-label-checkbox\" for=\"sf-input-93c3b1a9eedbf033491db95e9f940941\">Rezepte<span class=\"sf-count\">(2)<\/span><\/label><\/li>\t\t<\/ul>\n\t\t<\/li><\/ul><\/form><br \/>\n<div class=\"search-filter-results\" id=\"search-filter-results-726\">\n\n\t\n\t\n\t<div class='search-filter-results-list'>\n\t<div class=\"row chefs-news\">\n\t            <div class='search-filter-result-item rplist-1 chef-news-list'>\n\t\t\t<div class='news-list-img'>\n\t\t\t\t\n\t\t\t\t<a href=\"https:\/\/www.mizkanchef.com\/de\/2020\/12\/seasons-specials-discover-japanese-new-years-traditions\/\"><img fetchpriority=\"high\" decoding=\"async\" width=\"1320\" height=\"736\" src=\"https:\/\/www.mizkanchef.com\/wp-content\/uploads\/2020\/12\/mix2-recipe-1320x736.jpg\" class=\"img-responsive wp-post-image\" alt=\"\" \/><\/a>                \n            <\/div>\n            <div class='news-list-text'>\n\t\t\t\t<h3>Event &amp; Seasonal <\/h3>\n\t\t\t\t<h2><a href=\"https:\/\/www.mizkanchef.com\/de\/2020\/12\/seasons-specials-discover-japanese-new-years-traditions\/\">Besondere Feiertage: Entdecken Sie japanische Neujahrstraditionen<\/a><\/h2>\n\t\t\t\t<p>F\u00fcr den wichtigsten Feiertag im Jahr sind in Japan die besten K\u00f6stlichkeiten gerade gut genug. Chefkoch Ron hat ganz spezielle Ideen f\u00fcr drei Neujahrsk\u00f6stlichkeiten kreiert.<\/p>\n\t\t\t\t<p><a href=\"https:\/\/www.mizkanchef.com\/de\/2020\/12\/seasons-specials-discover-japanese-new-years-traditions\/\" class=\"green-button animated\"> Mehr Informationen<\/a><\/p>\n\t\t\t<\/div>\n            <div class=\"clear\"><\/div>\n            <\/div>\n            \n\t\t\t\t\t            <div class='search-filter-result-item rplist-2 chef-news-list'>\n\t\t\t<div class='news-list-img'>\n\t\t\t\t\n\t\t\t\t<a href=\"https:\/\/www.mizkanchef.com\/de\/2020\/11\/chefs-in-conversation-sehen-sie-sich-jetzt-unsere-inspirierende-neue-serie-an\/\"><img decoding=\"async\" width=\"1238\" height=\"736\" src=\"https:\/\/www.mizkanchef.com\/wp-content\/uploads\/2020\/11\/Rich-Ron-3.jpg\" class=\"img-responsive wp-post-image\" alt=\"\" srcset=\"https:\/\/www.mizkanchef.com\/wp-content\/uploads\/2020\/11\/Rich-Ron-3.jpg 1238w, https:\/\/www.mizkanchef.com\/wp-content\/uploads\/2020\/11\/Rich-Ron-3-1024x609.jpg 1024w, https:\/\/www.mizkanchef.com\/wp-content\/uploads\/2020\/11\/Rich-Ron-3-768x457.jpg 768w\" sizes=\"(max-width: 1238px) 100vw, 1238px\" \/><\/a>                \n            <\/div>\n            <div class='news-list-text'>\n\t\t\t\t<h3>Koch-Neuigkeiten Mizkan-Neuigkeiten <\/h3>\n\t\t\t\t<h2><a href=\"https:\/\/www.mizkanchef.com\/de\/2020\/11\/chefs-in-conversation-sehen-sie-sich-jetzt-unsere-inspirierende-neue-serie-an\/\">Chefs in Conversation \u2013 Sehen Sie sich jetzt unsere inspirierende neue Serie an!<\/a><\/h2>\n\t\t\t\t<p>Zwei Innovatoren, zwei Standorte, ein Ziel: Kreativit\u00e4t befl\u00fcgeln! Vor kurzem haben wir einen der aufregendsten Barkeeper Gro\u00dfbritanniens eingeladen, an unserer neuen Web-Serie \u201eChefs in Conversation\u201c teilzunehmen. Die Gelegenheit also, ihn zu bitten, mit Honteri einige festliche Cocktails zu zaubern.<\/p>\n\t\t\t\t<p><a href=\"https:\/\/www.mizkanchef.com\/de\/2020\/11\/chefs-in-conversation-sehen-sie-sich-jetzt-unsere-inspirierende-neue-serie-an\/\" class=\"green-button animated\"> Mehr Informationen<\/a><\/p>\n\t\t\t<\/div>\n            <div class=\"clear\"><\/div>\n            <\/div>\n            \n\t\t\t\t\t            <div class='search-filter-result-item rplist-3 chef-news-list'>\n\t\t\t<div class='news-list-img'>\n\t\t\t\t\n\t\t\t\t<a href=\"https:\/\/www.mizkanchef.com\/de\/2020\/08\/vorstellung-der-neuen-kochserie-von-mizkan\/\"><img decoding=\"async\" width=\"1320\" height=\"736\" src=\"https:\/\/www.mizkanchef.com\/wp-content\/uploads\/2020\/10\/kitchen-news-1320x736.jpg\" class=\"img-responsive wp-post-image\" alt=\"\" srcset=\"https:\/\/www.mizkanchef.com\/wp-content\/uploads\/2020\/10\/kitchen-news.jpg 1320w, https:\/\/www.mizkanchef.com\/wp-content\/uploads\/2020\/10\/kitchen-news-1024x571.jpg 1024w, https:\/\/www.mizkanchef.com\/wp-content\/uploads\/2020\/10\/kitchen-news-768x428.jpg 768w\" sizes=\"(max-width: 1320px) 100vw, 1320px\" \/><\/a>                \n            <\/div>\n            <div class='news-list-text'>\n\t\t\t\t<h3>Mizkan-Zutaten <\/h3>\n\t\t\t\t<h2><a href=\"https:\/\/www.mizkanchef.com\/de\/2020\/08\/vorstellung-der-neuen-kochserie-von-mizkan\/\">Vorstellung der neuen Kochserie von Mizkan<\/a><\/h2>\n\t\t\t\t<p>3 unerl\u00e4ssliche japanische Zutaten f\u00fcr jedes asiatische Rezept<\/p>\n\t\t\t\t<p><a href=\"https:\/\/www.mizkanchef.com\/de\/2020\/08\/vorstellung-der-neuen-kochserie-von-mizkan\/\" class=\"green-button animated\"> Mehr Informationen<\/a><\/p>\n\t\t\t<\/div>\n            <div class=\"clear\"><\/div>\n            <\/div>\n            \n\t\t\t\t\t\t<\/div>\n\t<\/div>\n\n\n\n\n\n<\/div><\/p>\n","protected":false},"excerpt":{"rendered":"","protected":false},"author":2,"featured_media":0,"parent":0,"menu_order":0,"comment_status":"closed","ping_status":"closed","template":"news.php","meta":{"footnotes":""},"acf":[],"yoast_head":"<!-- This site is optimized with the Yoast SEO plugin v21.9.1 - https:\/\/yoast.com\/wordpress\/plugins\/seo\/ -->\n<title>Mizkan-Neuigkeiten - Mizkan<\/title>\n<meta name=\"robots\" content=\"index, follow, max-snippet:-1, max-image-preview:large, max-video-preview:-1\" \/>\n<meta property=\"og:locale\" content=\"de_DE\" \/>\n<meta property=\"og:type\" content=\"article\" \/>\n<meta property=\"og:title\" content=\"Mizkan-Neuigkeiten - Mizkan\" \/>\n<meta property=\"og:url\" content=\"https:\/\/www.mizkanchef.com\/de\/mizkan-neuigkeiten\/\" \/>\n<meta property=\"og:site_name\" content=\"Mizkan\" \/>\n<meta property=\"article:modified_time\" content=\"2020-10-13T14:34:49+00:00\" \/>\n<meta name=\"twitter:card\" content=\"summary_large_image\" \/>\n<script type=\"application\/ld+json\" class=\"yoast-schema-graph\">{\"@context\":\"https:\/\/schema.org\",\"@graph\":[{\"@type\":\"WebPage\",\"@id\":\"https:\/\/www.mizkanchef.com\/de\/mizkan-neuigkeiten\/\",\"url\":\"https:\/\/www.mizkanchef.com\/de\/mizkan-neuigkeiten\/\",\"name\":\"Mizkan-Neuigkeiten - Mizkan\",\"isPartOf\":{\"@id\":\"https:\/\/www.mizkanchef.com\/de\/#website\"},\"datePublished\":\"2020-05-28T13:20:21+00:00\",\"dateModified\":\"2020-10-13T14:34:49+00:00\",\"breadcrumb\":{\"@id\":\"https:\/\/www.mizkanchef.com\/de\/mizkan-neuigkeiten\/#breadcrumb\"},\"inLanguage\":\"de\",\"potentialAction\":[{\"@type\":\"ReadAction\",\"target\":[\"https:\/\/www.mizkanchef.com\/de\/mizkan-neuigkeiten\/\"]}]},{\"@type\":\"BreadcrumbList\",\"@id\":\"https:\/\/www.mizkanchef.com\/de\/mizkan-neuigkeiten\/#breadcrumb\",\"itemListElement\":[{\"@type\":\"ListItem\",\"position\":1,\"name\":\"Home\",\"item\":\"https:\/\/www.mizkanchef.com\/de\/\"},{\"@type\":\"ListItem\",\"position\":2,\"name\":\"Mizkan-Neuigkeiten\"}]},{\"@type\":\"WebSite\",\"@id\":\"https:\/\/www.mizkanchef.com\/de\/#website\",\"url\":\"https:\/\/www.mizkanchef.com\/de\/\",\"name\":\"Mizkan\",\"description\":\"Mizkan\",\"potentialAction\":[{\"@type\":\"SearchAction\",\"target\":{\"@type\":\"EntryPoint\",\"urlTemplate\":\"https:\/\/www.mizkanchef.com\/de\/?s={search_term_string}\"},\"query-input\":\"required name=search_term_string\"}],\"inLanguage\":\"de\"}]}<\/script>\n<!-- \/ Yoast SEO plugin. -->","yoast_head_json":{"title":"Mizkan-Neuigkeiten - Mizkan","robots":{"index":"index","follow":"follow","max-snippet":"max-snippet:-1","max-image-preview":"max-image-preview:large","max-video-preview":"max-video-preview:-1"},"og_locale":"de_DE","og_type":"article","og_title":"Mizkan-Neuigkeiten - Mizkan","og_url":"https:\/\/www.mizkanchef.com\/de\/mizkan-neuigkeiten\/","og_site_name":"Mizkan","article_modified_time":"2020-10-13T14:34:49+00:00","twitter_card":"summary_large_image","schema":{"@context":"https:\/\/schema.org","@graph":[{"@type":"WebPage","@id":"https:\/\/www.mizkanchef.com\/de\/mizkan-neuigkeiten\/","url":"https:\/\/www.mizkanchef.com\/de\/mizkan-neuigkeiten\/","name":"Mizkan-Neuigkeiten - Mizkan","isPartOf":{"@id":"https:\/\/www.mizkanchef.com\/de\/#website"},"datePublished":"2020-05-28T13:20:21+00:00","dateModified":"2020-10-13T14:34:49+00:00","breadcrumb":{"@id":"https:\/\/www.mizkanchef.com\/de\/mizkan-neuigkeiten\/#breadcrumb"},"inLanguage":"de","potentialAction":[{"@type":"ReadAction","target":["https:\/\/www.mizkanchef.com\/de\/mizkan-neuigkeiten\/"]}]},{"@type":"BreadcrumbList","@id":"https:\/\/www.mizkanchef.com\/de\/mizkan-neuigkeiten\/#breadcrumb","itemListElement":[{"@type":"ListItem","position":1,"name":"Home","item":"https:\/\/www.mizkanchef.com\/de\/"},{"@type":"ListItem","position":2,"name":"Mizkan-Neuigkeiten"}]},{"@type":"WebSite","@id":"https:\/\/www.mizkanchef.com\/de\/#website","url":"https:\/\/www.mizkanchef.com\/de\/","name":"Mizkan","description":"Mizkan","potentialAction":[{"@type":"SearchAction","target":{"@type":"EntryPoint","urlTemplate":"https:\/\/www.mizkanchef.com\/de\/?s={search_term_string}"},"query-input":"required name=search_term_string"}],"inLanguage":"de"}]}},"_links":{"self":[{"href":"https:\/\/www.mizkanchef.com\/de\/wp-json\/wp\/v2\/pages\/595"}],"collection":[{"href":"https:\/\/www.mizkanchef.com\/de\/wp-json\/wp\/v2\/pages"}],"about":[{"href":"https:\/\/www.mizkanchef.com\/de\/wp-json\/wp\/v2\/types\/page"}],"author":[{"embeddable":true,"href":"https:\/\/www.mizkanchef.com\/de\/wp-json\/wp\/v2\/users\/2"}],"replies":[{"embeddable":true,"href":"https:\/\/www.mizkanchef.com\/de\/wp-json\/wp\/v2\/comments?post=595"}],"version-history":[{"count":0,"href":"https:\/\/www.mizkanchef.com\/de\/wp-json\/wp\/v2\/pages\/595\/revisions"}],"wp:attachment":[{"href":"https:\/\/www.mizkanchef.com\/de\/wp-json\/wp\/v2\/media?parent=595"}],"curies":[{"name":"wp","href":"https:\/\/api.w.org\/{rel}","templated":true}]}}