{"id":574,"date":"2020-05-28T13:19:20","date_gmt":"2020-05-28T13:19:20","guid":{"rendered":"http:\/\/mizkan.wpengine.com\/chef-recipes\/"},"modified":"2021-01-25T16:06:08","modified_gmt":"2021-01-25T16:06:08","slug":"kochrezepte","status":"publish","type":"page","link":"https:\/\/www.mizkanchef.com\/de\/kochrezepte\/","title":{"rendered":"Kochrezepte"},"content":{"rendered":"<form data-sf-form-id='589' data-is-rtl='0' data-maintain-state='' data-results-url='https:\/\/www.mizkanchef.com\/de\/kochrezepte\/' data-ajax-url='https:\/\/www.mizkanchef.com\/de\/?sfid=589&amp;sf_action=get_data&amp;sf_data=all' data-ajax-form-url='https:\/\/www.mizkanchef.com\/de\/?sfid=589&amp;sf_action=get_data&amp;sf_data=form' data-display-result-method='shortcode' data-use-history-api='1' data-template-loaded='0' data-lang-code='de' data-ajax='1' data-ajax-data-type='json' data-ajax-links-selector='.pagination a' data-ajax-target='#search-filter-results-589' data-ajax-pagination-type='infinite_scroll' data-show-scroll-loader='1' data-infinite-scroll-trigger='-100' data-update-ajax-url='1' data-only-results-ajax='1' data-scroll-to-pos='0' data-init-paged='1' data-auto-update='1' data-auto-count='1' data-auto-count-refresh-mode='1' action='https:\/\/www.mizkanchef.com\/de\/kochrezepte\/' method='post' class='searchandfilter' id='search-filter-form-589' autocomplete='off' data-instance-count='1'><ul><li class=\"sf-field-taxonomy-cuisines\" data-sf-field-name=\"_sft_cuisines\" data-sf-field-type=\"taxonomy\" data-sf-field-input-type=\"checkbox\">\t\t<ul data-operator=\"and\" class=\"\">\n\t\t\t\t\t  <li class=\"sf-level-0 sf-item-123\" data-sf-count=\"4\" data-sf-depth=\"0\"><input  class=\"sf-input-checkbox\" type=\"checkbox\" value=\"desserts-de\" name=\"_sft_cuisines[]\" id=\"sf-input-e9c95fff33b0f3dfeb23cd5de281e989\"><label class=\"sf-label-checkbox\" for=\"sf-input-e9c95fff33b0f3dfeb23cd5de281e989\">Desserts<\/label><\/li><li class=\"sf-level-0 sf-item-124\" data-sf-count=\"4\" data-sf-depth=\"0\"><input  class=\"sf-input-checkbox\" type=\"checkbox\" value=\"getranke\" name=\"_sft_cuisines[]\" id=\"sf-input-2858b8849c991be23dae1789f893b2a8\"><label class=\"sf-label-checkbox\" for=\"sf-input-2858b8849c991be23dae1789f893b2a8\">Getr\u00e4nke<\/label><\/li><li class=\"sf-level-0 sf-item-70\" data-sf-count=\"15\" data-sf-depth=\"0\"><input  class=\"sf-input-checkbox\" type=\"checkbox\" value=\"hauptgerichte-de\" name=\"_sft_cuisines[]\" id=\"sf-input-45fe6f5100c3e03672db3f167691238a\"><label class=\"sf-label-checkbox\" for=\"sf-input-45fe6f5100c3e03672db3f167691238a\">Hauptgerichte<\/label><\/li><li class=\"sf-level-0 sf-item-125\" data-sf-count=\"18\" data-sf-depth=\"0\"><input  class=\"sf-input-checkbox\" type=\"checkbox\" value=\"starter-salate\" name=\"_sft_cuisines[]\" id=\"sf-input-2f7c421eff6e23e1eb7e59df2ea27347\"><label class=\"sf-label-checkbox\" for=\"sf-input-2f7c421eff6e23e1eb7e59df2ea27347\">Starter\/Salate<\/label><\/li>\t\t<\/ul>\n\t\t<\/li><li class=\"sf-field-taxonomy-dish_types\" data-sf-field-name=\"_sft_dish_types\" data-sf-field-type=\"taxonomy\" data-sf-field-input-type=\"checkbox\">\t\t<ul data-operator=\"and\" class=\"\">\n\t\t\t\t\t  <li class=\"sf-level-0 sf-item-126\" data-sf-count=\"7\" data-sf-depth=\"0\"><input  class=\"sf-input-checkbox\" type=\"checkbox\" value=\"fischgerichte\" name=\"_sft_dish_types[]\" id=\"sf-input-b602313ce3dbc7991e1ddcf23264bfe9\"><label class=\"sf-label-checkbox\" for=\"sf-input-b602313ce3dbc7991e1ddcf23264bfe9\">Fischgerichte<\/label><\/li><li class=\"sf-level-0 sf-item-90\" data-sf-count=\"10\" data-sf-depth=\"0\"><input  class=\"sf-input-checkbox\" type=\"checkbox\" value=\"fleischgerichte\" name=\"_sft_dish_types[]\" id=\"sf-input-cff9eb8a1996237d186e46e4f0d67b58\"><label class=\"sf-label-checkbox\" for=\"sf-input-cff9eb8a1996237d186e46e4f0d67b58\">Fleischgerichte<\/label><\/li><li class=\"sf-level-0 sf-item-127\" data-sf-count=\"9\" data-sf-depth=\"0\"><input  class=\"sf-input-checkbox\" type=\"checkbox\" value=\"vegetarische-gerichte\" name=\"_sft_dish_types[]\" id=\"sf-input-521205044d9219c479d9e15ebfc4d8c8\"><label class=\"sf-label-checkbox\" for=\"sf-input-521205044d9219c479d9e15ebfc4d8c8\">Vegetarische Gerichte<\/label><\/li>\t\t<\/ul>\n\t\t<\/li><li class=\"sf-field-taxonomy-food_type\" data-sf-field-name=\"_sft_food_type\" data-sf-field-type=\"taxonomy\" data-sf-field-input-type=\"checkbox\">\t\t<ul data-operator=\"and\" class=\"\">\n\t\t\t\t\t  <li class=\"sf-level-0 sf-item-288\" data-sf-count=\"3\" data-sf-depth=\"0\"><input  class=\"sf-input-checkbox\" type=\"checkbox\" value=\"noodles-de\" name=\"_sft_food_type[]\" id=\"sf-input-7df05e2be3a46878215bcdd52d7c24f6\"><label class=\"sf-label-checkbox\" for=\"sf-input-7df05e2be3a46878215bcdd52d7c24f6\">Nudelgerichte<\/label><\/li><li class=\"sf-level-0 sf-item-338\" data-sf-count=\"3\" data-sf-depth=\"0\"><input  class=\"sf-input-checkbox\" type=\"checkbox\" value=\"poke-gerichte\" name=\"_sft_food_type[]\" id=\"sf-input-434c393e3c0b735726ac2bf2ecbf139a\"><label class=\"sf-label-checkbox\" for=\"sf-input-434c393e3c0b735726ac2bf2ecbf139a\">Poke-Gerichte<\/label><\/li><li class=\"sf-level-0 sf-item-297\" data-sf-count=\"11\" data-sf-depth=\"0\"><input  class=\"sf-input-checkbox\" type=\"checkbox\" value=\"saucen\" name=\"_sft_food_type[]\" id=\"sf-input-3f517d9df3dcbebda33857afdb32aa76\"><label class=\"sf-label-checkbox\" for=\"sf-input-3f517d9df3dcbebda33857afdb32aa76\">Saucen<\/label><\/li><li class=\"sf-level-0 sf-item-307\" data-sf-count=\"1\" data-sf-depth=\"0\"><input  class=\"sf-input-checkbox\" type=\"checkbox\" value=\"sushi-de\" name=\"_sft_food_type[]\" id=\"sf-input-a3a7d7866edf6390f4f007063823600c\"><label class=\"sf-label-checkbox\" for=\"sf-input-a3a7d7866edf6390f4f007063823600c\">Sushi<\/label><\/li>\t\t<\/ul>\n\t\t<\/li><li class=\"sf-field-taxonomy-products\" data-sf-field-name=\"_sft_products\" data-sf-field-type=\"taxonomy\" data-sf-field-input-type=\"checkbox\">\t\t<ul data-operator=\"and\" class=\"\">\n\t\t\t\t\t  <li class=\"sf-level-0 sf-item-131\" data-sf-count=\"10\" data-sf-depth=\"0\"><input  class=\"sf-input-checkbox\" type=\"checkbox\" value=\"essig\" name=\"_sft_products[]\" id=\"sf-input-30b5d0feed47ef2a114b5f98e4c7f22d\"><label class=\"sf-label-checkbox\" for=\"sf-input-30b5d0feed47ef2a114b5f98e4c7f22d\">Essig<\/label><\/li><li class=\"sf-level-0 sf-item-100\" data-sf-count=\"32\" data-sf-depth=\"0\"><input  class=\"sf-input-checkbox\" type=\"checkbox\" value=\"honteri-de\" name=\"_sft_products[]\" id=\"sf-input-ab5b8c7408be5d1ff982977d8a21b0ac\"><label class=\"sf-label-checkbox\" for=\"sf-input-ab5b8c7408be5d1ff982977d8a21b0ac\">Honteri<\/label><\/li><li class=\"sf-level-0 sf-item-110\" data-sf-count=\"3\" data-sf-depth=\"0\"><input  class=\"sf-input-checkbox\" type=\"checkbox\" value=\"sushi-gewurz\" name=\"_sft_products[]\" id=\"sf-input-f19c0af51e2df42812a28dbd8f76e990\"><label class=\"sf-label-checkbox\" for=\"sf-input-f19c0af51e2df42812a28dbd8f76e990\">Sushi-Gew\u00fcrz<\/label><\/li>\t\t<\/ul>\n\t\t<\/li><li class=\"sf-field-taxonomy-difficulty\" data-sf-field-name=\"_sft_difficulty\" data-sf-field-type=\"taxonomy\" data-sf-field-input-type=\"checkbox\">\t\t<ul data-operator=\"and\" class=\"\">\n\t\t\t\t\t  <li class=\"sf-level-0 sf-item-278\" data-sf-count=\"6\" data-sf-depth=\"0\"><input  class=\"sf-input-checkbox\" type=\"checkbox\" value=\"chefs-series-de\" name=\"_sft_difficulty[]\" id=\"sf-input-06402894350a8e092749b0f8d59f7026\"><label class=\"sf-label-checkbox\" for=\"sf-input-06402894350a8e092749b0f8d59f7026\">Chef Series<\/label><\/li><li class=\"sf-level-0 sf-item-132\" data-sf-count=\"1\" data-sf-depth=\"0\"><input  class=\"sf-input-checkbox\" type=\"checkbox\" value=\"herausfordernde-gerichte\" name=\"_sft_difficulty[]\" id=\"sf-input-6ab6da0b4bfea6e731fbb20af050b80e\"><label class=\"sf-label-checkbox\" for=\"sf-input-6ab6da0b4bfea6e731fbb20af050b80e\">Herausfordernde Gerichte<\/label><\/li><li class=\"sf-level-0 sf-item-80\" data-sf-count=\"25\" data-sf-depth=\"0\"><input  class=\"sf-input-checkbox\" type=\"checkbox\" value=\"leicht\" name=\"_sft_difficulty[]\" id=\"sf-input-f1c23a7df36cb8cee8e648402dc628a5\"><label class=\"sf-label-checkbox\" for=\"sf-input-f1c23a7df36cb8cee8e648402dc628a5\">Leicht<\/label><\/li><li class=\"sf-level-0 sf-item-133\" data-sf-count=\"13\" data-sf-depth=\"0\"><input  class=\"sf-input-checkbox\" type=\"checkbox\" value=\"mittel\" name=\"_sft_difficulty[]\" id=\"sf-input-49ec91f80fb1dc1271ed4b03c379c736\"><label class=\"sf-label-checkbox\" for=\"sf-input-49ec91f80fb1dc1271ed4b03c379c736\">Mittel<\/label><\/li>\t\t<\/ul>\n\t\t<\/li><\/ul><\/form>\n<div class=\"recipe-key\" style=\"clear: both; padding-top: 30px;\"><img decoding=\"async\" class=\"chef-icon\" src=\"\/wp-content\/themes\/mizkan\/images\/chef-icon-1.png\" alt=\"Leicht\" \/><strong class=\"space\">Leicht<\/strong> <img decoding=\"async\" class=\"chef-icon\" src=\"\/wp-content\/themes\/mizkan\/images\/chef-icon-2.png\" alt=\"Mittel\" \/><strong class=\"space\">Mittel<\/strong> <img decoding=\"async\" class=\"chef-icon\" src=\"\/wp-content\/themes\/mizkan\/images\/chef-icon-3.png\" alt=\"Herausfordernde Gerichte \" \/><strong>Herausfordernde Gerichte<\/strong><\/div>\n<div class=\"search-filter-results\" id=\"search-filter-results-589\">\t\n\n\n\t<div class='search-filter-results-list'>\n\t<div class=\"row\">\n\t\t\t\t<div class='col-sm-4 search-filter-result-item rplist-1 the-recipe-listing'>\n                <div class=\"recipe-container\">\n\t\t\t\t<div class=\"recipe-listing-image\">\n\t\t\t\t<a href=\"https:\/\/www.mizkanchef.com\/de\/kochrezepte\/glacierte-haehnchenschenkel-schwarzer-sesam-und-gruene-zwiebeln\/\"><img fetchpriority=\"high\" decoding=\"async\" width=\"720\" height=\"620\" src=\"https:\/\/www.mizkanchef.com\/wp-content\/uploads\/2021\/07\/MZKN_chicken-image_2000x864-720x620.jpg\" class=\"img-responsive wp-post-image\" alt=\"\" \/><\/a>                <\/div>\n\t\t\t\t                <div class=\"recipe-listing-overlay\">\n\t\t\t\t<a href=\"https:\/\/www.mizkanchef.com\/de\/kochrezepte\/glacierte-haehnchenschenkel-schwarzer-sesam-und-gruene-zwiebeln\/\"><img decoding=\"async\" src=\"\/wp-content\/themes\/mizkan\/images\/new-recipe-de.png\" alt=\"New\" class=\"img-responsive\"><\/a>\n                <\/div>\n\t\t\t\t                <\/div>\n\t\t\t\t<h2><a href=\"https:\/\/www.mizkanchef.com\/de\/kochrezepte\/glacierte-haehnchenschenkel-schwarzer-sesam-und-gruene-zwiebeln\/\">GLACIERTE H\u00c4HNCHENSCHENKEL, SCHWARZER SESAM UND GR\u00dcNE ZWIEBELN<\/a><\/h2>\n                <div class=\"recipe-padding\">\n\t\t\t\t<p>Die Umami-Obert\u00f6ne des mit Sake-Kuchen gebrauten Shiragiku verleihen allen ohnehin schon k\u00f6stlichen Zutaten einen zus\u00e4tzlichen Aromakick. Einfach, k\u00f6stlich und vielseitig \u2013 f\u00fcr jedes Sommermen\u00fc. <\/p>\n\t\t\t\t                                                                <p class=\"chef-icons\"><img decoding=\"async\" src=\"\/wp-content\/themes\/mizkan\/images\/chef-icon-1.png\" alt=\"Challenging\" class=\"chef-icon\"><\/p>\n\t\t\t\t<p class=\"chef-time\"><strong>50 minuten<\/strong><\/p>\n                <div class=\"clear\"><\/div>\n\t\t\t\t<p><a href=\"https:\/\/www.mizkanchef.com\/de\/kochrezepte\/glacierte-haehnchenschenkel-schwarzer-sesam-und-gruene-zwiebeln\/\" class=\"green-button animated\"> Rezept ansehen<\/a><\/p>\n                <\/div>\n\t\t\t<\/div>\n\t\t\t\t\t\t\t\t<div class='col-sm-4 search-filter-result-item rplist-2 the-recipe-listing'>\n                <div class=\"recipe-container\">\n\t\t\t\t<div class=\"recipe-listing-image\">\n\t\t\t\t<a href=\"https:\/\/www.mizkanchef.com\/de\/kochrezepte\/frittierter-seelachs-streichholzkartoffeln-mit-salz-und-shiragiku\/\"><img decoding=\"async\" width=\"720\" height=\"620\" src=\"https:\/\/www.mizkanchef.com\/wp-content\/uploads\/2021\/07\/jackson-webpage-assets9_720x620-720x620.jpg\" class=\"img-responsive wp-post-image\" alt=\"\" \/><\/a>                <\/div>\n\t\t\t\t                <div class=\"recipe-listing-overlay\">\n\t\t\t\t<a href=\"https:\/\/www.mizkanchef.com\/de\/kochrezepte\/frittierter-seelachs-streichholzkartoffeln-mit-salz-und-shiragiku\/\"><img decoding=\"async\" src=\"\/wp-content\/themes\/mizkan\/images\/new-recipe-de.png\" alt=\"New\" class=\"img-responsive\"><\/a>\n                <\/div>\n\t\t\t\t                <\/div>\n\t\t\t\t<h2><a href=\"https:\/\/www.mizkanchef.com\/de\/kochrezepte\/frittierter-seelachs-streichholzkartoffeln-mit-salz-und-shiragiku\/\">FRITTIERTER SEELACHS, STREICHHOLZKARTOFFELN MIT SALZ UND SHIRAGIKU<\/a><\/h2>\n                <div class=\"recipe-padding\">\n\t\t\t\t<p>Feiern Sie diesen Sommer anl\u00e4sslich der Olympischen Spiele in Tokyo die japanische K\u00fcche. Wie w\u00e4re es mit dieser k\u00f6stlichen Variation eines Street Food-Klassikers.<\/p>\n\t\t\t\t                                                                <p class=\"chef-icons\"><img decoding=\"async\" src=\"\/wp-content\/themes\/mizkan\/images\/chef-icon-2.png\" alt=\"Challenging\" class=\"chef-icon\"><\/p>\n\t\t\t\t<p class=\"chef-time\"><strong>30 minuten<\/strong><\/p>\n                <div class=\"clear\"><\/div>\n\t\t\t\t<p><a href=\"https:\/\/www.mizkanchef.com\/de\/kochrezepte\/frittierter-seelachs-streichholzkartoffeln-mit-salz-und-shiragiku\/\" class=\"green-button animated\"> Rezept ansehen<\/a><\/p>\n                <\/div>\n\t\t\t<\/div>\n\t\t\t\t\t\t\t\t<div class='col-sm-4 search-filter-result-item rplist-3 the-recipe-listing'>\n                <div class=\"recipe-container\">\n\t\t\t\t<div class=\"recipe-listing-image\">\n\t\t\t\t<a href=\"https:\/\/www.mizkanchef.com\/de\/kochrezepte\/lachs-oyako-poke\/\"><img decoding=\"async\" width=\"720\" height=\"620\" src=\"https:\/\/www.mizkanchef.com\/wp-content\/uploads\/2021\/04\/ADDITIONAL-RECIPE-THUMBNAILS-1-720x620.jpg\" class=\"img-responsive wp-post-image\" alt=\"\" \/><\/a>                <\/div>\n\t\t\t\t                <div class=\"recipe-listing-overlay\">\n\t\t\t\t<a href=\"https:\/\/www.mizkanchef.com\/de\/kochrezepte\/lachs-oyako-poke\/\"><img decoding=\"async\" src=\"\/wp-content\/themes\/mizkan\/images\/new-recipe-de.png\" alt=\"New\" class=\"img-responsive\"><\/a>\n                <\/div>\n\t\t\t\t                <\/div>\n\t\t\t\t<h2><a href=\"https:\/\/www.mizkanchef.com\/de\/kochrezepte\/lachs-oyako-poke\/\">LACHS OYAKO POKE<\/a><\/h2>\n                <div class=\"recipe-padding\">\n\t\t\t\t<p>Lachs, lachskaviar, gurke, mango und pilze.<\/p>\n\t\t\t\t                                                                <p class=\"chef-icons\"><img decoding=\"async\" src=\"\/wp-content\/themes\/mizkan\/images\/chef-icon-2.png\" alt=\"Challenging\" class=\"chef-icon\"><\/p>\n\t\t\t\t<p class=\"chef-time\"><strong>35 minuten<\/strong><\/p>\n                <div class=\"clear\"><\/div>\n\t\t\t\t<p><a href=\"https:\/\/www.mizkanchef.com\/de\/kochrezepte\/lachs-oyako-poke\/\" class=\"green-button animated\"> Rezept ansehen<\/a><\/p>\n                <\/div>\n\t\t\t<\/div>\n\t\t\t\t\t\t<\/div>\n\t<\/div>\n\n\n\n\n\n<\/div>\n","protected":false},"excerpt":{"rendered":"<p>Leicht Mittel Herausfordernde Gerichte<\/p>\n","protected":false},"author":2,"featured_media":0,"parent":0,"menu_order":0,"comment_status":"closed","ping_status":"closed","template":"recipes.php","meta":{"footnotes":""},"acf":[],"yoast_head":"<!-- This site is optimized with the Yoast SEO plugin v21.9.1 - https:\/\/yoast.com\/wordpress\/plugins\/seo\/ -->\n<title>Kochrezepte - Mizkan<\/title>\n<meta name=\"robots\" content=\"index, follow, max-snippet:-1, max-image-preview:large, max-video-preview:-1\" \/>\n<meta property=\"og:locale\" content=\"de_DE\" \/>\n<meta property=\"og:type\" content=\"article\" \/>\n<meta property=\"og:title\" content=\"Kochrezepte - Mizkan\" \/>\n<meta property=\"og:description\" content=\"Leicht Mittel Herausfordernde Gerichte\" \/>\n<meta property=\"og:url\" content=\"https:\/\/www.mizkanchef.com\/de\/kochrezepte\/\" \/>\n<meta property=\"og:site_name\" content=\"Mizkan\" \/>\n<meta property=\"article:modified_time\" content=\"2021-01-25T16:06:08+00:00\" \/>\n<meta name=\"twitter:card\" content=\"summary_large_image\" \/>\n<script type=\"application\/ld+json\" class=\"yoast-schema-graph\">{\"@context\":\"https:\/\/schema.org\",\"@graph\":[{\"@type\":\"WebPage\",\"@id\":\"https:\/\/www.mizkanchef.com\/de\/kochrezepte\/\",\"url\":\"https:\/\/www.mizkanchef.com\/de\/kochrezepte\/\",\"name\":\"Kochrezepte - Mizkan\",\"isPartOf\":{\"@id\":\"https:\/\/www.mizkanchef.com\/de\/#website\"},\"datePublished\":\"2020-05-28T13:19:20+00:00\",\"dateModified\":\"2021-01-25T16:06:08+00:00\",\"breadcrumb\":{\"@id\":\"https:\/\/www.mizkanchef.com\/de\/kochrezepte\/#breadcrumb\"},\"inLanguage\":\"de\",\"potentialAction\":[{\"@type\":\"ReadAction\",\"target\":[\"https:\/\/www.mizkanchef.com\/de\/kochrezepte\/\"]}]},{\"@type\":\"BreadcrumbList\",\"@id\":\"https:\/\/www.mizkanchef.com\/de\/kochrezepte\/#breadcrumb\",\"itemListElement\":[{\"@type\":\"ListItem\",\"position\":1,\"name\":\"Home\",\"item\":\"https:\/\/www.mizkanchef.com\/de\/\"},{\"@type\":\"ListItem\",\"position\":2,\"name\":\"Kochrezepte\"}]},{\"@type\":\"WebSite\",\"@id\":\"https:\/\/www.mizkanchef.com\/de\/#website\",\"url\":\"https:\/\/www.mizkanchef.com\/de\/\",\"name\":\"Mizkan\",\"description\":\"Mizkan\",\"potentialAction\":[{\"@type\":\"SearchAction\",\"target\":{\"@type\":\"EntryPoint\",\"urlTemplate\":\"https:\/\/www.mizkanchef.com\/de\/?s={search_term_string}\"},\"query-input\":\"required name=search_term_string\"}],\"inLanguage\":\"de\"}]}<\/script>\n<!-- \/ Yoast SEO plugin. -->","yoast_head_json":{"title":"Kochrezepte - Mizkan","robots":{"index":"index","follow":"follow","max-snippet":"max-snippet:-1","max-image-preview":"max-image-preview:large","max-video-preview":"max-video-preview:-1"},"og_locale":"de_DE","og_type":"article","og_title":"Kochrezepte - Mizkan","og_description":"Leicht Mittel Herausfordernde Gerichte","og_url":"https:\/\/www.mizkanchef.com\/de\/kochrezepte\/","og_site_name":"Mizkan","article_modified_time":"2021-01-25T16:06:08+00:00","twitter_card":"summary_large_image","schema":{"@context":"https:\/\/schema.org","@graph":[{"@type":"WebPage","@id":"https:\/\/www.mizkanchef.com\/de\/kochrezepte\/","url":"https:\/\/www.mizkanchef.com\/de\/kochrezepte\/","name":"Kochrezepte - Mizkan","isPartOf":{"@id":"https:\/\/www.mizkanchef.com\/de\/#website"},"datePublished":"2020-05-28T13:19:20+00:00","dateModified":"2021-01-25T16:06:08+00:00","breadcrumb":{"@id":"https:\/\/www.mizkanchef.com\/de\/kochrezepte\/#breadcrumb"},"inLanguage":"de","potentialAction":[{"@type":"ReadAction","target":["https:\/\/www.mizkanchef.com\/de\/kochrezepte\/"]}]},{"@type":"BreadcrumbList","@id":"https:\/\/www.mizkanchef.com\/de\/kochrezepte\/#breadcrumb","itemListElement":[{"@type":"ListItem","position":1,"name":"Home","item":"https:\/\/www.mizkanchef.com\/de\/"},{"@type":"ListItem","position":2,"name":"Kochrezepte"}]},{"@type":"WebSite","@id":"https:\/\/www.mizkanchef.com\/de\/#website","url":"https:\/\/www.mizkanchef.com\/de\/","name":"Mizkan","description":"Mizkan","potentialAction":[{"@type":"SearchAction","target":{"@type":"EntryPoint","urlTemplate":"https:\/\/www.mizkanchef.com\/de\/?s={search_term_string}"},"query-input":"required name=search_term_string"}],"inLanguage":"de"}]}},"_links":{"self":[{"href":"https:\/\/www.mizkanchef.com\/de\/wp-json\/wp\/v2\/pages\/574"}],"collection":[{"href":"https:\/\/www.mizkanchef.com\/de\/wp-json\/wp\/v2\/pages"}],"about":[{"href":"https:\/\/www.mizkanchef.com\/de\/wp-json\/wp\/v2\/types\/page"}],"author":[{"embeddable":true,"href":"https:\/\/www.mizkanchef.com\/de\/wp-json\/wp\/v2\/users\/2"}],"replies":[{"embeddable":true,"href":"https:\/\/www.mizkanchef.com\/de\/wp-json\/wp\/v2\/comments?post=574"}],"version-history":[{"count":0,"href":"https:\/\/www.mizkanchef.com\/de\/wp-json\/wp\/v2\/pages\/574\/revisions"}],"wp:attachment":[{"href":"https:\/\/www.mizkanchef.com\/de\/wp-json\/wp\/v2\/media?parent=574"}],"curies":[{"name":"wp","href":"https:\/\/api.w.org\/{rel}","templated":true}]}}