{"id":2937,"date":"2019-05-08T01:38:14","date_gmt":"2019-05-08T01:38:14","guid":{"rendered":"http:\/\/mizkan.wpengine.com\/privacy-policy\/"},"modified":"2020-10-09T14:07:48","modified_gmt":"2020-10-09T14:07:48","slug":"datenschutzbestimmungen","status":"publish","type":"page","link":"https:\/\/www.mizkanchef.com\/de\/datenschutzbestimmungen\/","title":{"rendered":"Datenschutzbestimmungen"},"content":{"rendered":"<h3>1. Einf\u00fchrung<\/h3>\n<p>Mizkan Euro (\u201e<strong>Mizkan<\/strong>&#8222;)<sup>1<\/sup>\u00a0ist eine in Gro\u00dfbritannien ans\u00e4ssige Unternehmensgruppe, die Lebensmittelprodukte herstellt, vermarktet und vertreibt. Das Unternehmen betreibt verschiedene Marken, darunter u.\u00a0a. Sarsons, Branston, Haywards, Mizkan und Dufrais.<\/p>\n<p>Mizkan betreibt die Unternehmenswebsite www.Mizkan.co.uk sowie eine Reihe von Produktmarken-Websites. Die Unternehmenswebsite enth\u00e4lt einen Link zu einer Reihe von Markenprodukt-Websites wie z.\u00a0B:<\/p>\n<ul>\n<li>https:\/\/www.sarsons.co.uk\/<\/li>\n<li>https:\/\/www.haywardspickles.co.uk\/<\/li>\n<li>https:\/\/bringoutthebranston.co.uk\/<\/li>\n<li>usw.<\/li>\n<\/ul>\n<p>Auf jeder der Websites finden Sie diesen Hinweis (\u201e<strong>Hinweis<\/strong>\u201c) f\u00fcr Verbraucher und Kunden \u00fcber die faire Verarbeitung personenbezogener Daten sowie einen Hinweis zu Cookies. Dieser Hinweis soll Verbraucher und Kunden<sup>2<\/sup>\u00a0(d.\u00a0h. \u201eSie\u201c) dar\u00fcber informieren, wie wir bei Mizkan (\u201euns\u201c) Ihre personenbezogenen Daten verarbeiten und \u00fcber welche Ma\u00dfnahmen und Verfahren wir verf\u00fcgen, um einen angemessenen Schutz zu gew\u00e4hrleisten.<\/p>\n<p>Wir k\u00f6nnen Ihnen diesen Hinweis zudem in digitaler oder Papierform zur Verf\u00fcgung stellen. Dar\u00fcber hinaus k\u00f6nnen wir dessen Speicherort auf unserer Intranet-Site verweisen, wenn Sie einen unserer Standorte besuchen, oder wenn Sie Ihre personenbezogenen Daten an anderer Stelle an uns weitergeben.<\/p>\n<p>Wir stellen Ihnen diese Informationen gem\u00e4\u00df der Datenschutzgrundverordnung 2016\/679 (\u201e<strong>DSGVO<\/strong>\u201c) zur Verf\u00fcgung.<\/p>\n<h3>2. Geltungsbereich des Hinweises zur fairen Verarbeitung<\/h3>\n<p>Dieser Hinweis zur fairen Verarbeitung gilt f\u00fcr alle personenbezogenen Daten der Verbraucher und Kunden von Mizkan, die von Mizkan in irgendeiner Art und Weise und\/oder \u00fcber ein beliebiges Medium verarbeitet werden.<\/p>\n<h3>3. Rechtm\u00e4\u00dfige Verarbeitung<\/h3>\n<p>Wir verarbeiten Ihre personenbezogenen Daten nur:<\/p>\n<p>a. wenn Sie uns Ihre Zustimmung gegeben haben;<\/p>\n<p>b. wenn die Verarbeitung erforderlich ist, um Ihnen unsere Produkte oder Dienstleistungen bereitzustellen;<\/p>\n<p>c. wenn die Verarbeitung erforderlich ist, um auf eine Anfrage von Ihnen zu antworten;<\/p>\n<p>d. wenn die Verarbeitung erforderlich ist, um unsere Beziehung zu Ihnen aufrecht zu erhalten;<\/p>\n<p>e. wenn die Verarbeitung zur Einhaltung unserer gesetzlichen und beh\u00f6rdlichen Verpflichtungen erforderlich ist;<\/p>\n<p>f. wenn die Verarbeitung erforderlich ist, um die wesentlichen Interessen der betroffenen Person zu sch\u00fctzen.<\/p>\n<p>In Bezug auf (a) k\u00f6nnen Sie Ihre Zustimmung jederzeit zur\u00fcckziehen, indem Sie wie im folgenden Abschnitt\u00a014 beschrieben einen Antrag stellen.<\/p>\n<h3>4. Welche personenbezogenen Daten wir \u00fcber Sie erfassen<\/h3>\n<p>Wir verarbeiten die folgenden Arten von personenbezogenen Daten \u00fcber Sie:<\/p>\n<p>a. Ihren Namen, Ihre E-Mail-Adresse, Ihr Twitter- und\/oder Instagram-Handle sowie weitere Kontaktdaten;<\/p>\n<p>b. Einzelheiten zu Ihren Pr\u00e4ferenzen in Bezug auf Marketingveranstaltungen oder -materialien;<\/p>\n<p>c. Ihre Nachrichten, R\u00fcckmeldungen oder Beitr\u00e4ge im Rahmen von Kundenumfragen und Frageb\u00f6gen;<\/p>\n<p>d. Weitere Mitteilungen, die Sie uns zusenden; und<\/p>\n<p>e. Einzelheiten zu Ihrem Zugriff auf unsere Websites (einschlie\u00dflich der IP-Adresse).<\/p>\n<p>M\u00f6glicherweise ist es erforderlich, dass Sie uns Ihre personenbezogenen Daten zur Verf\u00fcgung stellen, damit wir unsere gesch\u00e4ftlichen Vorg\u00e4nge und Abl\u00e4ufe verwalten, unsere Beziehung zu Ihnen aufrechterhalten, Ihnen unsere Produkte oder Dienstleistungen anbieten oder unseren gesetzlichen und beh\u00f6rdlichen Verpflichtungen nachkommen k\u00f6nnen. Wenn Sie uns Ihre personenbezogenen Daten nicht zur Verf\u00fcgung stellen, sind wir m\u00f6glicherweise nicht in der Lage, unsere Beziehung mit Ihnen aufrechtzuerhalten oder Ihnen unsere Produkte oder Dienstleistungen anzubieten.<\/p>\n<p>Wir bem\u00fchen uns nach besten Kr\u00e4ften, die Richtigkeit und Vollst\u00e4ndigkeit Ihrer bei uns gespeicherten personenbezogenen Daten zu gew\u00e4hrleisten und sicherzustellen, dass alle Ihre personenbezogenen Daten auf dem neuesten Stand sind. Sie k\u00f6nnen uns dabei jedoch betr\u00e4chtlich helfen, indem Sie sich umgehend an uns wenden, wenn sich Ihre personenbezogenen Daten \u00e4ndern, oder wenn Sie feststellen, dass wir \u00fcber fehlerhafte personenbezogene Daten verf\u00fcgen (siehe Abschnitt\u00a011). Wir sind nicht verantwortlich f\u00fcr Verluste, die sich aus von Ihnen bereitgestellten ungenauen, nicht authentischen, fehlerhaften oder unvollst\u00e4ndigen personenbezogenen Daten ergeben.<\/p>\n<h3>5. So erfassen wir personenbezogene Daten<\/h3>\n<p>In der Regel erfassen wir Ihre personenbezogenen Daten aus den Informationen, die Sie im Laufe Ihrer Beziehung zu uns \u00fcbermitteln. Dies erfolgt in der Regel, wenn:<\/p>\n<ul>\n<li>Sie uns senden E-Mails und anderweitige Korrespondenz senden<\/li>\n<li>Sie Formulare und Dokumente ausf\u00fcllen, um sich f\u00fcr unsere Marketing- oder Marktdaten-Newsletter anzumelden<\/li>\n<li>Sie Anmeldedaten angeben, um auf unsere Produkte oder Dienstleistungen zuzugreifen<\/li>\n<li>Sie als Kunde uns als Lieferant Daten bereitstellen, damit wir Sie beliefern und Ihnen Rechnungen ausstellen und Sie bei Bestellungen und\/oder Problemen kontaktieren k\u00f6nnen<\/li>\n<li>Sie bei einem Besuch unserer Standorte und\/oder B\u00fcros gebeten werden, Formulare auszuf\u00fcllen.<\/li>\n<\/ul>\n<h3>6. So verwenden wir personenbezogene Daten<\/h3>\n<p>Wir verarbeiten Ihre personenbezogenen Daten im Zusammenhang mit der Verwaltung unserer Beziehung zu Ihnen sowie mit dem Bereitstellen unserer Produkte und Dienstleistungen f\u00fcr die folgenden Zwecke:<\/p>\n<p>a. um Ihnen die gew\u00fcnschten Produkte oder Dienstleistungen zur Verf\u00fcgung zu stellen;<\/p>\n<p>b. um Ihnen Werbe- und Marketingmaterial \u00fcber unsere Produkte und Dienstleistungen zur Verf\u00fcgung zu stellen, von dem wir annehmen, dass es f\u00fcr Sie von Interesse ist;<\/p>\n<p>c. um die Einhaltung verschiedener Gesetze und unserer Richtlinien und Standards zu \u00fcberwachen und zu bewerten;<\/p>\n<p>d. um in aller Welt unseren rechtlichen und beh\u00f6rdlichen Verpflichtungen sowie Anfragen nachzukommen, einschlie\u00dflich der Meldungspflicht gegen\u00fcber nationalen und internationalen Regulierungsbeh\u00f6rden und\/oder bei Pr\u00fcfungen durch dieselben;<\/p>\n<p>e. um Geldw\u00e4sche-, Finanz- und Kreditpr\u00fcfungen durchzuf\u00fchren, und um Betrug und Straftaten zu verhindern und aufzudecken;<\/p>\n<p>f. f\u00fcr administrative Zwecke im Zusammenhang mit der Sicherheit und dem Zugang zu unseren Websites und Anwendungen;<\/p>\n<p>g. um Gerichtsbeschl\u00fcssen nachzukommen und unsere gesetzlich verankerten Rechte auszu\u00fcben und\/oder zu verteidigen;<\/p>\n<p>h. um uns mit Beschwerden oder jeglichen Bedenken Ihrerseits hinsichtlich Ihrer Gesundheit und\/oder Ihres Wohlbefindens zu befassen;<\/p>\n<p>i. f\u00fcr beliebige andere legitime Gesch\u00e4ftszwecke;<\/p>\n<p>j. wie anderweitig durch geltende Gesetze oder Verordnungen gestattet oder vorgeschrieben; oder\/und<\/p>\n<p>k. im Sinne Ihrer Sicherheit, w\u00e4hrend Sie sich in unseren B\u00fcros und\/oder Produktionsstandorten aufhalten.<\/p>\n<p>In einigen F\u00e4llen wie z.\u00a0B. im Zusammenhang mit Wettbewerben oder Verlosungen stellen Sie uns m\u00f6glicherweise bestimmte Informationen bereit, z.\u00a0B. ein Foto, das personenbezogene Daten enthalten kann. In diesen besonderen F\u00e4llen informieren wir Sie stets dar\u00fcber, zu welchem Zweck wir die Daten erfassen und wie lange wir diese aufbewahren.<\/p>\n<p>Wenn Sie uns personenbezogene Daten zu bestimmten Themen wie z.\u00a0B. Gesundheit bereitstellen m\u00f6chten, um uns die Beantwortung einer Frage und\/oder Beschwerde zu erm\u00f6glichen, bitten wir Sie m\u00f6glicherweise um Ihre Zustimmung, bevor wir diese Daten verarbeiten. Wenn Sie Ihre Anfrage online einreichen, bitten wir Sie m\u00f6glicherweise online um Ihre Zustimmung, bevor Sie die Frage einreichen k\u00f6nnen. Wenn Sie Ihre Korrespondenz per Post einreichen, m\u00fcssen wir Sie m\u00f6glicherweise zun\u00e4chst kontaktieren und Sie um Ihre schriftliche Zustimmung bitten. Wenn Sie uns anrufen, bitten wir Sie m\u00f6glicherweise im Telefongespr\u00e4ch um Ihre Zustimmung und zeichnen Ihre Antwort auf, damit wir Ihre personenbezogenen Daten verarbeiten k\u00f6nnen. In allen drei F\u00e4llen protokollieren wir Ihre Zustimmung zur Verarbeitung der jeweiligen Daten.<\/p>\n<p>Beachten Sie: \u201eEIGENSCHAFTEN EINER COMPUTERDATEI\u201c; Alle Bilddateien, die Sie an uns \u00fcbermitteln, k\u00f6nnen zus\u00e4tzliche Informationen in den \u201eEIGENSCHAFTEN\u201c enthalten. Bilder, die mit einem Mobiltelefon aufgenommen wurden, enthalten in den \u201eEIGENSCHAFTEN\u201c m\u00f6glicherweise die GPS-Koordinaten des Ortes, an dem sie aufgenommen wurden. Aus Gr\u00fcnden der Vorsicht empfehlen wir Ihnen, alle zus\u00e4tzlichen Daten unter \u201eEIGENSCHAFTEN\u201c zu entfernen, bevor Sie ein Bild bei uns einreichen.<\/p>\n<h3>7. Cookies<\/h3>\n<p>Auf unseren Websites verwenden wir zwei verschiedene Kategorien von Cookies, und zwar unerl\u00e4ssliche Cookies und Leistungs-Cookies. Die erste Kategorie von Cookies wird verwendet, um eine eindeutige ID zu speichern, damit wir Sie als Benutzer verwalten und eindeutig identifizieren k\u00f6nnen, sodass wir Ihnen einen konsistenten und exakten Service bieten k\u00f6nnen. Mit der zweiten Kategorie von Cookies werden Daten \u00fcber Ihre Nutzung unserer Website erfasst. Sie kann von uns verwendet werden, um Ihnen \u00e4hnlichere Informationen zur Verf\u00fcgung zu stellen. F\u00fcr weitere Informationen zu unserer Verwendung von Cookies finden Sie in der\u00a0<a href=\"http:\/\/www.mizkan.co.uk\/cookies\/\">Cookie-Richtlinie auf unserer Unternehmens-Website<\/a>.<\/p>\n<h3>8. Internationales \u00dcbertragen von personenbezogenen Daten<\/h3>\n<p>Ihre personenbezogenen Daten k\u00f6nnen in ein Land oder Territorium au\u00dferhalb des Europ\u00e4ischen Wirtschaftsraums (\u201e<strong>EWR<\/strong>\u201c) \u00fcbertragen werden (einschlie\u00dflich des Zugriffs oder der Speicherung in einem solchen Land oder Territorium). Dies gilt auch f\u00fcr L\u00e4nder, deren Gesetze m\u00f6glicherweise nicht das gleiche Ma\u00df an Schutz personenbezogener Daten bieten wie die L\u00e4nder im EWR. Wenn wir Ihre personenbezogenen Daten an unsere Konzernunternehmen in Japan weitergeben, st\u00fctzen wir uns auf die Entscheidung der Europ\u00e4ischen Kommission gem\u00e4\u00df Artikel\u00a045 der DSGVO, der besagt, dass die Gesetze in Japan ein angemessenes Datenschutzniveau bieten, das dem innerhalb des EWR entspricht.<\/p>\n<p>Wir k\u00f6nnen Ihre personenbezogenen Daten zudem an weitere Konzernunternehmen und Dritte (siehe Abschnitt\u00a09) weitergeben, die in L\u00e4ndern ans\u00e4ssig sind, in denen die Gesetze nicht das gleiche Ma\u00df an Schutz personenbezogener Daten bieten wie die der L\u00e4nder im EWR. In solchen F\u00e4llen sorgen wir daf\u00fcr, dass derartige internationalen \u00dcbertragungen den in der DSGVO vorgesehenen angemessenen oder geeigneten Sicherheitsvorkehrungen unterworfen werden. Sie k\u00f6nnen Kopien der entsprechenden Dokumente zum Thema Sicherheit anfordern, indem Sie wie in Abschnitt\u00a014 beschrieben einen Antrag stellen.<\/p>\n<h3>9. Wann d\u00fcrfen wir Ihre personenbezogenen Daten offenlegen?<\/h3>\n<p>Wir verkaufen oder vermieten Ihre personenbezogenen Daten weder gegenw\u00e4rtig noch in Zukunft. Wir geben Ihre personenbezogenen Daten nur an folgende Empf\u00e4nger weiter:<\/p>\n<p>a. an die Unternehmen unserer Gruppe;<\/p>\n<p>b. an Dritte, die Ihre personenbezogenen Daten in unserem Auftrag verarbeiten, wie zum Beispiel<\/p>\n<ul>\n<li>Anbieter von Verbraucher- und Kundenkommunikation in Bereichen wie z. B.\n<ul>\n<li>digitale und soziale Medienkommunikation<\/li>\n<li>Kundenbetreuung<\/li>\n<li>Werbung<\/li>\n<li>Marktforschung<\/li>\n<\/ul>\n<\/li>\n<li>Anbieter von Logistikdienstleistungen<\/li>\n<li>Anbieter von Rechtsdienstleistungen<\/li>\n<li>Anbieter von IT-Support-Diensten in Bereichen wie z. B.\n<ul>\n<li>Website-Entwicklung und Website-Verwaltung<\/li>\n<li>Website-Hosting<\/li>\n<li>Anbieter von allgemeinen IT-Dienstleistungen<\/li>\n<li>Anwendungsentwicklung<\/li>\n<\/ul>\n<\/li>\n<li>Zusicherungsdienstleister in Bereichen wie z. B.;\n<ul>\n<li>Externe- und Innenrevision<\/li>\n<li>Gesundheit, Sicherheit, Hygiene und technische Fragen<\/li>\n<\/ul>\n<\/li>\n<\/ul>\n<p>c. an beliebige Dritte, an die wir eines unserer Rechte oder eine unserer Verpflichtungen abtreten oder weitergeben;<\/p>\n<p>d. an alle potenziellen K\u00e4ufer, sofern wir einen Teil unseres Unternehmens oder unserer Verm\u00f6genswerte verkaufen; und\/oder<\/p>\n<p>e. an beliebige Regierungen, Aufsichtsbeh\u00f6rden, Vollzugsbeh\u00f6rden, \u00c4mter oder Gerichte, wenn wir durch geltende Gesetze oder Vorschriften oder auf Ersuchen hierzu verpflichtet sind.<\/p>\n<h3>10. So sch\u00fctzen wir Ihre personenbezogenen Daten<\/h3>\n<p>Wir verpflichten uns zum Schutz Ihrer personenbezogenen Daten und werden geeignete technische und organisatorische Ma\u00dfnahmen umsetzen und beibehalten, um ein angemessenes Sicherheitsniveau zu gew\u00e4hrleisten, das Ihre personenbezogenen Daten vor versehentlicher oder unbefugter Zerst\u00f6rung sowie vor Verlust, \u00c4nderung, Offenlegung oder Zugriff sch\u00fctzt.<\/p>\n<h3>11. Ihre Rechte in Bezug auf die von uns erfassten pers\u00f6nlichen Daten<\/h3>\n<p>Wenn Sie w\u00fcnschen, dass wir Ihnen keine weiteren E-Mails zusenden, verwenden Sie die entsprechende Option am Ende der E-Mails, um zu beantragen, dass wir Sie von unserer Mailingliste streichen.<\/p>\n<p>Wenn Sie w\u00fcnschen, dass:<\/p>\n<p>a. Ihre personenbezogenen Daten aktualisiert, ge\u00e4ndert oder gel\u00f6scht werden, oder dass Sie eine Kopie Ihrer bei uns gespeicherten personenbezogenen Daten erhalten; oder<\/p>\n<p>b. die Verwendung Ihrer bei uns gespeicherten personenbezogenen Daten eingeschr\u00e4nkt oder beendet wird,<\/p>\n<p>k\u00f6nnen Sie dies anfordern, indem Sie sich wie in Abschnitt\u00a014 beschrieben an uns wenden.<\/p>\n<p>In jeder der oben aufgef\u00fchrten Situationen k\u00f6nnen wir Sie auffordern, Ihre Identit\u00e4t nachzuweisen, indem Sie uns eine Kopie eines g\u00fcltigen Identit\u00e4tsnachweises vorlegen, damit wir unseren Sicherheitsverpflichtungen nachkommen und eine unbefugte Offenlegung von Daten verhindern k\u00f6nnen.<\/p>\n<h3>12. Wie lange bewahren wir Ihre personenbezogenen Daten auf?<\/h3>\n<p>Wir bewahren Ihre personenbezogenen Daten nur so lange auf, wie dies zur Erf\u00fcllung des Zwecks, zu dem sie erfasst wurden, oder zur Einhaltung gesetzlicher, beh\u00f6rdlicher oder interner Richtlinien erforderlich ist.<\/p>\n<h3>13. So aktualisieren oder \u00e4ndern wir diesen Hinweis zur fairen Verarbeitung<\/h3>\n<p>Dieser Hinweis stellt keine vertragliche Beziehung zwischen Ihnen und uns dar, und wir k\u00f6nnen Teile dieses Hinweises \u00e4ndern oder aktualisieren, um unsere Einhaltung der geltenden Gesetze und Vorschriften aufrechtzuerhalten. Dies kann auch im Anschluss an eine Aktualisierung unserer internen Vorgehensweisen erfolgen. In einem solchen Fall aktualisieren wir diesen Hinweis auf unserer britischen Unternehmenswebsite www.mizkan.co.uk sowie auf all unseren Produktmarken-Websites, die mit dieser britischen Unternehmenswebsite verlinkt sind.<\/p>\n<p>Sie werden \u00fcber eine solche \u00c4nderung nicht notwendigerweise direkt benachrichtigt. Stellen Sie daher sicher, dass Sie diesen Hinweis regelm\u00e4\u00dfig \u00fcberpr\u00fcfen, damit Sie \u00fcber alle \u00c4nderungen oder Aktualisierungen informiert sind.<\/p>\n<h3>14. So k\u00f6nnen Sie sich an uns wenden<\/h3>\n<p>Wenn Sie Fragen zum Inhalt dieses Hinweises oder zu Ihren personenbezogenen Daten haben oder eine Anfrage in Bezug auf Ihre personenbezogenen Daten stellen m\u00f6chten, wenden Sie sich mit den unten aufgef\u00fchrten Angaben an uns:<\/p>\n<p>E-Mail: gdpr.coordinator@mizkan.co.uk<\/p>\n<p>Post: The GDPR Coordinator, Mizkan Euro, Building\u00a010, Chiswick Park, 566\u00a0Chiswick High Road, London W4 5XS<\/p>\n<p>Geben Sie im Zusammenhang mit Ihrer Anfrage bitte Folgendes an:<\/p>\n<ul>\n<li>Ihren Name<\/li>\n<li>Ihre E-Mail-Adresse (oder Ihre Postanschrift, sofern Sie uns diese bereits zuvor \u00fcbermittelt haben)<\/li>\n<li>Das Datum Ihrer Anfrage<\/li>\n<li>Das Datum, an dem Sie uns Ihre personenbezogenen Daten \u00fcbermittelt haben, oder eine Beschreibung der konkreten Situation<sup>3<\/sup>,\u00a0im Rahmen derer Sie uns Ihre personenbezogenen Daten zur Verf\u00fcgung gestellt haben<\/li>\n<li>Die Art Ihrer Anfrage (d.\u00a0h. m\u00f6chten Sie, dass wir Ihre Daten korrigieren oder l\u00f6schen, oder dass wir Ihnen eine Kopie zukommen lassen, usw.)<\/li>\n<\/ul>\n<h3>15. So reichen Sie eine Beschwerde bei der Regulierungsbeh\u00f6rde ein<\/h3>\n<p>Der Schutz Ihrer personenbezogenen Daten und unsere Beziehung zu Ihnen sind uns wichtig. Wenn Sie daher Fragen haben oder der Meinung sind, dass wir Ihre Datenschutzrechte verletzt haben, wenden Sie sich bitte unter\u00a0<a href=\"mailto:gdpr.coordinator@mizkan.co.uk\">gdpr.coordinator@mizkan.co.uk<\/a> an unseren DSGVO-Beauftragten.<\/p>\n<p>Sollte es nicht m\u00f6glich sein, mit unserem DSGVO-Beauftragten zu einer L\u00f6sung zu kommen, oder wenn Sie sich mit der britischen Datenschutzbeh\u00f6rde in Verbindung setzen m\u00f6chten, um eine Beschwerde einzureichen, wenden Sie sich an das B\u00fcro des Information Commissioner&#8217;s Office, Wycliffe House, Water Lane, Wilmslow, Cheshire, SK9 5AF.<\/p>\n<p>1. Mizkan Euro besteht aus Mizkan Euro Ltd., Mizkan Euro Partners Limited und Mizkan Euro Holdings Limited<br \/>\n2. Bei einem Verbraucher handelt es sich um den Endbenutzer der Produkte von Mizkan. Bei einem Kunden handelt es sich um den Einzelh\u00e4ndler und\/oder Vertrieb, an den Mizkan seine Produkte direkt verkauft.<br \/>\n3. Bei einer solchen Situation kann es sich um eine Kampagne oder Veranstaltung, bei der wir Muster verteilt haben, einen Wettbewerb usw. handeln.<\/p>\n","protected":false},"excerpt":{"rendered":"<p>1. Einf\u00fchrung Mizkan Euro (\u201eMizkan&#8222;)1\u00a0ist eine in Gro\u00dfbritannien ans\u00e4ssige Unternehmensgruppe, die Lebensmittelprodukte herstellt, vermarktet und vertreibt. Das Unternehmen betreibt verschiedene Marken, darunter u.\u00a0a. Sarsons, Branston, Haywards, Mizkan und Dufrais. Mizkan betreibt die Unternehmenswebsite www.Mizkan.co.uk sowie eine Reihe von Produktmarken-Websites. Die Unternehmenswebsite enth\u00e4lt einen Link zu einer Reihe von Markenprodukt-Websites wie z.\u00a0B: https:\/\/www.sarsons.co.uk\/ https:\/\/www.haywardspickles.co.uk\/ https:\/\/bringoutthebranston.co.uk\/ usw. [&hellip;]<\/p>\n","protected":false},"author":2,"featured_media":0,"parent":0,"menu_order":0,"comment_status":"closed","ping_status":"open","template":"","meta":{"footnotes":""},"acf":[],"yoast_head":"<!-- This site is optimized with the Yoast SEO plugin v21.9.1 - https:\/\/yoast.com\/wordpress\/plugins\/seo\/ -->\n<title>Datenschutzbestimmungen - Mizkan<\/title>\n<meta name=\"robots\" content=\"index, follow, max-snippet:-1, max-image-preview:large, max-video-preview:-1\" \/>\n<meta property=\"og:locale\" content=\"de_DE\" \/>\n<meta property=\"og:type\" content=\"article\" \/>\n<meta property=\"og:title\" content=\"Datenschutzbestimmungen - Mizkan\" \/>\n<meta property=\"og:description\" content=\"1. Einf\u00fchrung Mizkan Euro (\u201eMizkan&#8222;)1\u00a0ist eine in Gro\u00dfbritannien ans\u00e4ssige Unternehmensgruppe, die Lebensmittelprodukte herstellt, vermarktet und vertreibt. Das Unternehmen betreibt verschiedene Marken, darunter u.\u00a0a. Sarsons, Branston, Haywards, Mizkan und Dufrais. Mizkan betreibt die Unternehmenswebsite www.Mizkan.co.uk sowie eine Reihe von Produktmarken-Websites. Die Unternehmenswebsite enth\u00e4lt einen Link zu einer Reihe von Markenprodukt-Websites wie z.\u00a0B: https:\/\/www.sarsons.co.uk\/ https:\/\/www.haywardspickles.co.uk\/ https:\/\/bringoutthebranston.co.uk\/ usw. [&hellip;]\" \/>\n<meta property=\"og:url\" content=\"https:\/\/www.mizkanchef.com\/de\/datenschutzbestimmungen\/\" \/>\n<meta property=\"og:site_name\" content=\"Mizkan\" \/>\n<meta property=\"article:modified_time\" content=\"2020-10-09T14:07:48+00:00\" \/>\n<meta name=\"twitter:card\" content=\"summary_large_image\" \/>\n<meta name=\"twitter:label1\" content=\"Gesch\u00e4tzte Lesezeit\" \/>\n\t<meta name=\"twitter:data1\" content=\"12\u00a0Minuten\" \/>\n<script type=\"application\/ld+json\" class=\"yoast-schema-graph\">{\"@context\":\"https:\/\/schema.org\",\"@graph\":[{\"@type\":\"WebPage\",\"@id\":\"https:\/\/www.mizkanchef.com\/de\/datenschutzbestimmungen\/\",\"url\":\"https:\/\/www.mizkanchef.com\/de\/datenschutzbestimmungen\/\",\"name\":\"Datenschutzbestimmungen - Mizkan\",\"isPartOf\":{\"@id\":\"https:\/\/www.mizkanchef.com\/de\/#website\"},\"datePublished\":\"2019-05-08T01:38:14+00:00\",\"dateModified\":\"2020-10-09T14:07:48+00:00\",\"breadcrumb\":{\"@id\":\"https:\/\/www.mizkanchef.com\/de\/datenschutzbestimmungen\/#breadcrumb\"},\"inLanguage\":\"de\",\"potentialAction\":[{\"@type\":\"ReadAction\",\"target\":[\"https:\/\/www.mizkanchef.com\/de\/datenschutzbestimmungen\/\"]}]},{\"@type\":\"BreadcrumbList\",\"@id\":\"https:\/\/www.mizkanchef.com\/de\/datenschutzbestimmungen\/#breadcrumb\",\"itemListElement\":[{\"@type\":\"ListItem\",\"position\":1,\"name\":\"Home\",\"item\":\"https:\/\/www.mizkanchef.com\/de\/\"},{\"@type\":\"ListItem\",\"position\":2,\"name\":\"Datenschutzbestimmungen\"}]},{\"@type\":\"WebSite\",\"@id\":\"https:\/\/www.mizkanchef.com\/de\/#website\",\"url\":\"https:\/\/www.mizkanchef.com\/de\/\",\"name\":\"Mizkan\",\"description\":\"Mizkan\",\"potentialAction\":[{\"@type\":\"SearchAction\",\"target\":{\"@type\":\"EntryPoint\",\"urlTemplate\":\"https:\/\/www.mizkanchef.com\/de\/?s={search_term_string}\"},\"query-input\":\"required name=search_term_string\"}],\"inLanguage\":\"de\"}]}<\/script>\n<!-- \/ Yoast SEO plugin. -->","yoast_head_json":{"title":"Datenschutzbestimmungen - Mizkan","robots":{"index":"index","follow":"follow","max-snippet":"max-snippet:-1","max-image-preview":"max-image-preview:large","max-video-preview":"max-video-preview:-1"},"og_locale":"de_DE","og_type":"article","og_title":"Datenschutzbestimmungen - Mizkan","og_description":"1. Einf\u00fchrung Mizkan Euro (\u201eMizkan&#8222;)1\u00a0ist eine in Gro\u00dfbritannien ans\u00e4ssige Unternehmensgruppe, die Lebensmittelprodukte herstellt, vermarktet und vertreibt. Das Unternehmen betreibt verschiedene Marken, darunter u.\u00a0a. Sarsons, Branston, Haywards, Mizkan und Dufrais. Mizkan betreibt die Unternehmenswebsite www.Mizkan.co.uk sowie eine Reihe von Produktmarken-Websites. Die Unternehmenswebsite enth\u00e4lt einen Link zu einer Reihe von Markenprodukt-Websites wie z.\u00a0B: https:\/\/www.sarsons.co.uk\/ https:\/\/www.haywardspickles.co.uk\/ https:\/\/bringoutthebranston.co.uk\/ usw. [&hellip;]","og_url":"https:\/\/www.mizkanchef.com\/de\/datenschutzbestimmungen\/","og_site_name":"Mizkan","article_modified_time":"2020-10-09T14:07:48+00:00","twitter_card":"summary_large_image","twitter_misc":{"Gesch\u00e4tzte Lesezeit":"12\u00a0Minuten"},"schema":{"@context":"https:\/\/schema.org","@graph":[{"@type":"WebPage","@id":"https:\/\/www.mizkanchef.com\/de\/datenschutzbestimmungen\/","url":"https:\/\/www.mizkanchef.com\/de\/datenschutzbestimmungen\/","name":"Datenschutzbestimmungen - Mizkan","isPartOf":{"@id":"https:\/\/www.mizkanchef.com\/de\/#website"},"datePublished":"2019-05-08T01:38:14+00:00","dateModified":"2020-10-09T14:07:48+00:00","breadcrumb":{"@id":"https:\/\/www.mizkanchef.com\/de\/datenschutzbestimmungen\/#breadcrumb"},"inLanguage":"de","potentialAction":[{"@type":"ReadAction","target":["https:\/\/www.mizkanchef.com\/de\/datenschutzbestimmungen\/"]}]},{"@type":"BreadcrumbList","@id":"https:\/\/www.mizkanchef.com\/de\/datenschutzbestimmungen\/#breadcrumb","itemListElement":[{"@type":"ListItem","position":1,"name":"Home","item":"https:\/\/www.mizkanchef.com\/de\/"},{"@type":"ListItem","position":2,"name":"Datenschutzbestimmungen"}]},{"@type":"WebSite","@id":"https:\/\/www.mizkanchef.com\/de\/#website","url":"https:\/\/www.mizkanchef.com\/de\/","name":"Mizkan","description":"Mizkan","potentialAction":[{"@type":"SearchAction","target":{"@type":"EntryPoint","urlTemplate":"https:\/\/www.mizkanchef.com\/de\/?s={search_term_string}"},"query-input":"required name=search_term_string"}],"inLanguage":"de"}]}},"_links":{"self":[{"href":"https:\/\/www.mizkanchef.com\/de\/wp-json\/wp\/v2\/pages\/2937"}],"collection":[{"href":"https:\/\/www.mizkanchef.com\/de\/wp-json\/wp\/v2\/pages"}],"about":[{"href":"https:\/\/www.mizkanchef.com\/de\/wp-json\/wp\/v2\/types\/page"}],"author":[{"embeddable":true,"href":"https:\/\/www.mizkanchef.com\/de\/wp-json\/wp\/v2\/users\/2"}],"replies":[{"embeddable":true,"href":"https:\/\/www.mizkanchef.com\/de\/wp-json\/wp\/v2\/comments?post=2937"}],"version-history":[{"count":0,"href":"https:\/\/www.mizkanchef.com\/de\/wp-json\/wp\/v2\/pages\/2937\/revisions"}],"wp:attachment":[{"href":"https:\/\/www.mizkanchef.com\/de\/wp-json\/wp\/v2\/media?parent=2937"}],"curies":[{"name":"wp","href":"https:\/\/api.w.org\/{rel}","templated":true}]}}